{"id":1273,"date":"2012-11-26T10:43:10","date_gmt":"2012-11-26T10:43:10","guid":{"rendered":"http:\/\/people.unica.it\/provacds2\/?page_id=1273"},"modified":"2016-03-30T14:11:24","modified_gmt":"2016-03-30T14:11:24","slug":"articolazionedidattica","status":"publish","type":"page","link":"https:\/\/sites.unica.it\/masterperizieeconsulenze\/articolazionedidattica\/","title":{"rendered":"Articolazione didattica"},"content":{"rendered":"<p><strong>60 CFU cos\u00ec articolati:<\/strong><\/p>\n<p><strong>32 CFU didattica frontale;<\/strong><\/p>\n<p><strong>16 CFU seminari, laboratori, esercitazioni;<\/strong><\/p>\n<p><strong>6 CFU tirocinio;<\/strong><\/p>\n<p><strong>6 CFU relazione finale.<\/strong><\/p>\n<p>&nbsp;<\/p>\n<p>Le ore dedicate dell&#8217;attivit\u00e0 didattica saranno organizzate in <strong>moduli formativi, laboratori ed esercitazioni<\/strong>, finalizzati all&#8217;applicazione ai casi pratici degli aspetti trattati sul piano teorico-tecnico e metodologico.<\/p>\n<p>L&#8217;<strong>attivit\u00e0 di tirocinio si articoler\u00e0 in 125 ore<\/strong> da svolgersi presso studi professionali, enti e strutture con le quali \u00e8 prevista la stipula delle apposite convenzioni, con monitoraggio delle attivit\u00e0 svolte.<\/p>\n<p>Tra le<strong> tematiche:<\/strong><\/p>\n<p>&#8211;\u00a0\u00a0\u00a0 perizie e consulenze psico-giuridiche e criminologiche in ambito penale;<\/p>\n<p>&#8211;\u00a0\u00a0\u00a0 consulenze in ambito civile sui danni alla persona ed esistenziali;<\/p>\n<p>&#8211;\u00a0\u00a0\u00a0 perizie e consulenze nei casi di stalking, mobbing, bulling, cyberbulling;<\/p>\n<p>&#8211; \u00a0 \u00a0consulenze in ambito civile sulle problematiche minorili e familiari;<\/p>\n<p>&#8211; la strutturazione di una Consulenza Tecnica d\u2019Ufficio;<\/p>\n<p>&#8211; la procedura della CTU e i rapporti fra\u00a0 il\/la CTU (Consulente Tecnico\/a d\u2019Ufficio) e il\/la CTP;<\/p>\n<p>&#8211; l\u2019accertamento e la valutazione delle capacit\u00e0 genitoriali: metodologie e strumenti diagnostici;<\/p>\n<p>&#8211;\u00a0\u00a0\u00a0\u00a0\u00a0\u00a0\u00a0\u00a0\u00a0\u00a0 consulenze in ambito civile per separazioni, divorzi, affidamenti, adozioni;<\/p>\n<p>&#8211;\u00a0\u00a0\u00a0\u00a0\u00a0\u00a0\u00a0\u00a0\u00a0\u00a0 perizie e consulenze sulla valutazione del rischio di recidiva del comportamento criminale;<\/p>\n<p>&#8211;\u00a0\u00a0\u00a0\u00a0\u00a0\u00a0\u00a0\u00a0\u00a0\u00a0 supporto psicologico al\/alla minore presunta vittima di abusi sessuali, sia nella fase delle indagini che nella fase del successivo trattamento;<\/p>\n<p>&#8211;\u00a0\u00a0\u00a0\u00a0\u00a0\u00a0\u00a0\u00a0\u00a0\u00a0 supporto psicologico al\/alla minore presunto\/a autore\/rice di reato, sia nella fase delle indagini che nelle fasi del successivo procedimento;<\/p>\n<p>&#8211;\u00a0\u00a0\u00a0\u00a0\u00a0\u00a0\u00a0\u00a0\u00a0\u00a0 utilizzo di strumenti di intervista standardizzati per la produzione di dichiarazioni testimoniali rese da testimoni vulnerabili;<\/p>\n<p>&#8211; la perizia e la consulenza di parte per la valutazione della capacit\u00e0 a testimoniare;<\/p>\n<p>&#8211; l\u2019ascolto del\/la minore come testimone nel procedimento penale:\u00a0 metodologie e strumenti;<\/p>\n<p>&#8211; metodi e strumenti di valutazione dell\u2019attendibilit\u00e0 della dichiarazione del\/la minore;<\/p>\n<p>&#8211; la consulenza tecnica per la costruzione della cross-examination;<\/p>\n<p>&#8211; perizie e consulenze di parte collegiali per la valutazione della capacit\u00e0 di intendere e volere;<\/p>\n<p>&#8211; utilizzo di strumenti di intervista standardizzati per la produzione delle prime dichiarazioni testimoniali rese dal\/lla minore presunta vittima di abusi e\/o maltrattamenti;<\/p>\n<p>&#8211;\u00a0\u00a0\u00a0\u00a0\u00a0\u00a0\u00a0\u00a0\u00a0\u00a0 intervento di supporto alle vittime di reato e valutazione del danno biologico ed esistenziale;<\/p>\n<p>&#8211;\u00a0\u00a0\u00a0\u00a0\u00a0\u00a0\u00a0\u00a0\u00a0\u00a0 attivit\u00e0 di prevenzione dei comportamenti devianti e intervento;<\/p>\n<p>&#8211;\u00a0\u00a0\u00a0\u00a0\u00a0\u00a0\u00a0\u00a0\u00a0\u00a0 sostegno e trattamento psicologico e criminologico in ambito penitenziario;<\/p>\n<p>&#8211;\u00a0\u00a0\u00a0\u00a0\u00a0\u00a0\u00a0\u00a0\u00a0\u00a0 mediazione familiare;<\/p>\n<p>&#8211;\u00a0\u00a0\u00a0\u00a0\u00a0\u00a0\u00a0\u00a0\u00a0\u00a0 mediazione penale;<\/p>\n<p>&#8211; deontologia ed elaborazione metodologica condivisa;<\/p>\n<p>&#8211; codice deontologico degli Psicologi sui\/sulle minori;<\/p>\n<p>&#8211; convenzioni internazionali e linee-guida su\/sulle minori.<\/p>","protected":false},"excerpt":{"rendered":"<p>60 CFU cos\u00ec articolati: 32 CFU didattica frontale; 16 CFU seminari, laboratori, esercitazioni; 6 CFU tirocinio; 6 CFU relazione finale. &nbsp; Le ore dedicate dell&#8217;attivit\u00e0 didattica saranno organizzate in moduli formativi, laboratori ed esercitazioni, finalizzati all&#8217;applicazione ai casi pratici degli aspetti trattati sul piano teorico-tecnico e metodologico. L&#8217;attivit\u00e0 di tirocinio si articoler\u00e0 in 125 ore da svolgersi presso studi professionali, enti e strutture con le quali \u00e8 prevista la stipula delle apposite convenzioni, con monitoraggio delle attivit\u00e0 svolte. Tra le tematiche: &#8211;\u00a0\u00a0\u00a0 perizie e consulenze psico-giuridiche e criminologiche in ambito penale; &#8211;\u00a0\u00a0\u00a0 consulenze in ambito civile sui danni alla persona <a href='https:\/\/sites.unica.it\/masterperizieeconsulenze\/articolazionedidattica\/' class='excerpt-more'>[&#8230;]<\/a><\/p>\n","protected":false},"author":643,"featured_media":0,"parent":0,"menu_order":0,"comment_status":"closed","ping_status":"closed","template":"","meta":{"footnotes":""},"class_list":["post-1273","page","type-page","status-publish","hentry","post-seq-1","post-parity-odd","meta-position-corners","fix"],"_links":{"self":[{"href":"https:\/\/sites.unica.it\/masterperizieeconsulenze\/wp-json\/wp\/v2\/pages\/1273","targetHints":{"allow":["GET"]}}],"collection":[{"href":"https:\/\/sites.unica.it\/masterperizieeconsulenze\/wp-json\/wp\/v2\/pages"}],"about":[{"href":"https:\/\/sites.unica.it\/masterperizieeconsulenze\/wp-json\/wp\/v2\/types\/page"}],"author":[{"embeddable":true,"href":"https:\/\/sites.unica.it\/masterperizieeconsulenze\/wp-json\/wp\/v2\/users\/643"}],"replies":[{"embeddable":true,"href":"https:\/\/sites.unica.it\/masterperizieeconsulenze\/wp-json\/wp\/v2\/comments?post=1273"}],"version-history":[{"count":10,"href":"https:\/\/sites.unica.it\/masterperizieeconsulenze\/wp-json\/wp\/v2\/pages\/1273\/revisions"}],"predecessor-version":[{"id":1683,"href":"https:\/\/sites.unica.it\/masterperizieeconsulenze\/wp-json\/wp\/v2\/pages\/1273\/revisions\/1683"}],"wp:attachment":[{"href":"https:\/\/sites.unica.it\/masterperizieeconsulenze\/wp-json\/wp\/v2\/media?parent=1273"}],"curies":[{"name":"wp","href":"https:\/\/api.w.org\/{rel}","templated":true}]}}