{"id":90,"date":"2012-04-12T11:12:47","date_gmt":"2012-04-12T11:12:47","guid":{"rendered":"http:\/\/people.unica.it\/basecds\/?page_id=90"},"modified":"2016-03-09T10:02:56","modified_gmt":"2016-03-09T10:02:56","slug":"ilmaster","status":"publish","type":"page","link":"https:\/\/sites.unica.it\/mastergenderequality\/ilmaster\/","title":{"rendered":"Il Master"},"content":{"rendered":"\n<li>Il Master annuale\u00a0di II livello in &#8220;GENDER EQUALITY &#8211; STRATEGIE PER L\u2019EQUIT\u00c0 DI GENERE&#8221;\u00a0\u00e8 realizzato in collaborazione con la <em>Open University di Londra, la Universidad Pontificia de Salamanca, la University of Surrey<\/em> e con la Regione Autonoma della Sardegna &#8211; Assessorato del Lavoro, Formazione Professionale, Cooperazione e Sicurezza Sociale &#8211; Servizio Coordinamento delle Attivit\u00e0 Territoriali del Lavoro e Formazione.<br \/>\nIl master ha sede amministrativa presso il Dipartimento di Pedagogia, Psicologia, Filosofia dell\u2019Universit\u00e0 di Cagliari dell\u2019Universit\u00e0 di Cagliari.<\/p>\n<p>Le lezioni si terranno nelle giornate di gioved\u00ec, venerd\u00ec e sabato, a settimane alterne, dalle 8:30 alle 13:30 e dalle 14:30 alle 17:30.<\/p>\n","protected":false},"excerpt":{"rendered":"<p>Il Master annuale\u00a0di II livello in &#8220;GENDER EQUALITY &#8211; STRATEGIE PER L\u2019EQUIT\u00c0 DI GENERE&#8221;\u00a0\u00e8 realizzato in collaborazione con la Open University di Londra, la Universidad Pontificia de Salamanca, la University of Surrey e con la Regione Autonoma della Sardegna &#8211; Assessorato del Lavoro, Formazione Professionale, Cooperazione e Sicurezza Sociale &#8211; Servizio Coordinamento delle Attivit\u00e0 Territoriali del Lavoro e Formazione. Il master ha sede amministrativa presso il Dipartimento di Pedagogia, Psicologia, Filosofia dell\u2019Universit\u00e0 di Cagliari dell\u2019Universit\u00e0 di Cagliari. Le lezioni si terranno nelle giornate di gioved\u00ec, venerd\u00ec e sabato, a settimane alterne, dalle 8:30 alle 13:30 e dalle 14:30 alle 17:30.<\/p>\n","protected":false},"author":643,"featured_media":0,"parent":0,"menu_order":0,"comment_status":"closed","ping_status":"closed","template":"","meta":{"footnotes":""},"class_list":["post-90","page","type-page","status-publish","hentry","post-seq-1","post-parity-odd","meta-position-corners","fix"],"_links":{"self":[{"href":"https:\/\/sites.unica.it\/mastergenderequality\/wp-json\/wp\/v2\/pages\/90","targetHints":{"allow":["GET"]}}],"collection":[{"href":"https:\/\/sites.unica.it\/mastergenderequality\/wp-json\/wp\/v2\/pages"}],"about":[{"href":"https:\/\/sites.unica.it\/mastergenderequality\/wp-json\/wp\/v2\/types\/page"}],"author":[{"embeddable":true,"href":"https:\/\/sites.unica.it\/mastergenderequality\/wp-json\/wp\/v2\/users\/643"}],"replies":[{"embeddable":true,"href":"https:\/\/sites.unica.it\/mastergenderequality\/wp-json\/wp\/v2\/comments?post=90"}],"version-history":[{"count":5,"href":"https:\/\/sites.unica.it\/mastergenderequality\/wp-json\/wp\/v2\/pages\/90\/revisions"}],"predecessor-version":[{"id":1837,"href":"https:\/\/sites.unica.it\/mastergenderequality\/wp-json\/wp\/v2\/pages\/90\/revisions\/1837"}],"wp:attachment":[{"href":"https:\/\/sites.unica.it\/mastergenderequality\/wp-json\/wp\/v2\/media?parent=90"}],"curies":[{"name":"wp","href":"https:\/\/api.w.org\/{rel}","templated":true}]}}