{"id":190,"date":"2012-06-27T10:07:47","date_gmt":"2012-06-27T10:07:47","guid":{"rendered":"http:\/\/people.unica.it\/meccanica\/?page_id=190"},"modified":"2016-01-26T19:21:11","modified_gmt":"2016-01-26T19:21:11","slug":"segreteria-organizzativa-e-contatti","status":"publish","type":"page","link":"https:\/\/sites.unica.it\/mastergenderequality\/ilmaster\/segreteria-organizzativa-e-contatti\/","title":{"rendered":"Segreteria organizzativa e contatti"},"content":{"rendered":"<p class=\"first-para\"><strong>PER INFORMAZIONI E AGGIORNAMENTI<\/strong><\/p>\n<p>luned\u00ec, mercoled\u00ec e venerd\u00ec &#8211; ore 10.00-13.00\/16.00-18.00<\/p>\n<p><strong>tel.: 070 6757506\u00a0<\/strong><\/p>\n<p><strong>e-mail:\u00a0<em>mastergenderequality@unica.it\u00a0<\/em><\/strong><\/p>\n","protected":false},"excerpt":{"rendered":"<p>PER INFORMAZIONI E AGGIORNAMENTI luned\u00ec, mercoled\u00ec e venerd\u00ec &#8211; ore 10.00-13.00\/16.00-18.00 tel.: 070 6757506\u00a0 e-mail:\u00a0mastergenderequality@unica.it\u00a0<\/p>\n","protected":false},"author":643,"featured_media":0,"parent":90,"menu_order":0,"comment_status":"closed","ping_status":"closed","template":"","meta":{"footnotes":""},"class_list":["post-190","page","type-page","status-publish","hentry","post-seq-1","post-parity-odd","meta-position-corners","fix"],"_links":{"self":[{"href":"https:\/\/sites.unica.it\/mastergenderequality\/wp-json\/wp\/v2\/pages\/190","targetHints":{"allow":["GET"]}}],"collection":[{"href":"https:\/\/sites.unica.it\/mastergenderequality\/wp-json\/wp\/v2\/pages"}],"about":[{"href":"https:\/\/sites.unica.it\/mastergenderequality\/wp-json\/wp\/v2\/types\/page"}],"author":[{"embeddable":true,"href":"https:\/\/sites.unica.it\/mastergenderequality\/wp-json\/wp\/v2\/users\/643"}],"replies":[{"embeddable":true,"href":"https:\/\/sites.unica.it\/mastergenderequality\/wp-json\/wp\/v2\/comments?post=190"}],"version-history":[{"count":8,"href":"https:\/\/sites.unica.it\/mastergenderequality\/wp-json\/wp\/v2\/pages\/190\/revisions"}],"predecessor-version":[{"id":1815,"href":"https:\/\/sites.unica.it\/mastergenderequality\/wp-json\/wp\/v2\/pages\/190\/revisions\/1815"}],"up":[{"embeddable":true,"href":"https:\/\/sites.unica.it\/mastergenderequality\/wp-json\/wp\/v2\/pages\/90"}],"wp:attachment":[{"href":"https:\/\/sites.unica.it\/mastergenderequality\/wp-json\/wp\/v2\/media?parent=190"}],"curies":[{"name":"wp","href":"https:\/\/api.w.org\/{rel}","templated":true}]}}