{"id":1729,"date":"2015-10-19T15:36:15","date_gmt":"2015-10-19T15:36:15","guid":{"rendered":"http:\/\/sites.unica.it\/mastergenderequality\/?page_id=1729"},"modified":"2016-03-09T09:33:14","modified_gmt":"2016-03-09T09:33:14","slug":"save","status":"publish","type":"page","link":"https:\/\/sites.unica.it\/mastergenderequality\/save\/","title":{"rendered":"SAVE (Stereotypes And Violence in Education)"},"content":{"rendered":"<p style=\"text-align: center\"><span style=\"color: #ff0000\"> <strong><a style=\"color: #ff0000\" href=\"http:\/\/sites.unica.it\/mastergenderequality\/save\/calendario-workshop\/\">ATTENZIONE: DISPONIBILE IL CALENDARIO AGGIORNATO DI LABORATORI, WORKSHOP \u00a0E SEMINARI (APRI)\u00a0<\/a><\/strong><\/span><\/p>\n<p>&nbsp;<\/p>\n<p><strong>Progetto SAVE (Stereotypes And Violence in Education)<br \/>\nIncontri formativi sulle Politiche di genere rivolti alle scuole dell\u2019infanzia, primarie e secondarie di primo grado della Sardegna<\/strong><\/p>\n<p>&nbsp;<\/p>\n<p>Il Dipartimento di Pedagogia, Psicologia, Filosofia dell\u2019Universit\u00e0 di Cagliari in collaborazione alla Commissione Regionale per le Pari Opportunit\u00e0, CRPO, promuove gli incontri formativi sulle politiche di genere rivolti alle scuole dell\u2019infanzia, primarie e secondarie di primo grado della Sardegna.<\/p>\n<p>Negli ultimi anni, sia i singoli Stati che l\u2019Unione Europea hanno dedicato una costante attenzione al miglioramento delle pratiche che possono influenzare le politiche di genere, con particolare attenzione, tra gli altri argomenti, al ruolo degli stereotipi di genere e alla violenza di genere, che fanno parte della Strategia sull\u2019equit\u00e0 tra uomo e donna 2010-2015 (EU, 2010). La Scuola \u00e8 uno dei luoghi nei quali le rappresentazioni condivise (inclusi stereotipi, pregiudizi, norme su cosa \u00e8 accettabile e cosa no in una societ\u00e0) si diffondono e si strutturano maggiormente.<\/p>\n<p>&nbsp;<\/p>\n<p><strong>Struttura<\/strong><\/p>\n<p>Il progetto formativo prevede tre\u00a0percorsi integrati, miranti all\u2019incremento delle competenze nel campo delle politiche di genere e all\u2019abbattimento degli stereotipi di genere, realizzato con la partecipazione delle allieve del Master in Gender Equality \u2013 Strategie per l\u2019equit\u00e0 di genere\u201d Universit\u00e0 di Cagliari.<\/p>\n<p>L\u2019obiettivo \u00e8 duplice: da un lato incrementare le competenze e le conoscenze delle\/degli insegnanti sull\u2019argomento, dall\u2019altro compiere un primo passo di un processo che conduca alla produzione di risultati misurabili ed efficaci rispetto all\u2019obiettivo. In tal senso, il Dipartimento proporr\u00e0 occasioni di ricerca-azione per uno scambio continuo con le insegnanti e gli insegnanti includendo in maniera partecipativa le diverse figure che operano nel mondo della scuola e degli interventi sociali. Durante le attivit\u00e0 saranno coinvolte le professioniste allieve del primo Master in Gender Equality della Regione Sardegna; tale coinvolgimento, consentir\u00e0 alle corsiste di inserirsi in una delle realt\u00e0 nelle quali la loro professionalit\u00e0 \u00e8 pi\u00f9 utile.<\/p>\n<p>I percorsi formativi saranno preceduti da workshop di presentazione.<\/p>\n<p>&nbsp;<\/p>\n<p><strong>Workshop<\/strong><\/p>\n<p>Il Dipartimento organizzer\u00e0 quattro workshop di presentazione dell\u2019iniziativa rivolti ai\/alle dirigenti scolastici e ai\/alle referenti nelle quattro province storiche, con il proposito di illustrare gli obiettivi del percorso e i risultati attesi, coinvolgere i\/le partecipanti nel processo di cambiamento e riduzione della sterotipia di genere, modulare i diversi percorsi formativi sulla base delle aspettative e dei bisogni delle\/dei destinatarie\/i. A tal fine saranno somministrati questionari miranti ad ottenere un feedback esperto da parte di dirigenti e referenti.<\/p>\n<p>&nbsp;<\/p>\n<p>&nbsp;<\/p>\n<p><strong>Seminari <\/strong><\/p>\n<p>Il Dipartimento organizzer\u00e0 un ciclo di seminari diffuso sul territorio della Regione Sardegna, con l\u2019obiettivo di approfondire i seguenti argomenti:<\/p>\n<ul>\n<li>l\u2019influenza degli stereotipi nella societ\u00e0 e nella vita quotidiana;<\/li>\n<li>la natura, la struttura, la trasmissione degli stereotipi di \u201cuomo\u201d e \u201cdonna;<\/li>\n<li>gli stereotipi nella realt\u00e0 scolastica;<\/li>\n<li>l\u2019effetto degli stereotipi sulle relazioni uomo-donna e sulla violenza sulle donne;<\/li>\n<li>tipologie di violenza di genere<\/li>\n<li>la modifica e la riduzione degli stereotipi e del loro effetto sulle relazioni uomo-donna e sulla violenza sulle donne;<\/li>\n<li>l\u2019applicazione nella realt\u00e0 scolastica dei percorsi per la modifica e la riduzione degli stereotipi e del loro effetto sulle relazioni uomo-donna e sulla violenza nei confronti delle donne.<\/li>\n<\/ul>\n<p>&nbsp;<\/p>\n<p>I Seminari avranno luogo nelle diverse realt\u00e0 geografiche della Sardegna, per garantire una diffusione capillare che includa le\/gli insegnanti e le realt\u00e0 scolastiche dei diversi territori.<\/p>\n<p>I seminari avranno una durata di otto ore, una struttura interattiva e saranno auto-conclusivi.<br \/>\nIl numero di Seminari previsto \u00e8 di otto. L\u2019individuazione della dislocazione geografica \u00e8 avvenuta attraverso una progettazione partecipata dell\u2019intervento in collaborazione con l\u2019Ufficio Scolastico Regionale, al fine di rispondere al meglio alle esigenze del sistema scolastico regionale: Cagliari, Oristano, Sassari, Nuoro, Ogliastra, Carbonia-Iglesias, Olbia-Tempio, San Gavino -Sanluri.<\/p>\n<p><strong>Laboratori<\/strong><\/p>\n<p>Inoltre, il Dipartimento organizzer\u00e0 un ciclo laboratori specialistici rivolti a coloro che vogliano approfondire temi applicativi in relazione alle diverse aree disciplinari. Le\/i partecipanti potranno scegliere di iscriversi ad uno o pi\u00f9 laboratori sulla base del proprio interesse e motivazione. Il numero massimo di partecipanti ai laboratori \u00e8 25:<\/p>\n<ul>\n<li>Stereotipi di genere nella letteratura per l\u2019infanzia, prof.ssa Susanna Barsotti, UniCA<\/li>\n<li>Declinare il linguaggio di genere prof.ssa Cristina Lavinio, UniCA<\/li>\n<li>Disabilit\u00e0 e stereotipi di genere prof. Antonello Mura, UniCA<\/li>\n<li>Differenze di genere nello sport, prof. Marco Guicciardi, UniCA<\/li>\n<li>Devianza e Genere, prof.ssa Cristina Cabras, UniCA<\/li>\n<li>Educare alle differenze, prof.ssa Silvia Desimone, UniCA<\/li>\n<\/ul>\n<p>I Laboratori avranno luogo presso la Sede del Dipartimento, e costituiranno un percorso continuo nel quale, attraverso una programmazione interattiva, i\/le partecipanti potranno apprendere i concetti e sviluppare competenze, ma anche metterli in pratica e declinarli nella propria esperienza lavorativa e formativa.<\/p>\n<p>Il numero di Laboratori previsto \u00e8 di sei; \u00e8 possibile iscriversi a tutti i laboratori a cui si \u00e8 interessati.<\/p>\n<p>Le date dei corsi saranno comunicate\u00a0a tutti gli iscritti.<\/p>\n<p>La partecipazione \u00e8 gratuita per tutti gli eventi in programma.<\/p>\n<p>Per ulteriori informazioni scrivere a <a href=\"mailto:ccabras@unica.it\" target=\"_blank\">ccabras@unica.it<\/a><\/p>\n<p>&nbsp;<\/p>\n<p>&nbsp;<\/p>\n<p style=\"text-align: center\">\n","protected":false},"excerpt":{"rendered":"<p>ATTENZIONE: DISPONIBILE IL CALENDARIO AGGIORNATO DI LABORATORI, WORKSHOP \u00a0E SEMINARI (APRI)\u00a0 &nbsp; Progetto SAVE (Stereotypes And Violence in Education) Incontri formativi sulle Politiche di genere rivolti alle scuole dell\u2019infanzia, primarie e secondarie di primo grado della Sardegna &nbsp; Il Dipartimento di Pedagogia, Psicologia, Filosofia dell\u2019Universit\u00e0 di Cagliari in collaborazione alla Commissione Regionale per le Pari Opportunit\u00e0, CRPO, promuove gli incontri formativi sulle politiche di genere rivolti alle scuole dell\u2019infanzia, primarie e secondarie di primo grado della Sardegna. Negli ultimi anni, sia i singoli Stati che l\u2019Unione Europea hanno dedicato una costante attenzione al miglioramento delle pratiche che possono influenzare le <a href='https:\/\/sites.unica.it\/mastergenderequality\/save\/' class='excerpt-more'>[&#8230;]<\/a><\/p>\n","protected":false},"author":13,"featured_media":0,"parent":0,"menu_order":0,"comment_status":"closed","ping_status":"closed","template":"","meta":{"footnotes":""},"class_list":["post-1729","page","type-page","status-publish","hentry","post-seq-1","post-parity-odd","meta-position-corners","fix"],"_links":{"self":[{"href":"https:\/\/sites.unica.it\/mastergenderequality\/wp-json\/wp\/v2\/pages\/1729","targetHints":{"allow":["GET"]}}],"collection":[{"href":"https:\/\/sites.unica.it\/mastergenderequality\/wp-json\/wp\/v2\/pages"}],"about":[{"href":"https:\/\/sites.unica.it\/mastergenderequality\/wp-json\/wp\/v2\/types\/page"}],"author":[{"embeddable":true,"href":"https:\/\/sites.unica.it\/mastergenderequality\/wp-json\/wp\/v2\/users\/13"}],"replies":[{"embeddable":true,"href":"https:\/\/sites.unica.it\/mastergenderequality\/wp-json\/wp\/v2\/comments?post=1729"}],"version-history":[{"count":28,"href":"https:\/\/sites.unica.it\/mastergenderequality\/wp-json\/wp\/v2\/pages\/1729\/revisions"}],"predecessor-version":[{"id":1836,"href":"https:\/\/sites.unica.it\/mastergenderequality\/wp-json\/wp\/v2\/pages\/1729\/revisions\/1836"}],"wp:attachment":[{"href":"https:\/\/sites.unica.it\/mastergenderequality\/wp-json\/wp\/v2\/media?parent=1729"}],"curies":[{"name":"wp","href":"https:\/\/api.w.org\/{rel}","templated":true}]}}