{"id":1425,"date":"2012-12-07T10:38:27","date_gmt":"2012-12-07T10:38:27","guid":{"rendered":"http:\/\/people.unica.it\/provacds2\/?page_id=1425"},"modified":"2016-01-26T19:20:28","modified_gmt":"2016-01-26T19:20:28","slug":"contatti","status":"publish","type":"page","link":"https:\/\/sites.unica.it\/mastergenderequality\/contatti\/","title":{"rendered":"Contatti"},"content":{"rendered":"<p class=\"first-para\"><strong>PER INFORMAZIONI E AGGIORNAMENTI<\/strong><\/p>\n<p>luned\u00ec, mercoled\u00ec e venerd\u00ec \u2013 ore 10.00-13.00\/16.00-18.00<\/p>\n<p><strong>tel.: 070 6757506\u00a0<\/strong><\/p>\n<p><strong>e-mail:\u00a0<em>mastergenderequality@unica.it\u00a0<\/em><\/strong><\/p>\n","protected":false},"excerpt":{"rendered":"<p>PER INFORMAZIONI E AGGIORNAMENTI luned\u00ec, mercoled\u00ec e venerd\u00ec \u2013 ore 10.00-13.00\/16.00-18.00 tel.: 070 6757506\u00a0 e-mail:\u00a0mastergenderequality@unica.it\u00a0<\/p>\n","protected":false},"author":643,"featured_media":0,"parent":0,"menu_order":0,"comment_status":"closed","ping_status":"closed","template":"","meta":{"footnotes":""},"class_list":["post-1425","page","type-page","status-publish","hentry","post-seq-1","post-parity-odd","meta-position-corners","fix"],"_links":{"self":[{"href":"https:\/\/sites.unica.it\/mastergenderequality\/wp-json\/wp\/v2\/pages\/1425","targetHints":{"allow":["GET"]}}],"collection":[{"href":"https:\/\/sites.unica.it\/mastergenderequality\/wp-json\/wp\/v2\/pages"}],"about":[{"href":"https:\/\/sites.unica.it\/mastergenderequality\/wp-json\/wp\/v2\/types\/page"}],"author":[{"embeddable":true,"href":"https:\/\/sites.unica.it\/mastergenderequality\/wp-json\/wp\/v2\/users\/643"}],"replies":[{"embeddable":true,"href":"https:\/\/sites.unica.it\/mastergenderequality\/wp-json\/wp\/v2\/comments?post=1425"}],"version-history":[{"count":2,"href":"https:\/\/sites.unica.it\/mastergenderequality\/wp-json\/wp\/v2\/pages\/1425\/revisions"}],"predecessor-version":[{"id":1813,"href":"https:\/\/sites.unica.it\/mastergenderequality\/wp-json\/wp\/v2\/pages\/1425\/revisions\/1813"}],"wp:attachment":[{"href":"https:\/\/sites.unica.it\/mastergenderequality\/wp-json\/wp\/v2\/media?parent=1425"}],"curies":[{"name":"wp","href":"https:\/\/api.w.org\/{rel}","templated":true}]}}