{"id":1724,"date":"2016-07-28T10:13:06","date_gmt":"2016-07-28T10:13:06","guid":{"rendered":"http:\/\/sites.unica.it\/mastercomunicazione\/?page_id=1724"},"modified":"2016-07-28T10:13:58","modified_gmt":"2016-07-28T10:13:58","slug":"contatti","status":"publish","type":"page","link":"https:\/\/sites.unica.it\/mastercomunicazione\/contatti\/","title":{"rendered":"Contatti"},"content":{"rendered":"<p><strong>Direttore<\/strong><br \/>\nProf.ssa Elisabetta Gola<br \/>\negola@unica.it<\/p>\n<p><strong>Coordinatore didattico<br \/>\n<\/strong>Dott.ssa Valentina Favrin<br \/>\nfavrin@unica.it<\/p>\n<p>Per poter parlare direttamente con la coordinatrice del master, dott.ssa Valentina Favrin, chiama il numero 070\/675.7307 o, in alternativa, contatta il 320\/4431800, dal luned\u00ec al venerd\u00ec dalle 10.00 alle 13.00. Il nostro numero di fax \u00e8 070\/675.7302.<\/p>\n<hr \/>\n<p><strong>Segreteria Post lauream<\/strong><\/p>\n<p>dottoratiemaster@unica.it<br \/>\nfax: 070\/675.6490<\/p>\n<p>Responsabile:<br \/>\nMonica Melis<br \/>\nmomelis@amm.unica.it<br \/>\ntel.070\/675.6494<\/p>\n<p>Collaboratori:<br \/>\nStefania Angioni<br \/>\nstefania.angioni@amm.unica.it<br \/>\ntel. 070\/675.6492<\/p>\n<p>Antonella Cadoni<br \/>\nantonella.cadoni@amm.unica.it<br \/>\ntel. 070\/675.6491<\/p>","protected":false},"excerpt":{"rendered":"<p>Direttore Prof.ssa Elisabetta Gola egola@unica.it Coordinatore didattico Dott.ssa Valentina Favrin favrin@unica.it Per poter parlare direttamente con la coordinatrice del master, dott.ssa Valentina Favrin, chiama il numero 070\/675.7307 o, in alternativa, contatta il 320\/4431800, dal luned\u00ec al venerd\u00ec dalle 10.00 alle 13.00. Il nostro numero di fax \u00e8 070\/675.7302. Segreteria Post lauream dottoratiemaster@unica.it fax: 070\/675.6490 Responsabile: Monica Melis momelis@amm.unica.it tel.070\/675.6494 Collaboratori: Stefania Angioni stefania.angioni@amm.unica.it tel. 070\/675.6492 Antonella Cadoni antonella.cadoni@amm.unica.it tel. 070\/675.6491<\/p>\n","protected":false},"author":442,"featured_media":0,"parent":0,"menu_order":0,"comment_status":"closed","ping_status":"closed","template":"","meta":{"footnotes":""},"class_list":["post-1724","page","type-page","status-publish","hentry","post-seq-1","post-parity-odd","meta-position-corners","fix"],"_links":{"self":[{"href":"https:\/\/sites.unica.it\/mastercomunicazione\/wp-json\/wp\/v2\/pages\/1724","targetHints":{"allow":["GET"]}}],"collection":[{"href":"https:\/\/sites.unica.it\/mastercomunicazione\/wp-json\/wp\/v2\/pages"}],"about":[{"href":"https:\/\/sites.unica.it\/mastercomunicazione\/wp-json\/wp\/v2\/types\/page"}],"author":[{"embeddable":true,"href":"https:\/\/sites.unica.it\/mastercomunicazione\/wp-json\/wp\/v2\/users\/442"}],"replies":[{"embeddable":true,"href":"https:\/\/sites.unica.it\/mastercomunicazione\/wp-json\/wp\/v2\/comments?post=1724"}],"version-history":[{"count":2,"href":"https:\/\/sites.unica.it\/mastercomunicazione\/wp-json\/wp\/v2\/pages\/1724\/revisions"}],"predecessor-version":[{"id":1727,"href":"https:\/\/sites.unica.it\/mastercomunicazione\/wp-json\/wp\/v2\/pages\/1724\/revisions\/1727"}],"wp:attachment":[{"href":"https:\/\/sites.unica.it\/mastercomunicazione\/wp-json\/wp\/v2\/media?parent=1724"}],"curies":[{"name":"wp","href":"https:\/\/api.w.org\/{rel}","templated":true}]}}