{"id":44,"date":"2025-08-04T18:52:27","date_gmt":"2025-08-04T16:52:27","guid":{"rendered":"https:\/\/sites.unica.it\/mastercinema\/?page_id=44"},"modified":"2025-08-08T15:42:30","modified_gmt":"2025-08-08T13:42:30","slug":"management-per-il-cinema-e-laudiovisivo","status":"publish","type":"page","link":"https:\/\/sites.unica.it\/mastercinema\/?page_id=44","title":{"rendered":"Management per il cinema e l&#8217;audiovisivo"},"content":{"rendered":"\n<p>Il master in Management per il cinema e l&#8217;audiovisivo ha una durata annuale e ha l&#8217;obiettivo di formare figure professionali che operino nel comparto della produzione e nell&#8217;ambito gestionale dell&#8217;industria cinematografica e audiovisiva.<\/p>\n\n\n\n<p>A partire dal 2006, quando la Regione Sardegna ha promulgato la legge a sostegno del cinema (L. R. 20-9-2006 n. 15, Norme per lo sviluppo del cinema in Sardegna), nell\u2019isola \u00e8 andato delineandosi un inedito panorama dell\u2019industria cinematografica ed \u00e8 nato nuovo comparto produttivo. Se all\u2019inizio del nuovo millennio il desiderio di lavorare in Sardegna nell\u2019industria cinematografica appariva mera utopia, oggi si riscontra una interessante presenza di progetti produttivi sia di soggetti provenienti dal continente, italiani ed esteri, sia aventi sede nell\u2019isola. A questo sviluppo della produzione non ha fatto seguito in loco un organico piano di formazione degli operatori del comparto su cui si \u00e8 intervenuti seguendo le vecchie pratiche dell\u2019apprendistato integrate da occasionali momenti seminariali o laboratoriali, oppure facendo ricorso a figure formatesi con esperienze fuori dall\u2019isola e rientrate col consolidarsi del settore produttivo. Tali modalit\u00e0 di apprendimento hanno s\u00ec permesso di recuperare le risorse umane necessarie per operare nel settore, ma spesso \u00e8 mancata, e manca, quella preparazione che permette di operare in autonomia con flessibilit\u00e0 e con funzioni di coordinamento.<\/p>\n\n\n\n<p>Nello specifico, il comparto produzione, dove le conoscenze sia della normativa e degli interventi a sostegno del cinema in ambito locale, nazionale e comunitario, sia delle regole del management sono fondamentali, risente della mancanza di solide basi a cui questo master vuole dare risposta.<br>Il piano formativo \u00e8 dunque impostato per fornire nella parte della didattica frontale gli elementi e le coordinate per operare nel comparto della produzione e nella parte laboratoriale per applicarle ai contesti operativi in relazione alle funzioni svolte, da quella pi\u00f9 generale e complessa del produttore, che reperisce le risorse e le assegna, a quelle via via pi\u00f9 esecutive.<\/p>\n\n\n\n<p>L\u2019impostazione del piano formativo tiene conto del contesto produttivo isolano, e pi\u00f9 in generale caratteristico dell\u2019industria indipendente e delle produzioni a basso budget come \u00e8 la maggior parte di quelle italiane, in cui le diverse figure operano spesso in ruoli diversi o addirittura occupano pi\u00f9 funzioni contemporaneamente. Pertanto, non si ambisce a una preparazione iperspecialistica, quanto piuttosto flessibile e adattabile alle necessit\u00e0 della singola produzione. Per tale motivo i partecipanti dovranno seguire l\u2019intero percorso e acquisire competenze relative ai diversi ambiti che compongono il macrocomparto della produzione.<\/p>\n\n\n\n<p><\/p>\n","protected":false},"excerpt":{"rendered":"<p>Il master in Management per il cinema e l&#8217;audiovisivo ha una durata annuale e ha l&#8217;obiettivo di formare figure professionali che operino nel comparto della produzione e nell&#8217;ambito gestionale dell&#8217;industria cinematografica e audiovisiva. A partire dal [&hellip;]<\/p>\n","protected":false},"author":332,"featured_media":91,"parent":0,"menu_order":0,"comment_status":"closed","ping_status":"closed","template":"","meta":{"footnotes":""},"class_list":["post-44","page","type-page","status-publish","has-post-thumbnail","hentry"],"_links":{"self":[{"href":"https:\/\/sites.unica.it\/mastercinema\/index.php?rest_route=\/wp\/v2\/pages\/44","targetHints":{"allow":["GET"]}}],"collection":[{"href":"https:\/\/sites.unica.it\/mastercinema\/index.php?rest_route=\/wp\/v2\/pages"}],"about":[{"href":"https:\/\/sites.unica.it\/mastercinema\/index.php?rest_route=\/wp\/v2\/types\/page"}],"author":[{"embeddable":true,"href":"https:\/\/sites.unica.it\/mastercinema\/index.php?rest_route=\/wp\/v2\/users\/332"}],"replies":[{"embeddable":true,"href":"https:\/\/sites.unica.it\/mastercinema\/index.php?rest_route=%2Fwp%2Fv2%2Fcomments&post=44"}],"version-history":[{"count":10,"href":"https:\/\/sites.unica.it\/mastercinema\/index.php?rest_route=\/wp\/v2\/pages\/44\/revisions"}],"predecessor-version":[{"id":211,"href":"https:\/\/sites.unica.it\/mastercinema\/index.php?rest_route=\/wp\/v2\/pages\/44\/revisions\/211"}],"wp:featuredmedia":[{"embeddable":true,"href":"https:\/\/sites.unica.it\/mastercinema\/index.php?rest_route=\/wp\/v2\/media\/91"}],"wp:attachment":[{"href":"https:\/\/sites.unica.it\/mastercinema\/index.php?rest_route=%2Fwp%2Fv2%2Fmedia&parent=44"}],"curies":[{"name":"wp","href":"https:\/\/api.w.org\/{rel}","templated":true}]}}