{"id":3,"date":"2025-07-31T15:29:08","date_gmt":"2025-07-31T13:29:08","guid":{"rendered":"https:\/\/sites.unica.it\/mastercinema\/home\/"},"modified":"2026-02-28T19:14:07","modified_gmt":"2026-02-28T18:14:07","slug":"home","status":"publish","type":"page","link":"https:\/\/sites.unica.it\/mastercinema\/","title":{"rendered":"Home"},"content":{"rendered":"\n<p class=\"has-luminous-vivid-amber-background-color has-background has-large-font-size\"><strong>\u00c8 prorogata la scadenza per le iscrizioni al master in Sceneggiatura, c&#8217;\u00e8 tempo fino al 9 marzo 2026, ore 12:00<\/strong><\/p>\n\n\n\n<p><\/p>\n\n\n\n<p>\u00c8 on line il bando per il nuovo <strong>master in Sceneggiatura<\/strong> promosso dall&#8217;Universit\u00e0 di Cagliari in partnership con il Premio Solinas, la Sardegna Film Commission e la Fabbrica del cinema della Societ\u00e0 Umanitaria Sardegna.<\/p>\n\n\n\n<p>Il master si tiene nel nel quadro del piano \u201cuniversit\u00e0 diffusa\u201d nato su specifica richiesta della Amministrazione regionale che, al fine di ampliare l\u2019offerta formativa universitaria valorizzando le specificit\u00e0 del Sulcis-Iglesiente, nella legge di stabilit\u00e0 regionale del 2025 ha deciso di finanziare dei corsi rivolti alle professioni del cinema.<\/p>\n\n\n\n<p>Nell&#8217;ambito del progetto sono istituiti anche due master in <strong>Regia e produzione di documentari<\/strong> e in <strong>Management per il cinema e l\u2019audiovisivo<\/strong> gi\u00e0 in avanzata fase di svolgimento mentre quello in Sceneggiatura partir\u00e0 intorno a fine marzo 2026<\/p>\n\n\n\n<p>Il master in Sceneggiatura ha durata biennale e dipende dal <strong>Dipartimento di Lettere, lingue e beni culturali<\/strong>, mentre la gestione operativa \u00e8 curata  dal <strong>consorzio AUSI<\/strong> (associazione universit\u00e0 del Sulcis-Iglesiente).<\/p>\n\n\n\n<p>Alla base dei master c\u2019\u00e8 un notevole <em>know how<\/em> in campo cinematografico e audiovisivo sviluppato dall\u2019Universit\u00e0 di Cagliari in pi\u00f9 di vent\u2019anni e rafforzato da una ricca rete di <em>stakeholder<\/em> (professionisti, aziende, istituzioni\u2026) con cui si progettano e attuano le attivit\u00e0 formative. Queste competenze scientifiche e organizzativo-gestionali possono contare sul supporto di strutture laboratoriali professionali all\u2019interno delle quali studenti e studentesse possono costruire le loro abilit\u00e0.<\/p>\n\n\n\n<p>La didattica del master in Sceneggiatura \u00e8 tenuta da docenti universitari e da professionisti provenienti anche da fuori Sardegna e il piano formativo si sviluppa attraverso lezioni teorico-metodologiche (circa un terzo del monte ore) e attivit\u00e0 laboratoriali e prevede anche un breve periodo di tirocinio.<\/p>\n\n\n\n<p>La progettazione e direzione \u00e8 affidata ad Antioco Floris, professore ordinario di cinema, fotografia e immagine all\u2019universit\u00e0 di Cagliari con esperienza pluriennale nel coordinamento di attivit\u00e0 formative.<\/p>\n\n\n\n<p>Le iscrizioni sono aperte fino al 27 febbraio 2026 ore 12:00 e l\u2019attivit\u00e0 didattica si svolger\u00e0 a partire da fine marzo 2026 come meglio specificato nella pagina del master.<\/p>\n\n\n\n<p>Bando e dettaglio per l&#8217;iscrizione:<\/p>\n\n\n\n<ul class=\"wp-block-list\">\n<li><a href=\"https:\/\/web.unica.it\/unica\/page\/it\/master_biennale_di_i_livello_in_sceneggiatura_aa_20252026__secondo_bando_per_la_copertura_dei_posti_ancora_disponibili\" data-type=\"link\" data-id=\"https:\/\/web.unica.it\/unica\/page\/it\/master_biennale_di_i_livello_in_sceneggiatura_aa_20252026__secondo_bando_per_la_copertura_dei_posti_ancora_disponibili\">SCENEGGIATURA<\/a><\/li>\n\n\n\n<li><a href=\"https:\/\/web.unica.it\/unica\/page\/it\/proroga_scadenza_termine_iscrizioni_al_master_biennale_di_i_livello_in_sceneggiatura_aa_20252026__secondo_bando_per_la_copertura_dei_posti_ancora_disponibili\">PROROGA ISCRIZIONI<\/a><\/li>\n<\/ul>\n\n\n\n<p><\/p>\n\n\n\n<div style=\"height:138px\" aria-hidden=\"true\" class=\"wp-block-spacer\"><\/div>\n\n\n\n<figure class=\"wp-block-image size-full\"><img loading=\"lazy\" decoding=\"async\" width=\"1920\" height=\"425\" src=\"https:\/\/sites.unica.it\/mastercinema\/files\/2025\/08\/marchi_partner.png\" alt=\"\" class=\"wp-image-186\" srcset=\"https:\/\/sites.unica.it\/mastercinema\/files\/2025\/08\/marchi_partner.png 1920w, https:\/\/sites.unica.it\/mastercinema\/files\/2025\/08\/marchi_partner-300x66.png 300w, https:\/\/sites.unica.it\/mastercinema\/files\/2025\/08\/marchi_partner-1024x227.png 1024w, https:\/\/sites.unica.it\/mastercinema\/files\/2025\/08\/marchi_partner-768x170.png 768w, https:\/\/sites.unica.it\/mastercinema\/files\/2025\/08\/marchi_partner-1536x340.png 1536w\" sizes=\"auto, (max-width: 1920px) 100vw, 1920px\" \/><\/figure>\n","protected":false},"excerpt":{"rendered":"<p>\u00c8 prorogata la scadenza per le iscrizioni al master in Sceneggiatura, c&#8217;\u00e8 tempo fino al 9 marzo 2026, ore 12:00 \u00c8 on line il bando per il nuovo master in Sceneggiatura promosso dall&#8217;Universit\u00e0 di Cagliari in [&hellip;]<\/p>\n","protected":false},"author":1,"featured_media":235,"parent":0,"menu_order":0,"comment_status":"closed","ping_status":"closed","template":"page-templates\/senza-sidebar.php","meta":{"footnotes":""},"class_list":["post-3","page","type-page","status-publish","has-post-thumbnail","hentry"],"_links":{"self":[{"href":"https:\/\/sites.unica.it\/mastercinema\/index.php?rest_route=\/wp\/v2\/pages\/3","targetHints":{"allow":["GET"]}}],"collection":[{"href":"https:\/\/sites.unica.it\/mastercinema\/index.php?rest_route=\/wp\/v2\/pages"}],"about":[{"href":"https:\/\/sites.unica.it\/mastercinema\/index.php?rest_route=\/wp\/v2\/types\/page"}],"author":[{"embeddable":true,"href":"https:\/\/sites.unica.it\/mastercinema\/index.php?rest_route=\/wp\/v2\/users\/1"}],"replies":[{"embeddable":true,"href":"https:\/\/sites.unica.it\/mastercinema\/index.php?rest_route=%2Fwp%2Fv2%2Fcomments&post=3"}],"version-history":[{"count":21,"href":"https:\/\/sites.unica.it\/mastercinema\/index.php?rest_route=\/wp\/v2\/pages\/3\/revisions"}],"predecessor-version":[{"id":253,"href":"https:\/\/sites.unica.it\/mastercinema\/index.php?rest_route=\/wp\/v2\/pages\/3\/revisions\/253"}],"wp:featuredmedia":[{"embeddable":true,"href":"https:\/\/sites.unica.it\/mastercinema\/index.php?rest_route=\/wp\/v2\/media\/235"}],"wp:attachment":[{"href":"https:\/\/sites.unica.it\/mastercinema\/index.php?rest_route=%2Fwp%2Fv2%2Fmedia&parent=3"}],"curies":[{"name":"wp","href":"https:\/\/api.w.org\/{rel}","templated":true}]}}