{"id":193,"date":"2025-08-08T12:30:51","date_gmt":"2025-08-08T10:30:51","guid":{"rendered":"https:\/\/sites.unica.it\/mastercinema\/?page_id=193"},"modified":"2025-08-18T10:57:58","modified_gmt":"2025-08-18T08:57:58","slug":"organizzazione","status":"publish","type":"page","link":"https:\/\/sites.unica.it\/mastercinema\/?page_id=193","title":{"rendered":"Organizzazione"},"content":{"rendered":"\n<p>Il master in Regia e produzione di documentari \u00e8 un percorso formativo di durata biennale che si svolge indicativamente fra novembre 2025 e giugno 2027 nella sede di Carbonia.<br>\u00c8 un master di primo livello e per poter partecipare bisogna essere in possesso di laurea triennale o corrispondente titolo AFAM (conservatorio, accademia di belle arti ecc.). Sono inoltre previsti dei posti per uditori, ossia per studenti non laureati che possono frequentare tutte le attivit\u00e0 formative senza per\u00f2 poter conseguire il titolo.<br>L\u2019impegno orario virtuale \u00e8 di 1.500 ore, corrispondenti a 60 crediti formativi, per ogni annualit\u00e0. L\u2019impegno reale \u00e8 cos\u00ec articolato:<br>primo anno: 198 ore per le attivit\u00e0 teorico-metodologiche e di 432 ore per le attivit\u00e0 laboratoriali;<br>secondo anno: 168 ore per le attivit\u00e0 teorico-metodologiche e di 432 ore per le attivit\u00e0 laboratoriali; \u00e8 inoltre previsto un tirocinio in azienda di 100 ore.<br>La frequenza \u00e8 obbligatoria pur con una tolleranza di assenze pari al 20% del monte ore di didattica erogata.<br>L\u2019attivit\u00e0 formativa, di norma, si svolge la mattina dal luned\u00ec al venerd\u00ec con incontri di quattro ore per la didattica frontale e di 5 ore per le attivit\u00e0 laboratoriali, ma potr\u00e0 esserci una diversa articolazione per particolari esigenze operative.<br>Nella sede in cui si svolgono le attivit\u00e0 didattiche \u00e8 presente un laboratorio di produzione audiovisiva che potr\u00e0 essere utilizzato in determinati orari anche al di fuori della normale didattica.<br>La quota di iscrizione \u00e8 fissata in 1.000 euro (800 per gli uditori) annui e pu\u00f2 essere pagata in rate da 500 euro (400 per gli uditori)<br>Il direttore del master \u00e8 Antioco Floris, professore ordinario di cinema, fotografia, televisione e media digitali al Dipartimento di Lettere, lingue e beni culturali.<\/p>\n\n\n\n<p>L&#8217;iscrizione al master \u00e8 compatibile con l&#8217;iscrizione a un altro corso di laurea, corso di dottorato e di specializzazione della medesima o di altre universit\u00e0.<\/p>\n\n\n\n<p><a href=\"https:\/\/web.unica.it\/unica\/page\/it\/master_biennale_di_i_livello_in_regia_e_produzione_di_documentari_aa_20252026\">BANDO E DETTAGLI PER L&#8217;ISCRIZIONE<\/a><\/p>\n","protected":false},"excerpt":{"rendered":"<p>Il master in Regia e produzione di documentari \u00e8 un percorso formativo di durata biennale che si svolge indicativamente fra novembre 2025 e giugno 2027 nella sede di Carbonia.\u00c8 un master di primo livello e per [&hellip;]<\/p>\n","protected":false},"author":332,"featured_media":199,"parent":36,"menu_order":0,"comment_status":"closed","ping_status":"closed","template":"","meta":{"footnotes":""},"class_list":["post-193","page","type-page","status-publish","has-post-thumbnail","hentry"],"_links":{"self":[{"href":"https:\/\/sites.unica.it\/mastercinema\/index.php?rest_route=\/wp\/v2\/pages\/193","targetHints":{"allow":["GET"]}}],"collection":[{"href":"https:\/\/sites.unica.it\/mastercinema\/index.php?rest_route=\/wp\/v2\/pages"}],"about":[{"href":"https:\/\/sites.unica.it\/mastercinema\/index.php?rest_route=\/wp\/v2\/types\/page"}],"author":[{"embeddable":true,"href":"https:\/\/sites.unica.it\/mastercinema\/index.php?rest_route=\/wp\/v2\/users\/332"}],"replies":[{"embeddable":true,"href":"https:\/\/sites.unica.it\/mastercinema\/index.php?rest_route=%2Fwp%2Fv2%2Fcomments&post=193"}],"version-history":[{"count":7,"href":"https:\/\/sites.unica.it\/mastercinema\/index.php?rest_route=\/wp\/v2\/pages\/193\/revisions"}],"predecessor-version":[{"id":232,"href":"https:\/\/sites.unica.it\/mastercinema\/index.php?rest_route=\/wp\/v2\/pages\/193\/revisions\/232"}],"up":[{"embeddable":true,"href":"https:\/\/sites.unica.it\/mastercinema\/index.php?rest_route=\/wp\/v2\/pages\/36"}],"wp:featuredmedia":[{"embeddable":true,"href":"https:\/\/sites.unica.it\/mastercinema\/index.php?rest_route=\/wp\/v2\/media\/199"}],"wp:attachment":[{"href":"https:\/\/sites.unica.it\/mastercinema\/index.php?rest_route=%2Fwp%2Fv2%2Fmedia&parent=193"}],"curies":[{"name":"wp","href":"https:\/\/api.w.org\/{rel}","templated":true}]}}