{"id":94,"date":"2016-03-21T11:15:54","date_gmt":"2016-03-21T10:15:54","guid":{"rendered":"http:\/\/sites.unica.it\/lim\/?page_id=94"},"modified":"2021-03-31T11:56:07","modified_gmt":"2021-03-31T09:56:07","slug":"home","status":"publish","type":"page","link":"https:\/\/sites.unica.it\/lim\/","title":{"rendered":""},"content":{"rendered":"<p><img loading=\"lazy\" decoding=\"async\" class=\"alignright wp-image-245\" src=\"http:\/\/sites.unica.it\/lim\/files\/2016\/03\/LOGGGO.jpg\" alt=\"LOGGGO\" width=\"134\" height=\"135\" srcset=\"https:\/\/sites.unica.it\/lim\/files\/2016\/03\/LOGGGO.jpg 224w, https:\/\/sites.unica.it\/lim\/files\/2016\/03\/LOGGGO-150x150.jpg 150w\" sizes=\"auto, (max-width: 134px) 100vw, 134px\" \/><\/p>\n<h3 style=\"text-align: justify\"><strong>Il Laboratorio di Igiene degli Alimenti dell&#8217; Universit\u00e0 degli Studi di Cagliari<em> \u00e8 Accreditato<\/em> secondo UNI CEI EN 17025:2018, <\/strong><strong><em>accreditamento<\/em> N\u00b0 1442L del 25\/03\/2014<\/strong><\/h3>\n<h3>Laboratorio di riferimento Regionale per la diagnosi ambientale di Legionella (Delibera della Giunta Regionale n. 39\/3 del 9.08.2017)<\/h3>\n<h3>Laboratorio inserito nell&#8217;elenco Regionale dei laboratori di autocontrollo n\u00b028-RAS (Determinazione Regione Autonoma della Sardegna n\u00b0221 del 26.02.2019)<\/h3>\n<h3>Laboratorio inserito nell&#8217;elenco dei laboratori Regionali abilitati ad effettuare analisi in ambito del Piano Nazionale di Controllo delle Salmonellosi nel settore avicolo.<\/h3>\n<h3><strong><span style=\"text-decoration: underline\">Cos&#8217;\u00e8 l&#8217;Accreditamento?<\/span><\/strong><\/h3>\n<h3 style=\"text-align: justify\">L\u2019<strong>accreditamento<\/strong> \u00e8 una forma indipendente e autorevole di attestazione della competenza degli operatori della valutazione di conformit\u00e0 e quindi del valore e della credibilit\u00e0 delle corrispondenti attestazioni (certificati di taratura, rapporti di prova, certificazioni di sistemi di gestione, prodotti e personale). Il certificato di accreditamento \u00e8 rilasciato da <strong>ACCREDIA<\/strong> \u00a0\u2013 Ente Italiano di Accreditamento \u2013 che \u00e8 l\u2019unico organismo nazionale autorizzato dallo Stato a svolgere attivit\u00e0 di accreditamento in conformit\u00e0 alla norma UNI CEI EN ISO\/IEC 17011.<\/h3>\n<h3><strong><span style=\"text-decoration: underline\">Perch\u00e9 \u00e8 importante?<\/span><\/strong><\/h3>\n<h3 style=\"text-align: justify\">Solo i Laboratori di prova, i Laboratori di taratura e gli Organismi di certificazione e ispezione accreditati sono in grado di fornire al mercato (business, P.A., consumatori) dichiarazioni di conformit\u00e0 affidabili, credibili e accettate a livello internazionale. ACCREDIA infatti <strong>valuta e accerta la loro competenza<\/strong>, applicando i pi\u00f9 rigorosi standard di verifica del loro comportamento e monitorando continuativamente nel tempo le loro prestazioni, e aderisce agli Accordi internazionali di mutuo riconoscimento.<\/h3>\n<p>&nbsp;<\/p>\n<h3><strong><span style=\"text-decoration: underline\">I vantaggi dell&#8217;accreditamento<\/span><\/strong><\/h3>\n<h3 style=\"text-align: justify\"><strong>Per<img loading=\"lazy\" decoding=\"async\" class=\"wp-image-143 alignright\" src=\"http:\/\/sites.unica.it\/lim\/files\/2016\/03\/ILAC_MRA_Mark.jpg\" alt=\"ILAC_MRA_Mark\" width=\"68\" height=\"69\" srcset=\"https:\/\/sites.unica.it\/lim\/files\/2016\/03\/ILAC_MRA_Mark.jpg 307w, https:\/\/sites.unica.it\/lim\/files\/2016\/03\/ILAC_MRA_Mark-150x150.jpg 150w, https:\/\/sites.unica.it\/lim\/files\/2016\/03\/ILAC_MRA_Mark-296x300.jpg 296w\" sizes=\"auto, (max-width: 68px) 100vw, 68px\" \/> il consumatore<\/strong> l\u2019accreditamento \u00e8 uno strumento invisibile che per\u00f2 comporta dei vantaggi e dei benefici reali e percepibili, essendo alla base del sistema di valutazione della conformit\u00e0 di parte terza indipendente. Scegliere un prodotto o servizio certificato significa assicurarsi che il fornitore ha assolto a tutta una serie di obblighi e ha messo in campo tutte le risorse per poter immettere sul mercato un bene che offre effettivamente quello che dichiara. Ci\u00f2 \u00e8 particolarmente significativo quando si cerca la qualit\u00e0 dei beni e dei servizi, ma soprattutto quando questi impattano direttamente sulla salute e sulla sicurezza. L\u2019utente finale sceglier\u00e0 con fiducia il fornitore che ha soddisfatto stringenti requisiti in materia di protezione ambientale o di tutela della salute sui luoghi di lavoro\u00a0o di sicurezza alimentare.<\/h3>\n<p>&nbsp;<\/p>\n<p>&nbsp;<\/p>\n<h3><\/h3>\n<p>&nbsp;<\/p>\n<p>&nbsp;<\/p>\n<p>&nbsp;<\/p>\n<p>&nbsp;<\/p>\n","protected":false},"excerpt":{"rendered":"<p>Il Laboratorio di Igiene degli Alimenti dell&#8217; Universit\u00e0 degli Studi di Cagliari \u00e8 Accreditato secondo UNI CEI EN 17025:2018, accreditamento N\u00b0 1442L del 25\/03\/2014 Laboratorio di riferimento Regionale per la <a class=\"more-link\" href=\"https:\/\/sites.unica.it\/lim\/\">Continue Reading<\/a><\/p>\n","protected":false},"author":421,"featured_media":0,"parent":0,"menu_order":0,"comment_status":"closed","ping_status":"closed","template":"","meta":{"footnotes":""},"class_list":["post-94","page","type-page","status-publish","hentry"],"_links":{"self":[{"href":"https:\/\/sites.unica.it\/lim\/wp-json\/wp\/v2\/pages\/94","targetHints":{"allow":["GET"]}}],"collection":[{"href":"https:\/\/sites.unica.it\/lim\/wp-json\/wp\/v2\/pages"}],"about":[{"href":"https:\/\/sites.unica.it\/lim\/wp-json\/wp\/v2\/types\/page"}],"author":[{"embeddable":true,"href":"https:\/\/sites.unica.it\/lim\/wp-json\/wp\/v2\/users\/421"}],"replies":[{"embeddable":true,"href":"https:\/\/sites.unica.it\/lim\/wp-json\/wp\/v2\/comments?post=94"}],"version-history":[{"count":61,"href":"https:\/\/sites.unica.it\/lim\/wp-json\/wp\/v2\/pages\/94\/revisions"}],"predecessor-version":[{"id":547,"href":"https:\/\/sites.unica.it\/lim\/wp-json\/wp\/v2\/pages\/94\/revisions\/547"}],"wp:attachment":[{"href":"https:\/\/sites.unica.it\/lim\/wp-json\/wp\/v2\/media?parent=94"}],"curies":[{"name":"wp","href":"https:\/\/api.w.org\/{rel}","templated":true}]}}