{"id":76,"date":"2017-01-23T20:01:57","date_gmt":"2017-01-23T19:01:57","guid":{"rendered":"http:\/\/sites.unica.it\/l-div-2017\/?page_id=76"},"modified":"2017-01-24T18:24:27","modified_gmt":"2017-01-24T17:24:27","slug":"plenary-speakers","status":"publish","type":"page","link":"https:\/\/sites.unica.it\/l-div-2017\/plenary-speakers\/","title":{"rendered":"Plenary Speakers"},"content":{"rendered":"<p><a href=\"http:\/\/investigadores.izt.uam.mx\/datos_investigador.php?mail=hmc@xanum.uam.mx\">H\u00e9ctor Mu\u00f1oz Cruz<\/a> -Universidad Aut\u00f3noma Metropolitana-Iztapalapa (Mexico)<\/p>\n<p><a href=\"http:\/\/pari.org.za\/people\/mosa-phadi\/\">Mosa Phadi<\/a> &#8211; PARI research centre (South Africa)<\/p>\n<p><a href=\"http:\/\/people.unica.it\/mauropala\/\">Mauro Pala<\/a> &#8211; Universit\u00e0 degli Studi di Cagliari (Italy)<\/p>\n<p><a href=\"http:\/\/www.brunel.ac.uk\/people\/peter-thomas\">Peter Thomas <\/a>&#8211; Brunel University (UK)<\/p>\n<p><a href=\"http:\/\/www.discourses.org\">Teun van Dijk<\/a> -Universitat Pompeu Fabra (Espa\u00f1a)<\/p>\n","protected":false},"excerpt":{"rendered":"<p>H\u00e9ctor Mu\u00f1oz Cruz -Universidad Aut\u00f3noma Metropolitana-Iztapalapa (Mexico) Mosa Phadi &#8211; PARI research centre (South Africa) Mauro Pala &#8211; Universit\u00e0 degli Studi di Cagliari (Italy) Peter Thomas &#8211; Brunel University (UK) Teun van Dijk -Universitat Pompeu Fabra (Espa\u00f1a)<\/p>\n","protected":false},"author":718,"featured_media":0,"parent":0,"menu_order":0,"comment_status":"closed","ping_status":"closed","template":"","meta":{"footnotes":""},"class_list":["post-76","page","type-page","status-publish","hentry"],"_links":{"self":[{"href":"https:\/\/sites.unica.it\/l-div-2017\/wp-json\/wp\/v2\/pages\/76","targetHints":{"allow":["GET"]}}],"collection":[{"href":"https:\/\/sites.unica.it\/l-div-2017\/wp-json\/wp\/v2\/pages"}],"about":[{"href":"https:\/\/sites.unica.it\/l-div-2017\/wp-json\/wp\/v2\/types\/page"}],"author":[{"embeddable":true,"href":"https:\/\/sites.unica.it\/l-div-2017\/wp-json\/wp\/v2\/users\/718"}],"replies":[{"embeddable":true,"href":"https:\/\/sites.unica.it\/l-div-2017\/wp-json\/wp\/v2\/comments?post=76"}],"version-history":[{"count":3,"href":"https:\/\/sites.unica.it\/l-div-2017\/wp-json\/wp\/v2\/pages\/76\/revisions"}],"predecessor-version":[{"id":95,"href":"https:\/\/sites.unica.it\/l-div-2017\/wp-json\/wp\/v2\/pages\/76\/revisions\/95"}],"wp:attachment":[{"href":"https:\/\/sites.unica.it\/l-div-2017\/wp-json\/wp\/v2\/media?parent=76"}],"curies":[{"name":"wp","href":"https:\/\/api.w.org\/{rel}","templated":true}]}}