{"id":62,"date":"2017-01-15T19:13:29","date_gmt":"2017-01-15T18:13:29","guid":{"rendered":"http:\/\/sites.unica.it\/l-div-2017\/?page_id=62"},"modified":"2017-03-10T19:13:29","modified_gmt":"2017-03-10T18:13:29","slug":"invito-a-inviare-proposte","status":"publish","type":"page","link":"https:\/\/sites.unica.it\/l-div-2017\/invito-a-inviare-proposte\/","title":{"rendered":"Invito a inviare proposte"},"content":{"rendered":"<p style=\"text-align: justify\">L&#8217;Universit\u00e0 degli Studi di Cagliari e il centro di ricerca interuniversitario I-LanD (Identity and Language Diversity) invitano ricercatrici e ricercatori a inviare proposte per interventi individuali o sessioni per una conferenza sul tema \u201cLingua e classe sociale\u201d.<\/p>\n<p style=\"text-align: justify\">In seguito ai tre partecipati eventi ospitati dalle Universit\u00e0 di Napoli (2013), Catania (2014) e Macerata (2016), nei quali temi come diversit\u00e0, alterit\u00e0 e potere sono stati esplorati nelle loro articolazioni di genere, etniche e culturali, pensiamo che sia opportuno affrontare il tema, troppo spesso trascurato, della Classe Sociale. Come hanno sottolineato Machin e Richardson (2008) \u201cI discorsi possono (spesso simultaneamente) riflettere strutture di classe, essere sede di disuguaglianze di classe, esprimere identit\u00e0 di classe o coscienza di classe, oppure possono essere parti costituenti di una azione di classe\u201d.<\/p>\n<p style=\"text-align: justify\">Invitiamo quindi ricercatrici e ricercatori a inviare contributi che indaghino il ruolo del linguaggio nell\u2019elaborare, mettere in atto, e manipolare idee e costruzioni ideologiche sulla classe sociale all\u2019interno di testi letterari e non letterari e in testi multimodali provenienti dalle pi\u00f9 diverse aree geografiche e linguistiche.<\/p>\n<p>&nbsp;<\/p>\n<p>Gli approcci metodologici che seguono sono da intendersi come linee guida e possono essere estesi:<\/p>\n<p>&nbsp;<\/p>\n<p>&#8211; Analisi critica del Discorso<\/p>\n<p>&#8211; Mediazione linguistica e Culturale<\/p>\n<p>&#8211; Antropologia Linguistica<\/p>\n<p>&#8211; Linguistica dei corpora<\/p>\n<p>&#8211; Contatto linguistico<\/p>\n<p>&#8211; Cambiamento linguistico<\/p>\n<p>&#8211; Discorsi multimodali<\/p>\n<p>&#8211; Pragmatica<\/p>\n<p>&#8211; Approcci etnografici alla lingua<\/p>\n<p>&#8211; Studi letterari<\/p>\n<p>&#8211; Studi culturali e postcoloniali<\/p>\n<p>&#8211; Cultural Studies<\/p>\n<p>&#8211; Storia culturale<\/p>\n<p>&nbsp;<\/p>\n<p>&nbsp;<\/p>\n<p><strong>Date della conferenza<\/strong>\u00a028-30 Settembre 2017, Universit\u00e0 di Cagliari (Italia).<br \/>\nScadenze<strong>:<\/strong><\/p>\n<p><strong>Sessioni:<\/strong>\u00a028 febbraio\u00a0<span style=\"color: #ff0000\"><strong>ESTESA AL 15 MARZO<\/strong><\/span><\/p>\n<p><strong>Contributi individuali:<\/strong><strong>\u00a0<\/strong>10 marzo\u00a0<span style=\"color: #ff0000\"><strong>ESTESA AL 31 MARZO<\/strong><\/span><\/p>\n<p>Istruzioni per l&#8217;invio delle proposte:<br \/>\nOggetto: Languaging Diversity International Conference Paper\/Panel proposal<\/p>\n<p>Titolo della presentazione\/sessione<br \/>\nNome Autore\/trice, istituzione di appartenenza, email<br \/>\nDa 4 a 6 Parole chiave (almeno 1 che indichi l&#8217;approccio metodologico)<\/p>\n<p>Proposta anonima in allegato (250-350 parole)<\/p>\n<p><strong>Lingue di lavoro<\/strong>: Inglese, Italiano, Spagnolo<\/p>\n<p>Email:\u00a0<a href=\"mailto:languagingdiversity2017@gmail.com\">languagingdiversity2017@gmail.com<\/a><\/p>\n<p>Website:\u00a0<a href=\"http:\/\/sites.unica.it\/l-div-2017\/\">http:\/\/sites.unica.it\/l-div-2017\/<\/a><\/p>\n<p>&nbsp;<\/p>\n<p>L&#8217;esito del processo di selezione sar\u00e0 comunicato per posta elettronica e i dettagli organizzativi saranno pubblicati sul sito del convegno.<\/p>\n<p>&nbsp;<\/p>\n","protected":false},"excerpt":{"rendered":"<p>L&#8217;Universit\u00e0 degli Studi di Cagliari e il centro di ricerca interuniversitario I-LanD (Identity and Language Diversity) invitano ricercatrici e ricercatori a inviare proposte per interventi individuali o sessioni per una conferenza sul tema \u201cLingua e classe sociale\u201d. In seguito ai &hellip; <a href=\"https:\/\/sites.unica.it\/l-div-2017\/invito-a-inviare-proposte\/\">Continua a leggere<span class=\"meta-nav\">&rarr;<\/span><\/a><\/p>\n","protected":false},"author":718,"featured_media":0,"parent":0,"menu_order":0,"comment_status":"closed","ping_status":"closed","template":"","meta":{"footnotes":""},"class_list":["post-62","page","type-page","status-publish","hentry"],"_links":{"self":[{"href":"https:\/\/sites.unica.it\/l-div-2017\/wp-json\/wp\/v2\/pages\/62","targetHints":{"allow":["GET"]}}],"collection":[{"href":"https:\/\/sites.unica.it\/l-div-2017\/wp-json\/wp\/v2\/pages"}],"about":[{"href":"https:\/\/sites.unica.it\/l-div-2017\/wp-json\/wp\/v2\/types\/page"}],"author":[{"embeddable":true,"href":"https:\/\/sites.unica.it\/l-div-2017\/wp-json\/wp\/v2\/users\/718"}],"replies":[{"embeddable":true,"href":"https:\/\/sites.unica.it\/l-div-2017\/wp-json\/wp\/v2\/comments?post=62"}],"version-history":[{"count":4,"href":"https:\/\/sites.unica.it\/l-div-2017\/wp-json\/wp\/v2\/pages\/62\/revisions"}],"predecessor-version":[{"id":129,"href":"https:\/\/sites.unica.it\/l-div-2017\/wp-json\/wp\/v2\/pages\/62\/revisions\/129"}],"wp:attachment":[{"href":"https:\/\/sites.unica.it\/l-div-2017\/wp-json\/wp\/v2\/media?parent=62"}],"curies":[{"name":"wp","href":"https:\/\/api.w.org\/{rel}","templated":true}]}}