{"id":27,"date":"2017-01-02T18:02:53","date_gmt":"2017-01-02T17:02:53","guid":{"rendered":"http:\/\/sites.unica.it\/l-div-2017\/?page_id=27"},"modified":"2017-03-19T18:48:46","modified_gmt":"2017-03-19T17:48:46","slug":"convocatoria","status":"publish","type":"page","link":"https:\/\/sites.unica.it\/l-div-2017\/convocatoria\/","title":{"rendered":"Convocatoria"},"content":{"rendered":"<p>La Universidad de Cagliari as\u00ed como I-LAND (Identity and Language Diversity) Centro de Investigaci\u00f3n invitan a los investigadores, estudiantes y especialistas a participar en el IV Congreso I-land y a enviar sus propuestas individuales o conjuntas sobre el tema: Lenguaje y Clase Social.<\/p>\n<p>Despu\u00e9s de los tres eventos antecedentes, que han tenido lugar en la Universidad de N\u00e1poles (2013), Catania (2014) y Macerata (2016), y en que los temas de la diversidad, alteridad y poder han sido analizados bajo la perspectivas de genero, etnicidad y cultura estamos listos para enfrentar el gran tema ignorado: Lenguaje y Clase Social. Seg\u00fan Machin y Richardson (2008) \u201c Los discursos pueden ser abordados (a menudo simult\u00e1neamente) como reflejo de estructuras de clase, como un lugar de desigualdades de clase, como expresi\u00f3n de identidades de clase o conciencia de clase y\/o como parte constitutiva de una acci\u00f3n de clase m\u00e1s performativa\u201d. Por lo tanto invitamos a que propongan contribuciones que investiguen el papel del lenguaje en la reflexi\u00f3n, el mantenimiento, la promulgaci\u00f3n y reafirmaci\u00f3n de ideas de clase social y sobre la clase social en los textos y discursos literarios o non literarios y multimodal en todas la \u00e1reas geogr\u00e1ficas y ling\u00fc\u00edsticas.<\/p>\n<p>&nbsp;<\/p>\n<p>Los siguientes ejes tem\u00e1ticos se consideran como una gu\u00eda general y pueden ser incrementadas en un segundo momento:<\/p>\n<p>&nbsp;<\/p>\n<p>An\u00e1lisis \u00a0Cr\u00edtica del Discurso<\/p>\n<p>Mediaci\u00f3n Ling\u00fc\u00edstica y Cultural<\/p>\n<p>Antropolog\u00eda Ling\u00fc\u00edstica<\/p>\n<p>Corpus Ling\u00fc\u00edsticos<\/p>\n<p>Language crossing, switching, and mixing<\/p>\n<p>Variaci\u00f3n y Cambios Ling\u00fc\u00edsticos<\/p>\n<p>Pragm\u00e1tica Contrastiva<\/p>\n<p>Etnoling\u00fc\u00edstica<\/p>\n<p>Estudios culturales, postcoloniales y decoloniales<\/p>\n<p>Cultura popular<\/p>\n<p>Historia de las ideas<\/p>\n<p>&nbsp;<\/p>\n<p>Fecha del Congreso: 28-30 Septiembre 2017, Universidad de Cagliari (Italia)<\/p>\n<p>&nbsp;<\/p>\n<p>La fecha l\u00edmite de recepci\u00f3n de mesas es el 28 de febrero\u00a0de 2017<span style=\"color: #ff0000\"><strong> &#8211; EXTENDIDA AL 15 MARZO &#8211;\u00a0<\/strong><\/span> y para las propuestas individuales es el 10 de marzo\u00a02017\u00a0<span style=\"color: #ff0000\"><strong> &#8211; EXTENDIDA AL 31 MARZO\u00a0<\/strong><\/span><\/p>\n<p>&nbsp;<\/p>\n<p>Gu\u00eda para la presentaci\u00f3n de los abstract<\/p>\n<p>&nbsp;<\/p>\n<p>Subjeto: Languaging Diversity International Conference Paper\/Panel proposal<\/p>\n<p>&nbsp;<\/p>\n<p>T\u00edtulo de la ponencia<\/p>\n<p>Nombres del autor o autores y de las instituciones<\/p>\n<p>De 4 a 6 palabras claves (por lo meno una que indique el enfoque tem\u00e1tico)<\/p>\n<p>Abstract an\u00f3nimo en adjunto<\/p>\n<p>Lenguas del Congreso: Italiano, Ingl\u00e9s y Espa\u00f1ol<\/p>\n<p>Email: languagingdiversity2017@gmail.com<\/p>\n<p>&nbsp;<\/p>\n<p>Despu\u00e9s de la revisi\u00f3n se enviar\u00e1 por correo electr\u00f3nico la notificaci\u00f3n y se indicar\u00e1n los detalles del Congreso<\/p>\n<p>&nbsp;<\/p>\n","protected":false},"excerpt":{"rendered":"<p>La Universidad de Cagliari as\u00ed como I-LAND (Identity and Language Diversity) Centro de Investigaci\u00f3n invitan a los investigadores, estudiantes y especialistas a participar en el IV Congreso I-land y a enviar sus propuestas individuales o conjuntas sobre el tema: Lenguaje &hellip; <a href=\"https:\/\/sites.unica.it\/l-div-2017\/convocatoria\/\">Continua a leggere<span class=\"meta-nav\">&rarr;<\/span><\/a><\/p>\n","protected":false},"author":718,"featured_media":0,"parent":0,"menu_order":0,"comment_status":"closed","ping_status":"closed","template":"","meta":{"footnotes":""},"class_list":["post-27","page","type-page","status-publish","hentry"],"_links":{"self":[{"href":"https:\/\/sites.unica.it\/l-div-2017\/wp-json\/wp\/v2\/pages\/27","targetHints":{"allow":["GET"]}}],"collection":[{"href":"https:\/\/sites.unica.it\/l-div-2017\/wp-json\/wp\/v2\/pages"}],"about":[{"href":"https:\/\/sites.unica.it\/l-div-2017\/wp-json\/wp\/v2\/types\/page"}],"author":[{"embeddable":true,"href":"https:\/\/sites.unica.it\/l-div-2017\/wp-json\/wp\/v2\/users\/718"}],"replies":[{"embeddable":true,"href":"https:\/\/sites.unica.it\/l-div-2017\/wp-json\/wp\/v2\/comments?post=27"}],"version-history":[{"count":8,"href":"https:\/\/sites.unica.it\/l-div-2017\/wp-json\/wp\/v2\/pages\/27\/revisions"}],"predecessor-version":[{"id":137,"href":"https:\/\/sites.unica.it\/l-div-2017\/wp-json\/wp\/v2\/pages\/27\/revisions\/137"}],"wp:attachment":[{"href":"https:\/\/sites.unica.it\/l-div-2017\/wp-json\/wp\/v2\/media?parent=27"}],"curies":[{"name":"wp","href":"https:\/\/api.w.org\/{rel}","templated":true}]}}