{"id":1916,"date":"2016-04-19T13:02:36","date_gmt":"2016-04-19T13:02:36","guid":{"rendered":"http:\/\/sites.unica.it\/internationalphdist\/?page_id=1916"},"modified":"2016-04-19T13:02:36","modified_gmt":"2016-04-19T13:02:36","slug":"luca-pireddu","status":"publish","type":"page","link":"https:\/\/sites.unica.it\/internationalphdist\/phd-awarded\/luca-pireddu\/","title":{"rendered":"Luca Pireddu"},"content":{"rendered":"<table>\n<tbody>\n<tr align=\"center\">\n<td colspan=\"2\">\n<h2><span style=\"color: #000066;font-size: x-large\">UNLOCKING LARGE-SCALE GENOMICS<\/span><\/h2>\n<\/td>\n<\/tr>\n<tr align=\"center\">\n<td colspan=\"2\"><\/td>\n<\/tr>\n<tr align=\"center\">\n<td>Advisor<\/td>\n<td>Ph.D. Candidate<\/td>\n<\/tr>\n<tr align=\"center\">\n<td>Prof. Riccardo Scateni<\/td>\n<td>LUCA PIREDDU<\/td>\n<\/tr>\n<tr align=\"center\">\n<td colspan=\"2\">\n<pre><\/pre>\n<p style=\"text-align: left\">Schumacher, A., Pireddu, L., Niemenmaa, M., Kallio, A., Korpelainen, E., Zanetti, G., Heljanko, K., SeqPig: simple and scalable scripting for large sequencing data sets in Hadoop, Bioinformatics, Vol. 30, pp. 119\u2013120, 2014.<\/p>\n<p style=\"text-align: left\">Orr\u00f9,V., Steri,M., Sole,G., Sidore,C., Virdis,F., Dei,M., Lai,S., Zoledziewska,M., Busonero,F., Mulas,A., Floris,M., Mentzen,W.I., Urru,S.A.M., Olla,S., Marongiu,M., Piras,M.G., Lobina,M., Maschio,A., Pitzalis,M., Urru,M.F., Marcelli,M., Cusano,R., Deidda,F., Serra,V., Oppo,M., Pilu,R., Reinier,F., Berutti,R., Pireddu,L., Zara,I., Porcu,E., Kwong,A., Brennan,C., Tarrier,B., Lyons,R., Kang,H.M., Uzzau,S., Atzeni,R., Valentini,M., Firinu,D., Leoni,L., Rotta,G., Naitza,S.,Angius,A., Congia,M., Whalen,M.B., Jones,C.M., Schlessinger,D., Abecasis,G.R., Fiorillo,E., Sanna,S., Cucca,F., Genetic variants regulating immune cell levels in health and disease, Cell, vol. 155, pp. 242\u201356, 2013.<\/p>\n<p style=\"text-align: left\">Spjuth,O., Bongcam-Rudloff,E., Hern\u00e0ndez,G.C., Forer,L., Giovacchini,M., Valls Guimera,R., Kallio,A., Korpelainen,E., Ka\u0144du\u0142a,M.M., Krachunov,M., Kreil,D.P., Kulev,O., \u0141abaj,P.P., Lampa,S., Pireddu,L., Sch\u00f6nherr,S., Siretskiy,A., Vassilev,D., Experiences with workflows for automating data-intensive bioinformatics, Biology Direct, vol. 10, pp. 1\u201312, 2015.<\/p>\n<\/td>\n<\/tr>\n<\/tbody>\n<\/table>\n","protected":false},"excerpt":{"rendered":"<p>UNLOCKING LARGE-SCALE GENOMICS Advisor Ph.D. Candidate Prof. Riccardo Scateni LUCA PIREDDU Schumacher, A., Pireddu, L., Niemenmaa, M., Kallio, A., Korpelainen, E., Zanetti, G., Heljanko, K., SeqPig: simple and scalable scripting for large sequencing data sets in Hadoop, Bioinformatics, Vol. 30, pp. 119\u2013120, 2014. Orr\u00f9,V., Steri,M., Sole,G., Sidore,C., Virdis,F., Dei,M., Lai,S., Zoledziewska,M., Busonero,F., Mulas,A., Floris,M., Mentzen,W.I., <a href='https:\/\/sites.unica.it\/internationalphdist\/phd-awarded\/luca-pireddu\/' class='excerpt-more'>[&#8230;]<\/a><\/p>\n","protected":false},"author":1082,"featured_media":0,"parent":1677,"menu_order":0,"comment_status":"closed","ping_status":"closed","template":"","meta":{"footnotes":""},"class_list":["post-1916","page","type-page","status-publish","hentry","post-seq-1","post-parity-odd","meta-position-corners","fix"],"_links":{"self":[{"href":"https:\/\/sites.unica.it\/internationalphdist\/wp-json\/wp\/v2\/pages\/1916","targetHints":{"allow":["GET"]}}],"collection":[{"href":"https:\/\/sites.unica.it\/internationalphdist\/wp-json\/wp\/v2\/pages"}],"about":[{"href":"https:\/\/sites.unica.it\/internationalphdist\/wp-json\/wp\/v2\/types\/page"}],"author":[{"embeddable":true,"href":"https:\/\/sites.unica.it\/internationalphdist\/wp-json\/wp\/v2\/users\/1082"}],"replies":[{"embeddable":true,"href":"https:\/\/sites.unica.it\/internationalphdist\/wp-json\/wp\/v2\/comments?post=1916"}],"version-history":[{"count":1,"href":"https:\/\/sites.unica.it\/internationalphdist\/wp-json\/wp\/v2\/pages\/1916\/revisions"}],"predecessor-version":[{"id":1917,"href":"https:\/\/sites.unica.it\/internationalphdist\/wp-json\/wp\/v2\/pages\/1916\/revisions\/1917"}],"up":[{"embeddable":true,"href":"https:\/\/sites.unica.it\/internationalphdist\/wp-json\/wp\/v2\/pages\/1677"}],"wp:attachment":[{"href":"https:\/\/sites.unica.it\/internationalphdist\/wp-json\/wp\/v2\/media?parent=1916"}],"curies":[{"name":"wp","href":"https:\/\/api.w.org\/{rel}","templated":true}]}}