{"id":27,"date":"2022-06-09T13:21:57","date_gmt":"2022-06-09T11:21:57","guid":{"rendered":"https:\/\/sites.unica.it\/hydroseo\/?page_id=27"},"modified":"2022-10-19T08:38:46","modified_gmt":"2022-10-19T06:38:46","slug":"laboratorio-di-modellazione-idrologica-semidistribuita-a-a-2020-2021","status":"publish","type":"page","link":"https:\/\/sites.unica.it\/hydroseo\/didactics\/didactic-labs\/laboratorio-di-modellazione-idrologica-semidistribuita\/laboratorio-di-modellazione-idrologica-semidistribuita-a-a-2020-2021\/","title":{"rendered":"Laboratorio di modellazione idrologica semidistribuita (A.A. 2020\/2021)"},"content":{"rendered":"\n<p>Il laboratorio verr\u00e0 tenuto quest&#8217;anno in modalit\u00e0 esclusivamente on line sulla piattaforma Teams.<\/p>\n\n\n\n<p><strong>DETERMINAZIONE DELLE CARATTERISTICHE GEOMORFOLOGICHE DEI BACINI IDROGRAFICI (QGIS)<\/strong><\/p>\n\n\n\n<p>Si tratta di circa 4\/5 ore di lezione frontale, propedeutica alla modellazione semidistribuita, in cui verr\u00e0 illustrato il funzionamento del software QGIS per ricavare le caratteristiche geomorfologiche dei bacini idrografici, necessarie alla successiva fase di modellazione idrologica. Durante la lezione verr\u00e0 risolto un caso test reale.<br>Per poter seguire la lezione gli studenti dovranno avere gi\u00e0 installato QGIS versione 3.10 dal&nbsp;<a href=\"https:\/\/www.qgis.org\/it\/site\/forusers\/download.html\">link ufficiale del sito<\/a>&nbsp;(disponibile per Windows, Mac e Linux) oppure dal<a href=\"https:\/\/unicadrsi-my.sharepoint.com\/:f:\/g\/personal\/alessandro_seoni_unica_it\/EtZNwcj3tPZPmY8j6C2gTkcBLjPirvuQaquCrEYJIWd2Pw?e=udtRHn\">&nbsp;repository del laboratorio<\/a>&nbsp;(disponibile per Windows e Mac).<\/p>\n\n\n\n<p>E\u2019 importante che per l\u2019esercitazione tutti lavorino sulla stessa versione indicata.&nbsp;Per rendere pi\u00f9 rapido lo svolgimento dell&#8217;esercitazione, visto la modalit\u00e0 di erogazione on line del corso, \u00e8 fortemente consigliato di utilizzare la versione per Windows (chi ha il Mac pu\u00f2 risolvere attraverso l&#8217;uso di una macchina virtuale). Sarebbe auspicabile usare la versione 3.10.12 disponibile nel repository del laboratorio.<\/p>\n\n\n\n<p><strong>MODELLAZIONE IDROLOGICA SEMIDITRIBUITA (HEC-HMS)<\/strong><\/p>\n\n\n\n<p>Si tratta di circa 3 ore di lezione di lezione frontale in cui verr\u00e0 illustrato il funzionamento del software HEC-HMS per ricavare la risposta idrologica di un bacino. Durante la lezione verr\u00e0 risolto un caso test reale.<\/p>\n\n\n\n<p>Per poter seguire la lezione gli studenti dovranno avere gi\u00e0 installato HEC-HMS versione 4.6 dal&nbsp;<a href=\"http:\/\/www.hec.usace.army.mil\/software\/hec-hms\/downloads.aspx\">link ufficiale del sito<\/a>(disponibile per Windows, Mac e Linux) oppure dal&nbsp;<a href=\"https:\/\/unicadrsi-my.sharepoint.com\/:f:\/g\/personal\/alessandro_seoni_unica_it\/EhlPf6nvBjNJkSuj1f0zUHgBqMVf8tCDmTwdTAqD0T-iUg?e=Fh9moj\">repository del laboratorio<\/a>&nbsp;(disponibile per Windows e Mac). Si noti che HEC-HMS \u00e8 disponibile unicamente per sistemi Windows o Linux. Pertanto sul MAC in genere il suo utilizzo avviene da macchina virtuale.<\/p>\n\n\n\n<p>E\u2019 importante che per l\u2019esercitazione tutti lavorino sulla stessa versione indicata.&nbsp;Per rendere pi\u00f9 rapido lo svolgimento dell&#8217;esercitazione, visto la modalit\u00e0 di erogazione on line del corso, \u00e8 fortemente consigliato di utilizzare la versione per Windows (chi ha il Mac pu\u00f2 risolvere attraverso l&#8217;uso di una macchina virtuale).<\/p>\n\n\n\n<p><strong>NOTE PER LO SVOLGIMENTO DELLE ESERCITAZIONI<\/strong><\/p>\n\n\n\n<p>Prima della lezione scaricare anche il materiale presente ai seguenti link:<\/p>\n\n\n\n<ul class=\"wp-block-list\"><li><a href=\"https:\/\/unicadrsi-my.sharepoint.com\/:f:\/g\/personal\/alessandro_seoni_unica_it\/ErkVoi4xJqBKoGsZMZ7IlHkBQg6vIVsqSPo5pQ-UJxgDGw?e=Rcf5FI\">Manualistica dei programmi, appunti e file di lavoro<\/a>&nbsp;che verranno utilizzati a lezione<\/li><li><a href=\"https:\/\/unicadrsi-my.sharepoint.com\/:f:\/g\/personal\/alessandro_seoni_unica_it\/En-oXN9_Q41Eqj4Zd1c7hagBDiyIo59wVM5D3zLHTNSh-g?e=UpiAaZ\">Modelli Digitali del Terreno SAR, passo 10m<\/a>, in formato ASCII grid<\/li><li><a href=\"https:\/\/unicadrsi-my.sharepoint.com\/:f:\/g\/personal\/alessandro_seoni_unica_it\/ErvhOLGV1u1GgK3dIfoG7CQBiENS3tWEaKv5caBtNUe5ow?e=1EJ0Tr\">Carta uso del suolo<\/a>&nbsp;in formato shape<\/li><li><a href=\"https:\/\/unicadrsi-my.sharepoint.com\/:f:\/g\/personal\/alessandro_seoni_unica_it\/EqITlKFM3udMjhhyhq3atigBYLTixvDbZLrD8EgDU0r1hg?e=4D2f8L\">Carta del CN<\/a>&nbsp;in formato shape<\/li><\/ul>\n\n\n\n<hr class=\"wp-block-separator\" \/>\n\n\n\n<p>Ulteriori istruzioni per lo svolgimento delle esercitazioni verranno date al termine delle lezioni di laboratorio.<\/p>\n","protected":false},"excerpt":{"rendered":"<p>Il laboratorio verr\u00e0 tenuto quest&#8217;anno in modalit\u00e0 esclusivamente on line sulla piattaforma Teams. DETERMINAZIONE DELLE CARATTERISTICHE GEOMORFOLOGICHE DEI BACINI IDROGRAFICI (QGIS) Si tratta di circa 4\/5 ore di lezione frontale, <a class=\"more-link\" href=\"https:\/\/sites.unica.it\/hydroseo\/didactics\/didactic-labs\/laboratorio-di-modellazione-idrologica-semidistribuita\/laboratorio-di-modellazione-idrologica-semidistribuita-a-a-2020-2021\/\">Continue Reading &amp;rarr;<\/a><\/p>\n","protected":false},"author":2410,"featured_media":0,"parent":30,"menu_order":0,"comment_status":"closed","ping_status":"closed","template":"","meta":{"footnotes":""},"class_list":["post-27","page","type-page","status-publish","hentry"],"_links":{"self":[{"href":"https:\/\/sites.unica.it\/hydroseo\/wp-json\/wp\/v2\/pages\/27","targetHints":{"allow":["GET"]}}],"collection":[{"href":"https:\/\/sites.unica.it\/hydroseo\/wp-json\/wp\/v2\/pages"}],"about":[{"href":"https:\/\/sites.unica.it\/hydroseo\/wp-json\/wp\/v2\/types\/page"}],"author":[{"embeddable":true,"href":"https:\/\/sites.unica.it\/hydroseo\/wp-json\/wp\/v2\/users\/2410"}],"replies":[{"embeddable":true,"href":"https:\/\/sites.unica.it\/hydroseo\/wp-json\/wp\/v2\/comments?post=27"}],"version-history":[{"count":1,"href":"https:\/\/sites.unica.it\/hydroseo\/wp-json\/wp\/v2\/pages\/27\/revisions"}],"predecessor-version":[{"id":28,"href":"https:\/\/sites.unica.it\/hydroseo\/wp-json\/wp\/v2\/pages\/27\/revisions\/28"}],"up":[{"embeddable":true,"href":"https:\/\/sites.unica.it\/hydroseo\/wp-json\/wp\/v2\/pages\/30"}],"wp:attachment":[{"href":"https:\/\/sites.unica.it\/hydroseo\/wp-json\/wp\/v2\/media?parent=27"}],"curies":[{"name":"wp","href":"https:\/\/api.w.org\/{rel}","templated":true}]}}