{"id":211,"date":"2022-11-03T13:41:23","date_gmt":"2022-11-03T12:41:23","guid":{"rendered":"https:\/\/sites.unica.it\/hydroseo\/?page_id=211"},"modified":"2023-09-14T11:10:25","modified_gmt":"2023-09-14T09:10:25","slug":"laboratorio-di-modellazione-idrologica-semidistribuita-a-a-2022-2023","status":"publish","type":"page","link":"https:\/\/sites.unica.it\/hydroseo\/didactics\/didactic-labs\/laboratorio-di-modellazione-idrologica-semidistribuita\/laboratorio-di-modellazione-idrologica-semidistribuita-a-a-2022-2023\/","title":{"rendered":"Laboratorio di modellazione idrologica semidistribuita (A.A. 2022\/2023)"},"content":{"rendered":"\n<p><strong>DETERMINAZIONE DELLE CARATTERISTICHE GEOMORFOLOGICHE DEI BACINI IDROGRAFICI (QGIS)<\/strong><\/p>\n\n\n\n<p>Si tratta di circa 4\/5 ore di lezione frontale, propedeutica alla modellazione semidistribuita, in cui verr\u00e0 illustrato il funzionamento del software QGIS per ricavare le caratteristiche geomorfologiche dei bacini idrografici, necessarie alla successiva fase di modellazione idrologica. Durante la lezione verr\u00e0 risolto un caso test reale.<br>Per poter seguire la lezione gli studenti dovranno avere gi\u00e0 installato QGIS versione 3.22 LTR, scaricabile dal&nbsp;<a href=\"https:\/\/www.qgis.org\">link ufficiale del sito<\/a>&nbsp;(disponibile per Windows, Mac e Linux).<\/p>\n\n\n\n<p>E\u2019 importante che per l\u2019esercitazione tutti lavorino sulla stessa versione indicata.&nbsp;Per rendere pi\u00f9 rapido lo svolgimento dell&#8217;esercitazione \u00e8 fortemente consigliato di utilizzare la versione per Windows (chi ha il Mac pu\u00f2 risolvere attraverso l&#8217;uso di una macchina virtuale). <\/p>\n\n\n\n<p><\/p>\n\n\n\n<p><strong>MODELLAZIONE IDROLOGICA SEMIDITRIBUITA (HEC-HMS)<\/strong><\/p>\n\n\n\n<p>Si tratta di circa 3 ore di lezione di lezione frontale in cui verr\u00e0 illustrato il funzionamento del software HEC-HMS per ricavare la risposta idrologica di un bacino. Durante la lezione verr\u00e0 risolto un caso test reale.<\/p>\n\n\n\n<p>Per poter seguire la lezione gli studenti dovranno avere gi\u00e0 installato HEC-HMS versione 4.10, scaricabile dal <a href=\"https:\/\/www.hec.usace.army.mil\/software\/hec-hms\/downloads.aspx\" data-type=\"URL\" data-id=\"https:\/\/www.hec.usace.army.mil\/software\/hec-hms\/downloads.aspx\">link ufficiale del sito<\/a> (disponibile per Windows, Mac e Linux).<\/p>\n\n\n\n<p>E\u2019 preferibile che per l\u2019esercitazione tutti lavorino sulla versione indicata.&nbsp;Per rendere pi\u00f9 rapido lo svolgimento dell&#8217;esercitazione \u00e8 fortemente consigliato di utilizzare la versione per Windows (chi ha il Mac pu\u00f2 risolvere attraverso l&#8217;uso di una macchina virtuale).<\/p>\n\n\n\n<p><\/p>\n\n\n\n<p><strong>NOTE PER LO SVOLGIMENTO DELLE ESERCITAZIONI<\/strong><\/p>\n\n\n\n<p>Prima della lezione scaricare anche il materiale presente ai seguenti link:<\/p>\n\n\n\n<ul class=\"wp-block-list\"><li><a href=\"https:\/\/unicadrsi-my.sharepoint.com\/:f:\/g\/personal\/alessandro_seoni_unica_it\/ErkVoi4xJqBKoGsZMZ7IlHkBQg6vIVsqSPo5pQ-UJxgDGw?e=Rcf5FI\">Manualistica dei programmi, appunti e file di lavoro<\/a>&nbsp;che verranno utilizzati a lezione<\/li><li><a href=\"https:\/\/unicadrsi-my.sharepoint.com\/:f:\/g\/personal\/alessandro_seoni_unica_it\/En-oXN9_Q41Eqj4Zd1c7hagBDiyIo59wVM5D3zLHTNSh-g?e=UpiAaZ\">Modelli Digitali del Terreno SAR, passo 10m<\/a>, in formato ASCII grid<\/li><li><a href=\"https:\/\/unicadrsi-my.sharepoint.com\/:f:\/g\/personal\/alessandro_seoni_unica_it\/ErvhOLGV1u1GgK3dIfoG7CQBiENS3tWEaKv5caBtNUe5ow?e=1EJ0Tr\">Carta uso del suolo<\/a>&nbsp;in formato shape<\/li><li><a href=\"https:\/\/unicadrsi-my.sharepoint.com\/:f:\/g\/personal\/alessandro_seoni_unica_it\/EqITlKFM3udMjhhyhq3atigBYLTixvDbZLrD8EgDU0r1hg?e=4D2f8L\">Carta del CN<\/a>&nbsp;in formato shape<\/li><\/ul>\n\n\n\n<p><\/p>\n\n\n\n<p><strong>DATI PER LO SVOLGIMENTO DELLE ESERCITAZIONI<\/strong><\/p>\n\n\n\n<p><strong><em>Gruppo 1<\/em><\/strong><\/p>\n\n\n\n<p>Sezione chiusura 1460320,4468885<br><a href=\"https:\/\/unicadrsi-my.sharepoint.com\/:b:\/g\/personal\/alessandro_seoni_unica_it\/EeBZ1Rl16hhPkZw0H6Z_2ZgBDCdcbWmtZtDpDt1BjdPdZQ?e=HIQcZk\">Diga Alto <\/a><a href=\"https:\/\/unicadrsi-my.sharepoint.com\/:b:\/g\/personal\/alessandro_seoni_unica_it\/EeBZ1Rl16hhPkZw0H6Z_2ZgBDCdcbWmtZtDpDt1BjdPdZQ?e=HIQcZk\" target=\"_blank\" rel=\"noreferrer noopener\">Temo<\/a> 1463071,4480961<\/p>\n\n\n\n<hr class=\"wp-block-separator has-alpha-channel-opacity\" \/>\n\n\n\n<p><strong><em>Gruppo 2<\/em><\/strong><\/p>\n\n\n\n<p>Sezione chiusura 1460808.4,4324267.4<br><a href=\"https:\/\/unicadrsi-my.sharepoint.com\/:b:\/g\/personal\/alessandro_seoni_unica_it\/ER3WB9VWOYRHktArKxc66CMBdySbT-USMLJIcoTe6Ib7XA?e=beBTUy\" target=\"_blank\" rel=\"noreferrer noopener\">Diga Monti Pranu<\/a> 1464335,4327167<\/p>\n\n\n\n<hr class=\"wp-block-separator has-alpha-channel-opacity\" \/>\n\n\n\n<p><strong><em>Gruppo 3<\/em><\/strong><\/p>\n\n\n\n<p>Sezione chiusura 1529805,4378910<br><a href=\"https:\/\/unicadrsi-my.sharepoint.com\/:b:\/g\/personal\/alessandro_seoni_unica_it\/EQfLWo_0PY5Kqq2owWlQa1QBrdgKdugl2A7LL3qCPzwXmw?e=r3iCsN\">Diga <\/a><a href=\"https:\/\/unicadrsi-my.sharepoint.com\/:b:\/g\/personal\/alessandro_seoni_unica_it\/EQfLWo_0PY5Kqq2owWlQa1QBrdgKdugl2A7LL3qCPzwXmw?e=r3iCsN\" target=\"_blank\" rel=\"noreferrer noopener\">Nuraghe<\/a><a href=\"https:\/\/unicadrsi-my.sharepoint.com\/:b:\/g\/personal\/alessandro_seoni_unica_it\/EQfLWo_0PY5Kqq2owWlQa1QBrdgKdugl2A7LL3qCPzwXmw?e=r3iCsN\"> Arrubiu<\/a> 1526731,4390309<\/p>\n\n\n\n<hr class=\"wp-block-separator has-alpha-channel-opacity\" \/>\n\n\n\n<p><strong><em>Gruppo 4<\/em><\/strong><br>Sezione chiusura 1552425,4471670<br><a rel=\"noreferrer noopener\" href=\"https:\/\/unicadrsi-my.sharepoint.com\/:b:\/g\/personal\/alessandro_seoni_unica_it\/EULtm06zB-5PmPgWA-163vwB9ciZXIIjTH7ed-vrx1W-Cw?e=2Nmhqg\" target=\"_blank\">Diga Pedra e&#8217; Othoni<\/a> 1546402,4464500<\/p>\n\n\n\n<p><\/p>\n\n\n\n<p><strong>CALCOLO DELLA PIOGGIA<\/strong><\/p>\n\n\n\n<p><a href=\"https:\/\/unicadrsi-my.sharepoint.com\/:f:\/g\/personal\/alessandro_seoni_unica_it\/Ev_qQOuwQA5GhXdwKM9MxIYB1MRYn_45eMtotzBjzroL0A?e=QiRQDL\" target=\"_blank\" rel=\"noreferrer noopener\">Mappe TCEV<\/a><\/p>\n\n\n\n<p><a href=\"https:\/\/unicadrsi-my.sharepoint.com\/:f:\/g\/personal\/alessandro_seoni_unica_it\/EtdREzrlDwBHk_fbL7pIoSMBaBXAxZeZ2o6bndX1kWclIA?e=AAcs8y\" target=\"_blank\" rel=\"noreferrer noopener\">Mappe GEV<\/a><\/p>\n\n\n\n<p><\/p>\n\n\n\n<p><strong>NOTE PER LO SVOLGIMENTO DELL&#8217;ESERCITAZIONE<\/strong><\/p>\n\n\n\n<p>&#8211; Forzante di precipitazione relativa a Tr= 200 anni (c.p.p. TCEV o GEV)<br>&#8211; Forma ietogramma: ieto Chicago con picco centrato e tempo di pioggia pari a 1.4*Tc<br>&#8211; Lo ietogramma andr\u00e0 rimodulato attraverso il fattore ARF<br>&#8211; Valutazione delle perdite di bacino attraverso metodo SCS Curve Number<br>&#8211; Trasformazione del deflusso utilizzando almeno l\u2019UH di Clark (SCS e Snyder facoltativi)<br>&#8211; Processo di routing risolto mediante Onda cinematica<br>&#8211; Suddivisione in 6-8 sottobacini (ciascun sottobacino residuo abbia caratteristiche il pi\u00f9 possibile omogenee per poter essere trattato con un modello a parametri concentrati)<br>&#8211; Andranno eseguite due simulazioni per i corrispondenti casi:<br>      1) Senza diga<br>      2) Diga con livello alla quota di massima regolazione al momento iniziale<\/p>\n\n\n\n<p><\/p>\n\n\n\n<p><strong>NOTE PER LA PREPARAZIONE DELL&#8217;ELABORATO<\/strong><\/p>\n\n\n\n<ul class=\"wp-block-list\"><li>Impostare il documento come se fosse relazione tecnica<\/li><li>La relazione inizia con l\u2019inquadramento della zona<\/li><li>Descrivere le caratteristiche dei programmi utilizzati, la base dati di partenza e come vengono ottenute le mappe derivate. NB: non \u00e8 assolutamente necessario descrivere tutti i passaggi e i comandi utilizzati come se fosse una guida del del programma<br><\/li><\/ul>\n\n\n\n<p>Deve contenere:<\/p>\n\n\n\n<ul class=\"wp-block-list\"><li>Tabelle di sintesi delle caratteristiche morfologiche dei sottobacini (aree, pendenze, lunghezza asta principale, CN, etc.)<\/li><li>Mappe di partenza e derivate (ricordare legende e didascalie)<\/li><li>Ietogramma di pioggia lorda e di pioggia netta per un sottobacino a scelta<\/li><li>Grafici degli idrogrammi in tutte le sezioni di controllo (es. nelle junction sia gli idrogrammi in ingresso che quelli in uscita), tranne nel caso del reach in cui ne basta uno a titolo di esempio<\/li><li>Confrontare gli idrogrammi per i 2 casi esaminati sulla sezione terminale e alla diga<\/li><li>Tabelle di sintesi dei risultati (portate e tempo al picco, volumi lordi e totali, etc.)<\/li><li>Auspicabile confronto con Qc ottenuta con metodo razionale sulla sezione terminale e alla diga<\/li><\/ul>\n","protected":false},"excerpt":{"rendered":"<p>DETERMINAZIONE DELLE CARATTERISTICHE GEOMORFOLOGICHE DEI BACINI IDROGRAFICI (QGIS) Si tratta di circa 4\/5 ore di lezione frontale, propedeutica alla modellazione semidistribuita, in cui verr\u00e0 illustrato il funzionamento del software QGIS <a class=\"more-link\" href=\"https:\/\/sites.unica.it\/hydroseo\/didactics\/didactic-labs\/laboratorio-di-modellazione-idrologica-semidistribuita\/laboratorio-di-modellazione-idrologica-semidistribuita-a-a-2022-2023\/\">Continue Reading &amp;rarr;<\/a><\/p>\n","protected":false},"author":2410,"featured_media":0,"parent":30,"menu_order":0,"comment_status":"closed","ping_status":"closed","template":"","meta":{"footnotes":""},"class_list":["post-211","page","type-page","status-publish","hentry"],"_links":{"self":[{"href":"https:\/\/sites.unica.it\/hydroseo\/wp-json\/wp\/v2\/pages\/211","targetHints":{"allow":["GET"]}}],"collection":[{"href":"https:\/\/sites.unica.it\/hydroseo\/wp-json\/wp\/v2\/pages"}],"about":[{"href":"https:\/\/sites.unica.it\/hydroseo\/wp-json\/wp\/v2\/types\/page"}],"author":[{"embeddable":true,"href":"https:\/\/sites.unica.it\/hydroseo\/wp-json\/wp\/v2\/users\/2410"}],"replies":[{"embeddable":true,"href":"https:\/\/sites.unica.it\/hydroseo\/wp-json\/wp\/v2\/comments?post=211"}],"version-history":[{"count":12,"href":"https:\/\/sites.unica.it\/hydroseo\/wp-json\/wp\/v2\/pages\/211\/revisions"}],"predecessor-version":[{"id":237,"href":"https:\/\/sites.unica.it\/hydroseo\/wp-json\/wp\/v2\/pages\/211\/revisions\/237"}],"up":[{"embeddable":true,"href":"https:\/\/sites.unica.it\/hydroseo\/wp-json\/wp\/v2\/pages\/30"}],"wp:attachment":[{"href":"https:\/\/sites.unica.it\/hydroseo\/wp-json\/wp\/v2\/media?parent=211"}],"curies":[{"name":"wp","href":"https:\/\/api.w.org\/{rel}","templated":true}]}}