{"id":1834,"date":"2016-10-12T07:51:58","date_gmt":"2016-10-12T07:51:58","guid":{"rendered":"http:\/\/sites.unica.it\/hbk\/?page_id=1834"},"modified":"2018-08-27T08:45:47","modified_gmt":"2018-08-27T08:45:47","slug":"orari-e-tariffe","status":"publish","type":"page","link":"https:\/\/sites.unica.it\/hbk\/orari-e-tariffe\/","title":{"rendered":"Orari e Tariffe"},"content":{"rendered":"<p style=\"text-align: center\"><strong>ORARI DI APERTURA AL PUBBLICO<a href=\"http:\/\/sites.unica.it\/hbk\/files\/2016\/10\/logo-hbk.png\"><img decoding=\"async\" class=\"alignnone size-medium wp-image-1845\" src=\"http:\/\/sites.unica.it\/hbk\/files\/2016\/10\/logo-hbk-300x110.png\" alt=\"logo-hbk\" width=\"300\" height=\"110\" srcset=\"https:\/\/sites.unica.it\/hbk\/files\/2016\/10\/logo-hbk-300x110.png 300w, https:\/\/sites.unica.it\/hbk\/files\/2016\/10\/logo-hbk.png 347w\" sizes=\"(max-width: 300px) 100vw, 300px\" \/><\/a><\/strong><\/p>\n<table width=\"669\">\n<tbody>\n<tr>\n<td width=\"177\"><strong>GIORNI<\/strong><\/td>\n<td width=\"236\"><strong>APRILE-OTTOBRE (ORA LEGALE)<\/strong><\/td>\n<td width=\"255\"><strong>NOVEMBRE-MARZO (ORA SOLARE)<\/strong><\/td>\n<\/tr>\n<tr>\n<td width=\"177\">luned\u00ec<\/td>\n<td width=\"236\">chiuso<\/td>\n<td width=\"255\">chiuso<\/td>\n<\/tr>\n<tr>\n<td width=\"177\">marted\u00ec-venerd\u00ec<\/td>\n<td width=\"236\">h. 9:00-18:00<\/td>\n<td width=\"255\">h. 9:00-14:00<\/td>\n<\/tr>\n<tr>\n<td width=\"177\">sabato e domenica e festivi<\/td>\n<td width=\"236\">h. 9:00-18:00<\/td>\n<td width=\"255\">h. 9:00-14:00<\/td>\n<\/tr>\n<tr>\n<td width=\"177\">festivi e feriali (luned\u00ec incluso)<\/td>\n<td colspan=\"2\" width=\"491\">Visite guidate su prenotazione (min. 10 persone)<\/td>\n<\/tr>\n<\/tbody>\n<\/table>\n<p>&nbsp;<\/p>\n<p><strong>TARIFFARIO<\/strong><\/p>\n<table width=\"669\">\n<tbody>\n<tr>\n<td width=\"217\"><strong>BIGLIETTI<\/strong><\/td>\n<td width=\"217\"><strong>INTERO (\u20ac)<\/strong><\/td>\n<td width=\"234\"><strong>RIDOTTO (\u20ac)<\/strong><\/td>\n<\/tr>\n<tr>\n<td width=\"217\">Ingresso<\/td>\n<td width=\"217\">4<\/td>\n<td width=\"234\">2<\/td>\n<\/tr>\n<tr>\n<td width=\"217\">Ingresso + visita guidata Orto<\/td>\n<td width=\"217\">6<\/td>\n<td width=\"234\">3<\/td>\n<\/tr>\n<tr>\n<td width=\"217\">Ingresso + visita guidata Orto e Museo<\/td>\n<td width=\"217\">8<\/td>\n<td width=\"234\">4<\/td>\n<\/tr>\n<tr>\n<td width=\"217\">Ingresso + visita guidata Orto, Museo e Banca Germoplasma<\/td>\n<td width=\"217\">10<\/td>\n<td width=\"234\">5<\/td>\n<\/tr>\n<\/tbody>\n<\/table>\n<p>&nbsp;<\/p>\n<table width=\"669\">\n<tbody>\n<tr>\n<td width=\"217\"><strong>ABBONAMENTI<\/strong><\/td>\n<td width=\"217\"><strong>INTERO (\u20ac)<\/strong><\/td>\n<td width=\"234\"><strong>RIDOTTO (\u20ac)<\/strong><\/td>\n<\/tr>\n<tr>\n<td width=\"217\">Mensile<\/td>\n<td width=\"217\">20<\/td>\n<td width=\"234\">10<\/td>\n<\/tr>\n<tr>\n<td width=\"217\">Annuale<\/td>\n<td width=\"217\">60<\/td>\n<td width=\"234\">30<\/td>\n<\/tr>\n<tr>\n<td width=\"217\">Famiglia mensile (max. 5 persone)<\/td>\n<td width=\"217\">40<\/td>\n<td width=\"234\"><\/td>\n<\/tr>\n<tr>\n<td width=\"217\">Famiglia annuale (max. 5 persone)<\/td>\n<td width=\"217\">120<\/td>\n<td width=\"234\"><\/td>\n<\/tr>\n<\/tbody>\n<\/table>\n<p>&nbsp;<\/p>\n<table width=\"669\">\n<tbody>\n<tr style=\"height: 55px\">\n<td style=\"height: 55px\" width=\"217\"><strong>TESSERE<\/strong><\/td>\n<td style=\"height: 55px\" width=\"217\"><strong>INTERO (\u20ac)<\/strong><\/td>\n<td style=\"height: 55px\" width=\"234\"><strong>RIDOTTO (\u20ac)<\/strong><\/td>\n<\/tr>\n<tr style=\"height: 55px\">\n<td style=\"height: 55px\" width=\"217\">Sostenitore<\/td>\n<td style=\"height: 55px\" width=\"217\">400 (una tantum)<\/td>\n<td style=\"height: 55px\" width=\"234\">200<\/td>\n<\/tr>\n<tr style=\"height: 55px\">\n<td style=\"height: 55px\" width=\"217\">Amico dell\u2019Orto<\/td>\n<td style=\"height: 55px\" width=\"217\">200 (una tantum)<\/td>\n<td style=\"height: 55px\" width=\"234\">100<\/td>\n<\/tr>\n<\/tbody>\n<\/table>\n<p>&nbsp;<\/p>\n<p>Avranno diritto all\u2019accesso gratuito:<\/p>\n<ol>\n<li>Bambini sino a 6 anni non compiuti;<\/li>\n<li>Docenti accompagnatori degli studenti in visita guidata;<\/li>\n<li>Studenti Universit\u00e0 di Cagliari in regola con il pagamento delle tasse;<\/li>\n<li>Personale tecnico-amministrativo e docente dell\u2019Ateneo per le esigenze didattiche e di ricerca svolte nel sito;<\/li>\n<li>Persone diversamente abili e accompagnatori (max. 1 per persona).<\/li>\n<\/ol>\n<p>&nbsp;<\/p>\n<p>I ragazzi in et\u00e0 scolare, da 6 a 18 anni, hanno diritto alla riduzione su tutte le tipologie di biglietti, abbonamenti e tessere.<\/p>\n<p>Si considera Sostenitore colui che in maniera volontaria contribuisce a sostenere l\u2019Orto Botanico con una quota una tantum, avendo come diritto la possibilit\u00e0 di accesso illimitato alla struttura.<\/p>\n<p>Si considera Amico dell\u2019Orto colui che in maniera volontaria contribuisce alle attivit\u00e0 dell\u2019Orto Botanico e lo sostiene con una quota una tantum, avendo come diritto la possibilit\u00e0 di accesso illimitato alla struttura.<\/p>\n<p>Gli abbonamenti e le tessere non daranno diritto alla visita guidata delle strutture presenti all\u2019interno di HBK.<\/p>\n<p><a href=\"http:\/\/sites.unica.it\/hbk\/files\/2018\/08\/HBK-Volantino-ITA-.pdf\">Volantino ( ITALIANO)<\/a><\/p>\n","protected":false},"excerpt":{"rendered":"<p>ORARI DI APERTURA AL PUBBLICO GIORNI APRILE-OTTOBRE (ORA LEGALE) NOVEMBRE-MARZO (ORA SOLARE) luned\u00ec chiuso chiuso marted\u00ec-venerd\u00ec h. 9:00-18:00 h. 9:00-14:00 sabato e domenica e festivi h. 9:00-18:00 h. 9:00-14:00 festivi e feriali (luned\u00ec incluso) Visite guidate su prenotazione (min. 10 persone) &nbsp; TARIFFARIO BIGLIETTI INTERO (\u20ac) RIDOTTO (\u20ac) Ingresso 4 2 Ingresso + visita guidata Orto 6 3 Ingresso + visita guidata Orto e Museo 8 4 Ingresso + visita guidata Orto, Museo e Banca Germoplasma 10 5 &nbsp; ABBONAMENTI INTERO (\u20ac) RIDOTTO (\u20ac) Mensile 20 10 Annuale 60 30 Famiglia mensile (max. 5 persone) 40 Famiglia annuale (max. 5 <a href='https:\/\/sites.unica.it\/hbk\/orari-e-tariffe\/' class='excerpt-more'>[&#8230;]<\/a><\/p>\n","protected":false},"author":2585,"featured_media":0,"parent":0,"menu_order":0,"comment_status":"closed","ping_status":"closed","template":"","meta":{"footnotes":""},"class_list":["post-1834","page","type-page","status-publish","hentry","post-seq-1","post-parity-odd","meta-position-corners","fix"],"_links":{"self":[{"href":"https:\/\/sites.unica.it\/hbk\/wp-json\/wp\/v2\/pages\/1834","targetHints":{"allow":["GET"]}}],"collection":[{"href":"https:\/\/sites.unica.it\/hbk\/wp-json\/wp\/v2\/pages"}],"about":[{"href":"https:\/\/sites.unica.it\/hbk\/wp-json\/wp\/v2\/types\/page"}],"author":[{"embeddable":true,"href":"https:\/\/sites.unica.it\/hbk\/wp-json\/wp\/v2\/users\/2585"}],"replies":[{"embeddable":true,"href":"https:\/\/sites.unica.it\/hbk\/wp-json\/wp\/v2\/comments?post=1834"}],"version-history":[{"count":4,"href":"https:\/\/sites.unica.it\/hbk\/wp-json\/wp\/v2\/pages\/1834\/revisions"}],"predecessor-version":[{"id":1920,"href":"https:\/\/sites.unica.it\/hbk\/wp-json\/wp\/v2\/pages\/1834\/revisions\/1920"}],"wp:attachment":[{"href":"https:\/\/sites.unica.it\/hbk\/wp-json\/wp\/v2\/media?parent=1834"}],"curies":[{"name":"wp","href":"https:\/\/api.w.org\/{rel}","templated":true}]}}