{"id":31,"date":"2022-03-25T12:20:48","date_gmt":"2022-03-25T11:20:48","guid":{"rendered":"https:\/\/sites.unica.it\/gestioneesviluppodellerisorseumane\/?page_id=31"},"modified":"2022-03-29T11:03:33","modified_gmt":"2022-03-29T09:03:33","slug":"comitato-tecnico-scientifico","status":"publish","type":"page","link":"https:\/\/sites.unica.it\/gestioneesviluppodellerisorseumane\/comitato-tecnico-scientifico\/","title":{"rendered":"Comitato Tecnico Scientifico"},"content":{"rendered":"<table>\n<tbody>\n<tr>\n<td width=\"214\">Simone Angius<\/td>\n<td width=\"334\">Direttore del personale, Cagliari<\/td>\n<\/tr>\n<tr>\n<td width=\"214\">Massimo Barbaro<\/td>\n<td width=\"334\">Universit\u00e0 degli Studi di Cagliari<\/td>\n<\/tr>\n<tr>\n<td width=\"214\">Barbara Barbieri<\/td>\n<td width=\"334\">Universit\u00e0 degli Studi di Cagliari<\/td>\n<\/tr>\n<tr>\n<td width=\"214\">Cristina Cabras<\/td>\n<td width=\"334\">Universit\u00e0 degli Studi di Cagliari<\/td>\n<\/tr>\n<tr>\n<td width=\"214\">Gianfranco Cicotto<\/td>\n<td width=\"334\">Universitas Mercatorum<\/td>\n<\/tr>\n<tr>\n<td width=\"214\">Silvia De Simone<\/td>\n<td width=\"334\">Universit\u00e0 degli Studi di Cagliari<\/td>\n<\/tr>\n<tr>\n<td width=\"214\">Enrico Garau<\/td>\n<td width=\"334\">ASPAL<\/td>\n<\/tr>\n<tr>\n<td width=\"214\">Paolo Iacci<\/td>\n<td width=\"334\">Presidente nazionale di AIDP Promotion (Associazione per la Direzione del Personale<\/td>\n<\/tr>\n<tr>\n<td width=\"214\">Giangiacomo Ibba<\/td>\n<td width=\"334\">Presidente F.llli Ibba e Crai Nazionale<\/td>\n<\/tr>\n<tr>\n<td width=\"214\">Mario Lodi<\/td>\n<td width=\"334\">Assessorato Affari Generali personale e riforma della RAS<\/td>\n<\/tr>\n<tr>\n<td width=\"214\">Franco Marini<\/td>\n<td width=\"334\">Universit\u00e0 degli Studi di Cagliari<\/td>\n<\/tr>\n<tr>\n<td width=\"214\">Marina Mondo<\/td>\n<td width=\"334\">Universit\u00e0 degli Studi di Cagliari<\/td>\n<\/tr>\n<tr>\n<td width=\"214\">Silvia Murgia<\/td>\n<td width=\"334\">Responsabile Formazione e Servizi alle imprese, Confindustria Sardegna Meridionale<\/td>\n<\/tr>\n<tr>\n<td width=\"214\">Cristian Pateri<\/td>\n<td width=\"334\">Presidente AIDP Sardegna<\/td>\n<\/tr>\n<tr>\n<td width=\"214\">Roberta Pinna<\/td>\n<td width=\"334\">Universit\u00e0 degli Studi di Cagliari<\/td>\n<\/tr>\n<tr>\n<td width=\"214\">Cinzia Priola<\/td>\n<td width=\"334\">Open University Business School<\/td>\n<\/tr>\n<tr>\n<td width=\"214\">Giuseppe Riva<\/td>\n<td width=\"334\">Universit\u00e0 Cattolica del Sacro Cuore, Milano<\/td>\n<\/tr>\n<tr>\n<td width=\"214\">Giorgio Sangiorgi<\/td>\n<td width=\"334\">Universit\u00e0 degli Studi di Cagliari<\/td>\n<\/tr>\n<tr>\n<td width=\"214\">Alessandro Spano<\/td>\n<td width=\"334\">Universit\u00e0 degli Studi di Cagliari<\/td>\n<\/tr>\n<\/tbody>\n<\/table>\n","protected":false},"excerpt":{"rendered":"<p>Simone Angius Direttore del personale, Cagliari Massimo Barbaro Universit\u00e0 degli Studi di Cagliari Barbara Barbieri Universit\u00e0 degli Studi di Cagliari Cristina Cabras Universit\u00e0 degli Studi di Cagliari Gianfranco Cicotto Universitas Mercatorum Silvia De Simone Universit\u00e0 degli Studi di Cagliari Enrico Garau ASPAL Paolo Iacci Presidente nazionale di AIDP Promotion (Associazione per la Direzione del Personale [&hellip;]<\/p>\n","protected":false},"author":2484,"featured_media":0,"parent":0,"menu_order":0,"comment_status":"closed","ping_status":"closed","template":"","meta":{"footnotes":""},"class_list":["post-31","page","type-page","status-publish","hentry"],"_links":{"self":[{"href":"https:\/\/sites.unica.it\/gestioneesviluppodellerisorseumane\/wp-json\/wp\/v2\/pages\/31","targetHints":{"allow":["GET"]}}],"collection":[{"href":"https:\/\/sites.unica.it\/gestioneesviluppodellerisorseumane\/wp-json\/wp\/v2\/pages"}],"about":[{"href":"https:\/\/sites.unica.it\/gestioneesviluppodellerisorseumane\/wp-json\/wp\/v2\/types\/page"}],"author":[{"embeddable":true,"href":"https:\/\/sites.unica.it\/gestioneesviluppodellerisorseumane\/wp-json\/wp\/v2\/users\/2484"}],"replies":[{"embeddable":true,"href":"https:\/\/sites.unica.it\/gestioneesviluppodellerisorseumane\/wp-json\/wp\/v2\/comments?post=31"}],"version-history":[{"count":5,"href":"https:\/\/sites.unica.it\/gestioneesviluppodellerisorseumane\/wp-json\/wp\/v2\/pages\/31\/revisions"}],"predecessor-version":[{"id":108,"href":"https:\/\/sites.unica.it\/gestioneesviluppodellerisorseumane\/wp-json\/wp\/v2\/pages\/31\/revisions\/108"}],"wp:attachment":[{"href":"https:\/\/sites.unica.it\/gestioneesviluppodellerisorseumane\/wp-json\/wp\/v2\/media?parent=31"}],"curies":[{"name":"wp","href":"https:\/\/api.w.org\/{rel}","templated":true}]}}