{"id":29,"date":"2022-03-25T12:20:48","date_gmt":"2022-03-25T11:20:48","guid":{"rendered":"https:\/\/sites.unica.it\/gestioneesviluppodellerisorseumane\/?page_id=29"},"modified":"2022-04-04T09:36:36","modified_gmt":"2022-04-04T07:36:36","slug":"chi-siamo","status":"publish","type":"page","link":"https:\/\/sites.unica.it\/gestioneesviluppodellerisorseumane\/chi-siamo\/","title":{"rendered":"Docenti"},"content":{"rendered":"<p>&nbsp;<\/p>\n<table>\n<tbody>\n<tr>\n<td width=\"217\">Simone Angius<\/td>\n<td width=\"180\">Direttore del personale<\/td>\n<td width=\"217\">EurAllumina S.p.A.<\/td>\n<\/tr>\n<tr>\n<td width=\"217\"><a href=\"https:\/\/unica.it\/unica\/it\/ateneo_s07_ss01.page?contentId=SHD30107\">Massimo Barbaro<\/a><\/td>\n<td width=\"180\">Professore Associato<\/td>\n<td width=\"217\">Universit\u00e0 degli Studi di Cagliari<\/td>\n<\/tr>\n<tr>\n<td width=\"217\"><a href=\"https:\/\/unica.it\/unica\/it\/ateneo_s07_ss01.page?contentId=SHD30427\">Barbara Barbieri<\/a><\/td>\n<td width=\"180\">Professoressa Associata<\/td>\n<td width=\"217\">Universit\u00e0 degli Studi di Cagliari<\/td>\n<\/tr>\n<tr>\n<td width=\"217\"><a href=\"https:\/\/phd.uniroma1.it\/web\/LAURA-BORGOGNI_nC85_IT.aspx\">Laura Borgogni<\/a><\/td>\n<td width=\"180\">Professoressa Ordinaria<\/td>\n<td width=\"217\">Sapienza Universit\u00e0 di Roma<\/td>\n<\/tr>\n<tr>\n<td width=\"217\"><a href=\"https:\/\/research.aston.ac.uk\/en\/persons\/pawan-budhwar\">Pawan Budhwar<\/a><\/td>\n<td width=\"180\">Professor<\/td>\n<td width=\"217\">Aston Business School<\/td>\n<\/tr>\n<tr>\n<td width=\"217\"><a href=\"https:\/\/unica.it\/unica\/it\/ateneo_s07_ss01.page?contentId=SHD30136\">Cristina Cabras<\/a><\/td>\n<td width=\"180\">Professoressa Associata<\/td>\n<td width=\"217\">Universit\u00e0 degli Studi di Cagliari<\/td>\n<\/tr>\n<tr>\n<td width=\"217\"><a href=\"http:\/\/www.psicologoaziendale.com\">Gianfranco Cicotto<\/a><\/td>\n<td width=\"180\">Docente a contratto<\/td>\n<td width=\"217\">Universitas Mercatorum<\/td>\n<\/tr>\n<tr>\n<td width=\"217\"><a href=\"https:\/\/unica.it\/unica\/it\/ateneo_s07_ss01.page?contentId=SHD30328\">Silvia De Simone<\/a><\/td>\n<td width=\"180\">Professoressa Associata<\/td>\n<td width=\"217\">Universit\u00e0 degli Studi di Cagliari<\/td>\n<\/tr>\n<tr>\n<td width=\"217\"><a href=\"https:\/\/unica.it\/unica\/it\/ateneo_s07_ss01.page?contentId=SHD30386\">Ferdinando Fornara<\/a><\/td>\n<td width=\"180\">Professore Ordinario<\/td>\n<td width=\"217\">Universit\u00e0 degli Studi di Cagliari<\/td>\n<\/tr>\n<tr>\n<td width=\"217\">Enrico Garau<\/td>\n<td width=\"180\">Coordinatore del Settore Lep, Servizi e Governance delle politiche del lavoro<\/td>\n<td width=\"217\">ASPAL<\/td>\n<\/tr>\n<tr>\n<td width=\"217\"><a href=\"https:\/\/www.sheffield.ac.uk\/management\/people\/academic-staff\/emanuela-girei\">Emanuela Girei<\/a><\/td>\n<td width=\"180\">Lecturer<\/td>\n<td width=\"217\">Sheffield University Management School<\/td>\n<\/tr>\n<tr>\n<td width=\"217\">Paolo Iacci<\/td>\n<td width=\"180\">Presidente nazionale AIDP Promotion<\/td>\n<td width=\"217\">AIDP (Associazione per la Direzione del Personale)<\/td>\n<\/tr>\n<tr>\n<td width=\"217\">J<a href=\"https:\/\/unica.it\/unica\/it\/ateneo_s07_ss01.page?contentId=SHD30458\">essica Lampis<\/a><\/td>\n<td width=\"180\">Professoressa Associata<\/td>\n<td width=\"217\">Universit\u00e0 degli Studi di Cagliari<\/td>\n<\/tr>\n<tr>\n<td width=\"217\"><a href=\"https:\/\/www.newcastle.edu.au\/profile\/ashish-malik\">Ashish Malik<\/a><\/td>\n<td width=\"180\">Associate Professor<\/td>\n<td width=\"217\">Newcastle Business School<\/td>\n<\/tr>\n<tr>\n<td width=\"217\">Franco Marini<\/td>\n<td width=\"180\">Prof. Ordinario<\/td>\n<td width=\"217\">Universit\u00e0 degli Studi di Cagliari<\/td>\n<\/tr>\n<tr>\n<td width=\"217\"><a href=\"https:\/\/unica.it\/unica\/it\/ateneo_s07_ss01.page?contentId=SHD30532\">Marina Mondo<\/a><\/td>\n<td width=\"180\">Ricercatrice<\/td>\n<td width=\"217\">Universit\u00e0 degli Studi di Cagliari<\/td>\n<\/tr>\n<tr>\n<td width=\"217\"><a href=\"https:\/\/www.unica.it\/unica\/it\/ateneo_s07_ss01.page?contentId=SHD30703\">Roberta Pinna<\/a><\/td>\n<td width=\"180\">Professoressa Associata<\/td>\n<td width=\"217\">Universit\u00e0 degli Studi di Cagliari<\/td>\n<\/tr>\n<tr>\n<td width=\"217\"><a href=\"https:\/\/www.open.ac.uk\/people\/vp3444\">Cinzia Priola<\/a><\/td>\n<td width=\"180\">Senior Lecturer<\/td>\n<td width=\"217\">The Open University Business School<\/td>\n<\/tr>\n<tr>\n<td width=\"217\"><a href=\"https:\/\/docenti.unicatt.it\/ppd2\/it\/docenti\/06087\/giuseppe-riva\/profilo\">Giuseppe Riva<\/a><\/td>\n<td width=\"180\">Professore Ordinario<\/td>\n<td width=\"217\">Universit\u00e0 Cattolica di Milano<\/td>\n<\/tr>\n<tr>\n<td width=\"217\">Giorgio Sangiorgi<\/td>\n<td width=\"180\">Prof. straordinario<\/td>\n<td width=\"217\">Universit\u00e0 degli Studi di Cagliari<\/td>\n<\/tr>\n<tr>\n<td width=\"217\"><a href=\"https:\/\/www.unica.it\/unica\/page\/it\/alessandro_spano\">Alessandro Spano<\/a><\/td>\n<td width=\"180\">Professore Ordinario<\/td>\n<td width=\"217\">Universit\u00e0 degli Studi di Cagliari<\/td>\n<\/tr>\n<tr>\n<td width=\"217\"><a href=\"https:\/\/research.aston.ac.uk\/en\/persons\/nicholas-theodorakopoulos\">Nikolaos Theodorakopoulos<\/a><\/td>\n<td width=\"180\">Full Professor<\/td>\n<td width=\"217\">Aston Business School<\/td>\n<\/tr>\n<\/tbody>\n<\/table>\n","protected":false},"excerpt":{"rendered":"<p>&nbsp; Simone Angius Direttore del personale EurAllumina S.p.A. Massimo Barbaro Professore Associato Universit\u00e0 degli Studi di Cagliari Barbara Barbieri Professoressa Associata Universit\u00e0 degli Studi di Cagliari Laura Borgogni Professoressa Ordinaria Sapienza Universit\u00e0 di Roma Pawan Budhwar Professor Aston Business School Cristina Cabras Professoressa Associata Universit\u00e0 degli Studi di Cagliari Gianfranco Cicotto Docente a contratto Universitas [&hellip;]<\/p>\n","protected":false},"author":2484,"featured_media":0,"parent":0,"menu_order":0,"comment_status":"closed","ping_status":"closed","template":"","meta":{"footnotes":""},"class_list":["post-29","page","type-page","status-publish","hentry"],"_links":{"self":[{"href":"https:\/\/sites.unica.it\/gestioneesviluppodellerisorseumane\/wp-json\/wp\/v2\/pages\/29","targetHints":{"allow":["GET"]}}],"collection":[{"href":"https:\/\/sites.unica.it\/gestioneesviluppodellerisorseumane\/wp-json\/wp\/v2\/pages"}],"about":[{"href":"https:\/\/sites.unica.it\/gestioneesviluppodellerisorseumane\/wp-json\/wp\/v2\/types\/page"}],"author":[{"embeddable":true,"href":"https:\/\/sites.unica.it\/gestioneesviluppodellerisorseumane\/wp-json\/wp\/v2\/users\/2484"}],"replies":[{"embeddable":true,"href":"https:\/\/sites.unica.it\/gestioneesviluppodellerisorseumane\/wp-json\/wp\/v2\/comments?post=29"}],"version-history":[{"count":4,"href":"https:\/\/sites.unica.it\/gestioneesviluppodellerisorseumane\/wp-json\/wp\/v2\/pages\/29\/revisions"}],"predecessor-version":[{"id":110,"href":"https:\/\/sites.unica.it\/gestioneesviluppodellerisorseumane\/wp-json\/wp\/v2\/pages\/29\/revisions\/110"}],"wp:attachment":[{"href":"https:\/\/sites.unica.it\/gestioneesviluppodellerisorseumane\/wp-json\/wp\/v2\/media?parent=29"}],"curies":[{"name":"wp","href":"https:\/\/api.w.org\/{rel}","templated":true}]}}