{"id":27,"date":"2022-03-25T12:20:48","date_gmt":"2022-03-25T11:20:48","guid":{"rendered":"https:\/\/sites.unica.it\/gestioneesviluppodellerisorseumane\/?page_id=27"},"modified":"2022-03-28T11:05:07","modified_gmt":"2022-03-28T09:05:07","slug":"progetto","status":"publish","type":"page","link":"https:\/\/sites.unica.it\/gestioneesviluppodellerisorseumane\/progetto\/","title":{"rendered":"Progetto didattico"},"content":{"rendered":"<p>L\u2019attivit\u00e0 didattica si articola in moduli formativi e seminari, integrati da stage e tirocini, esercitazioni, project work e laboratori per lo sviluppo delle capacit\u00e0 personali, studio individuale, per un totale di 60 CFU. \u00c8 inoltre prevista la discussione di una tesi finale.<\/p>\n<p>Le attivit\u00e0 necessarie per l\u2019acquisizione dei 60 CFU complessivi saranno cos\u00ec articolate:<\/p>\n<table style=\"height: 527px\" width=\"564\">\n<tbody>\n<tr>\n<td width=\"104\">\n<p style=\"text-align: center\"><strong>CFU<\/strong><\/p>\n<\/td>\n<td style=\"text-align: center\" width=\"113\"><strong>ORE<\/strong><\/td>\n<td width=\"359\">\n<p style=\"text-align: center\"><strong>ATTIVIT\u00c0<\/strong><\/p>\n<\/td>\n<\/tr>\n<tr>\n<td width=\"104\">\n<p style=\"text-align: center\">34<\/p>\n<\/td>\n<td width=\"113\">\n<p style=\"text-align: center\">204<\/p>\n<\/td>\n<td width=\"359\">Lezioni frontali metodologiche o teoriche o attivit\u00e0 didattiche equivalenti<\/td>\n<\/tr>\n<tr>\n<td width=\"104\">\n<p style=\"text-align: center\">7<\/p>\n<\/td>\n<td width=\"113\">\n<p style=\"text-align: center\">42<\/p>\n<\/td>\n<td width=\"359\">Laboratori e Seminari<\/td>\n<\/tr>\n<tr>\n<td width=\"104\">\n<p style=\"text-align: center\">5<\/p>\n<\/td>\n<td width=\"113\">\n<p style=\"text-align: center\">30<\/p>\n<\/td>\n<td width=\"359\">Esercitazioni e Project Work<\/td>\n<\/tr>\n<tr>\n<td width=\"104\">\n<p style=\"text-align: center\">3<\/p>\n<\/td>\n<td width=\"113\">\n<p style=\"text-align: center\">18<\/p>\n<\/td>\n<td width=\"359\">Prove intermedie<\/td>\n<\/tr>\n<tr>\n<td width=\"104\">\n<p style=\"text-align: center\">10<\/p>\n<\/td>\n<td width=\"113\">\n<p style=\"text-align: center\">250<\/p>\n<\/td>\n<td width=\"359\">Tirocinio<\/td>\n<\/tr>\n<tr>\n<td width=\"104\">\n<p style=\"text-align: center\">1<\/p>\n<\/td>\n<td width=\"113\">\n<p style=\"text-align: center\">6<\/p>\n<\/td>\n<td width=\"359\">Prova finale<\/td>\n<\/tr>\n<tr>\n<td width=\"104\"><\/td>\n<td width=\"113\"><\/td>\n<td width=\"359\"><\/td>\n<\/tr>\n<tr>\n<td width=\"104\">\n<p style=\"text-align: center\"><strong>60<\/strong><\/p>\n<\/td>\n<td width=\"113\">\n<p style=\"text-align: center\"><strong>550<\/strong><\/p>\n<\/td>\n<td width=\"359\"><strong>Totale<\/strong><\/td>\n<\/tr>\n<\/tbody>\n<\/table>\n","protected":false},"excerpt":{"rendered":"<p>L\u2019attivit\u00e0 didattica si articola in moduli formativi e seminari, integrati da stage e tirocini, esercitazioni, project work e laboratori per lo sviluppo delle capacit\u00e0 personali, studio individuale, per un totale di 60 CFU. \u00c8 inoltre prevista la discussione di una tesi finale. Le attivit\u00e0 necessarie per l\u2019acquisizione dei 60 CFU complessivi saranno cos\u00ec articolate: CFU [&hellip;]<\/p>\n","protected":false},"author":2484,"featured_media":0,"parent":0,"menu_order":0,"comment_status":"closed","ping_status":"closed","template":"","meta":{"footnotes":""},"class_list":["post-27","page","type-page","status-publish","hentry"],"_links":{"self":[{"href":"https:\/\/sites.unica.it\/gestioneesviluppodellerisorseumane\/wp-json\/wp\/v2\/pages\/27","targetHints":{"allow":["GET"]}}],"collection":[{"href":"https:\/\/sites.unica.it\/gestioneesviluppodellerisorseumane\/wp-json\/wp\/v2\/pages"}],"about":[{"href":"https:\/\/sites.unica.it\/gestioneesviluppodellerisorseumane\/wp-json\/wp\/v2\/types\/page"}],"author":[{"embeddable":true,"href":"https:\/\/sites.unica.it\/gestioneesviluppodellerisorseumane\/wp-json\/wp\/v2\/users\/2484"}],"replies":[{"embeddable":true,"href":"https:\/\/sites.unica.it\/gestioneesviluppodellerisorseumane\/wp-json\/wp\/v2\/comments?post=27"}],"version-history":[{"count":4,"href":"https:\/\/sites.unica.it\/gestioneesviluppodellerisorseumane\/wp-json\/wp\/v2\/pages\/27\/revisions"}],"predecessor-version":[{"id":66,"href":"https:\/\/sites.unica.it\/gestioneesviluppodellerisorseumane\/wp-json\/wp\/v2\/pages\/27\/revisions\/66"}],"wp:attachment":[{"href":"https:\/\/sites.unica.it\/gestioneesviluppodellerisorseumane\/wp-json\/wp\/v2\/media?parent=27"}],"curies":[{"name":"wp","href":"https:\/\/api.w.org\/{rel}","templated":true}]}}