{"id":153,"date":"2022-09-16T15:15:54","date_gmt":"2022-09-16T13:15:54","guid":{"rendered":"https:\/\/sites.unica.it\/gestioneesviluppodellerisorseumane\/?page_id=153"},"modified":"2022-09-16T15:16:37","modified_gmt":"2022-09-16T13:16:37","slug":"calendario-lezioni","status":"publish","type":"page","link":"https:\/\/sites.unica.it\/gestioneesviluppodellerisorseumane\/calendario-lezioni\/","title":{"rendered":"Calendario Lezioni"},"content":{"rendered":"<table>\n<tbody>\n<tr>\n<td width=\"272\"><strong>GIOVED\u00cc 7 LUGLIO<\/strong><\/td>\n<\/tr>\n<tr>\n<td width=\"272\"><strong>VENERD\u00cc 8 LUGLIO<\/strong><\/td>\n<\/tr>\n<tr>\n<td width=\"272\"><strong>SABATO 9 LUGLIO<\/strong><\/td>\n<\/tr>\n<tr>\n<td width=\"272\"><strong>GIOVED\u00cc 15 SETTEMBRE<\/strong><\/td>\n<\/tr>\n<tr>\n<td width=\"272\"><strong>VENERD\u00cc 16 SETTEMBRE<\/strong><\/td>\n<\/tr>\n<tr>\n<td width=\"272\"><strong>SABATO 17 SETTEMBRE<\/strong><\/td>\n<\/tr>\n<tr>\n<td width=\"272\"><strong>GIOVED\u00cc 29 SETTEMBRE<\/strong><\/td>\n<\/tr>\n<tr>\n<td width=\"272\"><strong>VENERD\u00cc 30 SETTEMBRE<\/strong><\/td>\n<\/tr>\n<tr>\n<td width=\"272\"><strong>SABATO 1 OTTOBRE<\/strong><\/td>\n<\/tr>\n<tr>\n<td width=\"272\"><strong>GIOVED\u00cc 13 OTTOBRE<\/strong><\/td>\n<\/tr>\n<tr>\n<td width=\"272\"><strong>VENERD\u00cc 14 OTTOBRE<\/strong><\/td>\n<\/tr>\n<tr>\n<td width=\"272\"><strong>SABATO 15 OTTOBRE<\/strong><\/td>\n<\/tr>\n<tr>\n<td width=\"272\"><strong>GIOVED\u00cc 20 OTTOBRE<\/strong><\/td>\n<\/tr>\n<tr>\n<td width=\"272\"><strong>VENERD\u00cc 21 OTTOBRE<\/strong><\/td>\n<\/tr>\n<tr>\n<td width=\"272\"><strong>SABATO 22 OTTOBRE<\/strong><\/td>\n<\/tr>\n<tr>\n<td width=\"272\"><strong>GIOVED\u00cc 10 NOVEMBRE<\/strong><\/td>\n<\/tr>\n<tr>\n<td width=\"272\"><strong>VENERD\u00cc 11 NOVEMBRE<\/strong><\/td>\n<\/tr>\n<tr>\n<td width=\"272\"><strong>SABATO 12 NOVEMBRE<\/strong><\/td>\n<\/tr>\n<tr>\n<td width=\"272\"><strong>GIOVED\u00cc 24 NOVEMBRE<\/strong><\/td>\n<\/tr>\n<tr>\n<td width=\"272\"><strong>VENERD\u00cc 25 NOVEMBRE<\/strong><\/td>\n<\/tr>\n<tr>\n<td width=\"272\"><strong>SABATO 26 NOVEMBRE<\/strong><\/td>\n<\/tr>\n<tr>\n<td width=\"272\"><strong>GIOVED\u00cc 1 DICEMBRE<\/strong><\/td>\n<\/tr>\n<tr>\n<td width=\"272\"><strong>VENERD\u00cc 2 DICEMBRE<\/strong><\/td>\n<\/tr>\n<tr>\n<td width=\"272\"><strong>SABATO 3 DICEMBRE<\/strong><\/td>\n<\/tr>\n<tr>\n<td width=\"272\"><strong>GIOVED\u00cc 15 DICEMBRE<\/strong><\/td>\n<\/tr>\n<tr>\n<td width=\"272\"><strong>VENERD\u00cc 16 DICEMBRE<\/strong><\/td>\n<\/tr>\n<tr>\n<td width=\"272\"><strong>SABATO 17 DICEMBRE<\/strong><\/td>\n<\/tr>\n<\/tbody>\n<\/table>\n","protected":false},"excerpt":{"rendered":"<p>GIOVED\u00cc 7 LUGLIO VENERD\u00cc 8 LUGLIO SABATO 9 LUGLIO GIOVED\u00cc 15 SETTEMBRE VENERD\u00cc 16 SETTEMBRE SABATO 17 SETTEMBRE GIOVED\u00cc 29 SETTEMBRE VENERD\u00cc 30 SETTEMBRE SABATO 1 OTTOBRE GIOVED\u00cc 13 OTTOBRE VENERD\u00cc 14 OTTOBRE SABATO 15 OTTOBRE GIOVED\u00cc 20 OTTOBRE VENERD\u00cc 21 OTTOBRE SABATO 22 OTTOBRE GIOVED\u00cc 10 NOVEMBRE VENERD\u00cc 11 NOVEMBRE SABATO 12 NOVEMBRE GIOVED\u00cc [&hellip;]<\/p>\n","protected":false},"author":2484,"featured_media":0,"parent":0,"menu_order":0,"comment_status":"closed","ping_status":"closed","template":"","meta":{"footnotes":""},"class_list":["post-153","page","type-page","status-publish","hentry"],"_links":{"self":[{"href":"https:\/\/sites.unica.it\/gestioneesviluppodellerisorseumane\/wp-json\/wp\/v2\/pages\/153","targetHints":{"allow":["GET"]}}],"collection":[{"href":"https:\/\/sites.unica.it\/gestioneesviluppodellerisorseumane\/wp-json\/wp\/v2\/pages"}],"about":[{"href":"https:\/\/sites.unica.it\/gestioneesviluppodellerisorseumane\/wp-json\/wp\/v2\/types\/page"}],"author":[{"embeddable":true,"href":"https:\/\/sites.unica.it\/gestioneesviluppodellerisorseumane\/wp-json\/wp\/v2\/users\/2484"}],"replies":[{"embeddable":true,"href":"https:\/\/sites.unica.it\/gestioneesviluppodellerisorseumane\/wp-json\/wp\/v2\/comments?post=153"}],"version-history":[{"count":2,"href":"https:\/\/sites.unica.it\/gestioneesviluppodellerisorseumane\/wp-json\/wp\/v2\/pages\/153\/revisions"}],"predecessor-version":[{"id":158,"href":"https:\/\/sites.unica.it\/gestioneesviluppodellerisorseumane\/wp-json\/wp\/v2\/pages\/153\/revisions\/158"}],"wp:attachment":[{"href":"https:\/\/sites.unica.it\/gestioneesviluppodellerisorseumane\/wp-json\/wp\/v2\/media?parent=153"}],"curies":[{"name":"wp","href":"https:\/\/api.w.org\/{rel}","templated":true}]}}