{"id":1345,"date":"2014-12-15T10:10:47","date_gmt":"2014-12-15T09:10:47","guid":{"rendered":"http:\/\/sites.unica.it\/geomusei\/?page_id=1345"},"modified":"2014-12-16T15:52:16","modified_gmt":"2014-12-16T14:52:16","slug":"collezione-gortani-di-graptoliti","status":"publish","type":"page","link":"https:\/\/sites.unica.it\/geomusei\/collezioni\/museo-di-geologia-e-paleontologia-domenico-lovisato\/collezione-gortani-di-graptoliti\/","title":{"rendered":"Collezione  \u201cGortani di Graptoliti\u201d"},"content":{"rendered":"<p style=\"text-align: center\" align=\"CENTER\"><strong>La Collezione Gortani di Graptoliti<\/strong><\/p>\n<p style=\"text-align: justify\" align=\"JUSTIFY\">Il Museo di Paleontologia e Geologia \u201cD. Lovisato\u201d dell\u2019Universit\u00e0 di Cagliari, ospita la \u201cCollezione di Graptoliti\u201d (Graptolithina) composta da quaranta reperti donati dal prof. Michele Gortani durante la sua permanenza in Sardegna come titolare della cattedra di Geologia dell\u2019Universit\u00e0 di Cagliari negli anni 1922-1923. M. Gortani \u00e8 una delle figure di riferimento della Geologia Italiana della prima met\u00e0 del secolo scorso. Contrariamente a quanto ci si potrebbe aspettare considerando il grande interesse di Gortani per i graptoliti, la Collezione suddetta presente nel Museo sopra citato \u00e8 piuttosto limitata comprendendo solamente trentotto lastrine di scisti a graptoliti; le ridotte dimensioni della Collezione GG a Cagliari sono probabilmente dovute al fatto che, quando lasci\u00f2 la Sardegna, Gortani scelse di depositare a Pisa e a Bologna la maggior parte dei campioni da lui stesso raccolti. Questo materiale, assieme ai graptoliti della Collezione Meneghini, anch\u2019essa depositata a Pisa, costituisce il nucleo delle sue due monografie sui Graptoliti Sardi (Gortani, 1923a; 1923b). A Cagliari \u00e8 quindi rimasta solo una piccola parte del materiale raccolto da Gortani e sicuramente, non i fossili pi\u00f9 importanti. I reperti presenti non possono essere considerati spettacolari, in quanto si tratta per lo pi\u00f9 di rabdosomi di piccole dimensioni e in mediocre stato di conservazione.<\/p>\n<p style=\"text-align: justify\" align=\"JUSTIFY\">La maggior parte dei campioni proviene dalla storica localit\u00e0 di Peinconi, situata all\u2019interno dell\u2019abitato del paese di Goni ( Sardegna SW), gi\u00e0 studiata da Meneghini (in La Marmora, 1856); pochi reperti provengono della zona di Fluminimaggiore (Sardegna SW).<\/p>\n<p style=\"text-align: justify\" align=\"JUSTIFY\">Nella \u201cCollezione Gortani di Graptoliti\u201d sono presenti esemplari riconducibili a 6 generi e 8 specie del Siluriano inferiore: Monograptus cf. flemingi, Cyrtograptus rigidus, Monoclimacis cf. hemipristis, Monoclimacis flumendosae, Monograptus antennularius, Pristiograptus dubius, Colonograptus cf. gerhardi e Rhaphidograptus toernquisti.<\/p>\n\n<table id=\"tablepress-7\" class=\"tablepress tablepress-id-7\">\n<thead>\n<tr class=\"row-1\">\n\t<th class=\"column-1\">Numero Inventario<\/th><th class=\"column-2\">Numero Catalogo Generale<\/th><th class=\"column-3\">Fossile<\/th><th class=\"column-4\"><img loading=\"lazy\" decoding=\"async\" src=\"http:\/\/sites.unica.it\/geomusei\/files\/2014\/12\/icona-pdf.gif\" alt=\"\" width=\"41\" height=\"41\" class=\"aligncenter size-full wp-image-1501\" srcset=\"https:\/\/sites.unica.it\/geomusei\/files\/2014\/12\/icona-pdf.gif 41w, https:\/\/sites.unica.it\/geomusei\/files\/2014\/12\/icona-pdf-24x24.gif 24w, https:\/\/sites.unica.it\/geomusei\/files\/2014\/12\/icona-pdf-36x36.gif 36w\" sizes=\"auto, (max-width: 41px) 100vw, 41px\" \/><\/th>\n<\/tr>\n<\/thead>\n<tbody class=\"row-striping row-hover\">\n<tr class=\"row-2\">\n\t<td class=\"column-1\">13I<\/td><td class=\"column-2\">00190314<\/td><td class=\"column-3\"><a href=\"http:\/\/sites.unica.it\/geomusei\/files\/2015\/02\/00190314.jpg\" target=\"_blank\">Cyrtograptus rigidus- Monoclimacis cf. hemipristis<\/a><\/td><td class=\"column-4\"><a href=\"http:\/\/sites.unica.it\/geomusei\/files\/2015\/02\/00190314.pdf\" target=\"_blank\">scheda BNP<\/a><\/td>\n<\/tr>\n<tr class=\"row-3\">\n\t<td class=\"column-1\">13XV<\/td><td class=\"column-2\">00190328<\/td><td class=\"column-3\"><a href=\"http:\/\/sites.unica.it\/geomusei\/files\/2015\/02\/00190328.jpg\" target=\"_blank\">Monoclimacis flumendosae <\/a><\/td><td class=\"column-4\"><a href=\"http:\/\/sites.unica.it\/geomusei\/files\/2015\/02\/00190328.pdf\" target=\"_blank\">scheda BNP<\/a><\/td>\n<\/tr>\n<tr class=\"row-4\">\n\t<td class=\"column-1\">13XVI<\/td><td class=\"column-2\">00190329<\/td><td class=\"column-3\"><a href=\"http:\/\/sites.unica.it\/geomusei\/files\/2015\/02\/00190329.jpg\" target=\"_blank\">Frammenti di rabdosoma <\/a><\/td><td class=\"column-4\"><a href=\"http:\/\/sites.unica.it\/geomusei\/files\/2015\/02\/00190329.pdf\" target=\"_blank\">scheda BNP<\/a><\/td>\n<\/tr>\n<tr class=\"row-5\">\n\t<td class=\"column-1\">13XXV<\/td><td class=\"column-2\">00190338<\/td><td class=\"column-3\"><a href=\"http:\/\/sites.unica.it\/geomusei\/files\/2015\/02\/00190338.jpg\" target=\"_blank\">Monoclimacis flumendosae <\/a><\/td><td class=\"column-4\"><a href=\"http:\/\/sites.unica.it\/geomusei\/files\/2015\/02\/00190338.pdf\" target=\"_blank\">scheda BNP<\/a><\/td>\n<\/tr>\n<tr class=\"row-6\">\n\t<td class=\"column-1\">13XXVIII<\/td><td class=\"column-2\">00190341<\/td><td class=\"column-3\"><a href=\"http:\/\/sites.unica.it\/geomusei\/files\/2015\/02\/00190341.jpg\" target=\"_blank\">Frammenti di rabdosoma<\/a><\/td><td class=\"column-4\"><a href=\"http:\/\/sites.unica.it\/geomusei\/files\/2015\/02\/00190341.pdf\" target=\"_blank\">scheda BNP<\/a><\/td>\n<\/tr>\n<tr class=\"row-7\">\n\t<td class=\"column-1\">13XXXVIII<\/td><td class=\"column-2\">00190351<\/td><td class=\"column-3\"><a href=\"http:\/\/sites.unica.it\/geomusei\/files\/2015\/02\/00190351.jpg\" target=\"_blank\">Monograptus cf. flemingii<\/a><\/td><td class=\"column-4\"><a href=\"http:\/\/sites.unica.it\/geomusei\/files\/2015\/02\/00190351.pdf\" target=\"_blank\">scheda BNP<\/a><\/td>\n<\/tr>\n<tr class=\"row-8\">\n\t<td class=\"column-1\">13015<\/td><td class=\"column-2\">00190365<\/td><td class=\"column-3\"><a href=\"http:\/\/sites.unica.it\/geomusei\/files\/2015\/02\/00190365.jpg\" target=\"_blank\">Monograptus sp.<\/a><\/td><td class=\"column-4\"><a href=\"http:\/\/sites.unica.it\/geomusei\/files\/2015\/02\/00190365.pdf\" target=\"_blank\">scheda BNP<\/a><\/td>\n<\/tr>\n<tr class=\"row-9\">\n\t<td class=\"column-1\">13013<\/td><td class=\"column-2\">00190363<\/td><td class=\"column-3\">Climacograptus sp.<\/td><td class=\"column-4\">scheda BNP<\/td>\n<\/tr>\n<tr class=\"row-10\">\n\t<td class=\"column-1\">13XIX<\/td><td class=\"column-2\">00190332<\/td><td class=\"column-3\">Colonograptus cf. gerhardi<\/td><td class=\"column-4\">scheda BNP<\/td>\n<\/tr>\n<tr class=\"row-11\">\n\t<td class=\"column-1\">13XXIII<\/td><td class=\"column-2\">00190336<\/td><td class=\"column-3\">Colonograptus cf. gerhardi<\/td><td class=\"column-4\">scheda BNP<\/td>\n<\/tr>\n<tr class=\"row-12\">\n\t<td class=\"column-1\">13II<\/td><td class=\"column-2\">00190315<\/td><td class=\"column-3\">Frammenti di rabdosoma<\/td><td class=\"column-4\">scheda BNP<\/td>\n<\/tr>\n<tr class=\"row-13\">\n\t<td class=\"column-1\">13VI<\/td><td class=\"column-2\">00190319<\/td><td class=\"column-3\">Frammenti di rabdosoma <\/td><td class=\"column-4\">scheda BNP<\/td>\n<\/tr>\n<tr class=\"row-14\">\n\t<td class=\"column-1\">13VII<\/td><td class=\"column-2\">00190320<\/td><td class=\"column-3\">Frammenti di rabdosoma<\/td><td class=\"column-4\">scheda BNP<\/td>\n<\/tr>\n<tr class=\"row-15\">\n\t<td class=\"column-1\">13VIII<\/td><td class=\"column-2\">00190321<\/td><td class=\"column-3\">Frammenti di rabdosoma<\/td><td class=\"column-4\">scheda BNP<\/td>\n<\/tr>\n<tr class=\"row-16\">\n\t<td class=\"column-1\">13IX<\/td><td class=\"column-2\">00190322<\/td><td class=\"column-3\">Frammenti di rabdosoma<\/td><td class=\"column-4\">scheda BNP<\/td>\n<\/tr>\n<tr class=\"row-17\">\n\t<td class=\"column-1\">13X<\/td><td class=\"column-2\">00190323<\/td><td class=\"column-3\">Frammenti di rabdosoma<\/td><td class=\"column-4\">scheda BNP<\/td>\n<\/tr>\n<tr class=\"row-18\">\n\t<td class=\"column-1\">13XI<\/td><td class=\"column-2\">00190324<\/td><td class=\"column-3\">Frammenti di rabdosoma<\/td><td class=\"column-4\">scheda BNP<\/td>\n<\/tr>\n<tr class=\"row-19\">\n\t<td class=\"column-1\">13XVII<\/td><td class=\"column-2\">00190330<\/td><td class=\"column-3\">Frammenti di rabdosoma<\/td><td class=\"column-4\">scheda BNP<\/td>\n<\/tr>\n<tr class=\"row-20\">\n\t<td class=\"column-1\">13XVIII<\/td><td class=\"column-2\">00190331<\/td><td class=\"column-3\">Frammenti di rabdosoma<\/td><td class=\"column-4\">scheda BNP<\/td>\n<\/tr>\n<tr class=\"row-21\">\n\t<td class=\"column-1\">13XX<\/td><td class=\"column-2\">00190333<\/td><td class=\"column-3\">Frammenti di rabdosoma<\/td><td class=\"column-4\">scheda BNP<\/td>\n<\/tr>\n<tr class=\"row-22\">\n\t<td class=\"column-1\">13XXII<\/td><td class=\"column-2\">00190335<\/td><td class=\"column-3\">Frammenti di rabdosoma<\/td><td class=\"column-4\">scheda BNP<\/td>\n<\/tr>\n<tr class=\"row-23\">\n\t<td class=\"column-1\">13XXIV<\/td><td class=\"column-2\">00190337<\/td><td class=\"column-3\">Frammenti di rabdosoma<\/td><td class=\"column-4\">scheda BNP<\/td>\n<\/tr>\n<tr class=\"row-24\">\n\t<td class=\"column-1\">13XXX<\/td><td class=\"column-2\">00190343<\/td><td class=\"column-3\">Frammenti di rabdosoma<\/td><td class=\"column-4\">scheda BNP<\/td>\n<\/tr>\n<tr class=\"row-25\">\n\t<td class=\"column-1\">13XXXIII<\/td><td class=\"column-2\">00190346<\/td><td class=\"column-3\">Frammenti di rabdosoma<\/td><td class=\"column-4\">scheda BNP<\/td>\n<\/tr>\n<tr class=\"row-26\">\n\t<td class=\"column-1\">13XXXIV<\/td><td class=\"column-2\">00190347<\/td><td class=\"column-3\">Frammenti di rabdosoma<\/td><td class=\"column-4\">scheda BNP<\/td>\n<\/tr>\n<tr class=\"row-27\">\n\t<td class=\"column-1\">13XXXV<\/td><td class=\"column-2\">00190348<\/td><td class=\"column-3\">Frammenti di rabdosoma<\/td><td class=\"column-4\">scheda BNP<\/td>\n<\/tr>\n<tr class=\"row-28\">\n\t<td class=\"column-1\">13XXXVI<\/td><td class=\"column-2\">00190349<\/td><td class=\"column-3\">Frammenti di rabdosoma<\/td><td class=\"column-4\">scheda BNP<\/td>\n<\/tr>\n<tr class=\"row-29\">\n\t<td class=\"column-1\">13XXXVII<\/td><td class=\"column-2\">00190350<\/td><td class=\"column-3\">Frammenti di rabdosoma<\/td><td class=\"column-4\">scheda BNP<\/td>\n<\/tr>\n<tr class=\"row-30\">\n\t<td class=\"column-1\">13012<\/td><td class=\"column-2\">00190362<\/td><td class=\"column-3\">Frammenti di rabdosoma<\/td><td class=\"column-4\">scheda BNP<\/td>\n<\/tr>\n<tr class=\"row-31\">\n\t<td class=\"column-1\">13014<\/td><td class=\"column-2\">00190364<\/td><td class=\"column-3\">Frammenti di rabdosoma<\/td><td class=\"column-4\">scheda BNP<\/td>\n<\/tr>\n<tr class=\"row-32\">\n\t<td class=\"column-1\">13IV<\/td><td class=\"column-2\">00190317<\/td><td class=\"column-3\">Monoclimacis cf. hemipristis<\/td><td class=\"column-4\">scheda BNP<\/td>\n<\/tr>\n<tr class=\"row-33\">\n\t<td class=\"column-1\">13XXXI<\/td><td class=\"column-2\">00190344<\/td><td class=\"column-3\">Monoclimacis flumendosae <\/td><td class=\"column-4\">scheda BNP<\/td>\n<\/tr>\n<tr class=\"row-34\">\n\t<td class=\"column-1\">13XXVI<\/td><td class=\"column-2\">00190339<\/td><td class=\"column-3\">Monoclimacis sp.<\/td><td class=\"column-4\">scheda BNP<\/td>\n<\/tr>\n<tr class=\"row-35\">\n\t<td class=\"column-1\">13002<\/td><td class=\"column-2\">00190352<\/td><td class=\"column-3\">Monoclimacis sp. Monograptus sp.<\/td><td class=\"column-4\">scheda BNP<\/td>\n<\/tr>\n<tr class=\"row-36\">\n\t<td class=\"column-1\">13010<\/td><td class=\"column-2\">00190360<\/td><td class=\"column-3\">Monograptus belophorus<\/td><td class=\"column-4\">scheda BNP<\/td>\n<\/tr>\n<tr class=\"row-37\">\n\t<td class=\"column-1\">13017<\/td><td class=\"column-2\">00190375<\/td><td class=\"column-3\">Monograptus belophorus<\/td><td class=\"column-4\">scheda BNP<\/td>\n<\/tr>\n<tr class=\"row-38\">\n\t<td class=\"column-1\">13III<\/td><td class=\"column-2\">00190316<\/td><td class=\"column-3\">Monograptus cf. flemingii <\/td><td class=\"column-4\">scheda BNP<\/td>\n<\/tr>\n<tr class=\"row-39\">\n\t<td class=\"column-1\">13XXIX<\/td><td class=\"column-2\">00190342<\/td><td class=\"column-3\">Monograptus cf. flemingii- Pristiograptus dubius<\/td><td class=\"column-4\">scheda BNP<\/td>\n<\/tr>\n<tr class=\"row-40\">\n\t<td class=\"column-1\">13XXVII<\/td><td class=\"column-2\">00190340<\/td><td class=\"column-3\">Monograptus sp.<\/td><td class=\"column-4\">scheda BNP<\/td>\n<\/tr>\n<tr class=\"row-41\">\n\t<td class=\"column-1\">13005<\/td><td class=\"column-2\">00190355<\/td><td class=\"column-3\">Monograptus sp.<\/td><td class=\"column-4\">scheda BNP<\/td>\n<\/tr>\n<tr class=\"row-42\">\n\t<td class=\"column-1\">13008<\/td><td class=\"column-2\">00190358<\/td><td class=\"column-3\">Monograptus sp.<\/td><td class=\"column-4\">scheda BNP<\/td>\n<\/tr>\n<tr class=\"row-43\">\n\t<td class=\"column-1\">13001<\/td><td class=\"column-2\">00190373<\/td><td class=\"column-3\">Monograptus sp.<\/td><td class=\"column-4\">scheda BNP<\/td>\n<\/tr>\n<tr class=\"row-44\">\n\t<td class=\"column-1\">13018<\/td><td class=\"column-2\">00190376<\/td><td class=\"column-3\">Monograptus sp.<\/td><td class=\"column-4\">scheda BNP<\/td>\n<\/tr>\n<tr class=\"row-45\">\n\t<td class=\"column-1\">13019<\/td><td class=\"column-2\">00190377<\/td><td class=\"column-3\">Monograptus sp.<\/td><td class=\"column-4\">scheda BNP<\/td>\n<\/tr>\n<tr class=\"row-46\">\n\t<td class=\"column-1\">13020<\/td><td class=\"column-2\">00190378<\/td><td class=\"column-3\">Monograptus sp.<\/td><td class=\"column-4\">scheda BNP<\/td>\n<\/tr>\n<tr class=\"row-47\">\n\t<td class=\"column-1\">13XII<\/td><td class=\"column-2\">00190325<\/td><td class=\"column-3\">Monograptus? Antennularius- Monoclimacis flumendosae<\/td><td class=\"column-4\">scheda BNP<\/td>\n<\/tr>\n<tr class=\"row-48\">\n\t<td class=\"column-1\">13009<\/td><td class=\"column-2\">00190359<\/td><td class=\"column-3\">Petalolithus palmeus<\/td><td class=\"column-4\">scheda BNP<\/td>\n<\/tr>\n<tr class=\"row-49\">\n\t<td class=\"column-1\">13011<\/td><td class=\"column-2\">00190361<\/td><td class=\"column-3\">Petalolithus palmeus<\/td><td class=\"column-4\">scheda BNP<\/td>\n<\/tr>\n<tr class=\"row-50\">\n\t<td class=\"column-1\">13V<\/td><td class=\"column-2\">00190318<\/td><td class=\"column-3\">Pristiograptus dubius <\/td><td class=\"column-4\">scheda BNP<\/td>\n<\/tr>\n<tr class=\"row-51\">\n\t<td class=\"column-1\">13XIII<\/td><td class=\"column-2\">00190326<\/td><td class=\"column-3\">Pristiograptus dubius<\/td><td class=\"column-4\">scheda BNP<\/td>\n<\/tr>\n<tr class=\"row-52\">\n\t<td class=\"column-1\">13XXI<\/td><td class=\"column-2\">00190334<\/td><td class=\"column-3\">Pristiograptus dubius<\/td><td class=\"column-4\">scheda BNP<\/td>\n<\/tr>\n<tr class=\"row-53\">\n\t<td class=\"column-1\">13XXXII<\/td><td class=\"column-2\">00190345<\/td><td class=\"column-3\">Pristiograptus dubius<\/td><td class=\"column-4\">scheda BNP<\/td>\n<\/tr>\n<tr class=\"row-54\">\n\t<td class=\"column-1\">13016<\/td><td class=\"column-2\">00190374<\/td><td class=\"column-3\">Pristiograptus dubius<\/td><td class=\"column-4\">scheda BNP<\/td>\n<\/tr>\n<tr class=\"row-55\">\n\t<td class=\"column-1\">13006<\/td><td class=\"column-2\">00190356<\/td><td class=\"column-3\">Pristiograptus sp. <\/td><td class=\"column-4\">scheda BNP<\/td>\n<\/tr>\n<tr class=\"row-56\">\n\t<td class=\"column-1\">13XIV<\/td><td class=\"column-2\">00190327<\/td><td class=\"column-3\">Rhadiograptus toernquisti<\/td><td class=\"column-4\">scheda BNP<\/td>\n<\/tr>\n<tr class=\"row-57\">\n\t<td class=\"column-1\">13004<\/td><td class=\"column-2\">00190354<\/td><td class=\"column-3\">Streptograptus antennularius <\/td><td class=\"column-4\">scheda BNP<\/td>\n<\/tr>\n<tr class=\"row-58\">\n\t<td class=\"column-1\">13003<\/td><td class=\"column-2\">00190353<\/td><td class=\"column-3\">Streptograptus antennularius, Mnc. Flumendosae<\/td><td class=\"column-4\">scheda BNP<\/td>\n<\/tr>\n<tr class=\"row-59\">\n\t<td class=\"column-1\">13007<\/td><td class=\"column-2\">00190357<\/td><td class=\"column-3\">Streptograptus sp.<\/td><td class=\"column-4\">scheda BNP<\/td>\n<\/tr>\n<\/tbody>\n<\/table>\n<!-- #tablepress-7 from cache -->\n","protected":false},"excerpt":{"rendered":"<p>La Collezione Gortani di Graptoliti Il Museo di Paleontologia e Geologia \u201cD. Lovisato\u201d dell\u2019Universit\u00e0 di Cagliari, ospita la \u201cCollezione di Graptoliti\u201d (Graptolithina) composta da quaranta reperti donati dal prof. Michele Gortani durante la sua permanenza in Sardegna come titolare della cattedra di Geologia dell\u2019Universit\u00e0 di Cagliari negli anni 1922-1923. M. Gortani \u00e8 una delle figure <a href='https:\/\/sites.unica.it\/geomusei\/collezioni\/museo-di-geologia-e-paleontologia-domenico-lovisato\/collezione-gortani-di-graptoliti\/' class='excerpt-more'>[&#8230;]<\/a><\/p>\n","protected":false},"author":664,"featured_media":0,"parent":1372,"menu_order":5,"comment_status":"closed","ping_status":"closed","template":"","meta":{"footnotes":""},"class_list":["post-1345","page","type-page","status-publish","hentry","post-seq-1","post-parity-odd","meta-position-corners","fix"],"_links":{"self":[{"href":"https:\/\/sites.unica.it\/geomusei\/wp-json\/wp\/v2\/pages\/1345","targetHints":{"allow":["GET"]}}],"collection":[{"href":"https:\/\/sites.unica.it\/geomusei\/wp-json\/wp\/v2\/pages"}],"about":[{"href":"https:\/\/sites.unica.it\/geomusei\/wp-json\/wp\/v2\/types\/page"}],"author":[{"embeddable":true,"href":"https:\/\/sites.unica.it\/geomusei\/wp-json\/wp\/v2\/users\/664"}],"replies":[{"embeddable":true,"href":"https:\/\/sites.unica.it\/geomusei\/wp-json\/wp\/v2\/comments?post=1345"}],"version-history":[{"count":4,"href":"https:\/\/sites.unica.it\/geomusei\/wp-json\/wp\/v2\/pages\/1345\/revisions"}],"predecessor-version":[{"id":1569,"href":"https:\/\/sites.unica.it\/geomusei\/wp-json\/wp\/v2\/pages\/1345\/revisions\/1569"}],"up":[{"embeddable":true,"href":"https:\/\/sites.unica.it\/geomusei\/wp-json\/wp\/v2\/pages\/1372"}],"wp:attachment":[{"href":"https:\/\/sites.unica.it\/geomusei\/wp-json\/wp\/v2\/media?parent=1345"}],"curies":[{"name":"wp","href":"https:\/\/api.w.org\/{rel}","templated":true}]}}