{"id":1313,"date":"2014-12-15T09:37:32","date_gmt":"2014-12-15T08:37:32","guid":{"rendered":"http:\/\/sites.unica.it\/geomusei\/?page_id=1313"},"modified":"2014-12-16T15:50:40","modified_gmt":"2014-12-16T14:50:40","slug":"collezione-tirreniano","status":"publish","type":"page","link":"https:\/\/sites.unica.it\/geomusei\/collezioni\/museo-di-geologia-e-paleontologia-domenico-lovisato\/collezione-tirreniano\/","title":{"rendered":"Collezione  \u201cTirreniano\u201d"},"content":{"rendered":"<p style=\"text-align: center\" align=\"CENTER\"><strong>Collezione Tirreniano<\/strong><\/p>\n<p style=\"text-align: justify\" align=\"JUSTIFY\">La \u201cCollezione Tirreniano\u201d \u00e8 costituita da diversi reperti fossili del Tirreniano (0.126 &#8211; 0.0117 Ma) provenienti da diverse sezioni stratigrafiche della Sardegna: Porto Torres (Stagno di Pilo), Cabras (San Giovanni di Sinis), Orosei (Cala Liberotto). Tale Collezione \u00e8 repertoriata presso il Museo di Geologia e Paleontologia &#8220;D. Lovisato&#8221; dell&#8217;Universit\u00e0 di Cagliari ed \u00e8 parzialmente catalogata (34 campioni) nell&#8217;archivio del Catalogo ICCD del Ministero per i Beni e le Attivit\u00e0 Culturali. I campioni sono stati raccolti a partire dagli anni \u201950. La Collezione T \u00e8 costituita maggiormente da molluschi (bivalvi e gasteropodi) ma anche da coralli. Tra le specie pi\u00f9 significative si annoverano tra i gasteropodi Strombus bubonius, Conus testudinarius, Patella ferruginea, Astraea rugosa, Thais haemastoma;  tra i bivalvi Mactra corallina, Arca noae, Ostrea edulis, Spondylus gaederopus; i coralli sono rappresentati esclusivamente dalla specie Cladocora caespitosa.<\/p>\n\n<table id=\"tablepress-17\" class=\"tablepress tablepress-id-17\">\n<thead>\n<tr class=\"row-1\">\n\t<th class=\"column-1\">Numero Inventario<\/th><th class=\"column-2\">Numero Catalogo Generale<\/th><th class=\"column-3\">Fossile<\/th><th class=\"column-4\"><img loading=\"lazy\" decoding=\"async\" src=\"http:\/\/sites.unica.it\/geomusei\/files\/2014\/12\/icona-pdf.gif\" alt=\"\" width=\"41\" height=\"41\" class=\"aligncenter size-full wp-image-1501\" srcset=\"https:\/\/sites.unica.it\/geomusei\/files\/2014\/12\/icona-pdf.gif 41w, https:\/\/sites.unica.it\/geomusei\/files\/2014\/12\/icona-pdf-24x24.gif 24w, https:\/\/sites.unica.it\/geomusei\/files\/2014\/12\/icona-pdf-36x36.gif 36w\" sizes=\"auto, (max-width: 41px) 100vw, 41px\" \/><\/th>\n<\/tr>\n<\/thead>\n<tbody class=\"row-striping row-hover\">\n<tr class=\"row-2\">\n\t<td class=\"column-1\">1926<\/td><td class=\"column-2\">00192365<\/td><td class=\"column-3\"><a href=\"http:\/\/sites.unica.it\/geomusei\/files\/2015\/02\/00192365.jpg\" target=\"_blank\">Cardium sp. ind. <\/a><\/td><td class=\"column-4\"><a href=\"http:\/\/sites.unica.it\/geomusei\/files\/2015\/02\/00192365.pdf\" target=\"_blank\">scheda BNP<\/a><\/td>\n<\/tr>\n<tr class=\"row-3\">\n\t<td class=\"column-1\">1918<\/td><td class=\"column-2\">00192377<\/td><td class=\"column-3\"><a href=\"http:\/\/sites.unica.it\/geomusei\/files\/2015\/02\/00192377.jpg\" target=\"_blank\">Pecten sp. ind.<\/a><\/td><td class=\"column-4\"><a href=\"http:\/\/sites.unica.it\/geomusei\/files\/2015\/02\/00192377.pdf\" target=\"_blank\">scheda BNP<\/a><\/td>\n<\/tr>\n<tr class=\"row-4\">\n\t<td class=\"column-1\">1913<\/td><td class=\"column-2\">00192382<\/td><td class=\"column-3\"><a href=\"http:\/\/sites.unica.it\/geomusei\/files\/2015\/02\/00192382c.jpg\" target=\"_blank\">Ostrea sp. ind.<\/a><\/td><td class=\"column-4\"><a href=\"http:\/\/sites.unica.it\/geomusei\/files\/2015\/02\/00192382.pdf\" target=\"_blank\">scheda BNP<\/a><\/td>\n<\/tr>\n<tr class=\"row-5\">\n\t<td class=\"column-1\">1915<\/td><td class=\"column-2\">00192384<\/td><td class=\"column-3\"><a href=\"http:\/\/sites.unica.it\/geomusei\/files\/2015\/02\/00192384.jpg\" target=\"_blank\">Glycymeris sp. ind.<\/a><\/td><td class=\"column-4\"><a href=\"http:\/\/sites.unica.it\/geomusei\/files\/2015\/02\/00192384.pdf\" target=\"_blank\">scheda BNP<\/a><\/td>\n<\/tr>\n<tr class=\"row-6\">\n\t<td class=\"column-1\">8796<\/td><td class=\"column-2\">00192500<\/td><td class=\"column-3\"><a href=\"http:\/\/sites.unica.it\/geomusei\/files\/2015\/02\/00192500.jpg\" target=\"_blank\">Charonia (Charonia) nodifera (Lamarck, 1822)<\/a><\/td><td class=\"column-4\"><a href=\"http:\/\/sites.unica.it\/geomusei\/files\/2015\/02\/00192500.pdf\" target=\"_blank\">scheda BNP<\/a><\/td>\n<\/tr>\n<tr class=\"row-7\">\n\t<td class=\"column-1\">764<\/td><td class=\"column-2\">00192501<\/td><td class=\"column-3\"><a href=\"http:\/\/sites.unica.it\/geomusei\/files\/2015\/02\/00192501.jpg\" target=\"_blank\">Pinna sp. ind.<\/a><\/td><td class=\"column-4\"><a href=\"http:\/\/sites.unica.it\/geomusei\/files\/2015\/02\/00192501.pdf\" target=\"_blank\">scheda BNP<\/a><\/td>\n<\/tr>\n<tr class=\"row-8\">\n\t<td class=\"column-1\">8797<\/td><td class=\"column-2\">00192502<\/td><td class=\"column-3\"><a href=\"http:\/\/sites.unica.it\/geomusei\/files\/2015\/02\/00192502.jpg\" target=\"_blank\">Strombus bubonius (Lamarck, 1822)<\/a><\/td><td class=\"column-4\"><a href=\"http:\/\/sites.unica.it\/geomusei\/files\/2015\/02\/00192502.pdf\" target=\"_blank\">scheda BNP<\/a><\/td>\n<\/tr>\n<tr class=\"row-9\">\n\t<td class=\"column-1\">8798<\/td><td class=\"column-2\">00192503<\/td><td class=\"column-3\"><a href=\"http:\/\/sites.unica.it\/geomusei\/files\/2015\/02\/00192503.jpg\" target=\"_blank\">Strombus bubonius (Lamarck, 1822)<\/a><\/td><td class=\"column-4\"><a href=\"http:\/\/sites.unica.it\/geomusei\/files\/2015\/02\/00192503.pdf\" target=\"_blank\">scheda BNP<\/a><\/td>\n<\/tr>\n<tr class=\"row-10\">\n\t<td class=\"column-1\">767<\/td><td class=\"column-2\">00192506<\/td><td class=\"column-3\"><a href=\"http:\/\/sites.unica.it\/geomusei\/files\/2015\/02\/00192506.jpg\" target=\"_blank\">Eastonia rugosa (Helbling, 1799)<\/a><\/td><td class=\"column-4\"><a href=\"http:\/\/sites.unica.it\/geomusei\/files\/2015\/02\/00192506.pdf\" target=\"_blank\">scheda BNP<\/a><\/td>\n<\/tr>\n<tr class=\"row-11\">\n\t<td class=\"column-1\">8802<\/td><td class=\"column-2\">00192512<\/td><td class=\"column-3\"><a href=\"http:\/\/sites.unica.it\/geomusei\/files\/2015\/02\/00192512.jpg\" target=\"_blank\">Semicassis sp.<\/a><\/td><td class=\"column-4\"><a href=\"http:\/\/sites.unica.it\/geomusei\/files\/2015\/02\/00192512.pdf\" target=\"_blank\">scheda BNP<\/a><\/td>\n<\/tr>\n<tr class=\"row-12\">\n\t<td class=\"column-1\">8800<\/td><td class=\"column-2\">00192509<\/td><td class=\"column-3\">Arca noae (Linn\u00e9, 1758)<\/td><td class=\"column-4\">scheda BNP<\/td>\n<\/tr>\n<tr class=\"row-13\">\n\t<td class=\"column-1\">1929<\/td><td class=\"column-2\">00192366<\/td><td class=\"column-3\">Cardium sp. ind. <\/td><td class=\"column-4\">scheda BNP<\/td>\n<\/tr>\n<tr class=\"row-14\">\n\t<td class=\"column-1\">1937<\/td><td class=\"column-2\">00192372<\/td><td class=\"column-3\">Cardium sp. ind. <\/td><td class=\"column-4\">scheda BNP<\/td>\n<\/tr>\n<tr class=\"row-15\">\n\t<td class=\"column-1\">1916<\/td><td class=\"column-2\">00192373<\/td><td class=\"column-3\">Cardium sp. ind. <\/td><td class=\"column-4\">scheda BNP<\/td>\n<\/tr>\n<tr class=\"row-16\">\n\t<td class=\"column-1\">1933<\/td><td class=\"column-2\">00192374<\/td><td class=\"column-3\">Cardium sp. ind. <\/td><td class=\"column-4\">scheda BNP<\/td>\n<\/tr>\n<tr class=\"row-17\">\n\t<td class=\"column-1\">1932<\/td><td class=\"column-2\">00192375<\/td><td class=\"column-3\">Cardium sp. ind. <\/td><td class=\"column-4\">scheda BNP<\/td>\n<\/tr>\n<tr class=\"row-18\">\n\t<td class=\"column-1\">1910<\/td><td class=\"column-2\">00192381<\/td><td class=\"column-3\">Cardium sp. ind. <\/td><td class=\"column-4\">scheda BNP<\/td>\n<\/tr>\n<tr class=\"row-19\">\n\t<td class=\"column-1\">1911<\/td><td class=\"column-2\">00192383<\/td><td class=\"column-3\">Cardium sp. ind. <\/td><td class=\"column-4\">scheda BNP<\/td>\n<\/tr>\n<tr class=\"row-20\">\n\t<td class=\"column-1\">1927<\/td><td class=\"column-2\">00192385<\/td><td class=\"column-3\">Cardium sp. ind. <\/td><td class=\"column-4\">scheda BNP<\/td>\n<\/tr>\n<tr class=\"row-21\">\n\t<td class=\"column-1\">1928<\/td><td class=\"column-2\">00192386<\/td><td class=\"column-3\">Cardium sp. ind. <\/td><td class=\"column-4\">scheda BNP<\/td>\n<\/tr>\n<tr class=\"row-22\">\n\t<td class=\"column-1\">1914<\/td><td class=\"column-2\">00192376<\/td><td class=\"column-3\">Cardium sp. ind. e Gourmya sp. ind.<\/td><td class=\"column-4\">scheda BNP<\/td>\n<\/tr>\n<tr class=\"row-23\">\n\t<td class=\"column-1\">1925<\/td><td class=\"column-2\">00192380<\/td><td class=\"column-3\">Cardium sp. ind. e Gourmya sp. ind.<\/td><td class=\"column-4\">scheda BNP<\/td>\n<\/tr>\n<tr class=\"row-24\">\n\t<td class=\"column-1\">765<\/td><td class=\"column-2\">00192510<\/td><td class=\"column-3\">Mactra corallina corallina (Linn\u00e9, 1758)<\/td><td class=\"column-4\">scheda BNP<\/td>\n<\/tr>\n<tr class=\"row-25\">\n\t<td class=\"column-1\">8794<\/td><td class=\"column-2\">00192498<\/td><td class=\"column-3\">Mytilus galloprovincialis (Lamarck, 1819)<\/td><td class=\"column-4\">scheda BNP<\/td>\n<\/tr>\n<tr class=\"row-26\">\n\t<td class=\"column-1\">769<\/td><td class=\"column-2\">00192505<\/td><td class=\"column-3\">Ostrea edulis (Linn\u00e9, 1758)<\/td><td class=\"column-4\">scheda BNP<\/td>\n<\/tr>\n<tr class=\"row-27\">\n\t<td class=\"column-1\">773<\/td><td class=\"column-2\">00192507<\/td><td class=\"column-3\">Ostrea edulis (Linn\u00e9, 1758)<\/td><td class=\"column-4\">scheda BNP<\/td>\n<\/tr>\n<tr class=\"row-28\">\n\t<td class=\"column-1\">1934<\/td><td class=\"column-2\">00192379<\/td><td class=\"column-3\">Ostrea sp.<\/td><td class=\"column-4\">scheda BNP<\/td>\n<\/tr>\n<tr class=\"row-29\">\n\t<td class=\"column-1\">8795<\/td><td class=\"column-2\">00192499<\/td><td class=\"column-3\">Panopea glycymeris (Born, 1780)<\/td><td class=\"column-4\">scheda BNP<\/td>\n<\/tr>\n<tr class=\"row-30\">\n\t<td class=\"column-1\">8799<\/td><td class=\"column-2\">00192504<\/td><td class=\"column-3\">Patella ferruginea (Gmelin, 1791)<\/td><td class=\"column-4\">scheda BNP<\/td>\n<\/tr>\n<tr class=\"row-31\">\n\t<td class=\"column-1\">1941<\/td><td class=\"column-2\">00192378<\/td><td class=\"column-3\">Pinna sp. ind.<\/td><td class=\"column-4\">scheda BNP<\/td>\n<\/tr>\n<tr class=\"row-32\">\n\t<td class=\"column-1\">8801<\/td><td class=\"column-2\">00192511<\/td><td class=\"column-3\">Spondylus gaederopus (Linn\u00e9, 1758)<\/td><td class=\"column-4\">scheda BNP<\/td>\n<\/tr>\n<tr class=\"row-33\">\n\t<td class=\"column-1\">782<\/td><td class=\"column-2\">00192508<\/td><td class=\"column-3\">Trunculariopsis trunculus (Linn\u00e8, 1758)<\/td><td class=\"column-4\">scheda BNP<\/td>\n<\/tr>\n<\/tbody>\n<\/table>\n<!-- #tablepress-17 from cache -->\n","protected":false},"excerpt":{"rendered":"<p>Collezione Tirreniano La \u201cCollezione Tirreniano\u201d \u00e8 costituita da diversi reperti fossili del Tirreniano (0.126 &#8211; 0.0117 Ma) provenienti da diverse sezioni stratigrafiche della Sardegna: Porto Torres (Stagno di Pilo), Cabras (San Giovanni di Sinis), Orosei (Cala Liberotto). Tale Collezione \u00e8 repertoriata presso il Museo di Geologia e Paleontologia &#8220;D. Lovisato&#8221; dell&#8217;Universit\u00e0 di Cagliari ed \u00e8 <a href='https:\/\/sites.unica.it\/geomusei\/collezioni\/museo-di-geologia-e-paleontologia-domenico-lovisato\/collezione-tirreniano\/' class='excerpt-more'>[&#8230;]<\/a><\/p>\n","protected":false},"author":664,"featured_media":0,"parent":1372,"menu_order":17,"comment_status":"closed","ping_status":"closed","template":"","meta":{"footnotes":""},"class_list":["post-1313","page","type-page","status-publish","hentry","post-seq-1","post-parity-odd","meta-position-corners","fix"],"_links":{"self":[{"href":"https:\/\/sites.unica.it\/geomusei\/wp-json\/wp\/v2\/pages\/1313","targetHints":{"allow":["GET"]}}],"collection":[{"href":"https:\/\/sites.unica.it\/geomusei\/wp-json\/wp\/v2\/pages"}],"about":[{"href":"https:\/\/sites.unica.it\/geomusei\/wp-json\/wp\/v2\/types\/page"}],"author":[{"embeddable":true,"href":"https:\/\/sites.unica.it\/geomusei\/wp-json\/wp\/v2\/users\/664"}],"replies":[{"embeddable":true,"href":"https:\/\/sites.unica.it\/geomusei\/wp-json\/wp\/v2\/comments?post=1313"}],"version-history":[{"count":4,"href":"https:\/\/sites.unica.it\/geomusei\/wp-json\/wp\/v2\/pages\/1313\/revisions"}],"predecessor-version":[{"id":1567,"href":"https:\/\/sites.unica.it\/geomusei\/wp-json\/wp\/v2\/pages\/1313\/revisions\/1567"}],"up":[{"embeddable":true,"href":"https:\/\/sites.unica.it\/geomusei\/wp-json\/wp\/v2\/pages\/1372"}],"wp:attachment":[{"href":"https:\/\/sites.unica.it\/geomusei\/wp-json\/wp\/v2\/media?parent=1313"}],"curies":[{"name":"wp","href":"https:\/\/api.w.org\/{rel}","templated":true}]}}