{"id":1309,"date":"2014-12-15T09:35:04","date_gmt":"2014-12-15T08:35:04","guid":{"rendered":"http:\/\/sites.unica.it\/geomusei\/?page_id=1309"},"modified":"2014-12-16T15:43:59","modified_gmt":"2014-12-16T14:43:59","slug":"collezione-museo-piante","status":"publish","type":"page","link":"https:\/\/sites.unica.it\/geomusei\/collezioni\/museo-di-geologia-e-paleontologia-domenico-lovisato\/collezione-museo-piante\/","title":{"rendered":"Collezione  \u201cMuseo Piante\u201d"},"content":{"rendered":"<p style=\"text-align: center\" align=\"CENTER\"><strong>Collezione Museo-Piante<\/strong><\/p>\n<p style=\"text-align: justify\" align=\"JUSTIFY\">Costituiscono la \u201cCollezione Museo- Piante\u201d reperti donati da numerosi studiosi che hanno raccolto e studiato le piante fossili di varie sezioni stratigrafiche della Sardegna. Di et\u00e0 Carbonifero superiore (circa 300 Ma) i 23 reperti catalogati comprendono sfenofite, felci, felci a seme e conifere, e sono stati raccolti prevalentemente da T. Cocozza nel giacimento di San Giorgio, presso Iglesias. I reperti fossili di et\u00e0 Permiano inferiore(circa 290 Ma) sono stati raccolti da diversi studiosi, tra i quali Balliccu, che studi\u00f2 la florefossili lacustri di Seui e Seulo. Esse sono prevalentemente composte di conifere, felci e felci a seme, licofite. Risalgono al Mesozoico, e pi\u00f9 precisamente al Trias, tre campioni in arenaria rossastra contenenti equisetali, provenienti dalla Formazione del Buntsandstein di Cala Viola (SS). Di particolare interesse \u00e8 l\u2019unico repertovegetale di et\u00e0 cretacica: un pericarpo (frutto) di Nipadites, proveniente dal Supramonte di Oliena. G.Pecorini raccolse in Nurra, nei depositi lacustri oligocenici, una discreta quantit\u00e0 di resti di conifere tipo Sequoia e molluschi bivalvi. La Collezione MP \u00e8 ben pi\u00f9 vasta di quanto riportato in questa sintesi che pertiene esclusivamente parti della Collezione catalogata.<\/p>\n\n<table id=\"tablepress-15\" class=\"tablepress tablepress-id-15\">\n<thead>\n<tr class=\"row-1\">\n\t<th class=\"column-1\">Numero Inventario<\/th><th class=\"column-2\">Numero Catalogo Generale<\/th><th class=\"column-3\">Fossile<\/th><th class=\"column-4\"><img loading=\"lazy\" decoding=\"async\" src=\"http:\/\/sites.unica.it\/geomusei\/files\/2014\/12\/icona-pdf.gif\" alt=\"\" width=\"41\" height=\"41\" class=\"aligncenter size-full wp-image-1501\" srcset=\"https:\/\/sites.unica.it\/geomusei\/files\/2014\/12\/icona-pdf.gif 41w, https:\/\/sites.unica.it\/geomusei\/files\/2014\/12\/icona-pdf-24x24.gif 24w, https:\/\/sites.unica.it\/geomusei\/files\/2014\/12\/icona-pdf-36x36.gif 36w\" sizes=\"auto, (max-width: 41px) 100vw, 41px\" \/><\/th>\n<\/tr>\n<\/thead>\n<tbody class=\"row-striping row-hover\">\n<tr class=\"row-2\">\n\t<td class=\"column-1\">17001<\/td><td class=\"column-2\">00190640<\/td><td class=\"column-3\"><a href=\"http:\/\/sites.unica.it\/geomusei\/files\/2015\/01\/00190640.jpg\" target=\"_blank\">Nipadites sp.<\/a><\/td><td class=\"column-4\"><a href=\"http:\/\/sites.unica.it\/geomusei\/files\/2015\/02\/00190640.pdf\" target=\"_blank\">scheda BNP<\/a><\/td>\n<\/tr>\n<tr class=\"row-3\">\n\t<td class=\"column-1\">902<\/td><td class=\"column-2\">00190641<\/td><td class=\"column-3\"><a href=\"http:\/\/sites.unica.it\/geomusei\/files\/2015\/01\/00190641.jpg\" target=\"_blank\">resto di foglia indet.<\/a><\/td><td class=\"column-4\"><a href=\"http:\/\/sites.unica.it\/geomusei\/files\/2015\/02\/00190641.pdf\" target=\"_blank\">scheda BNP<\/a><\/td>\n<\/tr>\n<tr class=\"row-4\">\n\t<td class=\"column-1\">59<\/td><td class=\"column-2\">00190642<\/td><td class=\"column-3\"><a href=\"http:\/\/sites.unica.it\/geomusei\/files\/2015\/01\/00190642.jpg\" target=\"_blank\">Juglans ungeri<\/a><\/td><td class=\"column-4\"><a href=\"http:\/\/sites.unica.it\/geomusei\/files\/2015\/02\/00190642.pdf\" target=\"_blank\">scheda BNP<\/a><\/td>\n<\/tr>\n<tr class=\"row-5\">\n\t<td class=\"column-1\">908<\/td><td class=\"column-2\">00190643<\/td><td class=\"column-3\"><a href=\"http:\/\/sites.unica.it\/geomusei\/files\/2015\/01\/00190643.jpg\" target=\"_blank\">Sabal andegaviensis<\/a><\/td><td class=\"column-4\"><a href=\"http:\/\/sites.unica.it\/geomusei\/files\/2015\/02\/00190643.pdf\" target=\"_blank\">scheda BNP<\/a><\/td>\n<\/tr>\n<tr class=\"row-6\">\n\t<td class=\"column-1\">17002<\/td><td class=\"column-2\">00190644<\/td><td class=\"column-3\"><a href=\"http:\/\/sites.unica.it\/geomusei\/files\/2015\/01\/00190644.jpg\" target=\"_blank\">Sabal major<\/a><\/td><td class=\"column-4\"><a href=\"http:\/\/sites.unica.it\/geomusei\/files\/2015\/02\/00190644.pdf\" target=\"_blank\">scheda BNP<\/a><\/td>\n<\/tr>\n<tr class=\"row-7\">\n\t<td class=\"column-1\">325<\/td><td class=\"column-2\">00190653<\/td><td class=\"column-3\"><a href=\"http:\/\/sites.unica.it\/geomusei\/files\/2015\/01\/00190653.jpg\" target=\"_blank\">Neuropteris<\/a><\/td><td class=\"column-4\"><a href=\"http:\/\/sites.unica.it\/geomusei\/files\/2015\/02\/00190653.pdf\" target=\"_blank\">scheda BNP<\/a><\/td>\n<\/tr>\n<tr class=\"row-8\">\n\t<td class=\"column-1\">314<\/td><td class=\"column-2\">00190654<\/td><td class=\"column-3\"><a href=\"http:\/\/sites.unica.it\/geomusei\/files\/2015\/01\/00190654.jpg\" target=\"_blank\">Walchia sp.<\/a><\/td><td class=\"column-4\"><a href=\"http:\/\/sites.unica.it\/geomusei\/files\/2015\/02\/00190654.pdf\" target=\"_blank\">scheda BNP<\/a><\/td>\n<\/tr>\n<tr class=\"row-9\">\n\t<td class=\"column-1\">317<\/td><td class=\"column-2\">00190658<\/td><td class=\"column-3\"><a href=\"http:\/\/sites.unica.it\/geomusei\/files\/2015\/01\/00190658.jpg\" target=\"_blank\">Asterophyllites cf. longifolius, Walchia sp.<\/a><\/td><td class=\"column-4\"><a href=\"http:\/\/sites.unica.it\/geomusei\/files\/2015\/02\/00190658.pdf\" target=\"_blank\">scheda BNP<\/a><\/td>\n<\/tr>\n<tr class=\"row-10\">\n\t<td class=\"column-1\">318<\/td><td class=\"column-2\">00190659<\/td><td class=\"column-3\"><a href=\"http:\/\/sites.unica.it\/geomusei\/files\/2015\/01\/00190659.jpg\" target=\"_blank\">Asterophyllites cf. longifolius, Neuropteris sp.<\/a><\/td><td class=\"column-4\"><a href=\"http:\/\/sites.unica.it\/geomusei\/files\/2015\/02\/00190659.pdf\" target=\"_blank\">scheda BNP<\/a><\/td>\n<\/tr>\n<tr class=\"row-11\">\n\t<td class=\"column-1\">17007<\/td><td class=\"column-2\">00190692<\/td><td class=\"column-3\"><a href=\"http:\/\/sites.unica.it\/geomusei\/files\/2015\/01\/00190692.jpg\" target=\"_blank\">Pecopteris polymorpha<\/a><\/td><td class=\"column-4\"><a href=\"http:\/\/sites.unica.it\/geomusei\/files\/2015\/02\/00190692.pdf\" target=\"_blank\">scheda BNP<\/a><\/td>\n<\/tr>\n<tr class=\"row-12\">\n\t<td class=\"column-1\">2718<\/td><td class=\"column-2\">00190663<\/td><td class=\"column-3\">? Annularia sp.<\/td><td class=\"column-4\">scheda BNP<\/td>\n<\/tr>\n<tr class=\"row-13\">\n\t<td class=\"column-1\">17006<\/td><td class=\"column-2\">00190690<\/td><td class=\"column-3\">Annularia stellata<\/td><td class=\"column-4\">scheda BNP<\/td>\n<\/tr>\n<tr class=\"row-14\">\n\t<td class=\"column-1\">2758<\/td><td class=\"column-2\">00190671-1<\/td><td class=\"column-3\">Annularia stellata (arenaria)<\/td><td class=\"column-4\">scheda BNP<\/td>\n<\/tr>\n<tr class=\"row-15\">\n\t<td class=\"column-1\">2758<\/td><td class=\"column-2\">00190671-2<\/td><td class=\"column-3\">Annularia stellata (argillite)<\/td><td class=\"column-4\">scheda BNP<\/td>\n<\/tr>\n<tr class=\"row-16\">\n\t<td class=\"column-1\">142<\/td><td class=\"column-2\">00190676<\/td><td class=\"column-3\">arenaria a Calamites sp.<\/td><td class=\"column-4\">scheda BNP<\/td>\n<\/tr>\n<tr class=\"row-17\">\n\t<td class=\"column-1\">1869<\/td><td class=\"column-2\">00191347<\/td><td class=\"column-3\">arenaria con impronte vegetali carbonizzate<\/td><td class=\"column-4\">scheda BNP<\/td>\n<\/tr>\n<tr class=\"row-18\">\n\t<td class=\"column-1\">293<\/td><td class=\"column-2\">00190666-0<\/td><td class=\"column-3\">arenaria con resti di equisetali del Buntsandstein <\/td><td class=\"column-4\">scheda BNP<\/td>\n<\/tr>\n<tr class=\"row-19\">\n\t<td class=\"column-1\">1870<\/td><td class=\"column-2\">00191354<\/td><td class=\"column-3\">arenaria con Salix argentea ?<\/td><td class=\"column-4\">scheda BNP<\/td>\n<\/tr>\n<tr class=\"row-20\">\n\t<td class=\"column-1\">873<\/td><td class=\"column-2\">00190647<\/td><td class=\"column-3\">arenaria lacustre<\/td><td class=\"column-4\">scheda BNP<\/td>\n<\/tr>\n<tr class=\"row-21\">\n\t<td class=\"column-1\">329<\/td><td class=\"column-2\">00190652<\/td><td class=\"column-3\">Asterophyllites, ecc..<\/td><td class=\"column-4\">scheda BNP<\/td>\n<\/tr>\n<tr class=\"row-22\">\n\t<td class=\"column-1\">2757<\/td><td class=\"column-2\">00190681<\/td><td class=\"column-3\">Calamites cf. leioderma<\/td><td class=\"column-4\">scheda BNP<\/td>\n<\/tr>\n<tr class=\"row-23\">\n\t<td class=\"column-1\">330<\/td><td class=\"column-2\">00190687<\/td><td class=\"column-3\">Calamites cf. suckowi<\/td><td class=\"column-4\">scheda BNP<\/td>\n<\/tr>\n<tr class=\"row-24\">\n\t<td class=\"column-1\">2761<\/td><td class=\"column-2\">00190680<\/td><td class=\"column-3\">Calamites gigas<\/td><td class=\"column-4\">scheda BNP<\/td>\n<\/tr>\n<tr class=\"row-25\">\n\t<td class=\"column-1\">335<\/td><td class=\"column-2\">00190677<\/td><td class=\"column-3\">Calamites sp.<\/td><td class=\"column-4\">scheda BNP<\/td>\n<\/tr>\n<tr class=\"row-26\">\n\t<td class=\"column-1\">334<\/td><td class=\"column-2\">00190678<\/td><td class=\"column-3\">Calamites sp.<\/td><td class=\"column-4\">scheda BNP<\/td>\n<\/tr>\n<tr class=\"row-27\">\n\t<td class=\"column-1\">333<\/td><td class=\"column-2\">00190679<\/td><td class=\"column-3\">Calamites sp.<\/td><td class=\"column-4\">scheda BNP<\/td>\n<\/tr>\n<tr class=\"row-28\">\n\t<td class=\"column-1\">2763<\/td><td class=\"column-2\">00190682<\/td><td class=\"column-3\">Calamites sp.<\/td><td class=\"column-4\">scheda BNP<\/td>\n<\/tr>\n<tr class=\"row-29\">\n\t<td class=\"column-1\">17003<\/td><td class=\"column-2\">00190685<\/td><td class=\"column-3\">Calamites sp.<\/td><td class=\"column-4\">scheda BNP<\/td>\n<\/tr>\n<tr class=\"row-30\">\n\t<td class=\"column-1\">17004<\/td><td class=\"column-2\">00190686<\/td><td class=\"column-3\">Calamites sp. <\/td><td class=\"column-4\">scheda BNP<\/td>\n<\/tr>\n<tr class=\"row-31\">\n\t<td class=\"column-1\">2893<\/td><td class=\"column-2\">00190649<\/td><td class=\"column-3\">calcare marnoso a Sequoia<\/td><td class=\"column-4\">scheda BNP<\/td>\n<\/tr>\n<tr class=\"row-32\">\n\t<td class=\"column-1\">51<\/td><td class=\"column-2\">00190646<\/td><td class=\"column-3\">calcare oligocenico<\/td><td class=\"column-4\">scheda BNP<\/td>\n<\/tr>\n<tr class=\"row-33\">\n\t<td class=\"column-1\">2756<\/td><td class=\"column-2\">00190668<\/td><td class=\"column-3\">Cordaites cf. lingulatus<\/td><td class=\"column-4\">scheda BNP<\/td>\n<\/tr>\n<tr class=\"row-34\">\n\t<td class=\"column-1\">2762<\/td><td class=\"column-2\">00190670<\/td><td class=\"column-3\">Cordaites cf. lingulatus<\/td><td class=\"column-4\">scheda BNP<\/td>\n<\/tr>\n<tr class=\"row-35\">\n\t<td class=\"column-1\">332<\/td><td class=\"column-2\">00190711<\/td><td class=\"column-3\">Cordaites sp.<\/td><td class=\"column-4\">scheda BNP<\/td>\n<\/tr>\n<tr class=\"row-36\">\n\t<td class=\"column-1\">2764<\/td><td class=\"column-2\">00190673<\/td><td class=\"column-3\">Dicksonites pluckenetii<\/td><td class=\"column-4\">scheda BNP<\/td>\n<\/tr>\n<tr class=\"row-37\">\n\t<td class=\"column-1\">293 I<\/td><td class=\"column-2\">00190666-1<\/td><td class=\"column-3\">equisetale su arenaria<\/td><td class=\"column-4\">scheda BNP<\/td>\n<\/tr>\n<tr class=\"row-38\">\n\t<td class=\"column-1\">293 IV<\/td><td class=\"column-2\">00190666-2<\/td><td class=\"column-3\">equisetale su arenaria<\/td><td class=\"column-4\">scheda BNP<\/td>\n<\/tr>\n<tr class=\"row-39\">\n\t<td class=\"column-1\">17010<\/td><td class=\"column-2\">00193342<\/td><td class=\"column-3\">Equisetum arenaceum<\/td><td class=\"column-4\">scheda BNP<\/td>\n<\/tr>\n<tr class=\"row-40\">\n\t<td class=\"column-1\">315<\/td><td class=\"column-2\">00190656<\/td><td class=\"column-3\">Ernestiodendron<\/td><td class=\"column-4\">scheda BNP<\/td>\n<\/tr>\n<tr class=\"row-41\">\n\t<td class=\"column-1\">17008<\/td><td class=\"column-2\">00190700<\/td><td class=\"column-3\">Ernestiodendron cf. filiciforme<\/td><td class=\"column-4\">scheda BNP<\/td>\n<\/tr>\n<tr class=\"row-42\">\n\t<td class=\"column-1\">321<\/td><td class=\"column-2\">00190657<\/td><td class=\"column-3\">Ernestiodendron, ecc..<\/td><td class=\"column-4\">scheda BNP<\/td>\n<\/tr>\n<tr class=\"row-43\">\n\t<td class=\"column-1\">1299 b<\/td><td class=\"column-2\">00191368-2<\/td><td class=\"column-3\">frammenti di fusto<\/td><td class=\"column-4\">scheda BNP<\/td>\n<\/tr>\n<tr class=\"row-44\">\n\t<td class=\"column-1\">1504<\/td><td class=\"column-2\">00191924<\/td><td class=\"column-3\">frammenti indet.<\/td><td class=\"column-4\">scheda BNP<\/td>\n<\/tr>\n<tr class=\"row-45\">\n\t<td class=\"column-1\">1515<\/td><td class=\"column-2\">00191926<\/td><td class=\"column-3\">Frammento di fusto<\/td><td class=\"column-4\">scheda BNP<\/td>\n<\/tr>\n<tr class=\"row-46\">\n\t<td class=\"column-1\">338<\/td><td class=\"column-2\">00190688<\/td><td class=\"column-3\">indet.<\/td><td class=\"column-4\">scheda BNP<\/td>\n<\/tr>\n<tr class=\"row-47\">\n\t<td class=\"column-1\">1865<\/td><td class=\"column-2\">00191344<\/td><td class=\"column-3\">Juglans cf. ungeri<\/td><td class=\"column-4\">scheda BNP<\/td>\n<\/tr>\n<tr class=\"row-48\">\n\t<td class=\"column-1\">1474<\/td><td class=\"column-2\">00191920<\/td><td class=\"column-3\">marna con resti vegetali<\/td><td class=\"column-4\">scheda BNP<\/td>\n<\/tr>\n<tr class=\"row-49\">\n\t<td class=\"column-1\">2760<\/td><td class=\"column-2\">00190672<\/td><td class=\"column-3\">Neuropteris planchardii<\/td><td class=\"column-4\">scheda BNP<\/td>\n<\/tr>\n<tr class=\"row-50\">\n\t<td class=\"column-1\">2765<\/td><td class=\"column-2\">00190684<\/td><td class=\"column-3\">Pecopteris arborescens<\/td><td class=\"column-4\">scheda BNP<\/td>\n<\/tr>\n<tr class=\"row-51\">\n\t<td class=\"column-1\">320<\/td><td class=\"column-2\">00190660<\/td><td class=\"column-3\">Pecopteris sp.<\/td><td class=\"column-4\">scheda BNP<\/td>\n<\/tr>\n<tr class=\"row-52\">\n\t<td class=\"column-1\">1141<\/td><td class=\"column-2\">00190667<\/td><td class=\"column-3\">Pecopteris volmannii (Germania)<\/td><td class=\"column-4\">scheda BNP<\/td>\n<\/tr>\n<tr class=\"row-53\">\n\t<td class=\"column-1\">17011<\/td><td class=\"column-2\">00193342<\/td><td class=\"column-3\">Pinus (Pinaster) pseudopinea<\/td><td class=\"column-4\">scheda BNP<\/td>\n<\/tr>\n<tr class=\"row-54\">\n\t<td class=\"column-1\">1299 a<\/td><td class=\"column-2\">00191368-1<\/td><td class=\"column-3\">Pinus cf. lardyana<\/td><td class=\"column-4\">scheda BNP<\/td>\n<\/tr>\n<tr class=\"row-55\">\n\t<td class=\"column-1\">1299<\/td><td class=\"column-2\">00191368-0<\/td><td class=\"column-3\">Pinus cf. lardyana e frammenti di fusto<\/td><td class=\"column-4\">scheda BNP<\/td>\n<\/tr>\n<tr class=\"row-56\">\n\t<td class=\"column-1\">1290<\/td><td class=\"column-2\">00191364<\/td><td class=\"column-3\">Pinus sp.<\/td><td class=\"column-4\">scheda BNP<\/td>\n<\/tr>\n<tr class=\"row-57\">\n\t<td class=\"column-1\">899<\/td><td class=\"column-2\">00190695<\/td><td class=\"column-3\">resti di Sabal<\/td><td class=\"column-4\">scheda BNP<\/td>\n<\/tr>\n<tr class=\"row-58\">\n\t<td class=\"column-1\">1291<\/td><td class=\"column-2\">00191365<\/td><td class=\"column-3\">Resti indet.<\/td><td class=\"column-4\">scheda BNP<\/td>\n<\/tr>\n<tr class=\"row-59\">\n\t<td class=\"column-1\">208<\/td><td class=\"column-2\">00190693<\/td><td class=\"column-3\">Sabal andegaviensis<\/td><td class=\"column-4\">scheda BNP<\/td>\n<\/tr>\n<tr class=\"row-60\">\n\t<td class=\"column-1\">17005<\/td><td class=\"column-2\">00193341<\/td><td class=\"column-3\">Sabal andegaviensis<\/td><td class=\"column-4\">scheda BNP<\/td>\n<\/tr>\n<tr class=\"row-61\">\n\t<td class=\"column-1\">58<\/td><td class=\"column-2\">00191396<\/td><td class=\"column-3\">Sabal major<\/td><td class=\"column-4\">scheda BNP<\/td>\n<\/tr>\n<tr class=\"row-62\">\n\t<td class=\"column-1\">2735<\/td><td class=\"column-2\">00190712<\/td><td class=\"column-3\">scisto con felci indet.<\/td><td class=\"column-4\">scheda BNP<\/td>\n<\/tr>\n<tr class=\"row-63\">\n\t<td class=\"column-1\">326 a<\/td><td class=\"column-2\">00190650-1<\/td><td class=\"column-3\">scisto nero a piante<\/td><td class=\"column-4\">scheda BNP<\/td>\n<\/tr>\n<tr class=\"row-64\">\n\t<td class=\"column-1\">326 b<\/td><td class=\"column-2\">00190650-2<\/td><td class=\"column-3\">scisto nero a piante<\/td><td class=\"column-4\">scheda BNP<\/td>\n<\/tr>\n<tr class=\"row-65\">\n\t<td class=\"column-1\">326 c<\/td><td class=\"column-2\">00190650-3<\/td><td class=\"column-3\">scisto nero a piante<\/td><td class=\"column-4\">scheda BNP<\/td>\n<\/tr>\n<tr class=\"row-66\">\n\t<td class=\"column-1\">326 d<\/td><td class=\"column-2\">00190650-4<\/td><td class=\"column-3\">scisto nero a piante<\/td><td class=\"column-4\">scheda BNP<\/td>\n<\/tr>\n<tr class=\"row-67\">\n\t<td class=\"column-1\">326 e<\/td><td class=\"column-2\">00190650-5<\/td><td class=\"column-3\">scisto nero a piante<\/td><td class=\"column-4\">scheda BNP<\/td>\n<\/tr>\n<tr class=\"row-68\">\n\t<td class=\"column-1\">326 f<\/td><td class=\"column-2\">00190650-6<\/td><td class=\"column-3\">scisto nero a piante<\/td><td class=\"column-4\">scheda BNP<\/td>\n<\/tr>\n<tr class=\"row-69\">\n\t<td class=\"column-1\">326 g<\/td><td class=\"column-2\">00190650-7<\/td><td class=\"column-3\">scisto nero a piante<\/td><td class=\"column-4\">scheda BNP<\/td>\n<\/tr>\n<tr class=\"row-70\">\n\t<td class=\"column-1\">326 h<\/td><td class=\"column-2\">00190650-8<\/td><td class=\"column-3\">scisto nero a piante<\/td><td class=\"column-4\">scheda BNP<\/td>\n<\/tr>\n<tr class=\"row-71\">\n\t<td class=\"column-1\">2758<\/td><td class=\"column-2\">00190671-0<\/td><td class=\"column-3\">serie di Annularia stellata<\/td><td class=\"column-4\">scheda BNP<\/td>\n<\/tr>\n<tr class=\"row-72\">\n\t<td class=\"column-1\">326<\/td><td class=\"column-2\">00190650-0<\/td><td class=\"column-3\">serie di scisti con resti di piante<\/td><td class=\"column-4\">scheda BNP<\/td>\n<\/tr>\n<tr class=\"row-73\">\n\t<td class=\"column-1\">324<\/td><td class=\"column-2\">00190661<\/td><td class=\"column-3\">Sphenopteris<\/td><td class=\"column-4\">scheda BNP<\/td>\n<\/tr>\n<tr class=\"row-74\">\n\t<td class=\"column-1\">2759<\/td><td class=\"column-2\">00190710<\/td><td class=\"column-3\">Trigonocarpus sp.<\/td><td class=\"column-4\">scheda BNP<\/td>\n<\/tr>\n<tr class=\"row-75\">\n\t<td class=\"column-1\">445<\/td><td class=\"column-2\">00191406<\/td><td class=\"column-3\">tronchetto silicizzato<\/td><td class=\"column-4\">scheda BNP<\/td>\n<\/tr>\n<tr class=\"row-76\">\n\t<td class=\"column-1\">5762<\/td><td class=\"column-2\">00190691<\/td><td class=\"column-3\">tronco fossile<\/td><td class=\"column-4\">scheda BNP<\/td>\n<\/tr>\n<tr class=\"row-77\">\n\t<td class=\"column-1\">5193<\/td><td class=\"column-2\">00190701<\/td><td class=\"column-3\">tronco fossile<\/td><td class=\"column-4\">scheda BNP<\/td>\n<\/tr>\n<tr class=\"row-78\">\n\t<td class=\"column-1\">5192<\/td><td class=\"column-2\">00190702<\/td><td class=\"column-3\">tronco fossile<\/td><td class=\"column-4\">scheda BNP<\/td>\n<\/tr>\n<tr class=\"row-79\">\n\t<td class=\"column-1\">5207<\/td><td class=\"column-2\">00190703<\/td><td class=\"column-3\">tronco fossile<\/td><td class=\"column-4\">scheda BNP<\/td>\n<\/tr>\n<tr class=\"row-80\">\n\t<td class=\"column-1\">5212<\/td><td class=\"column-2\">00190705<\/td><td class=\"column-3\">tronco fossile<\/td><td class=\"column-4\">scheda BNP<\/td>\n<\/tr>\n<tr class=\"row-81\">\n\t<td class=\"column-1\">5214<\/td><td class=\"column-2\">00190707<\/td><td class=\"column-3\">tronco fossile<\/td><td class=\"column-4\">scheda BNP<\/td>\n<\/tr>\n<tr class=\"row-82\">\n\t<td class=\"column-1\">2818<\/td><td class=\"column-2\">00191397<\/td><td class=\"column-3\">tronco fossile miocenico<\/td><td class=\"column-4\">scheda BNP<\/td>\n<\/tr>\n<tr class=\"row-83\">\n\t<td class=\"column-1\">194<\/td><td class=\"column-2\">00191405<\/td><td class=\"column-3\">tufi con piante<\/td><td class=\"column-4\">scheda BNP<\/td>\n<\/tr>\n<tr class=\"row-84\">\n\t<td class=\"column-1\">1489<\/td><td class=\"column-2\">00191919<\/td><td class=\"column-3\">tufo con resti di piante<\/td><td class=\"column-4\">scheda BNP<\/td>\n<\/tr>\n<tr class=\"row-85\">\n\t<td class=\"column-1\">5210<\/td><td class=\"column-2\">00190704<\/td><td class=\"column-3\">tufo con resti fossili<\/td><td class=\"column-4\">scheda BNP<\/td>\n<\/tr>\n<tr class=\"row-86\">\n\t<td class=\"column-1\">313<\/td><td class=\"column-2\">00190655<\/td><td class=\"column-3\">Walchia sp.<\/td><td class=\"column-4\">scheda BNP<\/td>\n<\/tr>\n<tr class=\"row-87\">\n\t<td class=\"column-1\">17009<\/td><td class=\"column-2\">00190706<\/td><td class=\"column-3\">Walchia sp.<\/td><td class=\"column-4\">scheda BNP<\/td>\n<\/tr>\n<tr class=\"row-88\">\n\t<td class=\"column-1\">322<\/td><td class=\"column-2\">00190694<\/td><td class=\"column-3\">Walchia sp., Pecopteris sp., Neuropteris sp., Odontopteris sp.<\/td><td class=\"column-4\">scheda BNP<\/td>\n<\/tr>\n<tr class=\"row-89\">\n\t<td class=\"column-1\">323<\/td><td class=\"column-2\">00190662<\/td><td class=\"column-3\">Walchia sp., Sphenopteris sp., Neuropteris sp., Pecopteris sp.<\/td><td class=\"column-4\">scheda BNP<\/td>\n<\/tr>\n<\/tbody>\n<\/table>\n<!-- #tablepress-15 from cache -->\n","protected":false},"excerpt":{"rendered":"<p>Collezione Museo-Piante Costituiscono la \u201cCollezione Museo- Piante\u201d reperti donati da numerosi studiosi che hanno raccolto e studiato le piante fossili di varie sezioni stratigrafiche della Sardegna. Di et\u00e0 Carbonifero superiore (circa 300 Ma) i 23 reperti catalogati comprendono sfenofite, felci, felci a seme e conifere, e sono stati raccolti prevalentemente da T. Cocozza nel giacimento <a href='https:\/\/sites.unica.it\/geomusei\/collezioni\/museo-di-geologia-e-paleontologia-domenico-lovisato\/collezione-museo-piante\/' class='excerpt-more'>[&#8230;]<\/a><\/p>\n","protected":false},"author":664,"featured_media":0,"parent":1372,"menu_order":14,"comment_status":"closed","ping_status":"closed","template":"","meta":{"footnotes":""},"class_list":["post-1309","page","type-page","status-publish","hentry","post-seq-1","post-parity-odd","meta-position-corners","fix"],"_links":{"self":[{"href":"https:\/\/sites.unica.it\/geomusei\/wp-json\/wp\/v2\/pages\/1309","targetHints":{"allow":["GET"]}}],"collection":[{"href":"https:\/\/sites.unica.it\/geomusei\/wp-json\/wp\/v2\/pages"}],"about":[{"href":"https:\/\/sites.unica.it\/geomusei\/wp-json\/wp\/v2\/types\/page"}],"author":[{"embeddable":true,"href":"https:\/\/sites.unica.it\/geomusei\/wp-json\/wp\/v2\/users\/664"}],"replies":[{"embeddable":true,"href":"https:\/\/sites.unica.it\/geomusei\/wp-json\/wp\/v2\/comments?post=1309"}],"version-history":[{"count":5,"href":"https:\/\/sites.unica.it\/geomusei\/wp-json\/wp\/v2\/pages\/1309\/revisions"}],"predecessor-version":[{"id":1562,"href":"https:\/\/sites.unica.it\/geomusei\/wp-json\/wp\/v2\/pages\/1309\/revisions\/1562"}],"up":[{"embeddable":true,"href":"https:\/\/sites.unica.it\/geomusei\/wp-json\/wp\/v2\/pages\/1372"}],"wp:attachment":[{"href":"https:\/\/sites.unica.it\/geomusei\/wp-json\/wp\/v2\/media?parent=1309"}],"curies":[{"name":"wp","href":"https:\/\/api.w.org\/{rel}","templated":true}]}}