{"id":247,"date":"2021-07-08T11:24:02","date_gmt":"2021-07-08T09:24:02","guid":{"rendered":"https:\/\/sites.unica.it\/g-lab\/?page_id=247"},"modified":"2021-12-04T21:19:46","modified_gmt":"2021-12-04T20:19:46","slug":"il-centro","status":"publish","type":"page","link":"https:\/\/sites.unica.it\/g-lab\/il-centro\/","title":{"rendered":"Il Centro Glab"},"content":{"rendered":"\r\n<p>Il Centro interdipartimentale Glab svolge ricerche e promuove la cultura del gioco e delle attivit\u00e0 ludiche intese in senso lato, e ne sviluppa progetti e applicazioni.<\/p>\r\n\r\n\r\n\r\n<p>Afferiscono al centro il Dipartimento di Ingegneria Civile, Ambientale e Architettura e il Dipartimento di Matematica e Informatica dell&#8217;Universit\u00e0 di Cagliari.<\/p>\r\n\r\n\r\n\r\n<p>Per riprendere una perspicua classificazione di Roger Caillois, si pu\u00f2 dire che il Centro si occupa di attivit\u00e0 e strumenti caratterizzati dall\u2019intreccio e dalle mescolanze, di volta in volta in dosaggio diverso, di quattro \u201cludemi\u201d: l\u2019<em>agon<\/em> (gara, sfida competitiva), l\u2019<em>alea<\/em> (il caso, l\u2019azzardo), la <em>mimicry <\/em>(l\u2019imitazione, la recita, l\u2019assunzione dei ruoli, la trasformazione), e l\u2019<em>ilynx <\/em>(vertigine, smarrimento, perdita apparente e temporanea di controllo).<\/p>\r\n\r\n\r\n\r\n<p>In questo senso, i campi di ricerca, di esplorazione e di applicazione del Centro si estendono ad approcci e metodi della narrativa interattiva, del <em>geotelling<\/em>, del <em>pervasive gaming<\/em>, e di tutte quelle pratiche, metodi e strumenti in grado di costruire, alterare, accompagnare o aumentare esperienze di socialit\u00e0, ludiche, di costruzioni di reti, di apprendimento e di trasmissione della conoscenza, comprese le pratiche \u201ceffimere\u201d, impropriamente definite minori, dal gusto per la calda razionalit\u00e0 alla condivisione dell\u2019umorismo, dell\u2019ironia, dell\u2019ilarit\u00e0.<\/p>\r\n\r\n\r\n\r\n<p>Il Centro dedica particolare attenzione alle ricerche e applicazioni tecnologiche, sia software che hardware, in grado di accompagnare tali esperienze, attraverso metodi e strumenti del videogioco; della simulazione; della realt\u00e0 virtuale, mista o aumentata; dei mondi e delle intelligenze artificiali; della computer grafica; della rappresentazione e visualizzazione dei contenuti, dati e modelli; dell\u2019interattivit\u00e0, dell\u2019iper-medialit\u00e0; dell\u2019interazione persona-macchina, e di tutto ci\u00f2 che attiene le esperienze interattive.<\/p>\r\n\r\n\r\n\r\n<p>Anche se, seguendo Huizinga con un po\u2019 di Kant, il fondamento culturale del Centro \u00e8 l\u2019idea che il gioco sia un\u2019attivit\u00e0 che costruisce realt\u00e0 \u201cfittizie\u201d sottoposta alle regole ma scelta liberamente, e in quanto tale non ha bisogno di fini al di fuori di s\u00e9 stessa, il gioco e le attivit\u00e0 ludiche possono produrre alcuni effetti indiretti, \u201csurrettizi\u201d e succedanei, che il Centro si propone di esplorare anche in vista delle possibili applicazioni. Tra questi si annoverano: l\u2019apprendimento esperienziale, interattivo e interindividuale (il fatto che il gioco e le attivit\u00e0 ludiche possono essere vettori di conoscenze e competenze), la comunicazione e la promozione dei patrimoni territoriali, il coinvolgimento e la partecipazione dei cittadini, la progettazione collaborativa, lo sviluppo di tecnologie informatiche e interattive applicabili al campo ludico, la divulgazione e la condivisione di forme di conoscenza inerente a tutti i campi del sapere.<\/p>\r\n\r\n\r\n\r\n<p>Il Centro \u00e8 stato fondato da un gruppo di ricercatori dell&#8217;Universit\u00e0 di Cagliari: Ivan Ble\u010di\u0107, Elisabetta Gola, Emiliano Ilardi, Maurizio Memoli, Riccardo Scateni e Lucio Davide Spano.<\/p>\r\n\r\n\r\n\r\n<p>Afferiscono al centro il Dipartimento di Ingegneria Civile, Ambientale e Architettura e il Dipartimento di Matematica e Informatica dell&#8217;Universit\u00e0 di Cagliari.<\/p>\r\n","protected":false},"excerpt":{"rendered":"<p>Il Centro interdipartimentale Glab svolge ricerche e promuove la cultura del gioco e delle attivit\u00e0 ludiche intese in senso lato, e ne sviluppa progetti e applicazioni. Afferiscono al centro il Dipartimento di Ingegneria Civile, Ambientale e Architettura e il Dipartimento di Matematica e Informatica dell&#8217;Universit\u00e0 di Cagliari. Per riprendere una perspicua classificazione di Roger Caillois,&hellip;&nbsp;<a href=\"https:\/\/sites.unica.it\/g-lab\/il-centro\/\" rel=\"bookmark\">Leggi tutto &raquo;<span class=\"screen-reader-text\">Il Centro Glab<\/span><\/a><\/p>\n","protected":false},"author":3979,"featured_media":219,"parent":0,"menu_order":0,"comment_status":"closed","ping_status":"closed","template":"","meta":{"neve_meta_sidebar":"","neve_meta_container":"","neve_meta_enable_content_width":"on","neve_meta_content_width":80,"neve_meta_title_alignment":"","neve_meta_author_avatar":"","neve_post_elements_order":"","neve_meta_disable_header":"","neve_meta_disable_footer":"","neve_meta_disable_title":"","footnotes":""},"class_list":["post-247","page","type-page","status-publish","has-post-thumbnail","hentry"],"_links":{"self":[{"href":"https:\/\/sites.unica.it\/g-lab\/wp-json\/wp\/v2\/pages\/247","targetHints":{"allow":["GET"]}}],"collection":[{"href":"https:\/\/sites.unica.it\/g-lab\/wp-json\/wp\/v2\/pages"}],"about":[{"href":"https:\/\/sites.unica.it\/g-lab\/wp-json\/wp\/v2\/types\/page"}],"author":[{"embeddable":true,"href":"https:\/\/sites.unica.it\/g-lab\/wp-json\/wp\/v2\/users\/3979"}],"replies":[{"embeddable":true,"href":"https:\/\/sites.unica.it\/g-lab\/wp-json\/wp\/v2\/comments?post=247"}],"version-history":[{"count":13,"href":"https:\/\/sites.unica.it\/g-lab\/wp-json\/wp\/v2\/pages\/247\/revisions"}],"predecessor-version":[{"id":1435,"href":"https:\/\/sites.unica.it\/g-lab\/wp-json\/wp\/v2\/pages\/247\/revisions\/1435"}],"wp:featuredmedia":[{"embeddable":true,"href":"https:\/\/sites.unica.it\/g-lab\/wp-json\/wp\/v2\/media\/219"}],"wp:attachment":[{"href":"https:\/\/sites.unica.it\/g-lab\/wp-json\/wp\/v2\/media?parent=247"}],"curies":[{"name":"wp","href":"https:\/\/api.w.org\/{rel}","templated":true}]}}