{"id":36,"date":"2017-02-02T21:50:01","date_gmt":"2017-02-02T20:50:01","guid":{"rendered":"http:\/\/sites.unica.it\/fir2017\/?page_id=36"},"modified":"2017-03-03T12:16:16","modified_gmt":"2017-03-03T11:16:16","slug":"luogo-dellevento","status":"publish","type":"page","link":"https:\/\/sites.unica.it\/fir2017\/luogo-dellevento\/","title":{"rendered":"Luogo dell&#8217;evento"},"content":{"rendered":"<p style=\"text-align: justify\"><img decoding=\"async\" class=\"wp-image-205 aligncenter\" src=\"http:\/\/sites.unica.it\/fir2017\/files\/2017\/02\/polaris.jpg\" alt=\"\" width=\"450\" height=\"270\" srcset=\"https:\/\/sites.unica.it\/fir2017\/files\/2017\/02\/polaris.jpg 1168w, https:\/\/sites.unica.it\/fir2017\/files\/2017\/02\/polaris-300x180.jpg 300w, https:\/\/sites.unica.it\/fir2017\/files\/2017\/02\/polaris-768x461.jpg 768w, https:\/\/sites.unica.it\/fir2017\/files\/2017\/02\/polaris-1024x615.jpg 1024w, https:\/\/sites.unica.it\/fir2017\/files\/2017\/02\/polaris-250x150.jpg 250w\" sizes=\"(max-width: 450px) 100vw, 450px\" \/><\/p>\n<p style=\"text-align: justify\"><span style=\"font-size: 12pt\">Frutto dell&#8217;impegno congiunto della Regione Autonoma della Sardegna e dell&#8217;Unione Europea, il Parco scientifico e tecnologico della Sardegna, \u00e8 un sistema di infrastrutture avanzate e servizi per l&#8217;innovazione e per lo sviluppo e l&#8217;industrializzazione della ricerca. <\/span><br \/>\n<span style=\"font-size: 12pt\">Il Parco, avviato nel 2003, \u00e8 gestito da Sardegna Ricerche, gi\u00e0 Consorzio Ventuno, l&#8217;ente regionale per la ricerca e lo sviluppo tecnologico che lo ha creato. <\/span><\/p>\n<p style=\"text-align: justify\"><span style=\"font-size: 12pt\">Con due sedi e pi\u00f9 di 60 imprese e centri localizzati, \u00e8 uno dei maggiori parchi scientifici italiani ed \u00e8 il primo nel Paese per numero di imprese biotech insediate (Rapporto Assobiotec-Ernst&amp;Young &#8220;Biotecnologie in Italia 2010&#8221;). <\/span><\/p>\n<p style=\"text-align: justify\"><span style=\"font-size: 12pt\">Il Parco tecnologico \u00e8 specializzato in tre aree: <\/span><br \/>\n<span style=\"font-size: 12pt\">&#8211; Tecnologie dell&#8217;informazione e delle comunicazioni <\/span><br \/>\n<span style=\"font-size: 12pt\">&#8211; Biotecnologie: dalla biomedicina alle biotecnologie agroindustriali, sino ad arrivare alla bioinformatica <\/span><br \/>\n<span style=\"font-size: 12pt\">&#8211; Energie rinnovabili. <\/span><\/p>\n<p style=\"text-align: justify\"><span style=\"font-size: 12pt\">Il Parco promuove lo sviluppo economico regionale, facendo leva sull&#8217;innovazione tecnologica e la conoscenza. Esso si rivolge a imprese, centri di ricerca ed enti che intendono insediare attivit\u00e0 di ricerca e produzioni sperimentali nei propri settori di specializzazione. In particolare, \u00e8 aperto a imprenditori e ricercatori che desiderano creare nuove imprese o realizzare progetti innovativi a partire dai risultati della ricerca. <\/span><\/p>\n<p style=\"text-align: justify\"><span style=\"font-size: 12pt\">A tal fine mette a disposizione spazi multifunzionali, laboratori attrezzati, servizi di accoglienza, logistici e di base e servizi per lo sviluppo tecnologico. <\/span><\/p>\n<p style=\"text-align: justify\"><span style=\"font-size: 12pt\">\u00c8 inoltre dotato di: <\/span><br \/>\n<span style=\"font-size: 12pt\">&#8211; Piattaforme tecnologiche <\/span><br \/>\n<span style=\"font-size: 12pt\">&#8211; Un incubatore tecnologico per le aziende del settore biomedico (Bioincubatore) <\/span><br \/>\n<span style=\"font-size: 12pt\">&#8211; Una farm per le aziende del settore <acronym title=\"Information and Communication Technologies\">ICT<\/acronym> (ICT Farm) <\/span><br \/>\n<span style=\"font-size: 12pt\">&#8211; Uno dei pi\u00f9 potenti cluster di calcolo in Italia: 137 TFlop (137 mila miliardi di operazioni al secondo) e 5 PetaByte di spazio disco <\/span><br \/>\n<span style=\"font-size: 12pt\">&#8211; Un Centro PATLIB <\/span><br \/>\n<span style=\"font-size: 12pt\">&#8211; Un Centro di Documentazione <\/span><br \/>\n<span style=\"font-size: 12pt\">&#8211; Una Biblioteca scientifica centralizzata <\/span><\/p>\n<p style=\"text-align: right\"><span style=\"font-size: 10pt\"><em>(fonte: www.sardegnaricerche.it)<\/em><\/span><\/p>\n","protected":false},"excerpt":{"rendered":"<p>Frutto dell&#8217;impegno congiunto della Regione Autonoma della Sardegna e dell&#8217;Unione Europea, il Parco scientifico e tecnologico della Sardegna, \u00e8 un sistema di infrastrutture avanzate e servizi per l&#8217;innovazione e per lo sviluppo e l&#8217;industrializzazione della ricerca. Il Parco, avviato nel 2003, \u00e8 gestito da Sardegna Ricerche, gi\u00e0 Consorzio Ventuno, l&#8217;ente regionale per la ricerca e lo sviluppo tecnologico che lo ha creato. Con due sedi e pi\u00f9 di 60 imprese e centri localizzati, \u00e8 uno dei maggiori parchi scientifici italiani ed \u00e8 il primo nel Paese per numero di imprese biotech insediate (Rapporto Assobiotec-Ernst&amp;Young &#8220;Biotecnologie in Italia 2010&#8221;). Il Parco <a href='https:\/\/sites.unica.it\/fir2017\/luogo-dellevento\/' class='excerpt-more'>[&#8230;]<\/a><\/p>\n","protected":false},"author":614,"featured_media":0,"parent":0,"menu_order":0,"comment_status":"closed","ping_status":"closed","template":"","meta":{"footnotes":""},"class_list":["post-36","page","type-page","status-publish","hentry","post-seq-1","post-parity-odd","meta-position-corners","fix"],"_links":{"self":[{"href":"https:\/\/sites.unica.it\/fir2017\/wp-json\/wp\/v2\/pages\/36","targetHints":{"allow":["GET"]}}],"collection":[{"href":"https:\/\/sites.unica.it\/fir2017\/wp-json\/wp\/v2\/pages"}],"about":[{"href":"https:\/\/sites.unica.it\/fir2017\/wp-json\/wp\/v2\/types\/page"}],"author":[{"embeddable":true,"href":"https:\/\/sites.unica.it\/fir2017\/wp-json\/wp\/v2\/users\/614"}],"replies":[{"embeddable":true,"href":"https:\/\/sites.unica.it\/fir2017\/wp-json\/wp\/v2\/comments?post=36"}],"version-history":[{"count":5,"href":"https:\/\/sites.unica.it\/fir2017\/wp-json\/wp\/v2\/pages\/36\/revisions"}],"predecessor-version":[{"id":206,"href":"https:\/\/sites.unica.it\/fir2017\/wp-json\/wp\/v2\/pages\/36\/revisions\/206"}],"wp:attachment":[{"href":"https:\/\/sites.unica.it\/fir2017\/wp-json\/wp\/v2\/media?parent=36"}],"curies":[{"name":"wp","href":"https:\/\/api.w.org\/{rel}","templated":true}]}}