{"id":237,"date":"2017-04-04T11:49:22","date_gmt":"2017-04-04T09:49:22","guid":{"rendered":"http:\/\/sites.unica.it\/fir2017\/?page_id=237"},"modified":"2017-04-04T11:55:25","modified_gmt":"2017-04-04T09:55:25","slug":"laboratorio-prototipazione","status":"publish","type":"page","link":"https:\/\/sites.unica.it\/fir2017\/laboratorio-prototipazione\/","title":{"rendered":"Laboratorio Prototipazione"},"content":{"rendered":"<h1 class=\"azzurrino titprimopiano\" style=\"text-align: center\"><span style=\"font-size: 18pt\">Laboratorio di acquisizione, distribuzione e visualizzazione di modelli 3D complessi<\/span><\/h1>\n<p><img decoding=\"async\" class=\"aligncenter\" src=\"http:\/\/www.sardegnaricerche.it\/immagini\/13_143_20080226162720.jpg\" alt=\"ICT Lab Modelli 3D\" \/><\/p>\n<p style=\"text-align: justify\">Le moderne tecnologie di acquisizione digitale consentono di rilevare con una grande accuratezza oggetti tridimensionali di varie dimensioni, dalla scala microscopica, ad esempio attraverso tecnologie di microscopia elettronica fino a quella planetaria, attraverso riprese aeree o satellitari. I modelli cos\u00ec acquisiti, essenziali per una vastissima gamma di applicazioni, che vanno dalla visualizzazione scientifica al geoviewing, risultano certamente molto dettagliati, ma, proprio per questo, dotati intrinsecamente di una notevole mole di informazioni, difficile da gestire in maniera efficace.<br \/>\nQuesto rende essenziale lo sviluppo e l&#8217;utilizzo di tecnologie specializzate che permettano un uso efficace della mole di dati acquisiti in una grande variet\u00e0 di applicazioni. Lo sviluppo di metodi e sistemi per il trattamento di grossi moli di dati \u00e8 un settore di ricerca molto attivo a livello internazionale, nel quale la Regione Sardegna pu\u00f2 annoverarsi tra i poli di eccellenza a livello nazionale ed internazionale. In particolare, il Visual Computing Group del CRS4 (Centro di Ricerca, Sviluppo e Studi Superiori in Sardegna), anche in collaborazione con <acronym title=\"Istituto di Scienza e Tecnologie dell'Informazione\">ISTI<\/acronym>\/<acronym title=\"Consiglio Nazionale delle Ricerche\">CNR<\/acronym>, ha sviluppato una serie di metodi per la visualizzazione di grossi volumi di dati che sono considerati attualmente allo stato dell&#8217;arte dalla comunit\u00e0 scientifica internazionale.<\/p>\n<p style=\"text-align: justify\">Il Laboratorio ha come fine l&#8217;innovazione e il trasferimento tecnologico di risultati di ricerca attraverso attivit\u00e0 dimostrative, formazione, e sviluppo di prototipi software. I settori di intervento principali saranno le tecnologie di scansione 3D, l&#8217;archiviazione e distribuzione digitale di modelli 3D complessi, il processamento geometrico e la produzione di modelli fisici. Sono previste attivit\u00e0 finalizzate all&#8217;allestimento del Laboratorio con strumentazione allo stato dell&#8217;arte per acquisire, processare, distribuire, visualizzare e riprodurre modelli 3D complessi. Ulteriori azioni consentiranno la realizzazione e dimostrazione di sistemi per la scansione 3D, per l&#8217;archiviazione e distribuzione digitale di modelli 3D complessi, il processamento geometrico, la produzione di modelli fisici e la visualizzazione geografica.<\/p>\n<p style=\"text-align: right\"><span style=\"font-size: 8pt\"><em>(fonte: www.sardegnaricerche.it)<\/em><\/span><\/p>\n","protected":false},"excerpt":{"rendered":"<p>Laboratorio di acquisizione, distribuzione e visualizzazione di modelli 3D complessi Le moderne tecnologie di acquisizione digitale consentono di rilevare con una grande accuratezza oggetti tridimensionali di varie dimensioni, dalla scala microscopica, ad esempio attraverso tecnologie di microscopia elettronica fino a quella planetaria, attraverso riprese aeree o satellitari. I modelli cos\u00ec acquisiti, essenziali per una vastissima gamma di applicazioni, che vanno dalla visualizzazione scientifica al geoviewing, risultano certamente molto dettagliati, ma, proprio per questo, dotati intrinsecamente di una notevole mole di informazioni, difficile da gestire in maniera efficace. Questo rende essenziale lo sviluppo e l&#8217;utilizzo di tecnologie specializzate che permettano un <a href='https:\/\/sites.unica.it\/fir2017\/laboratorio-prototipazione\/' class='excerpt-more'>[&#8230;]<\/a><\/p>\n","protected":false},"author":614,"featured_media":0,"parent":0,"menu_order":0,"comment_status":"closed","ping_status":"closed","template":"","meta":{"footnotes":""},"class_list":["post-237","page","type-page","status-publish","hentry","post-seq-1","post-parity-odd","meta-position-corners","fix"],"_links":{"self":[{"href":"https:\/\/sites.unica.it\/fir2017\/wp-json\/wp\/v2\/pages\/237","targetHints":{"allow":["GET"]}}],"collection":[{"href":"https:\/\/sites.unica.it\/fir2017\/wp-json\/wp\/v2\/pages"}],"about":[{"href":"https:\/\/sites.unica.it\/fir2017\/wp-json\/wp\/v2\/types\/page"}],"author":[{"embeddable":true,"href":"https:\/\/sites.unica.it\/fir2017\/wp-json\/wp\/v2\/users\/614"}],"replies":[{"embeddable":true,"href":"https:\/\/sites.unica.it\/fir2017\/wp-json\/wp\/v2\/comments?post=237"}],"version-history":[{"count":4,"href":"https:\/\/sites.unica.it\/fir2017\/wp-json\/wp\/v2\/pages\/237\/revisions"}],"predecessor-version":[{"id":242,"href":"https:\/\/sites.unica.it\/fir2017\/wp-json\/wp\/v2\/pages\/237\/revisions\/242"}],"wp:attachment":[{"href":"https:\/\/sites.unica.it\/fir2017\/wp-json\/wp\/v2\/media?parent=237"}],"curies":[{"name":"wp","href":"https:\/\/api.w.org\/{rel}","templated":true}]}}