{"id":222,"date":"2017-03-27T09:35:42","date_gmt":"2017-03-27T07:35:42","guid":{"rendered":"http:\/\/sites.unica.it\/fir2017\/?page_id=222"},"modified":"2017-03-27T09:41:33","modified_gmt":"2017-03-27T07:41:33","slug":"fablab","status":"publish","type":"page","link":"https:\/\/sites.unica.it\/fir2017\/fablab\/","title":{"rendered":"FabLab"},"content":{"rendered":"<p style=\"text-align: justify\"><img decoding=\"async\" class=\"alignnone size-full wp-image-226\" src=\"http:\/\/sites.unica.it\/fir2017\/files\/2017\/03\/FABLAB-Sardegna-Ricerche-.jpg\" alt=\"\" width=\"800\" height=\"400\" srcset=\"https:\/\/sites.unica.it\/fir2017\/files\/2017\/03\/FABLAB-Sardegna-Ricerche-.jpg 800w, https:\/\/sites.unica.it\/fir2017\/files\/2017\/03\/FABLAB-Sardegna-Ricerche--300x150.jpg 300w, https:\/\/sites.unica.it\/fir2017\/files\/2017\/03\/FABLAB-Sardegna-Ricerche--768x384.jpg 768w, https:\/\/sites.unica.it\/fir2017\/files\/2017\/03\/FABLAB-Sardegna-Ricerche--250x125.jpg 250w\" sizes=\"(max-width: 800px) 100vw, 800px\" \/><\/p>\n<p style=\"text-align: justify\">\u00c8 un laboratorio in piccola scala di\u00a0<i>digital<\/i> <i>fabrication<\/i>. L&#8217;accesso \u00e8 aperto a tutti quelli che desiderano ideare e realizzare concretamente i loro oggetti e le loro invenzioni. Si ispira al modello dell&#8217;open source, in quanto ne condivide la filosofia incentrata sul libero scambio. Il suo obiettivo \u00e8 promuovere l&#8217;innovazione tecnologica offrendo a tutti la possibilit\u00e0 di sperimentare nuove forme di creativit\u00e0 e condividere i propri progetti in rete.<\/p>\n<p style=\"text-align: justify\">Lo spazio \u00e8 attrezzato con tre aree distinte.<br \/>\n&#8211; Area officina: <span xml:lang=\"en\">open space<\/span> laboratorio comune che contiene attrezzature (fresatrici, laser cutter) e attrezzi da assemblaggio e lavoro<br \/>\n&#8211; Area <span xml:lang=\"en\">coworking<\/span>: <span xml:lang=\"en\">open space<\/span> con tavoli ufficio\/laboratorio che ospita l&#8217;area elettronica, l&#8217;area stampa 3D e altre piccole macchine<br \/>\n&#8211; Area <span xml:lang=\"en\">e-textile<\/span>: spazio attrezzato per sartoria e ricamo, pensato come luogo di incontro tra artigianato, moda e nuove tecnologie.<\/p>\n<p style=\"text-align: right\"><span style=\"font-size: 8pt\"><em>(fonte: www.sardegnaricerche.it)<\/em><\/span><\/p>\n","protected":false},"excerpt":{"rendered":"<p>\u00c8 un laboratorio in piccola scala di\u00a0digital fabrication. L&#8217;accesso \u00e8 aperto a tutti quelli che desiderano ideare e realizzare concretamente i loro oggetti e le loro invenzioni. Si ispira al modello dell&#8217;open source, in quanto ne condivide la filosofia incentrata sul libero scambio. Il suo obiettivo \u00e8 promuovere l&#8217;innovazione tecnologica offrendo a tutti la possibilit\u00e0 di sperimentare nuove forme di creativit\u00e0 e condividere i propri progetti in rete. Lo spazio \u00e8 attrezzato con tre aree distinte. &#8211; Area officina: open space laboratorio comune che contiene attrezzature (fresatrici, laser cutter) e attrezzi da assemblaggio e lavoro &#8211; Area coworking: open space <a href='https:\/\/sites.unica.it\/fir2017\/fablab\/' class='excerpt-more'>[&#8230;]<\/a><\/p>\n","protected":false},"author":614,"featured_media":0,"parent":0,"menu_order":0,"comment_status":"closed","ping_status":"closed","template":"","meta":{"footnotes":""},"class_list":["post-222","page","type-page","status-publish","hentry","post-seq-1","post-parity-odd","meta-position-corners","fix"],"_links":{"self":[{"href":"https:\/\/sites.unica.it\/fir2017\/wp-json\/wp\/v2\/pages\/222","targetHints":{"allow":["GET"]}}],"collection":[{"href":"https:\/\/sites.unica.it\/fir2017\/wp-json\/wp\/v2\/pages"}],"about":[{"href":"https:\/\/sites.unica.it\/fir2017\/wp-json\/wp\/v2\/types\/page"}],"author":[{"embeddable":true,"href":"https:\/\/sites.unica.it\/fir2017\/wp-json\/wp\/v2\/users\/614"}],"replies":[{"embeddable":true,"href":"https:\/\/sites.unica.it\/fir2017\/wp-json\/wp\/v2\/comments?post=222"}],"version-history":[{"count":4,"href":"https:\/\/sites.unica.it\/fir2017\/wp-json\/wp\/v2\/pages\/222\/revisions"}],"predecessor-version":[{"id":228,"href":"https:\/\/sites.unica.it\/fir2017\/wp-json\/wp\/v2\/pages\/222\/revisions\/228"}],"wp:attachment":[{"href":"https:\/\/sites.unica.it\/fir2017\/wp-json\/wp\/v2\/media?parent=222"}],"curies":[{"name":"wp","href":"https:\/\/api.w.org\/{rel}","templated":true}]}}