{"id":910,"date":"2025-11-20T14:23:17","date_gmt":"2025-11-20T13:23:17","guid":{"rendered":"https:\/\/sites.unica.it\/fesc\/?page_id=910"},"modified":"2025-11-20T14:35:35","modified_gmt":"2025-11-20T13:35:35","slug":"educational-offer-2022-23","status":"publish","type":"page","link":"https:\/\/sites.unica.it\/fesc\/en\/training-path\/educational-offer-2022-23\/","title":{"rendered":"Educational offer 2022 \/ 23"},"content":{"rendered":"\n<div style=\"height:50px\" aria-hidden=\"true\" class=\"wp-block-spacer\"><\/div>\n\n\n\n<ol class=\"wp-block-list\">\n<li><strong>From Quantum Structure to Quantum Logic<\/strong>&nbsp;\u2013 Dott. Davide Fazio (20 hrs); Calendario: 27 aprile, ore 17-19; 3, 5, 8, 12, 22 maggio, ore 9-11.<br>Online su Google Meet. <a href=\"https:\/\/sites.unica.it\/fesc\/files\/2025\/11\/Fazio_From-quantum-structures-to-quantum-logics-2022_2023.pdf\">Scheda corso<\/a>.<\/li>\n\n\n\n<li><strong>Temi di filosofia e fondamenti della matematica<\/strong>&nbsp;\u2013 Dott. Claudio Ternullo (16 hrs).<\/li>\n\n\n\n<li><strong>Le teorie della verit\u00e0<\/strong>&nbsp;\u2013 Dott. Pietro Salis (20 hrs). <a href=\"https:\/\/sites.unica.it\/fesc\/files\/2025\/11\/Ciclo-Verita-2023.docx\">Scheda del corso<\/a>.<\/li>\n\n\n\n<li><strong>Majorization Theory and its Applications to Quantum Information<\/strong>&nbsp;\u2013 Gustavo Martin Bosyk (8 hrs), maggio 2023, aula 11. <br>Calendario: marted\u00ec 09 maggio 15.00-17.00; marted\u00ec 16 maggio 15.00-17.00; marted\u00ec 23 maggio 15.00-17.00; marted\u00ec 30 maggio 15.00-17.00. <a href=\"https:\/\/sites.unica.it\/fesc\/files\/2025\/11\/Doctoral-Course-2023.pdf\">Scheda del corso<\/a>. <a href=\"https:\/\/sites.unica.it\/fesc\/files\/2025\/11\/MajQI-UNICA.pdf\">Page of the course<\/a>.<\/li>\n\n\n\n<li><strong>Language Course for English Level C1&nbsp;<\/strong>(informazioni fornite dal Centro Linguistico di Ateneo).<\/li>\n\n\n\n<li><strong>Finanziare la propria ricerca attraverso i bandi dei programmi quadro della Comunit\u00e0 Europea<\/strong>&nbsp;\u2013 Responsabile: Prof. Luigi Raffo (20 ore); Docenti: L. Raffo, D. Loi, M.S. Pinna, E. Porru, M. Marini, S. Scalas; Calendario: 26\/4, 3\/5, 10\/5, 17\/5, 24\/5 dalle ore 9 alle 13 in aula magna \u201cGaetano Cima\u201d (Dip. Ingegneria e Architettura, Via Corte d\u2019appello). <a href=\"https:\/\/sites.unica.it\/fesc\/files\/2025\/11\/Progettazione-europea.pdf\">Scheda del corso<\/a>. <a href=\"https:\/\/sites.unica.it\/fesc\/files\/2025\/11\/CorsoProgettazioneEU.pdf\">Scheda aggiornata<\/a>.<\/li>\n\n\n\n<li><strong>Innovazione e valorizzazione. Dalla propriet\u00e0 intellettuale al trasferimento tecnologico<\/strong>&nbsp;\u2013 Dr. Orsola Macis (6 ore); Calendario: 4-11-18 maggio, a partire dalle ore 11.00, Campus Aresu aula CM 11.&nbsp;<a href=\"https:\/\/sites.unica.it\/fesc\/files\/2025\/11\/Proprieta-intellettuale.pdf\">Scheda corso<\/a>.<\/li>\n\n\n\n<li><strong>Parit\u00e0 di Genere nel Contesto Accademico e nella Ricerca: Strumenti e Strategie di Policy<\/strong>&nbsp;\u2013 Responsabile: Prof. Ester Cois (20 ore); Calendario: Luned\u00ec 8 Maggio: 16.00-18.00 \u2013 Marted\u00ec 9 Maggio: 16.00-18.00 \u2013 Luned\u00ec 15 Maggio: 16.00-18.00 \u2013 Marted\u00ec 16 Maggio: 16.00-18.00 \u2013 Luned\u00ec 22 Maggio: 16.00-18.00 \u2013 Marted\u00ec 23 Maggio: 16.00-18.00 \u2013 Luned\u00ec 29 Maggio: 16.00-18.00 \u2013 Marted\u00ec 30 Maggio: 16.00-18.00 \u2013 Luned\u00ec 5 Giugno: 16.00-18.00 \u2013 Marted\u00ec 6 Giugno: 16.00-18.00. Aula 10 nell\u2019Edificio A del Polo di Sant.Ignazio.&nbsp;<a href=\"https:\/\/sites.unica.it\/fesc\/files\/2025\/11\/Gender-Equality.pdf\">Scheda corso<\/a>.<\/li>\n\n\n\n<li><strong>Public speaking per la ricerca<\/strong>&nbsp;\u2013 Prof.ssa Elisabetta Gola e Patrizia Mottola (10 ore); Calendario: 18 maggio dalle 10.00 alle 13.00 e dalle 15.00 alle 18.00; 19 maggio dalle 09.00 alle 13.00, aula 6, Sa Duchessa.&nbsp;<a href=\"https:\/\/sites.unica.it\/fesc\/files\/2025\/11\/Public-speaking-per-la-ricerca.docx\">Scheda corso<\/a>.<\/li>\n\n\n\n<li><strong>Research methods in Educational Psychology<\/strong>&nbsp;\u2013 Prof.ssa Maria Luisa Pedditzi (8 ore) \u2013 Calendario: 27 aprile e 2 maggio 2023, ore 9:00-13:00.&nbsp;<a href=\"https:\/\/sites.unica.it\/fesc\/files\/2025\/11\/Corso-dottorato-Pedditzi-copia.docx\">Scheda corso<\/a>.<\/li>\n\n\n\n<li><strong>Casual inference and the design of experiments in educational sciences<\/strong>&nbsp;\u2013&nbsp; Fulbright Specialist Prof. Amanda Neitzel \u2013 Calendario: 15-19 maggio, ore 9:00-13:00. The course is limited in number of eligible students (about 6-7 participants). Applications must be sent through the following form by Tuesday, April 11:&nbsp;<a href=\"https:\/\/forms.office.com\/e\/Xksn3ZnbaT\">https:\/\/forms.office.com\/e\/Xksn3ZnbaT<\/a>.&nbsp;<a href=\"https:\/\/sites.unica.it\/fesc\/files\/2025\/11\/Corso-dottorato-Casual-inference-and-the-design-of-experiments-in-educational-sciences.docx\">Scheda corso<\/a>.<\/li>\n\n\n\n<li><strong>La ricerca scientifica: fonti, strumenti e valutazione<\/strong>&nbsp;(15 ore) \u2013 Responsabile: Prof. Luigi Raffo, Docenti: Proff. L. Colombo, G. Frigimelica, M.F. Lorenzoni, C. Aresu, L. Corda, M.L.G. Deledda, G. Pilo, M. Pia, G. Flore, L. Murino, A.R.D. Meleddu, S. Pittau \u2013 Calendario: 8 giugno 2023, ore 10-13, 13 giugno 2023, ore 9-13, 15 giugno 2023, ore 10-12, 20 giugno 2023, ore 10-12, 22 giugno 2023, ore 10-12, 27 giugno 2023, ore 10-12 \u2013 Online su Teams.&nbsp;<a href=\"https:\/\/sites.unica.it\/fesc\/files\/2025\/11\/OpenAccess_def.docx\">Scheda corso<\/a>.<\/li>\n\n\n\n<li><strong>Lo studio del comportamento umano in ambiente controllato: la prospettiva della psicologia dello sviluppo<\/strong>&nbsp;(10 ore) \u2013 Docente: Prof.ssa Roberta Fadda. Calendario:&nbsp;27 aprile 2023, ore 9:00-14:00, in aula 11 del corpo centrale e 4 maggio 2023, ore 9:00-14:00 in aula 2B.&nbsp;<a href=\"https:\/\/sites.unica.it\/fesc\/files\/2025\/11\/CorsoFadda.rtf\">Scheda corso<\/a><\/li>\n\n\n\n<li><strong>Psychology, Logic, and Individual\/Social Decision-Making<\/strong>&nbsp;(24 ore) \u2013 Docente: Dott.ssa Oriana Mosca e Prof. Hector Freytes. Calendario: 29 maggio 2023, ore 10-13, 30 maggio 2023, ore 10-13, 05 giugno 2023, ore 10-13, 15-18,&nbsp; 06 giugno 2023, ore 10-13, 15-18, 24 luglio 2023, ore 10-13. Aula da definire.&nbsp;<a href=\"https:\/\/sites.unica.it\/fesc\/files\/2025\/11\/Corso-Mosca-Freytes.pdf\">Scheda corso<\/a>.<\/li>\n\n\n\n<li><strong>La filosofia analitica della traduzione&nbsp;<\/strong>(30 ore)<strong>&nbsp;\u2013&nbsp;<\/strong>Docente: Prof.ssa Francesca Ervas. Calendario: 3-4-5-6-7 luglio 2023, ore 9:30-12:30. Online su Teams al seguente&nbsp;<a href=\"https:\/\/teams.microsoft.com\/l\/team\/19%3aWFSAwCpIioEGRtTImj5sXrzza-AGF79Tf7ycP4UAsag1%40thread.tacv2\/conversations?groupId=8dfa1885-0601-4b87-b18d-65411ef81d05&amp;tenantId=6bfa74cc-fe34-4d57-97d3-97fd6e0edee1\">link<\/a>.&nbsp;<a href=\"https:\/\/sites.unica.it\/fesc\/files\/2025\/11\/CorsoErvas-1.docx\">Scheda corso<\/a>.<\/li>\n\n\n\n<li><strong>Tipi di modelli e stili di spiegazione nelle scienze cognitive<\/strong>&nbsp;(8 ore) \u2013 Docente: Dott. Simone Pinna. Calendario: 23 maggio ore 10-12; 24 maggio ore 15-17; 25-26 maggio ore 10-12. Aula da definire.&nbsp;<a href=\"https:\/\/sites.unica.it\/fesc\/files\/2025\/11\/CorsoPinna.pdf\">Scheda corso<\/a>.<\/li>\n\n\n\n<li><strong>Seminario e convegno del Prof. Bernhard Waldenfels&nbsp;<\/strong>\u2013 Seminario su \u201cMargini e abissi dell\u2019esperienza\u201d (6-8 giugno 2023, Aula Magna Motzo, ore 16.00-19.00); Convegno su \u201cEnigmi della fenomenologia: il non evidente\u201d (9 giugno 2023, la mattina in Sala Settecentesca della Biblioteca Universitaria e il&nbsp; pomeriggio in Aula Motzo).&nbsp;<a href=\"https:\/\/sites.unica.it\/fesc\/files\/2025\/11\/Seminario-Waldenfels-6-8-giugno-2023.pdf\">Locandina Seminario<\/a>,&nbsp;<a href=\"https:\/\/sites.unica.it\/fesc\/files\/2025\/11\/Convegno-Waldenfels-9-giugno-2023.pdf\">Locandina Convegno<\/a>.<\/li>\n\n\n\n<li><strong>Seminari del Prof. Dirk Ifenthaler&nbsp;<\/strong>(Programma Visiting Professor\/Scientist 2022): 12 giugno&nbsp;dalle 15 alle 17 presso l\u2019aula magna \u201cMotzo\u201d: \u201cLearning Analytics \u2013 Definition, Findings and Perspectives\u201d; 13 giugno&nbsp;dalle 11 alle 13 presso l\u2019aula magna \u201cMotzo\u201d: \u201cAdoption of Learning Analytics \u2013 Data-driven vs. Data-demand\u201d, raccomandato principalmente per dottorandi\/e, specializzandi\/e, masterizzandi\/e e ricercatori\/trici del settore.<\/li>\n<\/ol>\n\n\n\n<p><a href=\"https:\/\/sites.unica.it\/fesc\/files\/2025\/11\/Schema-corsi_Dottorato.docx\">QUADRO DI SINTESI DEI CORSI<\/a><\/p>\n","protected":false},"excerpt":{"rendered":"<p>QUADRO DI SINTESI DEI CORSI<\/p>\n","protected":false},"author":9406,"featured_media":0,"parent":114,"menu_order":0,"comment_status":"closed","ping_status":"closed","template":"","meta":{"footnotes":""},"class_list":["post-910","page","type-page","status-publish","hentry"],"_links":{"self":[{"href":"https:\/\/sites.unica.it\/fesc\/wp-json\/wp\/v2\/pages\/910","targetHints":{"allow":["GET"]}}],"collection":[{"href":"https:\/\/sites.unica.it\/fesc\/wp-json\/wp\/v2\/pages"}],"about":[{"href":"https:\/\/sites.unica.it\/fesc\/wp-json\/wp\/v2\/types\/page"}],"author":[{"embeddable":true,"href":"https:\/\/sites.unica.it\/fesc\/wp-json\/wp\/v2\/users\/9406"}],"replies":[{"embeddable":true,"href":"https:\/\/sites.unica.it\/fesc\/wp-json\/wp\/v2\/comments?post=910"}],"version-history":[{"count":2,"href":"https:\/\/sites.unica.it\/fesc\/wp-json\/wp\/v2\/pages\/910\/revisions"}],"predecessor-version":[{"id":938,"href":"https:\/\/sites.unica.it\/fesc\/wp-json\/wp\/v2\/pages\/910\/revisions\/938"}],"up":[{"embeddable":true,"href":"https:\/\/sites.unica.it\/fesc\/wp-json\/wp\/v2\/pages\/114"}],"wp:attachment":[{"href":"https:\/\/sites.unica.it\/fesc\/wp-json\/wp\/v2\/media?parent=910"}],"curies":[{"name":"wp","href":"https:\/\/api.w.org\/{rel}","templated":true}]}}