{"id":797,"date":"2025-11-14T12:11:18","date_gmt":"2025-11-14T11:11:18","guid":{"rendered":"https:\/\/sites.unica.it\/fesc\/?page_id=797"},"modified":"2025-12-10T13:05:54","modified_gmt":"2025-12-10T12:05:54","slug":"coordinatori","status":"publish","type":"page","link":"https:\/\/sites.unica.it\/fesc\/organizzazione\/coordinatori\/","title":{"rendered":"Coordinatori"},"content":{"rendered":"\n<div style=\"height:50px\" aria-hidden=\"true\" class=\"wp-block-spacer\"><\/div>\n\n\n\n<div class=\"wp-block-group is-vertical is-layout-flex wp-container-core-group-is-layout-fe9cc265 wp-block-group-is-layout-flex\">\n<div class=\"wp-block-media-text is-stacked-on-mobile is-vertically-aligned-top\" style=\"grid-template-columns:36% auto\"><figure class=\"wp-block-media-text__media\"><img loading=\"lazy\" decoding=\"async\" width=\"942\" height=\"1024\" src=\"https:\/\/sites.unica.it\/fesc\/files\/2025\/11\/Pietro-Maria-Salis-942x1024.jpg\" alt=\"\" class=\"wp-image-800 size-full\" srcset=\"https:\/\/sites.unica.it\/fesc\/files\/2025\/11\/Pietro-Maria-Salis-942x1024.jpg 942w, https:\/\/sites.unica.it\/fesc\/files\/2025\/11\/Pietro-Maria-Salis-276x300.jpg 276w, https:\/\/sites.unica.it\/fesc\/files\/2025\/11\/Pietro-Maria-Salis-768x835.jpg 768w, https:\/\/sites.unica.it\/fesc\/files\/2025\/11\/Pietro-Maria-Salis-1413x1536.jpg 1413w, https:\/\/sites.unica.it\/fesc\/files\/2025\/11\/Pietro-Maria-Salis.jpg 1513w\" sizes=\"auto, (max-width: 942px) 100vw, 942px\" \/><\/figure><div class=\"wp-block-media-text__content\">\n<p><a href=\"https:\/\/web.unica.it\/unica\/page\/it\/pietrom_salis\"><strong>Pietro Salis<\/strong><\/a><strong> &#8211; Coordinatore<\/strong><\/p>\n\n\n\n<p>Professore associato di Filosofia Teoretica (SSD PHIL-01\/A) presso il Dipartimento di Pedagogia, Psicologia, Filosofia dell\u2019Universit\u00e0 di Cagliari. I suoi interessi di ricerca includono la filosofia del linguaggio, la filosofia della mente e l\u2019epistemologia. Le sue pubblicazioni riguardano principalmente il significato, la normativit\u00e0, la rappresentazione e la verit\u00e0. Si \u00e8 formato a Cagliari, dove ha conseguito un Dottorato in &#8216;Discipline filosofiche&#8217; nel 2006 con una dissertazione sull&#8217;inferenzialismo semantico dal titolo &#8216;Concetti, inferenze, rappresentazioni&#8217;&nbsp;e a Warwick dove ha conseguito un MA in &#8216;Philosophy of mind&#8217; nel 2009. Nel 2018 \u00e8 stato Visiting Scholar presso l&#8217;Universit\u00e0 di Pittsburgh.<\/p>\n<\/div><\/div>\n<\/div>\n\n\n\n<hr class=\"wp-block-separator has-alpha-channel-opacity\" \/>\n\n\n\n<div class=\"wp-block-group is-vertical is-layout-flex wp-container-core-group-is-layout-fe9cc265 wp-block-group-is-layout-flex\">\n<div class=\"wp-block-media-text is-stacked-on-mobile is-vertically-aligned-top\" style=\"grid-template-columns:36% auto\"><figure class=\"wp-block-media-text__media\"><img loading=\"lazy\" decoding=\"async\" width=\"400\" height=\"440\" src=\"http:\/\/sites.unica.it\/fesc\/files\/2025\/12\/Gabriella-Baptist_400x440_2.png\" alt=\"\" class=\"wp-image-1196 size-full\" srcset=\"https:\/\/sites.unica.it\/fesc\/files\/2025\/12\/Gabriella-Baptist_400x440_2.png 400w, https:\/\/sites.unica.it\/fesc\/files\/2025\/12\/Gabriella-Baptist_400x440_2-273x300.png 273w\" sizes=\"auto, (max-width: 400px) 100vw, 400px\" \/><\/figure><div class=\"wp-block-media-text__content\">\n<p><strong><a href=\"https:\/\/web.unica.it\/unica\/page\/it\/gabriella_baptist\">Gabriella Baptist<\/a> &#8211; Vice-Coordinatore<\/strong><\/p>\n\n\n\n<p>Gabriella Baptist \u00e8 professoressa associata di Filosofia morale (11\/PHIL-03) presso il Dipartimento di Pedagogia, Psicologia, Filosofia dell&#8217;Universit\u00e0 degli Studi di Cagliari dal 31 dicembre 2014. Precedentemente \u00e8 stata ricercatrice&nbsp;presso lo stesso Ateneo (dal 1 marzo 2002). Insegna Antropologia filosofica, Etica sociale, Etica per la formazione, Etica applicata e bioetica presso i corsi di laurea di area filosofica e pedagogica della Facolt\u00e0 di Studi Umanistici.\u00c8&nbsp;stata contrattista&nbsp;di ricerca presso&nbsp;l\u2019Universit\u00e0 di Roma Tre&nbsp;(2001-&#8217;02);&nbsp;borsista della Alexander von Humboldt-Stiftung&nbsp;presso l&#8217;Universit\u00e0 della Ruhr di Bochum (1997-\u201999); borsista&nbsp;Post-doc. presso l&#8217;Universit\u00e0 \u201cLa Sapienza\u201d di Roma (1992-\u201994); borsista DAAD presso l&#8217;Universit\u00e0 della Ruhr di Bochum (giugno-settembre 1992 e 1985-&#8217;86). Ha ottenuto borse di studio e finanziamenti per soggiorni di ricerca presso le Universit\u00e0 di&nbsp;Zurigo, Lovanio, Colonia, Berlino, Friburgo.<br>Si \u00e8 laureata in Filosofia con il massimo dei voti e la lode presso l&#8217;Universit\u00e0 \u201cLa Sapienza\u201d di Roma (luglio 1982);&nbsp;Ha conseguito il titolo di dottorato di ricerca in Storia della filosofia moderna e contemporanea&nbsp;presso l&#8217;Universit\u00e0 \u201cLa Sapienza\u201d di Roma (II ciclo, 1985-\u201889, con borsa).<br>Ha ottenuto&nbsp;l\u2019Abilitazione Scientifica Nazionale alla seconda fascia per il settore concorsuale 11\/C3 (Filosofia morale) il &nbsp;27 febbraio 2014 e ha&nbsp;vinto il concorso indetto con D.R. n. 84 il 29 ottobre 2014. Ha pubblicato in varie lingue per riviste e case editrici nazionali e internazionali, ha tradotto testi filosofici dal tedesco, dal francese e dall&#8217;inglese.&nbsp;Ha partecipato e organizzato&nbsp;numerosi convegni, seminari e iniziative di ricerca in Italia e all&#8217;estero.&nbsp;\u00c8 valutatrice anonima per riviste, collane editoriali, istituzioni di ricerca.&nbsp;\u00c8 membro di numerose societ\u00e0 e associazioni di ricerca, \u00e8 nel Comitato scientifico di riviste scientifiche prestigiose. Vincitrice del concorso ordinario, \u00e8 stata insegnante di ruolo di Scienze umane e di Filosofia e Storia negli anni scolastici 1985-2002.<br>Ambiti di ricerca: Filosofia classica tedesca, fenomenologia, ermeneutica, decostruzione, filosofia contemporanea francese e tedesca..<\/p>\n<\/div><\/div>\n<\/div>\n","protected":false},"excerpt":{"rendered":"<p>Pietro Salis &#8211; Coordinatore Professore associato di Filosofia Teoretica (SSD PHIL-01\/A) presso il Dipartimento di Pedagogia, Psicologia, Filosofia dell\u2019Universit\u00e0 di Cagliari. I suoi interessi di ricerca includono la filosofia del linguaggio, la filosofia della mente e [&hellip;]<\/p>\n","protected":false},"author":9406,"featured_media":0,"parent":463,"menu_order":0,"comment_status":"closed","ping_status":"closed","template":"","meta":{"footnotes":""},"class_list":["post-797","page","type-page","status-publish","hentry"],"_links":{"self":[{"href":"https:\/\/sites.unica.it\/fesc\/wp-json\/wp\/v2\/pages\/797","targetHints":{"allow":["GET"]}}],"collection":[{"href":"https:\/\/sites.unica.it\/fesc\/wp-json\/wp\/v2\/pages"}],"about":[{"href":"https:\/\/sites.unica.it\/fesc\/wp-json\/wp\/v2\/types\/page"}],"author":[{"embeddable":true,"href":"https:\/\/sites.unica.it\/fesc\/wp-json\/wp\/v2\/users\/9406"}],"replies":[{"embeddable":true,"href":"https:\/\/sites.unica.it\/fesc\/wp-json\/wp\/v2\/comments?post=797"}],"version-history":[{"count":11,"href":"https:\/\/sites.unica.it\/fesc\/wp-json\/wp\/v2\/pages\/797\/revisions"}],"predecessor-version":[{"id":1199,"href":"https:\/\/sites.unica.it\/fesc\/wp-json\/wp\/v2\/pages\/797\/revisions\/1199"}],"up":[{"embeddable":true,"href":"https:\/\/sites.unica.it\/fesc\/wp-json\/wp\/v2\/pages\/463"}],"wp:attachment":[{"href":"https:\/\/sites.unica.it\/fesc\/wp-json\/wp\/v2\/media?parent=797"}],"curies":[{"name":"wp","href":"https:\/\/api.w.org\/{rel}","templated":true}]}}