{"id":761,"date":"2025-11-13T18:12:05","date_gmt":"2025-11-13T17:12:05","guid":{"rendered":"https:\/\/sites.unica.it\/fesc\/?page_id=761"},"modified":"2025-12-10T13:13:00","modified_gmt":"2025-12-10T12:13:00","slug":"qualita-e-miglioramento","status":"publish","type":"page","link":"https:\/\/sites.unica.it\/fesc\/organizzazione\/qualita-e-miglioramento\/","title":{"rendered":"Qualit\u00e0 e miglioramento"},"content":{"rendered":"\n<div style=\"height:50px\" aria-hidden=\"true\" class=\"wp-block-spacer\"><\/div>\n\n\n\n<p><strong>Sistema di Assicurazione della Qualit\u00e0 (AQ)<\/strong><br>L\u2019organizzazione del Sistema \u00e8 riportata in dettaglio nel documento&nbsp;<a href=\"https:\/\/sites.unica.it\/fesc\/files\/2025\/11\/Schema-SAQ-dottorati-rev.11-01-2024.pdf\"><em>Sistema di Assicurazione della Qualit\u00e0 del Dottorat<\/em>o<\/a>.<\/p>\n\n\n\n<p><strong>Referente per la qualit\u00e0: <\/strong><a href=\"https:\/\/web.unica.it\/unica\/page\/it\/marta_pellegrini\">Marta Pellegrini<\/a><br>\u00c8 il componente della Struttura decentrata del Presidio della Qualit\u00e0 di Ateneo (PQA) che supporta il Dottorato, ed in particolare il Coordinatore, nella corretta implementazione del sistema di AQ. Svolge una funzione di collegamento e coordinamento tra il Dottorato e la Struttura centrale del PQA, segnalando a quest\u2019ultima situazioni particolari e\/o di interesse generale.<\/p>\n\n\n\n<p><strong>Commissione di Autovalutazione (CAV)<\/strong><br>E\u2019 deputata al monitoraggio delle attivit\u00e0 di ricerca e di didattica e di assicurazione della Qualit\u00e0. Svolge, in particolare, i seguenti compiti:<\/p>\n\n\n\n<ul class=\"wp-block-list\">\n<li>propone l\u2019organizzazione e le relative funzioni, responsabilit\u00e0 e tempistiche per l\u2019AQ del Corso di Dottorato (CdD);<\/li>\n\n\n\n<li>verifica il rispetto delle condizioni per l\u2019accreditamento periodico del CdD;<\/li>\n\n\n\n<li>verifica e valuta gli interventi mirati al miglioramento della gestione del CdD;<\/li>\n\n\n\n<li>verifica ed analizza approfonditamente la coerenza degli obiettivi e dell\u2019impianto generale del CdD;<\/li>\n\n\n\n<li>effettua il monitoraggio dei dati ricevuti riguardanti i dottorandi;<\/li>\n\n\n\n<li>propone azioni di miglioramento;<\/li>\n\n\n\n<li>redige il Rapporto di Riesame sintetico e ciclico;<\/li>\n\n\n\n<li>redige la Scheda di Monitoraggio Annuale.<\/li>\n<\/ul>\n\n\n\n<p>La CAV di Dottorato \u00e8 cos\u00ec costituita (Delibera del Collegio di Dottorato del 09.12.2025):<\/p>\n\n\n\n<ul class=\"wp-block-list\">\n<li>Coordinatore: <a href=\"https:\/\/web.unica.it\/unica\/page\/it\/pietrom_salis\">Pietro Maria Salis<\/a>;<\/li>\n\n\n\n<li>Referente per la qualit\u00e0: <a href=\"https:\/\/web.unica.it\/unica\/page\/it\/marta_pellegrini\">Marta Pellegrini<\/a>;<\/li>\n\n\n\n<li>Rappresentante dei dottorandi: <a href=\"https:\/\/sites.unica.it\/fesc\/organizzazione\/dottorandi\/xxxviii-ciclo\/arianna-careddu\/\">Arianna Careddu<\/a>;<\/li>\n\n\n\n<li>Personale tecnico-amministrativo di supporto: <a href=\"https:\/\/web.unica.it\/unica\/page\/it\/diana_giuseppe\">Giuseppe Diana<\/a>.<\/li>\n<\/ul>\n\n\n\n<p><a href=\"https:\/\/web.unica.it\/unica\/it\/ateneo_s11.page\"><strong>Sito di riferimento per il Sistema AQ di Ateneo<\/strong><\/a><\/p>\n","protected":false},"excerpt":{"rendered":"<p>Sistema di Assicurazione della Qualit\u00e0 (AQ)L\u2019organizzazione del Sistema \u00e8 riportata in dettaglio nel documento&nbsp;Sistema di Assicurazione della Qualit\u00e0 del Dottorato. Referente per la qualit\u00e0: Marta Pellegrini\u00c8 il componente della Struttura decentrata del Presidio della Qualit\u00e0 di [&hellip;]<\/p>\n","protected":false},"author":9406,"featured_media":0,"parent":463,"menu_order":0,"comment_status":"closed","ping_status":"closed","template":"","meta":{"footnotes":""},"class_list":["post-761","page","type-page","status-publish","hentry"],"_links":{"self":[{"href":"https:\/\/sites.unica.it\/fesc\/wp-json\/wp\/v2\/pages\/761","targetHints":{"allow":["GET"]}}],"collection":[{"href":"https:\/\/sites.unica.it\/fesc\/wp-json\/wp\/v2\/pages"}],"about":[{"href":"https:\/\/sites.unica.it\/fesc\/wp-json\/wp\/v2\/types\/page"}],"author":[{"embeddable":true,"href":"https:\/\/sites.unica.it\/fesc\/wp-json\/wp\/v2\/users\/9406"}],"replies":[{"embeddable":true,"href":"https:\/\/sites.unica.it\/fesc\/wp-json\/wp\/v2\/comments?post=761"}],"version-history":[{"count":8,"href":"https:\/\/sites.unica.it\/fesc\/wp-json\/wp\/v2\/pages\/761\/revisions"}],"predecessor-version":[{"id":1205,"href":"https:\/\/sites.unica.it\/fesc\/wp-json\/wp\/v2\/pages\/761\/revisions\/1205"}],"up":[{"embeddable":true,"href":"https:\/\/sites.unica.it\/fesc\/wp-json\/wp\/v2\/pages\/463"}],"wp:attachment":[{"href":"https:\/\/sites.unica.it\/fesc\/wp-json\/wp\/v2\/media?parent=761"}],"curies":[{"name":"wp","href":"https:\/\/api.w.org\/{rel}","templated":true}]}}