{"id":709,"date":"2025-11-13T16:02:19","date_gmt":"2025-11-13T15:02:19","guid":{"rendered":"https:\/\/sites.unica.it\/fesc\/?page_id=709"},"modified":"2025-11-20T10:24:12","modified_gmt":"2025-11-20T09:24:12","slug":"xxx-ciclo","status":"publish","type":"page","link":"https:\/\/sites.unica.it\/fesc\/organizzazione\/dottorandi\/xxx-ciclo\/","title":{"rendered":"XXX ciclo"},"content":{"rendered":"\n<div style=\"height:50px\" aria-hidden=\"true\" class=\"wp-block-spacer\"><\/div>\n\n\n\n<p><strong>Claudia ATZORI<\/strong>,&nbsp;<em>Autonomia della morale ed eteronomia della politica: la proposta liberal di Charles Larmore&nbsp;<\/em>(tutor: Prof.ssa Annamaria Loche) \u2013 22 marzo 2018. In commissione i professori: Thomas Casadei (Univesit\u00e0 di Modena e Reggio Emilia), Valeria Ottonelli (Universit\u00e0 di Genova) Antonino Salibra (Universit\u00e0 Ca\u2019 Foscari \u2013 Venezia)<\/p>\n\n\n\n<p><strong>Elenio Michele CICCHINI<\/strong>,&nbsp;<em>Vita mimica. Etica e linguaggio dei mimi<\/em>&nbsp;(tutor: Prof. Pierpaolo Ciccarelli) \u2013 19 luglio 2018. In Commissione i professori: Flavio Cuniberto (Universit\u00e0 degli Studi di Perugia), Maria Luisa Gatti (Universit\u00e0 Cattolica del Sacro Cuore, Milano), Carmelino Meazza (Universit\u00e0 degli Studi di Sassari)<\/p>\n\n\n\n<p><strong>Laura MARONGIU<\/strong>,&nbsp;<em>Paradeigmata: Esempi e modelli matematici in Platone<\/em>&nbsp;(tutor: Prof.ssa Elisabetta Cattanei) \u2013 18 giugno 2019 \u2013 titolo di&nbsp;<strong><em>Doctor Europaeus<\/em>, in cotutela con l\u2019Universit\u00e0 di Colonia<\/strong>. In commissione i professori: Elisabetta Cattanei (Universit\u00e0 di Genova), Christoph Helmig (Universit\u00e4t zu K\u00f6ln), Ignacio Garcia Pe\u00f1a (Universidad de Salamanca), Antonino Salibra (Universit\u00e0 Ca\u2019 Foscari \u2013 Venezia)<\/p>\n\n\n\n<p><strong>Martina Maria MARRAS<\/strong>,&nbsp;<em>Jean Hampton: femminismo e prospettive contrattualistiche oltre Rawls e Gauthier<\/em>&nbsp;(tutor: Prof.ssa Annamaria Loche) \u2013 22 marzo 2018. In commissione i professori: Thomas Casadei (Univesit\u00e0 di Modena e Reggio Emilia), Valeria Ottonelli (Universit\u00e0 di Genova) Antonino Salibra (Universit\u00e0 Ca\u2019 Foscari \u2013 Venezia)<\/p>\n\n\n\n<p><strong>Luisa PERUZZI<\/strong>,&nbsp;<em>Algebraic approach to paraconsistent weak Kleene logic<\/em>&nbsp;(tutor: Prof. Francesco Paoli) \u2013 22 marzo 2018. In commissione i professori: Thomas Casadei (Univesit\u00e0 di Modena e Reggio Emilia), Valeria Ottonelli (Universit\u00e0 di Genova) Antonino Salibra (Universit\u00e0 Ca\u2019 Foscari \u2013 Venezia)<\/p>\n\n\n\n<p><strong>Malgorzata PLUMBAUM<\/strong>,&nbsp;<em>La nozione di stoicheion nei libri alpha e beta della Metafisica<\/em>&nbsp;(tutor: Prof.ssa Elisabetta Cattanei) \u2013 19 luglio 2018. In Commissione i professori: Flavio Cuniberto (Universit\u00e0 degli Studi di Perugia), Maria Luisa Gatti (Universit\u00e0 Cattolica del Sacro Cuore, Milano), Carmelino Meazza (Universit\u00e0 degli Studi di Sassari)<\/p>\n","protected":false},"excerpt":{"rendered":"<p>Claudia ATZORI,&nbsp;Autonomia della morale ed eteronomia della politica: la proposta liberal di Charles Larmore&nbsp;(tutor: Prof.ssa Annamaria Loche) \u2013 22 marzo 2018. In commissione i professori: Thomas Casadei (Univesit\u00e0 di Modena e Reggio Emilia), Valeria Ottonelli (Universit\u00e0 [&hellip;]<\/p>\n","protected":false},"author":9406,"featured_media":0,"parent":483,"menu_order":0,"comment_status":"closed","ping_status":"closed","template":"","meta":{"footnotes":""},"class_list":["post-709","page","type-page","status-publish","hentry"],"_links":{"self":[{"href":"https:\/\/sites.unica.it\/fesc\/wp-json\/wp\/v2\/pages\/709","targetHints":{"allow":["GET"]}}],"collection":[{"href":"https:\/\/sites.unica.it\/fesc\/wp-json\/wp\/v2\/pages"}],"about":[{"href":"https:\/\/sites.unica.it\/fesc\/wp-json\/wp\/v2\/types\/page"}],"author":[{"embeddable":true,"href":"https:\/\/sites.unica.it\/fesc\/wp-json\/wp\/v2\/users\/9406"}],"replies":[{"embeddable":true,"href":"https:\/\/sites.unica.it\/fesc\/wp-json\/wp\/v2\/comments?post=709"}],"version-history":[{"count":1,"href":"https:\/\/sites.unica.it\/fesc\/wp-json\/wp\/v2\/pages\/709\/revisions"}],"predecessor-version":[{"id":710,"href":"https:\/\/sites.unica.it\/fesc\/wp-json\/wp\/v2\/pages\/709\/revisions\/710"}],"up":[{"embeddable":true,"href":"https:\/\/sites.unica.it\/fesc\/wp-json\/wp\/v2\/pages\/483"}],"wp:attachment":[{"href":"https:\/\/sites.unica.it\/fesc\/wp-json\/wp\/v2\/media?parent=709"}],"curies":[{"name":"wp","href":"https:\/\/api.w.org\/{rel}","templated":true}]}}