{"id":707,"date":"2025-11-13T16:01:28","date_gmt":"2025-11-13T15:01:28","guid":{"rendered":"https:\/\/sites.unica.it\/fesc\/?page_id=707"},"modified":"2025-11-20T10:24:09","modified_gmt":"2025-11-20T09:24:09","slug":"xxxi-ciclo","status":"publish","type":"page","link":"https:\/\/sites.unica.it\/fesc\/organizzazione\/dottorandi\/xxxi-ciclo\/","title":{"rendered":"XXXI ciclo"},"content":{"rendered":"\n<div style=\"height:50px\" aria-hidden=\"true\" class=\"wp-block-spacer\"><\/div>\n\n\n\n<p><strong>Alice MARRAS<\/strong>,&nbsp;<em>Ripensare la sovranit\u00e0. Dal laboratorio del giovane Kelsen agli esordi dell&#8217;\u201dEt\u00e0 Laski\u201d (1905-1931)<\/em>&nbsp;(tutor: Prof. Vinicio Busacchi) \u2013 21 gennaio 2019. In commissione i professori: Irene Fosi (Universit\u00e0 degli Studi \u201cG. D\u2019Annunzio\u201d Chieti-Pescara), Gianluca Dioni (Universit\u00e0 degli Studi di Napoli \u201cFederico II\u201d), Massimiliano Spano (Pontificia Facolt\u00e0 Teologica della Sardegna)<\/p>\n\n\n\n<p><strong>Maria Chiara SANNA<\/strong>,\u00a0<em>La preistoria del quadrivium prima e dopo Platone<\/em>\u00a0(tutor: Prof.ssa Elisabetta Cattanei) \u2013 18 giugno 2019 \u2013 titolo di\u00a0<em>Doctor Europaeus<\/em>, in cotutela con l\u2019Universit\u00e0 di Salamanca. In commissione i professori: Elisabetta Cattanei (Universit\u00e0 di Genova), Christoph Helmig (Universit\u00e4t zu K\u00f6ln), Ignacio Garcia Pe\u00f1a (Universidad de Salamanca), Antonino Salibra (Universit\u00e0 Ca\u2019 Foscari \u2013 Venezia)<\/p>\n\n\n\n<p><strong>Laura USALLA<\/strong>,&nbsp;<em>Libri e cultura nella Sardegna del \u2018600<\/em>&nbsp;(tutor: Prof.ssa Giovanna Granata) \u2013 21 gennaio 2019. In commissione i professori: Irene Fosi (Universit\u00e0 degli Studi \u201cG. D\u2019Annunzio\u201d Chieti-Pescara), Gianluca Dioni (Universit\u00e0 degli Studi di Napoli \u201cFederico II\u201d), Massimiliano Spano (Pontificia Facolt\u00e0 Teologica della Sardegna)<\/p>\n\n\n\n<p><strong>Ranjith VENKATRAMA<\/strong>,&nbsp;<em>Studies in Qudits-Based Multi-Valued Quantum Computational Logic<\/em>&nbsp;(tutor: Prof. Roberto Giuntini) \u2013 18 giugno 2019 \u2013 In commissione i professori: Elisabetta Cattanei (Universit\u00e0 di Genova), Christoph Helmig (Universit\u00e4t zu K\u00f6ln), Ignacio Garcia Pe\u00f1a (Universidad de Salamanca), Antonino Salibra (Universit\u00e0 Ca\u2019 Foscari \u2013 Venezia)<\/p>\n","protected":false},"excerpt":{"rendered":"<p>Alice MARRAS,&nbsp;Ripensare la sovranit\u00e0. Dal laboratorio del giovane Kelsen agli esordi dell&#8217;\u201dEt\u00e0 Laski\u201d (1905-1931)&nbsp;(tutor: Prof. Vinicio Busacchi) \u2013 21 gennaio 2019. In commissione i professori: Irene Fosi (Universit\u00e0 degli Studi \u201cG. D\u2019Annunzio\u201d Chieti-Pescara), Gianluca Dioni (Universit\u00e0 [&hellip;]<\/p>\n","protected":false},"author":9406,"featured_media":0,"parent":483,"menu_order":0,"comment_status":"closed","ping_status":"closed","template":"","meta":{"footnotes":""},"class_list":["post-707","page","type-page","status-publish","hentry"],"_links":{"self":[{"href":"https:\/\/sites.unica.it\/fesc\/wp-json\/wp\/v2\/pages\/707","targetHints":{"allow":["GET"]}}],"collection":[{"href":"https:\/\/sites.unica.it\/fesc\/wp-json\/wp\/v2\/pages"}],"about":[{"href":"https:\/\/sites.unica.it\/fesc\/wp-json\/wp\/v2\/types\/page"}],"author":[{"embeddable":true,"href":"https:\/\/sites.unica.it\/fesc\/wp-json\/wp\/v2\/users\/9406"}],"replies":[{"embeddable":true,"href":"https:\/\/sites.unica.it\/fesc\/wp-json\/wp\/v2\/comments?post=707"}],"version-history":[{"count":2,"href":"https:\/\/sites.unica.it\/fesc\/wp-json\/wp\/v2\/pages\/707\/revisions"}],"predecessor-version":[{"id":715,"href":"https:\/\/sites.unica.it\/fesc\/wp-json\/wp\/v2\/pages\/707\/revisions\/715"}],"up":[{"embeddable":true,"href":"https:\/\/sites.unica.it\/fesc\/wp-json\/wp\/v2\/pages\/483"}],"wp:attachment":[{"href":"https:\/\/sites.unica.it\/fesc\/wp-json\/wp\/v2\/media?parent=707"}],"curies":[{"name":"wp","href":"https:\/\/api.w.org\/{rel}","templated":true}]}}