{"id":1621,"date":"2026-03-05T14:30:55","date_gmt":"2026-03-05T13:30:55","guid":{"rendered":"https:\/\/sites.unica.it\/fesc\/?page_id=1621"},"modified":"2026-03-05T14:56:42","modified_gmt":"2026-03-05T13:56:42","slug":"perception-based-mindreading","status":"publish","type":"page","link":"https:\/\/sites.unica.it\/fesc\/percorso-formativo\/offerta-formativa-2025-26\/perception-based-mindreading\/","title":{"rendered":"Perception-Based Mindreading"},"content":{"rendered":"\n<div style=\"height:50px\" aria-hidden=\"true\" class=\"wp-block-spacer\"><\/div>\n\n\n\n<p><strong>Corso di Dottorato in Filosofia, Epistemologia, Scienze Umane<\/strong><\/p>\n\n\n\n<p>Universit\u00e0 di Cagliari, Dipartimento di Pedagogia, Psicologia, Filosofia<\/p>\n\n\n\n<p><strong>Titolo del corso<\/strong>:\u201cPerception-Based Mindreading\u201d<\/p>\n\n\n\n<p><strong>N. ore<\/strong>: 2<\/p>\n\n\n\n<p><strong>Docenti<\/strong>: Filippo Contesi (Cagliari), <a href=\"mailto:filippo.contesi@unica.it\">filippo.contesi@unica.it<\/a>, Joulia Smortchkova (Grenoble), Visiting Professor\/Scientist UniCA 2026\/27<\/p>\n\n\n\n<p><strong>Breve bio\/bibliografia<\/strong>: Joulia Smortchkova holds a \u201cChaire de Professeur Junior\u201d at the Universit\u00e9 Grenoble Alpes. She has a PhD in Philosophy from the Jean Nicod Institute (CNRS, ENS, EHESS) in Paris as well as an \u201cAgr\u00e9gation\u201d in Philosophy. She studied both philosophy and cognitive science at Master\u2019s level (MA and MSc) and she is an alumna of the \u201cS\u00e9lection Internationale\u201d of the \u00c9cole Normale Sup\u00e9rieure in Paris and of the Collegio Superiore of the Universit\u00e0 di Bologna. Before her current position, Joulia worked as a Postdoctoral Fellow at the Ruhr-Universit\u00e4t in Bochum and then as a Postdoctoral Fellow and Junior Research Fellow at Somerville College and Oxford University.<\/p>\n\n\n\n<p><strong>Modalit\u00e0 di erogazione<\/strong>: in presenza e online<\/p>\n\n\n\n<p><strong>Calendario degli incontri<\/strong>: 17 febbraio 2026, 15 &#8211; 17<\/p>\n\n\n\n<p><strong>Aula e\/o Link<\/strong>: Loi (Sa Duchessa, Corpo Centrale), <a href=\"https:\/\/teams.microsoft.com\/l\/meetup-join\/19%3ameeting_ZDU2MzliMWQtZWUyZi00NGVkLWEwZmMtYjI2ODQ0YjMwYWYw%40thread.v2\/0?context=%7b%22Tid%22%3a%226bfa74cc-fe34-4d57-97d3-97fd6e0edee1%22%2c%22Oid%22%3a%22a3500832-3418-4c1e-b7e2-4ea895c7f372%22%7d\" target=\"_blank\" rel=\"noreferrer noopener\">Seminario Dottorandi Smortchkova | Meeting-Join | Microsoft Teams<\/a><\/p>\n\n\n\n<p><strong>Lingua<\/strong>: inglese<\/p>\n\n\n\n<p><strong>Conoscenze preliminari richieste<\/strong>: nessuna<\/p>\n\n\n\n<p><strong>Breve descrizione del corso<\/strong>: the seminar focuses on a set of under-explored phenomena, at the crossroads between philosophy of mind and aesthetics, that often straddle the perception\/cognition divide: these include appearances, looks, seemings, mirages, illusions and impressions. Such phenomena have a real impact on many aspects of our lives and deserve much more philosophical scrutiny than they have received. Even though (Western) philosophy has traditionally opposed appearance to reality, the project aims to show that the phenomena in question are best studied not as a negative counterpart of reality, but as aspects of reality in their own right.<\/p>\n\n\n\n<p><strong>Articolazione interna degli incontri seminariali<\/strong>:<\/p>\n\n\n\n<p><strong>Riferimenti bibliografici<\/strong>:<\/p>\n\n\n\n<p><strong>Valutazione finale<\/strong>: no<\/p>\n\n\n\n<p><strong>Altre informazioni utili<\/strong>: di interesse potenziale per filosofi, psicologi e pedagogisti, data la natura interdisciplinare del lavoro dei docenti<\/p>\n","protected":false},"excerpt":{"rendered":"<p>Corso di Dottorato in Filosofia, Epistemologia, Scienze Umane Universit\u00e0 di Cagliari, Dipartimento di Pedagogia, Psicologia, Filosofia Titolo del corso:\u201cPerception-Based Mindreading\u201d N. ore: 2 Docenti: Filippo Contesi (Cagliari), filippo.contesi@unica.it, Joulia Smortchkova (Grenoble), Visiting Professor\/Scientist UniCA 2026\/27 Breve [&hellip;]<\/p>\n","protected":false},"author":9406,"featured_media":0,"parent":137,"menu_order":0,"comment_status":"closed","ping_status":"closed","template":"","meta":{"footnotes":""},"class_list":["post-1621","page","type-page","status-publish","hentry"],"_links":{"self":[{"href":"https:\/\/sites.unica.it\/fesc\/wp-json\/wp\/v2\/pages\/1621","targetHints":{"allow":["GET"]}}],"collection":[{"href":"https:\/\/sites.unica.it\/fesc\/wp-json\/wp\/v2\/pages"}],"about":[{"href":"https:\/\/sites.unica.it\/fesc\/wp-json\/wp\/v2\/types\/page"}],"author":[{"embeddable":true,"href":"https:\/\/sites.unica.it\/fesc\/wp-json\/wp\/v2\/users\/9406"}],"replies":[{"embeddable":true,"href":"https:\/\/sites.unica.it\/fesc\/wp-json\/wp\/v2\/comments?post=1621"}],"version-history":[{"count":1,"href":"https:\/\/sites.unica.it\/fesc\/wp-json\/wp\/v2\/pages\/1621\/revisions"}],"predecessor-version":[{"id":1622,"href":"https:\/\/sites.unica.it\/fesc\/wp-json\/wp\/v2\/pages\/1621\/revisions\/1622"}],"up":[{"embeddable":true,"href":"https:\/\/sites.unica.it\/fesc\/wp-json\/wp\/v2\/pages\/137"}],"wp:attachment":[{"href":"https:\/\/sites.unica.it\/fesc\/wp-json\/wp\/v2\/media?parent=1621"}],"curies":[{"name":"wp","href":"https:\/\/api.w.org\/{rel}","templated":true}]}}