{"id":1231,"date":"2026-01-13T13:35:28","date_gmt":"2026-01-13T12:35:28","guid":{"rendered":"https:\/\/sites.unica.it\/fesc\/?page_id=1231"},"modified":"2026-01-13T13:36:24","modified_gmt":"2026-01-13T12:36:24","slug":"alessandro-ciurnelli","status":"publish","type":"page","link":"https:\/\/sites.unica.it\/fesc\/organizzazione\/dottorandi\/xli-ciclo\/alessandro-ciurnelli\/","title":{"rendered":"Alessandro Ciurnelli"},"content":{"rendered":"\n<div style=\"height:25px\" aria-hidden=\"true\" class=\"wp-block-spacer\"><\/div>\n\n\n\n<p><em>(Tutor: Prof. Francesco Paoli)<\/em><\/p>\n\n\n\n<p>L\u2019obiettivo del mio progetto \u00e8 un\u2019analisi dei modi in cui i sostenitori di una concezione epistemica della verit\u00e0 possono affrontare il Paradosso della Conoscibilit\u00e0.<br>\u00c8 comune che una concezione epistemica affermi che tutte le verit\u00e0 sono conoscibili ma che esistono verit\u00e0 che non saranno mai conosciute. Questo paradosso \u00e8 un argomento che, a partire da \u201ctutte le verit\u00e0 sono conoscibili\u201d, ci costringe a concludere che \u201ctutte le verit\u00e0 saranno conosciute\u201d. Di fronte a questo problema, i sostenitori della verit\u00e0 epistemica hanno reagito in vari modi. Una strategia particolarmente promettente, da mettere alla prova e sviluppare, \u00e8 portata avanti dalle nuove versioni della restrizione semantica della tesi secondo cui tutte le verit\u00e0 sono conoscibili. Tale strategia si basa su una comprensione antirealista della modalit\u00e0 e della semantica della logica modale ed epistemica.<br>I miei altri interessi di ricerca sono la proof-theoretic semantics e le logiche substrutturali.<\/p>\n","protected":false},"excerpt":{"rendered":"<p>(Tutor: Prof. Francesco Paoli) L\u2019obiettivo del mio progetto \u00e8 un\u2019analisi dei modi in cui i sostenitori di una concezione epistemica della verit\u00e0 possono affrontare il Paradosso della Conoscibilit\u00e0.\u00c8 comune che una concezione epistemica affermi che tutte [&hellip;]<\/p>\n","protected":false},"author":9406,"featured_media":0,"parent":1172,"menu_order":0,"comment_status":"closed","ping_status":"closed","template":"","meta":{"footnotes":""},"class_list":["post-1231","page","type-page","status-publish","hentry"],"_links":{"self":[{"href":"https:\/\/sites.unica.it\/fesc\/wp-json\/wp\/v2\/pages\/1231","targetHints":{"allow":["GET"]}}],"collection":[{"href":"https:\/\/sites.unica.it\/fesc\/wp-json\/wp\/v2\/pages"}],"about":[{"href":"https:\/\/sites.unica.it\/fesc\/wp-json\/wp\/v2\/types\/page"}],"author":[{"embeddable":true,"href":"https:\/\/sites.unica.it\/fesc\/wp-json\/wp\/v2\/users\/9406"}],"replies":[{"embeddable":true,"href":"https:\/\/sites.unica.it\/fesc\/wp-json\/wp\/v2\/comments?post=1231"}],"version-history":[{"count":1,"href":"https:\/\/sites.unica.it\/fesc\/wp-json\/wp\/v2\/pages\/1231\/revisions"}],"predecessor-version":[{"id":1232,"href":"https:\/\/sites.unica.it\/fesc\/wp-json\/wp\/v2\/pages\/1231\/revisions\/1232"}],"up":[{"embeddable":true,"href":"https:\/\/sites.unica.it\/fesc\/wp-json\/wp\/v2\/pages\/1172"}],"wp:attachment":[{"href":"https:\/\/sites.unica.it\/fesc\/wp-json\/wp\/v2\/media?parent=1231"}],"curies":[{"name":"wp","href":"https:\/\/api.w.org\/{rel}","templated":true}]}}