{"id":1027,"date":"2025-11-20T17:09:31","date_gmt":"2025-11-20T16:09:31","guid":{"rendered":"https:\/\/sites.unica.it\/fesc\/?page_id=1027"},"modified":"2025-11-21T13:54:42","modified_gmt":"2025-11-21T12:54:42","slug":"xxx-cycle","status":"publish","type":"page","link":"https:\/\/sites.unica.it\/fesc\/en\/organisation\/phd-students\/xxx-cycle\/","title":{"rendered":"XXX cycle"},"content":{"rendered":"\n<div style=\"height:50px\" aria-hidden=\"true\" class=\"wp-block-spacer\"><\/div>\n\n\n\n<p><strong>Claudia ATZORI<\/strong>,\u00a0<em>Autonomia della morale ed eteronomia della politica: la proposta liberal di Charles Larmore\u00a0<\/em>(tutor: Prof.ssa Annamaria Loche) \u2013 22 March2018. Commission Professors: Thomas Casadei (Univesit\u00e0 di Modena e Reggio Emilia), Valeria Ottonelli (Universit\u00e0 di Genova) Antonino Salibra (Universit\u00e0 Ca\u2019 Foscari \u2013 Venezia)<\/p>\n\n\n\n<p><strong>Elenio Michele CICCHINI<\/strong>,\u00a0<em>Vita mimica. Etica e linguaggio dei mimi<\/em>\u00a0(tutor: Prof. Pierpaolo Ciccarelli) \u2013 19 July 2018. Commission Professors: Flavio Cuniberto (Universit\u00e0 degli Studi di Perugia), Maria Luisa Gatti (Universit\u00e0 Cattolica del Sacro Cuore, Milano), Carmelino Meazza (Universit\u00e0 degli Studi di Sassari)<\/p>\n\n\n\n<p><strong>Laura MARONGIU<\/strong>,\u00a0<em>Paradeigmata: Esempi e modelli matematici in Platone<\/em>\u00a0(tutor: Prof.ssa Elisabetta Cattanei) \u2013 18 June 2019 \u2013 title of\u00a0<strong><em>Doctor Europaeus<\/em>, in joint supervision with the University of Colonia<\/strong>. Commission Professors: Elisabetta Cattanei (Universit\u00e0 di Genova), Christoph Helmig (Universit\u00e4t zu K\u00f6ln), Ignacio Garcia Pe\u00f1a (Universidad de Salamanca), Antonino Salibra (Universit\u00e0 Ca\u2019 Foscari \u2013 Venezia)<\/p>\n\n\n\n<p><strong>Martina Maria MARRAS<\/strong>,\u00a0<em>Jean Hampton: femminismo e prospettive contrattualistiche oltre Rawls e Gauthier<\/em>\u00a0(tutor: Prof.ssa Annamaria Loche) \u2013 22 March 2018. Commission Professors: Thomas Casadei (Univesit\u00e0 di Modena e Reggio Emilia), Valeria Ottonelli (Universit\u00e0 di Genova) Antonino Salibra (Universit\u00e0 Ca\u2019 Foscari \u2013 Venezia)<\/p>\n\n\n\n<p><strong>Luisa PERUZZI<\/strong>,\u00a0<em>Algebraic approach to paraconsistent weak Kleene logic<\/em>\u00a0(tutor: Prof. Francesco Paoli) \u2013 22 March 2018. Commission Professors: Thomas Casadei (Univesit\u00e0 di Modena e Reggio Emilia), Valeria Ottonelli (Universit\u00e0 di Genova) Antonino Salibra (Universit\u00e0 Ca\u2019 Foscari \u2013 Venezia)<\/p>\n\n\n\n<p><strong>Malgorzata PLUMBAUM<\/strong>,\u00a0<em>La nozione di stoicheion nei libri alpha e beta della Metafisica<\/em>\u00a0(tutor: Prof.ssa Elisabetta Cattanei) \u2013 19 July 2018. Commission Professors: Flavio Cuniberto (Universit\u00e0 degli Studi di Perugia), Maria Luisa Gatti (Universit\u00e0 Cattolica del Sacro Cuore, Milano), Carmelino Meazza (Universit\u00e0 degli Studi di Sassari)<\/p>\n","protected":false},"excerpt":{"rendered":"<p>Claudia ATZORI,\u00a0Autonomia della morale ed eteronomia della politica: la proposta liberal di Charles Larmore\u00a0(tutor: Prof.ssa Annamaria Loche) \u2013 22 March2018. Commission Professors: Thomas Casadei (Univesit\u00e0 di Modena e Reggio Emilia), Valeria Ottonelli (Universit\u00e0 di Genova) Antonino [&hellip;]<\/p>\n","protected":false},"author":9406,"featured_media":0,"parent":870,"menu_order":0,"comment_status":"closed","ping_status":"closed","template":"","meta":{"footnotes":""},"class_list":["post-1027","page","type-page","status-publish","hentry"],"_links":{"self":[{"href":"https:\/\/sites.unica.it\/fesc\/wp-json\/wp\/v2\/pages\/1027","targetHints":{"allow":["GET"]}}],"collection":[{"href":"https:\/\/sites.unica.it\/fesc\/wp-json\/wp\/v2\/pages"}],"about":[{"href":"https:\/\/sites.unica.it\/fesc\/wp-json\/wp\/v2\/types\/page"}],"author":[{"embeddable":true,"href":"https:\/\/sites.unica.it\/fesc\/wp-json\/wp\/v2\/users\/9406"}],"replies":[{"embeddable":true,"href":"https:\/\/sites.unica.it\/fesc\/wp-json\/wp\/v2\/comments?post=1027"}],"version-history":[{"count":3,"href":"https:\/\/sites.unica.it\/fesc\/wp-json\/wp\/v2\/pages\/1027\/revisions"}],"predecessor-version":[{"id":1146,"href":"https:\/\/sites.unica.it\/fesc\/wp-json\/wp\/v2\/pages\/1027\/revisions\/1146"}],"up":[{"embeddable":true,"href":"https:\/\/sites.unica.it\/fesc\/wp-json\/wp\/v2\/pages\/870"}],"wp:attachment":[{"href":"https:\/\/sites.unica.it\/fesc\/wp-json\/wp\/v2\/media?parent=1027"}],"curies":[{"name":"wp","href":"https:\/\/api.w.org\/{rel}","templated":true}]}}