{"id":1025,"date":"2025-11-20T17:08:54","date_gmt":"2025-11-20T16:08:54","guid":{"rendered":"https:\/\/sites.unica.it\/fesc\/?page_id=1025"},"modified":"2025-11-21T13:49:52","modified_gmt":"2025-11-21T12:49:52","slug":"xxxi-cycle","status":"publish","type":"page","link":"https:\/\/sites.unica.it\/fesc\/en\/organisation\/phd-students\/xxxi-cycle\/","title":{"rendered":"XXXI cycle"},"content":{"rendered":"\n<div style=\"height:50px\" aria-hidden=\"true\" class=\"wp-block-spacer\"><\/div>\n\n\n\n<p><strong>Alice MARRAS<\/strong>,\u00a0<em>Ripensare la sovranit\u00e0. Dal laboratorio del giovane Kelsen agli esordi dell&#8217;\u201dEt\u00e0 Laski\u201d (1905-1931)<\/em>\u00a0(tutor: Prof. Vinicio Busacchi) \u2013 21 January 2019. Commission Professors: Irene Fosi (Universit\u00e0 degli Studi \u201cG. D\u2019Annunzio\u201d Chieti-Pescara), Gianluca Dioni (Universit\u00e0 degli Studi di Napoli \u201cFederico II\u201d), Massimiliano Spano (Pontificia Facolt\u00e0 Teologica della Sardegna)<\/p>\n\n\n\n<p><strong>Maria Chiara SANNA<\/strong>,\u00a0<em>La preistoria del quadrivium prima e dopo Platone<\/em>\u00a0(tutor: Prof.ssa Elisabetta Cattanei) \u2013 18 June 2019 \u2013 titolo di\u00a0<em>Doctor Europaeus<\/em>, in cotutela con l\u2019Universit\u00e0 di Salamanca. Commission Professors: Elisabetta Cattanei (Universit\u00e0 di Genova), Christoph Helmig (Universit\u00e4t zu K\u00f6ln), Ignacio Garcia Pe\u00f1a (Universidad de Salamanca), Antonino Salibra (Universit\u00e0 Ca\u2019 Foscari \u2013 Venezia)<\/p>\n\n\n\n<p><strong>Laura USALLA<\/strong>,\u00a0<em>Libri e cultura nella Sardegna del \u2018600<\/em>\u00a0(tutor: Prof.ssa Giovanna Granata) \u2013 21 January 2019. Commission Professors: Irene Fosi (Universit\u00e0 degli Studi \u201cG. D\u2019Annunzio\u201d Chieti-Pescara), Gianluca Dioni (Universit\u00e0 degli Studi di Napoli \u201cFederico II\u201d), Massimiliano Spano (Pontificia Facolt\u00e0 Teologica della Sardegna)<\/p>\n\n\n\n<p><strong>Ranjith VENKATRAMA<\/strong>,\u00a0<em>Studies in Qudits-Based Multi-Valued Quantum Computational Logic<\/em>\u00a0(tutor: Prof. Roberto Giuntini) \u2013 18 June 2019 \u2013 Commission Professors: Elisabetta Cattanei (Universit\u00e0 di Genova), Christoph Helmig (Universit\u00e4t zu K\u00f6ln), Ignacio Garcia Pe\u00f1a (Universidad de Salamanca), Antonino Salibra (Universit\u00e0 Ca\u2019 Foscari \u2013 Venezia)<\/p>\n","protected":false},"excerpt":{"rendered":"<p>Alice MARRAS,\u00a0Ripensare la sovranit\u00e0. Dal laboratorio del giovane Kelsen agli esordi dell&#8217;\u201dEt\u00e0 Laski\u201d (1905-1931)\u00a0(tutor: Prof. Vinicio Busacchi) \u2013 21 January 2019. Commission Professors: Irene Fosi (Universit\u00e0 degli Studi \u201cG. D\u2019Annunzio\u201d Chieti-Pescara), Gianluca Dioni (Universit\u00e0 degli Studi [&hellip;]<\/p>\n","protected":false},"author":9406,"featured_media":0,"parent":870,"menu_order":0,"comment_status":"closed","ping_status":"closed","template":"","meta":{"footnotes":""},"class_list":["post-1025","page","type-page","status-publish","hentry"],"_links":{"self":[{"href":"https:\/\/sites.unica.it\/fesc\/wp-json\/wp\/v2\/pages\/1025","targetHints":{"allow":["GET"]}}],"collection":[{"href":"https:\/\/sites.unica.it\/fesc\/wp-json\/wp\/v2\/pages"}],"about":[{"href":"https:\/\/sites.unica.it\/fesc\/wp-json\/wp\/v2\/types\/page"}],"author":[{"embeddable":true,"href":"https:\/\/sites.unica.it\/fesc\/wp-json\/wp\/v2\/users\/9406"}],"replies":[{"embeddable":true,"href":"https:\/\/sites.unica.it\/fesc\/wp-json\/wp\/v2\/comments?post=1025"}],"version-history":[{"count":2,"href":"https:\/\/sites.unica.it\/fesc\/wp-json\/wp\/v2\/pages\/1025\/revisions"}],"predecessor-version":[{"id":1142,"href":"https:\/\/sites.unica.it\/fesc\/wp-json\/wp\/v2\/pages\/1025\/revisions\/1142"}],"up":[{"embeddable":true,"href":"https:\/\/sites.unica.it\/fesc\/wp-json\/wp\/v2\/pages\/870"}],"wp:attachment":[{"href":"https:\/\/sites.unica.it\/fesc\/wp-json\/wp\/v2\/media?parent=1025"}],"curies":[{"name":"wp","href":"https:\/\/api.w.org\/{rel}","templated":true}]}}