{"id":174,"date":"2017-07-04T17:35:15","date_gmt":"2017-07-04T15:35:15","guid":{"rendered":"http:\/\/sites.unica.it\/enchires\/?page_id=174"},"modified":"2017-07-04T17:35:15","modified_gmt":"2017-07-04T15:35:15","slug":"presentations","status":"publish","type":"page","link":"https:\/\/sites.unica.it\/enchires\/presentations\/","title":{"rendered":"Presentations"},"content":{"rendered":"<ul>\n<li>Martijn C. Willemsen &#8211; <a href=\"http:\/\/sites.unica.it\/enchires\/files\/2017\/07\/Enchires_keynoteWillemsen_june2017.pdf\"><strong>Understanding user preferences and goals in recommender systems<\/strong><\/a><\/li>\n<li>Catalin-Mihai Barbu and J\u00fcrgen Ziegler &#8211; <strong><a href=\"http:\/\/sites.unica.it\/enchires\/files\/2017\/07\/EnCHIReS-17-BarbuZiegler-slides.pdf\">Towards a Design Space for Personalizing the Presentation of Recommendations<\/a><\/strong><\/li>\n<li><strong><\/strong>Sergejs Pugacs, Sven Helmer and Markus Zanker &#8211; <strong><a href=\"http:\/\/sites.unica.it\/enchires\/files\/2017\/07\/sergejs_pugacs_presentation.pdf\">A Framework for Comparing Interactive Route Planning Apps in Tourism<\/a><\/strong><\/li>\n<li><strong><\/strong>Giorgia Di Tommaso and Giovanni Stilo &#8211; <a href=\"http:\/\/sites.unica.it\/enchires\/files\/2017\/07\/Enchires-DiTommaso_Stilo.pdf\"><strong>Twixonomy Visualization Interface: How to wander around User Preferences<\/strong><\/a><\/li>\n<li>Maurizio Atzori, Ludovico Boratto and Lucio Davide Spano &#8211; <a href=\"http:\/\/sites.unica.it\/enchires\/files\/2017\/07\/enchires2017_1.0.pdf\"><strong>Towards Chatbots as Recommendation Interfaces<\/strong><\/a><\/li>\n<li>Elodie Bouzekri, Alexandre Canny, Camille Fayollas, C\u00e9lia Martinie, Philippe Palanque, Eric Barboni, Yannick D\u00e9l\u00e9ris and Christine Gris &#8211; <a href=\"http:\/\/sites.unica.it\/enchires\/files\/2017\/07\/EICS-2017-_-Palanque-_-WS-Recommender-Systems-Web.pdf\"><strong>A List of Pre-Requisites to Make Recommender Systems Deployable in Critical Context<\/strong><\/a><\/li>\n<li>Daricia Wilkinson, Saadhika Sivakumar, Pratitee Sinha and Bart Knijnenburg &#8211; <a href=\"http:\/\/sites.unica.it\/enchires\/files\/2017\/07\/Enchires_Wilkinson_Sivakumar_Sinha_Knijnenburg.pdf\"><strong>Testing a Recommender System for Self-Actualization<\/strong><\/a><\/li>\n<\/ul>\n","protected":false},"excerpt":{"rendered":"<p>Martijn C. Willemsen &#8211; Understanding user preferences and goals in recommender systems Catalin-Mihai Barbu and J\u00fcrgen Ziegler &#8211; Towards a Design Space for Personalizing the Presentation of Recommendations Sergejs Pugacs, <a class=\"more-link\" href=\"https:\/\/sites.unica.it\/enchires\/presentations\/\">Continue Reading &amp;rarr;<\/a><\/p>\n","protected":false},"author":2651,"featured_media":0,"parent":0,"menu_order":0,"comment_status":"closed","ping_status":"closed","template":"","meta":{"footnotes":""},"class_list":["post-174","page","type-page","status-publish","hentry"],"_links":{"self":[{"href":"https:\/\/sites.unica.it\/enchires\/wp-json\/wp\/v2\/pages\/174","targetHints":{"allow":["GET"]}}],"collection":[{"href":"https:\/\/sites.unica.it\/enchires\/wp-json\/wp\/v2\/pages"}],"about":[{"href":"https:\/\/sites.unica.it\/enchires\/wp-json\/wp\/v2\/types\/page"}],"author":[{"embeddable":true,"href":"https:\/\/sites.unica.it\/enchires\/wp-json\/wp\/v2\/users\/2651"}],"replies":[{"embeddable":true,"href":"https:\/\/sites.unica.it\/enchires\/wp-json\/wp\/v2\/comments?post=174"}],"version-history":[{"count":1,"href":"https:\/\/sites.unica.it\/enchires\/wp-json\/wp\/v2\/pages\/174\/revisions"}],"predecessor-version":[{"id":182,"href":"https:\/\/sites.unica.it\/enchires\/wp-json\/wp\/v2\/pages\/174\/revisions\/182"}],"wp:attachment":[{"href":"https:\/\/sites.unica.it\/enchires\/wp-json\/wp\/v2\/media?parent=174"}],"curies":[{"name":"wp","href":"https:\/\/api.w.org\/{rel}","templated":true}]}}