{"id":1920,"date":"2018-04-09T15:36:18","date_gmt":"2018-04-09T15:36:18","guid":{"rendered":"http:\/\/sites.unica.it\/domomea-project\/?page_id=1920"},"modified":"2020-10-18T15:05:50","modified_gmt":"2020-10-18T15:05:50","slug":"area3","status":"publish","type":"page","link":"https:\/\/sites.unica.it\/domomea-project\/area3\/","title":{"rendered":"Area 3 &#8211; A Human Motion Lab"},"content":{"rendered":"<h1 class=\"textbox\"><span style=\"font-family: georgia, palatino, serif\"><a href=\"http:\/\/sites.unica.it\/domomea-project\/files\/2018\/04\/area3.png\"><img loading=\"lazy\" decoding=\"async\" class=\"alignright wp-image-2171\" src=\"http:\/\/sites.unica.it\/domomea-project\/files\/2018\/04\/area3-300x110.png\" alt=\"\" width=\"231\" height=\"85\" srcset=\"https:\/\/sites.unica.it\/domomea-project\/files\/2018\/04\/area3-300x110.png 300w, https:\/\/sites.unica.it\/domomea-project\/files\/2018\/04\/area3.png 600w\" sizes=\"auto, (max-width: 231px) 100vw, 231px\" \/><\/a><\/span><\/h1>\n<p class=\"textbox\" dir=\"ltr\"><span style=\"font-family: georgia, palatino, serif;font-size: 12pt\"><strong>Area 3 -A Human Motion Lab<\/strong><\/span><\/p>\n<p class=\"textbox\" dir=\"ltr\">\nSP 55 Porto Conte\/Capo Caccia<br \/>\nKm 8.400 Localit\u00e0 Tramariglio<br \/>\n07041 Alghero (SS)<br \/>\nTelefono: 079 998410<br \/>\nEmail: info@areatre.net<\/p>\n<p><span style=\"text-decoration: underline\"><span style=\"color: #0000ff\"><a style=\"color: #0000ff;text-decoration: underline\" href=\"https:\/\/www.areatre.eu\/it\/\" target=\"_blank\" rel=\"noopener noreferrer\">SITO WEB<\/a><\/span><\/span><\/p>\n<p>&nbsp;<\/p>\n<p dir=\"ltr\">Area 3 \u00e8 una societ\u00e0 insediata dal 2009 all\u2019interno del Parco tecnologico- scientifico di Porto Conte ad Alghero. Coinvolge differenti figure professionali che hanno competenze nell\u2019ambito dello studio del movimento umano e dell\u2019interazione uomo-ambiente: clinici, bioingegneri, fisioterapisti, scienziati motori ed esperti nel campo ICT, per analizzare i problemi da punti di vista differenti, lavorando insieme per trovare una sintesi.<br \/>\nArea 3 fornisce una vasta gamma di servizi di valutazione e studio della performance umana, partecipa a progetti di supporto alla ricerca di base, sviluppa nuove soluzioni tecnologiche e\u00a0 attua percorsi di formazione disseminando conoscenze specifiche.<\/p>\n","protected":false},"excerpt":{"rendered":"<p>Area 3 -A Human Motion Lab SP 55 Porto Conte\/Capo Caccia Km 8.400 Localit\u00e0 Tramariglio 07041 Alghero (SS) Telefono: 079 998410 Email: info@areatre.net SITO WEB &nbsp; Area 3 \u00e8 una societ\u00e0 insediata dal 2009 all\u2019interno del Parco tecnologico- scientifico di Porto Conte ad Alghero. Coinvolge differenti figure professionali che hanno competenze nell\u2019ambito dello studio del <a href='https:\/\/sites.unica.it\/domomea-project\/area3\/' class='excerpt-more'>[&#8230;]<\/a><\/p>\n","protected":false},"author":3092,"featured_media":0,"parent":0,"menu_order":0,"comment_status":"closed","ping_status":"closed","template":"","meta":{"footnotes":""},"class_list":["post-1920","page","type-page","status-publish","hentry","post-seq-1","post-parity-odd","meta-position-corners","fix"],"_links":{"self":[{"href":"https:\/\/sites.unica.it\/domomea-project\/wp-json\/wp\/v2\/pages\/1920","targetHints":{"allow":["GET"]}}],"collection":[{"href":"https:\/\/sites.unica.it\/domomea-project\/wp-json\/wp\/v2\/pages"}],"about":[{"href":"https:\/\/sites.unica.it\/domomea-project\/wp-json\/wp\/v2\/types\/page"}],"author":[{"embeddable":true,"href":"https:\/\/sites.unica.it\/domomea-project\/wp-json\/wp\/v2\/users\/3092"}],"replies":[{"embeddable":true,"href":"https:\/\/sites.unica.it\/domomea-project\/wp-json\/wp\/v2\/comments?post=1920"}],"version-history":[{"count":20,"href":"https:\/\/sites.unica.it\/domomea-project\/wp-json\/wp\/v2\/pages\/1920\/revisions"}],"predecessor-version":[{"id":2878,"href":"https:\/\/sites.unica.it\/domomea-project\/wp-json\/wp\/v2\/pages\/1920\/revisions\/2878"}],"wp:attachment":[{"href":"https:\/\/sites.unica.it\/domomea-project\/wp-json\/wp\/v2\/media?parent=1920"}],"curies":[{"name":"wp","href":"https:\/\/api.w.org\/{rel}","templated":true}]}}