{"id":1892,"date":"2018-04-09T14:59:15","date_gmt":"2018-04-09T14:59:15","guid":{"rendered":"http:\/\/sites.unica.it\/domomea-project\/?page_id=1892"},"modified":"2020-10-10T14:24:21","modified_gmt":"2020-10-10T14:24:21","slug":"dsmsp","status":"publish","type":"page","link":"https:\/\/sites.unica.it\/domomea-project\/dsmsp\/","title":{"rendered":"DSMSP"},"content":{"rendered":"<h4>it<\/h4><p><\/p>\n<h1 style=\"text-align: center\"><a href=\"http:\/\/sites.unica.it\/domomea-project\/files\/2018\/04\/Logo_Universit\u00e0_di_Cagliari.jpg\"><img loading=\"lazy\" decoding=\"async\" class=\"wp-image-2122 aligncenter\" src=\"http:\/\/sites.unica.it\/domomea-project\/files\/2018\/04\/Logo_Universit\u00e0_di_Cagliari.jpg\" alt=\"\" width=\"158\" height=\"159\" srcset=\"https:\/\/sites.unica.it\/domomea-project\/files\/2018\/04\/Logo_Universit\u00e0_di_Cagliari.jpg 593w, https:\/\/sites.unica.it\/domomea-project\/files\/2018\/04\/Logo_Universit\u00e0_di_Cagliari-150x150.jpg 150w, https:\/\/sites.unica.it\/domomea-project\/files\/2018\/04\/Logo_Universit\u00e0_di_Cagliari-300x300.jpg 300w, https:\/\/sites.unica.it\/domomea-project\/files\/2018\/04\/Logo_Universit\u00e0_di_Cagliari-96x96.jpg 96w, https:\/\/sites.unica.it\/domomea-project\/files\/2018\/04\/Logo_Universit\u00e0_di_Cagliari-24x24.jpg 24w, https:\/\/sites.unica.it\/domomea-project\/files\/2018\/04\/Logo_Universit\u00e0_di_Cagliari-36x36.jpg 36w, https:\/\/sites.unica.it\/domomea-project\/files\/2018\/04\/Logo_Universit\u00e0_di_Cagliari-48x48.jpg 48w, https:\/\/sites.unica.it\/domomea-project\/files\/2018\/04\/Logo_Universit\u00e0_di_Cagliari-64x64.jpg 64w\" sizes=\"auto, (max-width: 158px) 100vw, 158px\" \/><\/a><\/h1>\n<h1 style=\"text-align: center\"><span style=\"font-family: georgia, palatino, serif;font-size: 24pt\"><strong>Universit\u00e0 degli Studi di Cagliari<\/strong><\/span><\/h1>\n<h2 style=\"text-align: center\"><span style=\"font-size: 18pt;font-family: georgia, palatino, serif\">Dipartimento di Scienze Mediche e Sanit\u00e0 Pubblica<\/span><\/h2>\n<p>&nbsp;<\/p>\n<p><span style=\"font-family: georgia, palatino, serif;font-size: 12pt\">Il Prof. Monticone, ha pluriennale esperienza in ambito di presa in carico di disabilit\u00e0 neuromotorie quali cerebrovasculopatie acquisite acute e croniche, traumi vertebro-midollari e malattie neurodegenerative. Ha inoltre condotto svariati trial clinici e sviluppo di misure di outcome in ambito riabilitativo neuromotorio e muscolo-scheletrico.<\/span><\/p>\n<p>&nbsp;<\/p>\n<p><a href=\"http:\/\/sites.unica.it\/domomea-project\/files\/2020\/10\/Marco_Monticone.jpg\"><img loading=\"lazy\" decoding=\"async\" class=\"alignnone size-full wp-image-2836\" src=\"http:\/\/sites.unica.it\/domomea-project\/files\/2020\/10\/Marco_Monticone.jpg\" alt=\"\" width=\"158\" height=\"154\" srcset=\"https:\/\/sites.unica.it\/domomea-project\/files\/2020\/10\/Marco_Monticone.jpg 158w, https:\/\/sites.unica.it\/domomea-project\/files\/2020\/10\/Marco_Monticone-24x24.jpg 24w, https:\/\/sites.unica.it\/domomea-project\/files\/2020\/10\/Marco_Monticone-36x36.jpg 36w, https:\/\/sites.unica.it\/domomea-project\/files\/2020\/10\/Marco_Monticone-48x48.jpg 48w\" sizes=\"auto, (max-width: 158px) 100vw, 158px\" \/><\/a><\/p>\n<p><span style=\"font-family: georgia, palatino, serif\"><strong>Marco Monticone<\/strong>,\u00a0Ph.D.<\/span><br \/>\n<span style=\"font-family: georgia, palatino, serif\"> Professore Ordinario di Medicina fisica e riabilitativa<\/span><br \/>\n<span style=\"font-family: georgia, palatino, serif\"> DSMSP, Dipartimento di Scienze Mediche e Sanit\u00e0 Pubblica<\/span><br \/>\n<span style=\"font-family: georgia, palatino, serif\"> Universit\u00e0 degli Studi di Cagliari<\/span><br \/>\n<span style=\"font-family: georgia, palatino, serif\">Cittadella Universitaria di Monserrato &#8211; Asse Didattico E<\/span><br \/>\n<span style=\"font-family: georgia, palatino, serif\">SS 554 bivio Sestu &#8211; 09042 Monserrato (CA)<br \/>\nTelefono: +39 070 6753109<br \/>\nemail: marco.monticone@unica.it<\/span><br \/>\n<strong><span style=\"text-decoration: underline\"><span style=\"font-family: georgia, palatino, serif;color: #0000ff\"><a style=\"color: #0000ff;text-decoration: underline\" href=\"http:\/\/people.unica.it\/marcomonticone\/\">Marco Monticone<\/a><\/span><\/span><\/strong><\/p>\n<p>&nbsp;<\/p>\n<h4><strong><span style=\"font-family: georgia, palatino, serif;font-size: 14pt\">Collaboratori<\/span><\/strong><\/h4>\n<p><strong>Andrea Pibiri<\/strong><br \/>\nBorsista in fisioterapia<br \/>\nemail: pibiriandrea@tiscali.it<\/p>\n<p><\/p><h4>en<\/h4><p><\/p>\n<h1><a href=\"http:\/\/sites.unica.it\/domomea-project\/files\/2018\/04\/Logo_Universit\u00e0_di_Cagliari.jpg\"><img loading=\"lazy\" decoding=\"async\" class=\"wp-image-2122 aligncenter\" src=\"http:\/\/sites.unica.it\/domomea-project\/files\/2018\/04\/Logo_Universit\u00e0_di_Cagliari.jpg\" alt=\"\" width=\"158\" height=\"159\" srcset=\"https:\/\/sites.unica.it\/domomea-project\/files\/2018\/04\/Logo_Universit\u00e0_di_Cagliari.jpg 593w, https:\/\/sites.unica.it\/domomea-project\/files\/2018\/04\/Logo_Universit\u00e0_di_Cagliari-150x150.jpg 150w, https:\/\/sites.unica.it\/domomea-project\/files\/2018\/04\/Logo_Universit\u00e0_di_Cagliari-300x300.jpg 300w, https:\/\/sites.unica.it\/domomea-project\/files\/2018\/04\/Logo_Universit\u00e0_di_Cagliari-96x96.jpg 96w, https:\/\/sites.unica.it\/domomea-project\/files\/2018\/04\/Logo_Universit\u00e0_di_Cagliari-24x24.jpg 24w, https:\/\/sites.unica.it\/domomea-project\/files\/2018\/04\/Logo_Universit\u00e0_di_Cagliari-36x36.jpg 36w, https:\/\/sites.unica.it\/domomea-project\/files\/2018\/04\/Logo_Universit\u00e0_di_Cagliari-48x48.jpg 48w, https:\/\/sites.unica.it\/domomea-project\/files\/2018\/04\/Logo_Universit\u00e0_di_Cagliari-64x64.jpg 64w\" sizes=\"auto, (max-width: 158px) 100vw, 158px\" \/><\/a><\/h1>\n<h1 style=\"text-align: center\"><span style=\"font-family: georgia, palatino, serif;font-size: 24pt\"><strong>University of Cagliari<\/strong><\/span><\/h1>\n<h2 style=\"text-align: center\"><span style=\"font-family: georgia, palatino, serif;font-size: 18pt\">Department of Medical Sciences and Public Health<\/span><\/h2>\n<p>&nbsp;<\/p>\n<p><span style=\"font-family: georgia, palatino, serif;font-size: 12pt\">Prof. Monticone, has a long-standing experience in the filed of neuromotor disability descending from acute and chronic cerebrovascular diseases, vertebral marrow lesions and neurodegenerative disorders. He carried out several clinical trials and developed measures of outcome in the context of neuromotor and musculoskeletal rehabilitation.<\/span><\/p>\n<p>&nbsp;<\/p>\n<p>&nbsp;<\/p>\n<p><a href=\"http:\/\/sites.unica.it\/domomea-project\/files\/2020\/10\/Marco_Monticone.jpg\"><img loading=\"lazy\" decoding=\"async\" class=\"alignnone size-full wp-image-2836\" src=\"http:\/\/sites.unica.it\/domomea-project\/files\/2020\/10\/Marco_Monticone.jpg\" alt=\"\" width=\"158\" height=\"154\" srcset=\"https:\/\/sites.unica.it\/domomea-project\/files\/2020\/10\/Marco_Monticone.jpg 158w, https:\/\/sites.unica.it\/domomea-project\/files\/2020\/10\/Marco_Monticone-24x24.jpg 24w, https:\/\/sites.unica.it\/domomea-project\/files\/2020\/10\/Marco_Monticone-36x36.jpg 36w, https:\/\/sites.unica.it\/domomea-project\/files\/2020\/10\/Marco_Monticone-48x48.jpg 48w\" sizes=\"auto, (max-width: 158px) 100vw, 158px\" \/><\/a><\/p>\n<p><strong>Marco Monticone<\/strong>,\u00a0Ph.D.<br \/>\n<span style=\"font-family: georgia, palatino, serif;font-size: 12pt\">Full Professor of physical medicine and rehabilitation<\/span><br \/>\n<span style=\"font-family: georgia, palatino, serif;font-size: 12pt\">DSMSP, Department of Medical Sciences and Public Health<\/span><br \/>\n<span style=\"font-family: georgia, palatino, serif;font-size: 12pt\">University of Cagliari<\/span><br \/>\n<span style=\"font-family: georgia, palatino, serif;font-size: 12pt\">Cittadella Universitaria di Monserrato &#8211; Asse Didattico E<\/span><br \/>\n<span style=\"font-family: georgia, palatino, serif;font-size: 12pt\">SS 554 bivio Sestu &#8211; 09042 Monserrato (CA)<\/span><br \/>\n<span style=\"font-family: georgia, palatino, serif;font-size: 12pt\">Phone: +39 070 6753109<\/span><br \/>\n<span style=\"font-family: georgia, palatino, serif;font-size: 12pt\">email: marco.monticone@unica.it<\/span><br \/>\n<span style=\"text-decoration: underline;font-family: georgia, palatino, serif;font-size: 12pt;color: #000080\"><strong><a style=\"color: #000080;text-decoration: underline\" href=\"http:\/\/people.unica.it\/marcomonticone\/\">Marco Monticone<\/a><\/strong><\/span><\/p>\n<h4><\/h4>\n<h4><span style=\"font-family: georgia, palatino, serif;font-size: 14pt\">Research assistants<\/span><\/h4>\n<p><span style=\"font-family: georgia, palatino, serif\"><strong>Andrea Pibiri<\/strong><\/span><br \/>\n<span style=\"font-family: georgia, palatino, serif\">Research assistant in Physiotherapy<\/span><br \/>\n<span style=\"font-family: georgia, palatino, serif\">email: pibiriandrea@tiscali.it<\/span><\/p>","protected":false},"excerpt":{"rendered":"<p>it Universit\u00e0 degli Studi di Cagliari Dipartimento di Scienze Mediche e Sanit\u00e0 Pubblica &nbsp; Il Prof. Monticone, ha pluriennale esperienza in ambito di presa in carico di disabilit\u00e0 neuromotorie quali cerebrovasculopatie acquisite acute e croniche, traumi vertebro-midollari e malattie neurodegenerative. Ha inoltre condotto svariati trial clinici e sviluppo di misure di outcome in ambito riabilitativo <a href='https:\/\/sites.unica.it\/domomea-project\/dsmsp\/' class='excerpt-more'>[&#8230;]<\/a><\/p>\n","protected":false},"author":3092,"featured_media":0,"parent":0,"menu_order":0,"comment_status":"closed","ping_status":"closed","template":"","meta":{"footnotes":""},"class_list":["post-1892","page","type-page","status-publish","hentry","post-seq-1","post-parity-odd","meta-position-corners","fix"],"_links":{"self":[{"href":"https:\/\/sites.unica.it\/domomea-project\/wp-json\/wp\/v2\/pages\/1892","targetHints":{"allow":["GET"]}}],"collection":[{"href":"https:\/\/sites.unica.it\/domomea-project\/wp-json\/wp\/v2\/pages"}],"about":[{"href":"https:\/\/sites.unica.it\/domomea-project\/wp-json\/wp\/v2\/types\/page"}],"author":[{"embeddable":true,"href":"https:\/\/sites.unica.it\/domomea-project\/wp-json\/wp\/v2\/users\/3092"}],"replies":[{"embeddable":true,"href":"https:\/\/sites.unica.it\/domomea-project\/wp-json\/wp\/v2\/comments?post=1892"}],"version-history":[{"count":13,"href":"https:\/\/sites.unica.it\/domomea-project\/wp-json\/wp\/v2\/pages\/1892\/revisions"}],"predecessor-version":[{"id":2839,"href":"https:\/\/sites.unica.it\/domomea-project\/wp-json\/wp\/v2\/pages\/1892\/revisions\/2839"}],"wp:attachment":[{"href":"https:\/\/sites.unica.it\/domomea-project\/wp-json\/wp\/v2\/media?parent=1892"}],"curies":[{"name":"wp","href":"https:\/\/api.w.org\/{rel}","templated":true}]}}