{"id":1698,"date":"2018-04-09T08:12:20","date_gmt":"2018-04-09T08:12:20","guid":{"rendered":"http:\/\/sites.unica.it\/domomea-project\/?page_id=1698"},"modified":"2020-10-10T14:34:35","modified_gmt":"2020-10-10T14:34:35","slug":"cluster-companies","status":"publish","type":"page","link":"https:\/\/sites.unica.it\/domomea-project\/cluster-companies\/","title":{"rendered":"Cluster Companies"},"content":{"rendered":"<h4>it<\/h4><p><\/p>\n<h1><strong><span style=\"font-family: georgia, palatino, serif;font-size: 24pt\">Imprese coinvolte<\/span><\/strong><\/h1>\n<p>&nbsp;<\/p>\n<p>Il raggruppamento attualmente aderenti al cluster consta di <strong>11 imprese<\/strong>, che rappresentano diversi <strong>stakeholder<\/strong> attuali o potenziali nell&#8217;ambito della telemedicina e telesalute.<\/p>\n<p>In primo luogo, sono presenti imprese che operano nel settore della riabilitazione a livello regionale ed internazionale, offrendo servizi di riabilitazione neuromotoria e di terapia occupazionale in modalit\u00e0 tradizionale (presso le proprie sedi) e in alcuni casi anche in modalit\u00e0 diffusa, con l\u2019intervento dei riabilitatori presso il domicilio del paziente. Tali imprese sono interessate alla possibilit\u00e0 di raggiungere, grazie a DoMoMEA, quella fetta di popolazione che attualmente non pu\u00f2 ricorrere ai servizi riabilitativi offerti. A queste imprese si aggiungono realt\u00e0 della produzione e commercializzazione di sistemi in ambito biomedico e informatico.<\/p>\n<p>Tutte le imprese hanno accolto con entusiasmo l\u2019invito a ospitare tirocinanti di bioingegneria, medici specializzandi in Medicina Fisica e Riabilitativa e allievi del Corso di Laurea in Fisioterapia al fine di svolgere alcune delle attivit\u00e0 di interesse presso la propria sede, cercando di innovare cos\u00ec nel sapere ma anche investendo nella formazione dei giovani, consentendo un approccio al mondo del lavoro motivante e incentivante, essenziale per il corretto sviluppo del tessuto produttivo isolano.<\/p>\n<p>&nbsp;<\/p>\n<ul>\n<li><span style=\"text-decoration: underline;color: #0000ff;font-family: georgia, palatino, serif\"><a style=\"color: #0000ff;text-decoration: underline\" href=\"http:\/\/sites.unica.it\/domomea-project\/area3\/\">AREA3<\/a><\/span><\/li>\n<li><span style=\"text-decoration: underline;color: #0000ff;font-family: georgia, palatino, serif\"><a style=\"color: #0000ff;text-decoration: underline\" href=\"http:\/\/sites.unica.it\/domomea-project\/csc\/\">CSC<\/a><\/span><\/li>\n<li><span style=\"text-decoration: underline;color: #0000ff;font-family: georgia, palatino, serif\"><a style=\"color: #0000ff;text-decoration: underline\" href=\"http:\/\/sites.unica.it\/domomea-project\/gpem\/\">GPEM<\/a><\/span><\/li>\n<li><span style=\"text-decoration: underline;color: #0000ff;font-family: georgia, palatino, serif\"><a style=\"color: #0000ff;text-decoration: underline\" href=\"http:\/\/sites.unica.it\/domomea-project\/isura\/\">ISURA<\/a><\/span><\/li>\n<li><span style=\"text-decoration: underline;color: #0000ff;font-family: georgia, palatino, serif\"><a style=\"color: #0000ff;text-decoration: underline\" href=\"http:\/\/sites.unica.it\/domomea-project\/kinetica\/\">KINETICA<\/a><\/span><\/li>\n<li><span style=\"text-decoration: underline;color: #0000ff;font-family: georgia, palatino, serif\"><a style=\"color: #0000ff;text-decoration: underline\" href=\"http:\/\/sites.unica.it\/domomea-project\/medical\/\">MEDICAL<\/a><\/span><\/li>\n<li><span style=\"text-decoration: underline;color: #0000ff;font-family: georgia, palatino, serif\"><a style=\"color: #0000ff;text-decoration: underline\" href=\"http:\/\/sites.unica.it\/domomea-project\/medispa\/\">MEDISPA<\/a><\/span><\/li>\n<li><span style=\"text-decoration: underline;color: #0000ff;font-family: georgia, palatino, serif\"><a style=\"color: #0000ff;text-decoration: underline\" href=\"http:\/\/sites.unica.it\/domomea-project\/piria-musso\/\">PIRIA &amp; MUSSO<\/a><\/span><\/li>\n<li><span style=\"text-decoration: underline;color: #0000ff;font-family: georgia, palatino, serif\"><a style=\"color: #0000ff;text-decoration: underline\" href=\"http:\/\/sites.unica.it\/domomea-project\/policlinico-sassarese\/\">POLICLINICO SASSARESE<\/a><\/span><\/li>\n<li><span style=\"text-decoration: underline;color: #0000ff;font-family: georgia, palatino, serif\"><a style=\"color: #0000ff;text-decoration: underline\" href=\"http:\/\/sites.unica.it\/domomea-project\/studio-beta\/\">STUDIO BETA<\/a><\/span><\/li>\n<li><span style=\"text-decoration: underline;color: #0000ff;font-family: georgia, palatino, serif\"><a style=\"color: #0000ff;text-decoration: underline\" href=\"http:\/\/sites.unica.it\/domomea-project\/youandtech\/\">YOUANDTECH<\/a><\/span><\/li>\n<\/ul>\n<p><a href=\"http:\/\/sites.unica.it\/domomea-project\/files\/2018\/04\/dadinuovo.png\"><img loading=\"lazy\" decoding=\"async\" class=\"alignnone size-large wp-image-2225\" src=\"http:\/\/sites.unica.it\/domomea-project\/files\/2018\/04\/dadinuovo-1024x546.png\" alt=\"\" width=\"695\" height=\"371\" srcset=\"https:\/\/sites.unica.it\/domomea-project\/files\/2018\/04\/dadinuovo-1024x546.png 1024w, https:\/\/sites.unica.it\/domomea-project\/files\/2018\/04\/dadinuovo-300x160.png 300w, https:\/\/sites.unica.it\/domomea-project\/files\/2018\/04\/dadinuovo-768x410.png 768w, https:\/\/sites.unica.it\/domomea-project\/files\/2018\/04\/dadinuovo.png 1524w\" sizes=\"auto, (max-width: 695px) 100vw, 695px\" \/><\/a><\/p>\n<p><\/p><h4>en<\/h4><p><\/p>\n<h1><span style=\"font-family: georgia, palatino, serif\"><strong>Involved enterprises<\/strong><\/span><\/h1>\n<p>&nbsp;<\/p>\n<p>The group of enterprises currently involved in the cluster consists of 11 enterprises, representing different current or potential stakeholders in the field of telemedicine and telehealth. First of all, there are enterprises active in the field of rehabilitation at regional or international level, by offering neuromotor rehabilitation services and occupational therapy following the standard approaches (in their clinics) and in some cases also in the patients&#8217; home, thanks to the intervention of physiotherapists at home. Such enterprises are interested to the possibility of reaching, thanks to DoMoMEA, that part of the population that currently cannot exploit the conventional rehabilitation services. Other enterprises are active in the production and commercialization of biomedical and ICT systems.<\/p>\n<p>All the enterprises revealed to be happy to host interns in bioengineering, medicine and physiotherapy to perform some project-related activities in their facilities, by helping in the cultural growth of the young, in an engaging way, and contributing to the promotion of the development of the Sardinian productive ecosystem.<\/p>\n<p>&nbsp;<\/p>\n<ul>\n<li><span style=\"text-decoration: underline;font-family: georgia, palatino, serif\"><span style=\"color: #0000ff;text-decoration: underline\"><a style=\"color: #0000ff;text-decoration: underline\" href=\"http:\/\/sites.unica.it\/domomea-project\/area3\/\">AREA3<\/a><\/span><\/span><\/li>\n<li><span style=\"text-decoration: underline;font-family: georgia, palatino, serif\"><span style=\"color: #0000ff;text-decoration: underline\"><a style=\"color: #0000ff;text-decoration: underline\" href=\"http:\/\/sites.unica.it\/domomea-project\/csc\/\">CSC<\/a><\/span><\/span><\/li>\n<li><span style=\"text-decoration: underline;font-family: georgia, palatino, serif\"><span style=\"color: #0000ff;text-decoration: underline\"><a style=\"color: #0000ff;text-decoration: underline\" href=\"http:\/\/sites.unica.it\/domomea-project\/gpem\/\">GPEM<\/a><\/span><\/span><\/li>\n<li><span style=\"text-decoration: underline;font-family: georgia, palatino, serif\"><span style=\"color: #0000ff;text-decoration: underline\"><a style=\"color: #0000ff;text-decoration: underline\" href=\"http:\/\/sites.unica.it\/domomea-project\/isura\/\">ISURA<\/a><\/span><\/span><\/li>\n<li><span style=\"text-decoration: underline;font-family: georgia, palatino, serif\"><span style=\"color: #0000ff;text-decoration: underline\"><a style=\"color: #0000ff;text-decoration: underline\" href=\"http:\/\/sites.unica.it\/domomea-project\/kinetica\/\">KINETICA<\/a><\/span><\/span><\/li>\n<li><span style=\"text-decoration: underline;font-family: georgia, palatino, serif\"><span style=\"color: #0000ff;text-decoration: underline\"><a style=\"color: #0000ff;text-decoration: underline\" href=\"http:\/\/sites.unica.it\/domomea-project\/medical\/\">MEDICAL<\/a><\/span><\/span><\/li>\n<li><span style=\"text-decoration: underline;font-family: georgia, palatino, serif\"><span style=\"color: #0000ff;text-decoration: underline\"><a style=\"color: #0000ff;text-decoration: underline\" href=\"http:\/\/sites.unica.it\/domomea-project\/medispa\/\">MEDISPA<\/a><\/span><\/span><\/li>\n<li><span style=\"text-decoration: underline;font-family: georgia, palatino, serif\"><span style=\"color: #0000ff;text-decoration: underline\"><a style=\"color: #0000ff;text-decoration: underline\" href=\"http:\/\/sites.unica.it\/domomea-project\/piria-musso\/\">PIRIA &amp; MUSSO<\/a><\/span><\/span><\/li>\n<li><span style=\"text-decoration: underline;font-family: georgia, palatino, serif\"><span style=\"color: #0000ff;text-decoration: underline\"><a style=\"color: #0000ff;text-decoration: underline\" href=\"http:\/\/sites.unica.it\/domomea-project\/policlinico-sassarese\/\">POLICLINICO SASSARESE<\/a><\/span><\/span><\/li>\n<li><span style=\"text-decoration: underline;font-family: georgia, palatino, serif\"><span style=\"color: #0000ff;text-decoration: underline\"><a style=\"color: #0000ff;text-decoration: underline\" href=\"http:\/\/sites.unica.it\/domomea-project\/studio-beta\/\">STUDIO BETA<\/a><\/span><\/span><\/li>\n<li><span style=\"text-decoration: underline;font-family: georgia, palatino, serif\"><span style=\"color: #0000ff;text-decoration: underline\"><a style=\"color: #0000ff;text-decoration: underline\" href=\"http:\/\/sites.unica.it\/domomea-project\/youandtech\/\">YOUANDTECH<\/a><\/span><\/span><\/li>\n<\/ul>\n<p><a href=\"http:\/\/sites.unica.it\/domomea-project\/files\/2018\/04\/dadinuovo.png\"><img loading=\"lazy\" decoding=\"async\" class=\"alignnone size-large wp-image-2225\" src=\"http:\/\/sites.unica.it\/domomea-project\/files\/2018\/04\/dadinuovo-1024x546.png\" alt=\"\" width=\"695\" height=\"371\" srcset=\"https:\/\/sites.unica.it\/domomea-project\/files\/2018\/04\/dadinuovo-1024x546.png 1024w, https:\/\/sites.unica.it\/domomea-project\/files\/2018\/04\/dadinuovo-300x160.png 300w, https:\/\/sites.unica.it\/domomea-project\/files\/2018\/04\/dadinuovo-768x410.png 768w, https:\/\/sites.unica.it\/domomea-project\/files\/2018\/04\/dadinuovo.png 1524w\" sizes=\"auto, (max-width: 695px) 100vw, 695px\" \/><\/a><\/p>","protected":false},"excerpt":{"rendered":"<p>it Imprese coinvolte &nbsp; Il raggruppamento attualmente aderenti al cluster consta di 11 imprese, che rappresentano diversi stakeholder attuali o potenziali nell&#8217;ambito della telemedicina e telesalute. In primo luogo, sono presenti imprese che operano nel settore della riabilitazione a livello regionale ed internazionale, offrendo servizi di riabilitazione neuromotoria e di terapia occupazionale in modalit\u00e0 tradizionale <a href='https:\/\/sites.unica.it\/domomea-project\/cluster-companies\/' class='excerpt-more'>[&#8230;]<\/a><\/p>\n","protected":false},"author":3092,"featured_media":0,"parent":0,"menu_order":0,"comment_status":"closed","ping_status":"closed","template":"","meta":{"footnotes":""},"class_list":["post-1698","page","type-page","status-publish","hentry","post-seq-1","post-parity-odd","meta-position-corners","fix"],"_links":{"self":[{"href":"https:\/\/sites.unica.it\/domomea-project\/wp-json\/wp\/v2\/pages\/1698","targetHints":{"allow":["GET"]}}],"collection":[{"href":"https:\/\/sites.unica.it\/domomea-project\/wp-json\/wp\/v2\/pages"}],"about":[{"href":"https:\/\/sites.unica.it\/domomea-project\/wp-json\/wp\/v2\/types\/page"}],"author":[{"embeddable":true,"href":"https:\/\/sites.unica.it\/domomea-project\/wp-json\/wp\/v2\/users\/3092"}],"replies":[{"embeddable":true,"href":"https:\/\/sites.unica.it\/domomea-project\/wp-json\/wp\/v2\/comments?post=1698"}],"version-history":[{"count":26,"href":"https:\/\/sites.unica.it\/domomea-project\/wp-json\/wp\/v2\/pages\/1698\/revisions"}],"predecessor-version":[{"id":2845,"href":"https:\/\/sites.unica.it\/domomea-project\/wp-json\/wp\/v2\/pages\/1698\/revisions\/2845"}],"wp:attachment":[{"href":"https:\/\/sites.unica.it\/domomea-project\/wp-json\/wp\/v2\/media?parent=1698"}],"curies":[{"name":"wp","href":"https:\/\/api.w.org\/{rel}","templated":true}]}}