{"id":1674,"date":"2018-03-29T15:52:05","date_gmt":"2018-03-29T15:52:05","guid":{"rendered":"http:\/\/sites.unica.it\/domomea-project\/?page_id=1674"},"modified":"2022-02-05T11:58:00","modified_gmt":"2022-02-05T11:58:00","slug":"research-partners","status":"publish","type":"page","link":"https:\/\/sites.unica.it\/domomea-project\/research-partners\/","title":{"rendered":"Research Partners"},"content":{"rendered":"<h4>it<\/h4><p><\/p>\n<p>Il progetto \u00e8 realizzato dall&#8217;Universit\u00e0 di Cagliari e dall&#8217;Universit\u00e0 di Sassari, organizzate in ATI.<\/p>\n<p>&nbsp;<\/p>\n<table>\n<tbody>\n<tr>\n<td>\n<h1><img loading=\"lazy\" decoding=\"async\" class=\"wp-image-2122 aligncenter\" src=\"http:\/\/sites.unica.it\/domomea-project\/files\/2018\/04\/Logo_Universit\u00e0_di_Cagliari-300x300.jpg\" alt=\"\" width=\"122\" height=\"122\" srcset=\"https:\/\/sites.unica.it\/domomea-project\/files\/2018\/04\/Logo_Universit\u00e0_di_Cagliari-300x300.jpg 300w, https:\/\/sites.unica.it\/domomea-project\/files\/2018\/04\/Logo_Universit\u00e0_di_Cagliari-150x150.jpg 150w, https:\/\/sites.unica.it\/domomea-project\/files\/2018\/04\/Logo_Universit\u00e0_di_Cagliari-96x96.jpg 96w, https:\/\/sites.unica.it\/domomea-project\/files\/2018\/04\/Logo_Universit\u00e0_di_Cagliari-24x24.jpg 24w, https:\/\/sites.unica.it\/domomea-project\/files\/2018\/04\/Logo_Universit\u00e0_di_Cagliari-36x36.jpg 36w, https:\/\/sites.unica.it\/domomea-project\/files\/2018\/04\/Logo_Universit\u00e0_di_Cagliari-48x48.jpg 48w, https:\/\/sites.unica.it\/domomea-project\/files\/2018\/04\/Logo_Universit\u00e0_di_Cagliari-64x64.jpg 64w, https:\/\/sites.unica.it\/domomea-project\/files\/2018\/04\/Logo_Universit\u00e0_di_Cagliari.jpg 593w\" sizes=\"auto, (max-width: 122px) 100vw, 122px\" \/><\/h1>\n<\/td>\n<td>\n<h1><span style=\"font-family: georgia, palatino, serif;font-size: 24pt\"><strong>Universit\u00e0 degli Studi di Cagliari<\/strong><\/span><\/h1>\n<p>Via Universit\u00e0 40 &#8211; 09124 Cagliari<\/p>\n<p>Telefono: +39 070 6751<\/p>\n<p>Sito web: <span style=\"text-decoration: underline\"><span style=\"color: #0000ff\"><a style=\"color: #0000ff;text-decoration: underline\" href=\"http:\/\/www.unica.it\/\" target=\"_blank\" rel=\"noopener noreferrer\">www.unica.it<\/a><\/span><\/span><\/td>\n<\/tr>\n<tr>\n<td style=\"text-align: center\">\u00a0<a href=\"http:\/\/sites.unica.it\/domomea-project\/diee\/\" target=\"_blank\" rel=\"noopener noreferrer\"><span style=\"color: #0000ff;text-decoration: underline\"><em>STAFF<\/em><\/span><\/a><\/td>\n<td><span style=\"font-family: georgia, palatino, serif;font-size: 12pt\"><strong>Prof. Danilo Pani, PhD (PI e coordinatore di unit\u00e0)<\/strong><\/span><\/p>\n<p><em>Dipartimento di Ingegneria Elettrica ed Elettronica<\/em><\/p>\n<p>Piazza D&#8217;Armi &#8211; 09123 Cagliari<\/p>\n<p>Telefono: +39 070 6755763 &#8211; Fax: +39 070 6755782<\/p>\n<p>Sito web: <span style=\"text-decoration: underline;color: #0000ff\"><a style=\"color: #0000ff;text-decoration: underline\" href=\"https:\/\/sites.unica.it\/medsp\/\">MeDSP<\/a><\/span><\/td>\n<\/tr>\n<tr>\n<td style=\"text-align: center\"><span style=\"color: #0000ff\"> <span style=\"text-align: left;text-indent: 0px;letter-spacing: normal;font-family: Georgia,'Times New Roman','Bitstream Charter',Times,serif;font-size: 16px;font-style: normal;font-variant: normal;font-weight: 400;text-decoration: none;cursor: text;float: none;background-color: transparent\">\u00a0<\/span><a style=\"color: #0000ff;text-decoration: underline\" href=\"http:\/\/sites.unica.it\/domomea-project\/dsmsp\/\" target=\"_blank\" rel=\"noopener noreferrer\"><em>STAFF<\/em><\/a><\/span><\/td>\n<td><strong><span style=\"font-size: 12pt;font-family: georgia, palatino, serif\">Prof. Dott. Marco Monticone, PhD\u00a0<\/span><\/strong><\/p>\n<p><em>Dipartimento di Scienze Mediche e Sanit\u00e0 Pubblica<\/em><\/p>\n<div class=\"article-txt-item\">\n<p>Cittadella Universitaria di Monserrato &#8211;\u00a0SS 554 bivio Sestu &#8211; 09042, Monserrato (CA)<\/p>\n<\/div>\n<div class=\"article-txt-item\">\n<p>Telefono: +39 070 6753120 &#8211; Fax: +39 070 6753122<\/p>\n<p>Sito web: <span style=\"text-decoration: underline\"><span style=\"color: #0000ff\"><a style=\"color: #0000ff;text-decoration: underline\" href=\"https:\/\/www.unica.it\/unica\/it\/dip_scienzemedsanpub.page\" target=\"_blank\" rel=\"noopener noreferrer\">DSMSP<\/a><\/span><\/span><\/p>\n<\/div>\n<\/td>\n<\/tr>\n<tr>\n<td><a href=\"http:\/\/sites.unica.it\/domomea-project\/files\/2018\/04\/Logo-Uniss.jpg\"><img loading=\"lazy\" decoding=\"async\" class=\"wp-image-2129 aligncenter\" src=\"http:\/\/sites.unica.it\/domomea-project\/files\/2018\/04\/Logo-Uniss-300x300.jpg\" alt=\"\" width=\"125\" height=\"125\" srcset=\"https:\/\/sites.unica.it\/domomea-project\/files\/2018\/04\/Logo-Uniss-300x300.jpg 300w, https:\/\/sites.unica.it\/domomea-project\/files\/2018\/04\/Logo-Uniss-150x150.jpg 150w, https:\/\/sites.unica.it\/domomea-project\/files\/2018\/04\/Logo-Uniss-96x96.jpg 96w, https:\/\/sites.unica.it\/domomea-project\/files\/2018\/04\/Logo-Uniss-24x24.jpg 24w, https:\/\/sites.unica.it\/domomea-project\/files\/2018\/04\/Logo-Uniss-36x36.jpg 36w, https:\/\/sites.unica.it\/domomea-project\/files\/2018\/04\/Logo-Uniss-48x48.jpg 48w, https:\/\/sites.unica.it\/domomea-project\/files\/2018\/04\/Logo-Uniss-64x64.jpg 64w, https:\/\/sites.unica.it\/domomea-project\/files\/2018\/04\/Logo-Uniss.jpg 479w\" sizes=\"auto, (max-width: 125px) 100vw, 125px\" \/><br \/>\n<\/a><\/td>\n<td>\n<h1><strong><span style=\"font-family: georgia, palatino, serif;font-size: 24pt\">Universit\u00e0 degli Studi di Sassari<\/span><\/strong><\/h1>\n<p>Piazza Universit\u00e0 21 &#8211; 07100 Sassari<\/p>\n<p>Telefono: +39 079 228211 &#8211; Fax: +39 079 228816<\/p>\n<p>Sito web: <span style=\"text-decoration: underline\"><span style=\"color: #0000ff\"><a style=\"color: #0000ff;text-decoration: underline\" href=\"http:\/\/www.uniss.it\/\" target=\"_blank\" rel=\"noopener noreferrer\">www.uniss.it<\/a><\/span><\/span><\/td>\n<\/tr>\n<tr>\n<td style=\"text-align: center\">\u00a0<span style=\"float: none;background-color: transparent;color: #333333;cursor: text;font-family: Georgia,'Times New Roman','Bitstream Charter',Times,serif;font-size: 16px;font-style: normal;font-variant: normal;font-weight: 400;letter-spacing: normal;text-align: left;text-decoration: none;text-indent: 0px\">\u00a0<\/span><a href=\"http:\/\/sites.unica.it\/domomea-project\/dsb\/\" target=\"_blank\" rel=\"noopener noreferrer\"><span style=\"text-decoration: underline\"><em><span style=\"color: #0000ff;text-decoration: underline\">STAFF<\/span><\/em><\/span><\/a><\/td>\n<td><strong><span style=\"font-size: 12pt;font-family: georgia, palatino, serif\">Prof. Andrea Cereatti, PhD (coordinatore di unit\u00e0)<\/span><\/strong><\/p>\n<p><em>Dipartimento di Scienze Biomediche<\/em><\/p>\n<p>Viale San Pietro &#8211; 07100 Sassari<\/p>\n<p>Telefono: +39 079 213054 &#8211; Fax: +39 079 228816<\/p>\n<p>Sito web:\u00a0<span style=\"text-decoration: underline\"><span style=\"color: #0000ff\"><a style=\"color: #0000ff;text-decoration: underline\" href=\"http:\/\/scienzebiomediche.uniss.it\" target=\"_blank\" rel=\"noopener noreferrer\">DSB<\/a><\/span><\/span><\/td>\n<\/tr>\n<\/tbody>\n<\/table>\n<p>&nbsp;<\/p>\n<p><\/p><h4>en<\/h4><p><\/p>\n<div class=\"article-txt-item\">\n<p>The scientific research behind this project is carried out by the University of Cagliari and the University of Sassari, organized in a temporary association of enterprises (ATI).<\/p>\n<table>\n<tbody>\n<tr>\n<td>\n<h1><img loading=\"lazy\" decoding=\"async\" class=\"wp-image-2122 aligncenter\" src=\"http:\/\/sites.unica.it\/domomea-project\/files\/2018\/04\/Logo_Universit\u00e0_di_Cagliari-300x300.jpg\" alt=\"\" width=\"122\" height=\"122\" srcset=\"https:\/\/sites.unica.it\/domomea-project\/files\/2018\/04\/Logo_Universit\u00e0_di_Cagliari-300x300.jpg 300w, https:\/\/sites.unica.it\/domomea-project\/files\/2018\/04\/Logo_Universit\u00e0_di_Cagliari-150x150.jpg 150w, https:\/\/sites.unica.it\/domomea-project\/files\/2018\/04\/Logo_Universit\u00e0_di_Cagliari-96x96.jpg 96w, https:\/\/sites.unica.it\/domomea-project\/files\/2018\/04\/Logo_Universit\u00e0_di_Cagliari-24x24.jpg 24w, https:\/\/sites.unica.it\/domomea-project\/files\/2018\/04\/Logo_Universit\u00e0_di_Cagliari-36x36.jpg 36w, https:\/\/sites.unica.it\/domomea-project\/files\/2018\/04\/Logo_Universit\u00e0_di_Cagliari-48x48.jpg 48w, https:\/\/sites.unica.it\/domomea-project\/files\/2018\/04\/Logo_Universit\u00e0_di_Cagliari-64x64.jpg 64w, https:\/\/sites.unica.it\/domomea-project\/files\/2018\/04\/Logo_Universit\u00e0_di_Cagliari.jpg 593w\" sizes=\"auto, (max-width: 122px) 100vw, 122px\" \/><\/h1>\n<\/td>\n<td>\n<h1><strong><span style=\"font-size: 24pt;font-family: georgia, palatino, serif\">University of Cagliari<\/span><\/strong><\/h1>\n<p>Via Universit\u00e0 40 &#8211; 09124 Cagliari<\/p>\n<p>Phone: +39 070 6751<\/p>\n<p>Website: <span style=\"color: #0000ff\"><a style=\"color: #0000ff\" href=\"https:\/\/www.unica.it\/unica\/en\/homepage.page\" target=\"_blank\" rel=\"noopener noreferrer\">www.unica.it<\/a><\/span><\/td>\n<\/tr>\n<tr>\n<td>\u00a0<a href=\"http:\/\/sites.unica.it\/domomea-project\/diee\/\" target=\"_blank\" rel=\"noopener noreferrer\"><em>STAFF<\/em><\/a><\/td>\n<td><strong>Prof. Danilo Pani, PhD (PI and unity coordinator)<\/strong><\/p>\n<p><em>Department of Electrical and Electronic Engineering<\/em><\/p>\n<p>Piazza D&#8217;Armi &#8211; 09123 Cagliari<\/p>\n<p>Phone: +39 070 6755763 &#8211; Fax: +39 070 6755782<\/p>\n<p>Website:\u00a0<span style=\"text-decoration: underline\"><span style=\"color: #333399\"><a style=\"color: #333399;text-decoration: underline\" href=\"https:\/\/sites.unica.it\/medsp\/\" target=\"_blank\" rel=\"noopener noreferrer\">MeDSP<\/a><\/span><\/span><\/td>\n<\/tr>\n<tr>\n<td>\u00a0<a href=\"http:\/\/sites.unica.it\/domomea-project\/dsmsp\/\" target=\"_blank\" rel=\"noopener noreferrer\"><em>STAFF<\/em><\/a><\/td>\n<td><b>Prof. Marco Monticone, MD, PhD\u00a0<\/b><\/p>\n<p><em>Department of Medical Sciences and Public Health<\/em><\/p>\n<div class=\"article-txt-item\">\n<p>Cittadella Universitaria di Monserrato &#8211;\u00a0SS 554 bivio Sestu &#8211; 09042, Monserrato (CA)<\/p>\n<\/div>\n<div class=\"article-txt-item\">\n<p>Phone: +39 070 6753120 &#8211; Fax: +39 070 6753122<\/p>\n<p>Website: <span style=\"color: #0000ff\"><a style=\"color: #0000ff\" href=\"https:\/\/www.unica.it\/unica\/en\/dip_scienzemedsanpub.page\" target=\"_blank\" rel=\"noopener noreferrer\">DSMSP<\/a><\/span><\/p>\n<\/div>\n<\/td>\n<\/tr>\n<tr>\n<td><a href=\"http:\/\/sites.unica.it\/domomea-project\/files\/2018\/04\/Logo-Uniss.jpg\"><img loading=\"lazy\" decoding=\"async\" class=\"wp-image-2129 aligncenter\" src=\"http:\/\/sites.unica.it\/domomea-project\/files\/2018\/04\/Logo-Uniss-300x300.jpg\" alt=\"\" width=\"125\" height=\"125\" srcset=\"https:\/\/sites.unica.it\/domomea-project\/files\/2018\/04\/Logo-Uniss-300x300.jpg 300w, https:\/\/sites.unica.it\/domomea-project\/files\/2018\/04\/Logo-Uniss-150x150.jpg 150w, https:\/\/sites.unica.it\/domomea-project\/files\/2018\/04\/Logo-Uniss-96x96.jpg 96w, https:\/\/sites.unica.it\/domomea-project\/files\/2018\/04\/Logo-Uniss-24x24.jpg 24w, https:\/\/sites.unica.it\/domomea-project\/files\/2018\/04\/Logo-Uniss-36x36.jpg 36w, https:\/\/sites.unica.it\/domomea-project\/files\/2018\/04\/Logo-Uniss-48x48.jpg 48w, https:\/\/sites.unica.it\/domomea-project\/files\/2018\/04\/Logo-Uniss-64x64.jpg 64w, https:\/\/sites.unica.it\/domomea-project\/files\/2018\/04\/Logo-Uniss.jpg 479w\" sizes=\"auto, (max-width: 125px) 100vw, 125px\" \/><br \/>\n<\/a><\/td>\n<td>\n<h1>University of Sassari<\/h1>\n<p>Piazza Universit\u00e0 21 &#8211; 07100 Sassari<\/p>\n<p>Phone: +39 079 228211 &#8211; Fax: +39 079 228816<\/p>\n<p>Website: <span style=\"color: #0000ff\"><a style=\"color: #0000ff\" href=\"https:\/\/en.uniss.it\/\" target=\"_blank\" rel=\"noopener noreferrer\">www.uniss.it<\/a><\/span><\/td>\n<\/tr>\n<tr>\n<td>\u00a0\u00a0<a href=\"http:\/\/sites.unica.it\/domomea-project\/dsb\/\" target=\"_blank\" rel=\"noopener noreferrer\"><em>STAFF<\/em><\/a><\/td>\n<td><b>Prof. Andrea Cereatti, PhD (unity coordinator)<\/b><\/p>\n<p><em>Department of Biomedical Sciences<\/em><\/p>\n<p>Viale San Pietro &#8211; 07100 Sassari<\/p>\n<p>Phone: +39 079 213054 &#8211; Fax: +39 079 228816<\/p>\n<p>Website: <span style=\"color: #0000ff\"><a style=\"color: #0000ff\" href=\"http:\/\/scienzebiomediche.uniss.it\/en\" target=\"_blank\" rel=\"noopener noreferrer\">DSB<\/a><\/span><\/td>\n<\/tr>\n<\/tbody>\n<\/table>\n<p>&nbsp;<\/p>\n<\/div>\n<p>&nbsp;<\/p>\n<p>&nbsp;<\/p>\n<p>&nbsp;<\/p>","protected":false},"excerpt":{"rendered":"<p>it Il progetto \u00e8 realizzato dall&#8217;Universit\u00e0 di Cagliari e dall&#8217;Universit\u00e0 di Sassari, organizzate in ATI. &nbsp; Universit\u00e0 degli Studi di Cagliari Via Universit\u00e0 40 &#8211; 09124 Cagliari Telefono: +39 070 6751 Sito web: www.unica.it \u00a0STAFF Prof. Danilo Pani, PhD (PI e coordinatore di unit\u00e0) Dipartimento di Ingegneria Elettrica ed Elettronica Piazza D&#8217;Armi &#8211; 09123 Cagliari <a href='https:\/\/sites.unica.it\/domomea-project\/research-partners\/' class='excerpt-more'>[&#8230;]<\/a><\/p>\n","protected":false},"author":1910,"featured_media":0,"parent":0,"menu_order":0,"comment_status":"closed","ping_status":"closed","template":"","meta":{"footnotes":""},"class_list":["post-1674","page","type-page","status-publish","hentry","post-seq-1","post-parity-odd","meta-position-corners","fix"],"_links":{"self":[{"href":"https:\/\/sites.unica.it\/domomea-project\/wp-json\/wp\/v2\/pages\/1674","targetHints":{"allow":["GET"]}}],"collection":[{"href":"https:\/\/sites.unica.it\/domomea-project\/wp-json\/wp\/v2\/pages"}],"about":[{"href":"https:\/\/sites.unica.it\/domomea-project\/wp-json\/wp\/v2\/types\/page"}],"author":[{"embeddable":true,"href":"https:\/\/sites.unica.it\/domomea-project\/wp-json\/wp\/v2\/users\/1910"}],"replies":[{"embeddable":true,"href":"https:\/\/sites.unica.it\/domomea-project\/wp-json\/wp\/v2\/comments?post=1674"}],"version-history":[{"count":74,"href":"https:\/\/sites.unica.it\/domomea-project\/wp-json\/wp\/v2\/pages\/1674\/revisions"}],"predecessor-version":[{"id":3561,"href":"https:\/\/sites.unica.it\/domomea-project\/wp-json\/wp\/v2\/pages\/1674\/revisions\/3561"}],"wp:attachment":[{"href":"https:\/\/sites.unica.it\/domomea-project\/wp-json\/wp\/v2\/media?parent=1674"}],"curies":[{"name":"wp","href":"https:\/\/api.w.org\/{rel}","templated":true}]}}