{"id":102,"date":"2012-04-12T12:03:39","date_gmt":"2012-04-12T12:03:39","guid":{"rendered":"http:\/\/people.unica.it\/basecds\/?page_id=102"},"modified":"2021-03-02T08:15:18","modified_gmt":"2021-03-02T08:15:18","slug":"home","status":"publish","type":"page","link":"https:\/\/sites.unica.it\/domomea-project\/","title":{"rendered":"Home"},"content":{"rendered":"<h4>it<\/h4><p><\/p>\n<h1><strong><span style=\"font-family: georgia, palatino, serif;font-size: 24pt\">DoMoMEA<\/span><\/strong><\/h1>\n<h2 style=\"text-align: justify\"><em><span style=\"font-family: georgia, palatino, serif;font-size: 14pt\">Tele-riabilitazione <strong>Do<\/strong>miciliare neuro<strong>Mo<\/strong>toria a favore dei soggetti con esiti di ictus cerebrale a disabilit\u00e0 <strong>M<\/strong>oderata mediante dispositivi <strong>E<\/strong>lettronici <strong>A<\/strong>vanzati.<\/span><\/em><\/h2>\n<p>&nbsp;<\/p>\n<p>DoMoMEA \u00e8 un <strong>progetto <em><span style=\"float: none;background-color: transparent;color: #333333;cursor: text;font-family: Georgia, 'Times New Roman', 'Bitstream Charter', Times, serif;font-size: 16px;font-variant: normal;letter-spacing: normal;text-align: left;text-decoration: none;text-indent: 0px\">Cluster Top-Down<\/span><\/em><\/strong> finanziato da <a href=\"https:\/\/www.sardegnaricerche.it\/index.php?xsl=370&amp;s=357324&amp;v=2&amp;c=15069&amp;nc=1&amp;sc=\"><strong>Sardegna Ricerche<\/strong><\/a> con fondi POR FESR 2014\/2020 &#8211; ASSE PRIORITARIO I &#8220;RICERCA SCIENTIFICA, SVILUPPO TECNOLOGICO E INNOVAZIONE&#8221;.<\/p>\n<p>DoMoMEA intende proporre soluzioni tecnologiche ad alto valore aggiunto per la teleriabilitazione domiciliare a favore dei pazienti dimessi dalle strutture riabilitative degenziali ma ancora bisognosi di un periodo di recupero motorio. Il progetto si focalizza sulla riabilitazione di pazienti con deficit neuromotori conseguenti ad ictus cerebrale,\u00a0puntando\u00a0alla realizzazione di un sistema\u00a0per l\u2019erogazione di un protocollo riabilitativo <strong>domiciliare telemonitorato<\/strong> completo, personalizzato in funzione delle esigenze dei singoli pazienti e volto alla riduzione della disabilit\u00e0 percepita dagli stessi.<\/p>\n<p>Per un territorio come quello sardo, caratterizzato da una bassa densit\u00e0 di popolazione su un\u2019area molto vasta, il vantaggio dei sistemi di telesalute \u00e8 evidente. In particolare, l\u2019approccio proposto dal progetto DoMoMEA \u00e8 in grado di superare i limiti dei convenzionali approcci alla riabilitazione, in quanto risolve le difficolt\u00e0 logistiche rendendo il sistema accessibile a tutti, persino in realt\u00e0 rurali e poco servite dai tradizionali sistemi di riabilitazione,\u00a0 e permette di abbattere i costi, garantendo al contempo un uso efficiente delle risorse sanitarie.<\/p>\n<p>Le stesse tecnologie e metodologie sviluppate\/adottate in DoMoMEA, inoltre, potranno essere facilmente re-impiegate in altri contesti di teleriabilitazione, ampliandone significativamente orizzonti e prospettive.<\/p>\n<p>DoMoMEA sfrutta <strong>sensori indossabili inerziali<\/strong> e di pressione per l&#8217;analisi quantitativa del movimento del soggetto durante l&#8217;esercizio riabilitativo, fornendogli <em>feedback<\/em> di vario tipo (visivi, uditivi e vibrotattili). Il paziente \u00e8 coinvolto nella sua riabilitazione grazie a <strong>interfacce<\/strong> semplici implementate su TV o tablet, che implementano l&#8217;approccio dell&#8217;exergaming per una maggiore partecipazione e una riduzione degli abbandoni. Una tecnologia <em>store-and-forward<\/em>, unito ad un link <strong><em>real-time<\/em><\/strong> attivabile, permettono una scalabilit\u00e0 dell&#8217;approccio al <strong>telemonitoraggio<\/strong>. Gli esercizi comprenderanno componenti di recupero articolare, recupero stenico, della coordinazione, di inibizione della spasticit\u00e0 (se presente), mirando al miglior ricondizionamento neuromotorio possibile sulla base delle abilit\u00e0 recuperabili.<\/p>\n<p><b>Attualmente, a livello internazionale, non esistono soluzioni simili a quella proposta in DoMoMEA che abbiano come target il paziente ischemico in dimissione<\/b><span style=\"float: none;background-color: transparent;color: #333333;cursor: text;font-family: Georgia,'Times New Roman','Bitstream Charter',Times,serif;font-size: 16px;font-style: normal;font-variant: normal;font-weight: 400;letter-spacing: normal;text-align: left;text-decoration: none;text-indent: 0px\">.<\/span><\/p>\n<p>Aprire uno scenario di possibile sfruttamento economico di metodologie di assistenza remota di questo tipo \u00e8 fondamentale, in quanto va a supportare situazioni nelle quali il Servizio Sanitario Nazionale attualmente non riesce ad arrivare in modo adeguato e garantendo una maggiore equit\u00e0 delle condizioni di accesso per tutti i pazienti.<\/p>\n<p><a href=\"http:\/\/sites.unica.it\/domomea-project\/files\/2018\/04\/dadinuovo.png\"><img loading=\"lazy\" decoding=\"async\" class=\"wp-image-2225 size-medium alignright\" src=\"http:\/\/sites.unica.it\/domomea-project\/files\/2018\/04\/dadinuovo-300x160.png\" alt=\"\" width=\"300\" height=\"160\" srcset=\"https:\/\/sites.unica.it\/domomea-project\/files\/2018\/04\/dadinuovo-300x160.png 300w, https:\/\/sites.unica.it\/domomea-project\/files\/2018\/04\/dadinuovo-768x410.png 768w, https:\/\/sites.unica.it\/domomea-project\/files\/2018\/04\/dadinuovo-1024x546.png 1024w, https:\/\/sites.unica.it\/domomea-project\/files\/2018\/04\/dadinuovo.png 1524w\" sizes=\"auto, (max-width: 300px) 100vw, 300px\" \/><\/a><\/p>\n<p><\/p><h4>en<\/h4><p><\/p>\n<h1><strong><span style=\"font-family: georgia, palatino, serif\">DoMoMEA<\/span><\/strong><\/h1>\n<h2><span style=\"font-size: 14pt\"><em>DoMoMEA &#8211; Home neuromotor tele-rehabilitation for stroke patients with mild impairment through advanced electronic devices.<\/em><\/span><\/h2>\n<p>DoMoMEA is a Top-Down <span style=\"float: none;background-color: transparent;color: #333333;font-family: Georgia,'Times New Roman','Bitstream Charter',Times,serif;font-size: 16px;font-style: normal;font-variant: normal;font-weight: 400;letter-spacing: normal;line-height: 24px;text-align: left;text-decoration: none;text-indent: 0px\">Cluster <\/span>project founded by Sardegna Ricerche POR FESR 2014\/2020 funds, Priority Axis I &#8220;Scientific Research, Technological Development and Innovation&#8221;.<\/p>\n<p>DoMoMEA aims at finding technological solutions with a high added value for the <span style=\"float: none;background-color: transparent;color: #333333;cursor: text;font-family: Georgia,'Times New Roman','Bitstream Charter',Times,serif;font-size: 16px;font-style: normal;font-variant: normal;font-weight: 400;letter-spacing: normal;text-align: left;text-decoration: none;text-indent: 0px\">home<\/span> tele-rehabilitation, in favour of patients who have been discharged from rehabilitation centres but that still need a recovery period for the motor control. The project is focused on the rehabilitation of patients with neuromotor deficits resulting from a stroke, and aims at realizing a system for the provision of a complete home rehabilitation protocol, which must be personalized with respect to the specific needs of the patients, able to reduce their perceived disability.<\/p>\n<p>In a region like Sardinia, which has a low\u00a0<span style=\"float: none;background-color: transparent;color: #333333;cursor: text;font-family: Georgia,'Times New Roman','Bitstream Charter',Times,serif;font-size: 16px;font-style: normal;font-variant: normal;font-weight: 400;letter-spacing: normal;text-align: left;text-decoration: none;text-indent: 0px\">population <\/span> density in a large area, the advantages in using telemedicine systems are evident. In particular, the DoMoMEA project proposal is able to overcome the limits of the conventional rehabilitation approaches by solving the logistic problems in order to let the system available for everyone. Moreover, in a context where there is not a diffused rehabilitation service, DoMoMEA can lead to a reduction of costs, ensuring at the same time an efficient utilization of the health resources. The same technologies and methodologies developed\/adopted in this project might be easily reused in other telerehabilitation contexts, significantly opening their horizons and perspectives.<\/p>\n<p>DoMoMEA uses wearable inertial and pressure sensors for the quantitative analysis of the movement in a subject executing a rehabilitation exercise. Patients will be engaged in <span style=\"float: none;background-color: transparent;color: #333333;cursor: text;font-family: Georgia,'Times New Roman','Bitstream Charter',Times,serif;font-size: 16px;font-style: normal;font-variant: normal;font-weight: 400;letter-spacing: normal;text-align: left;text-decoration: none;text-indent: 0px\">their own rehabilitation thanks to simple interfaces implemented on TV or tablet, including several\u00a0biofeedbacks (visual, auditory, vibrotactile).\u00a0<\/span>The exergaming approach will be used in order to obtain a better engagement and a reduction of the drop-outs. A store-and-forward technology combined with a real-time link are capable to provide scalability to the tele-monitoring approach. The exercises will include\u00a0 joint, force and\u00a0 coordination recovery and spasticity inhibition (if present), with the aim of the best possible neuromotor reconditioning taking into account the recoverable abilities.<\/p>\n<p><strong>A the moment, at international level, there are no similar solutions having, as target, the discharged stroke patient.<\/strong><\/p>\n<p>Opening a possible scenario of an economic exploitation of the methodologies for the remote assistance is very important, because it supports situations in which the National Health Service is not able to provide adequate assistance, also guaranteeing more equity in the access to the rehabilitation services for all the patients.<\/p>","protected":false},"excerpt":{"rendered":"<p>it DoMoMEA Tele-riabilitazione Domiciliare neuroMotoria a favore dei soggetti con esiti di ictus cerebrale a disabilit\u00e0 Moderata mediante dispositivi Elettronici Avanzati. &nbsp; DoMoMEA \u00e8 un progetto Cluster Top-Down finanziato da Sardegna Ricerche con fondi POR FESR 2014\/2020 &#8211; ASSE PRIORITARIO I &#8220;RICERCA SCIENTIFICA, SVILUPPO TECNOLOGICO E INNOVAZIONE&#8221;. DoMoMEA intende proporre soluzioni tecnologiche ad alto valore <a href='https:\/\/sites.unica.it\/domomea-project\/' class='excerpt-more'>[&#8230;]<\/a><\/p>\n","protected":false},"author":643,"featured_media":0,"parent":0,"menu_order":0,"comment_status":"closed","ping_status":"closed","template":"","meta":{"footnotes":""},"class_list":["post-102","page","type-page","status-publish","hentry","post-seq-1","post-parity-odd","meta-position-corners","fix"],"_links":{"self":[{"href":"https:\/\/sites.unica.it\/domomea-project\/wp-json\/wp\/v2\/pages\/102","targetHints":{"allow":["GET"]}}],"collection":[{"href":"https:\/\/sites.unica.it\/domomea-project\/wp-json\/wp\/v2\/pages"}],"about":[{"href":"https:\/\/sites.unica.it\/domomea-project\/wp-json\/wp\/v2\/types\/page"}],"author":[{"embeddable":true,"href":"https:\/\/sites.unica.it\/domomea-project\/wp-json\/wp\/v2\/users\/643"}],"replies":[{"embeddable":true,"href":"https:\/\/sites.unica.it\/domomea-project\/wp-json\/wp\/v2\/comments?post=102"}],"version-history":[{"count":71,"href":"https:\/\/sites.unica.it\/domomea-project\/wp-json\/wp\/v2\/pages\/102\/revisions"}],"predecessor-version":[{"id":3043,"href":"https:\/\/sites.unica.it\/domomea-project\/wp-json\/wp\/v2\/pages\/102\/revisions\/3043"}],"wp:attachment":[{"href":"https:\/\/sites.unica.it\/domomea-project\/wp-json\/wp\/v2\/media?parent=102"}],"curies":[{"name":"wp","href":"https:\/\/api.w.org\/{rel}","templated":true}]}}