{"id":1238,"date":"2015-12-07T00:22:25","date_gmt":"2015-12-06T23:22:25","guid":{"rendered":"http:\/\/raid2016.wp.tem-tsp.eu\/?page_id=26"},"modified":"2022-03-10T11:28:16","modified_gmt":"2022-03-10T10:28:16","slug":"committees-2","status":"publish","type":"page","link":"https:\/\/sites.unica.it\/dimva2022\/committees-2\/","title":{"rendered":"Committees"},"content":{"rendered":"<p>&nbsp;<\/p>\n<h2>Organizing Committee:<\/h2>\n<ul>\n<li>General Chair: Giorgio Giacinto, University of Cagliari, Italy<\/li>\n<li>Program Chair: Lorenzo Cavallaro, University College London, UK<\/li>\n<li>Program Co-Chair: Daniel Gruss, IAIK, TU Graz, Austria<\/li>\n<li>Industrial Chair: Ulrich Flegel, Infineon Technologies, Germany<\/li>\n<li>Industrial Co-Chair: Marco Balduzzi, Trend Micro Research, Italy<\/li>\n<li>Industrial Co-Chair: Thomas Schreck, Munich University of Applied Sciences, Germany<\/li>\n<li>Publications Chair: Giancarlo Pellegrino, CISPA, Germany<\/li>\n<li>Publicity Chair: Guillermo Suarez-Tangil, IMDEA Networks Institute, Spain<\/li>\n<li>Local Arrangements Chair: Davide Maiorca, University of Cagliari, Italy<\/li>\n<\/ul>\n<h2>Program Committee:<\/h2>\n<ul>\n<li>Fabio Pierazzi, King&#8217;s College London<\/li>\n<li>Jorge Blasco Alis, Royal Holloway, University of London<\/li>\n<li>Johannes Kinder, Bundeswehr University Munich<\/li>\n<li>Zhiqiang Lin Lin, Ohio State University<\/li>\n<li>Michael Schwarz, CISPA Helmholtz Center for Information Security<\/li>\n<li>Gianluca Stringhini, Boston University<\/li>\n<li>Seungwon Shin, KAIST<\/li>\n<li>Pierre Laperdrix, CNRS<\/li>\n<li>Juan Tapiador, Universidad Carlos III de Madrid<\/li>\n<li>Daniele Cono D&#8217;Elia, Sapienza University of Rome<\/li>\n<li>Stefano Zanero, Politecnico di Milano<\/li>\n<li>Christian Wressnegger, Karlsruhe Institute of Technology (KIT)<\/li>\n<li>Andrea Lanzi, University of Milan<\/li>\n<li>Christophe Hauser, Information Sciences Institute, University of Southern California<\/li>\n<li>Michael Meier, University of Bonn and Fraunhofer FKIE<\/li>\n<li>Konrad Rieck ,TU Braunschweig<\/li>\n<li>Guillermo Suarez-Tangil, IMDEA Networks Institute<\/li>\n<li>Flavio Toffalini, EPFL<\/li>\n<li>Kaveh Razavi ETH, Zurich<\/li>\n<li>Daniele Sgandurra, Huawei Technologies. Germany<\/li>\n<li>Nick Nikiforakis, Stony Brook University<\/li>\n<li>Daniel Arp, TU Berlin<\/li>\n<li>Lesly-Ann Daniel, KU Leuven<\/li>\n<li>Gang Wang, University of Illinois at Urbana-Champaign<\/li>\n<li>Sam L. Thomas, BINARLY<\/li>\n<li>Federico Maggi, Huawei Technologies<\/li>\n<li>Fabio Pagani, University of California, Santa Barbara<\/li>\n<li>S\u00e9bastien Bardin, CEA List<\/li>\n<li>Brendan Dolan-Gavitt, NYU<\/li>\n<li>Corrado Leita, VMware<\/li>\n<li>Vasileios Kemerlis, Brown University<\/li>\n<li>Marc Dacier, KAUST (RC3)<\/li>\n<li>Gregory Blanc, T\u00e9l\u00e9com SudParis, Institut Polytechnique de Paris<\/li>\n<li>Srdjan Matic, IMDEA Software Institute<\/li>\n<li>Jo Van Bulck, imec-DistriNet, KU Leuven<\/li>\n<li>Alexandros Kapravelos, North Carolina State University<\/li>\n<li>Mariano Graziano, Cisco Talos<\/li>\n<li>Giancarlo Pellegrino, CISPA Helmholtz Center for Information Security<\/li>\n<li>Tapti Palit, Purdue University<\/li>\n<li>Feargus Pendlebury, Meta<\/li>\n<li>Antonio Bianchi, Purdue University<\/li>\n<li>Nedim \u0160rndi\u0107, Huawei Munich Research Center<\/li>\n<li>Magnus Almgren, Chalmers University of Technology<\/li>\n<li>Yanick Fratantonio, Cisco Talos<\/li>\n<li>R Sekar Sekar, Stony Brook University<\/li>\n<li>Roland Yap, National University of Singapore<\/li>\n<li>Platon Kotzias, Norton Research Labs<\/li>\n<li>Sven Dietrich, City University of New York<\/li>\n<li>Marius Muench, Vrije Universiteit Amsterdam<\/li>\n<li>Christopher Kruegel, UC Santa Barbara<\/li>\n<li>Wenke Lee, Georgia Institute of Technology<\/li>\n<li>Anita Nikolich, University of Illinois &#8211; Urbana Champaign<\/li>\n<li>Marco Guarnieri, IMDEA Software Institute<\/li>\n<li>Moritz Lipp, Amazon Web Services<\/li>\n<\/ul>\n<h2>Steering Committee:<\/h2>\n<h3>Chairs<\/h3>\n<ul>\n<li>Ulrich Flegel, Infineon Technologies, Germany<\/li>\n<li>Michael Meier, University of Bonn and Fraunhofer FKIE, Germany<\/li>\n<\/ul>\n<h3>Members<\/h3>\n<ul>\n<li>Magnus Almgren, Chalmers University of Technology, Sweden<\/li>\n<li>S\u00e9bastien Bardin, CEA, France<\/li>\n<li>Gregory Blanc, T\u00e9l\u00e9com SudParis, France<\/li>\n<li>Herbert Bos, Vrije Universiteit Amsterdam, Netherlands<\/li>\n<li>Danilo M. Bruschi, Universita degli Studi di Milano, Italy<\/li>\n<li>Roland Bueschkes, RWE AG, Germany<\/li>\n<li>Juan Caballero, IMDEA Software Institute, Spain<\/li>\n<li>Lorenzo Cavallaro, University College London, UK<\/li>\n<li>Herv\u00e9 Debar, T\u00e9l\u00e9com SudParis, France<\/li>\n<li>Sven Dietrich, City University of New York, USA<\/li>\n<li>Cristiano Giuffrida, Vrije Universiteit Amsterdam, Netherlands<\/li>\n<li>Bernhard Haemmerli, Acris GmbH and HSLU Lucerne, Switzerland<\/li>\n<li>Thorsten Holz, Ruhr-University Bochum, Germany<\/li>\n<li>Marko Jahnke, CSIRT, German Federal Authority, Germany<\/li>\n<li>Klaus Julisch, Deloitte, Switzerland<\/li>\n<li>Christian Kreibich, ICSI, USA<\/li>\n<li>Christopher Kruegel, UC Santa Barbara, USA<\/li>\n<li>Pavel Laskov, University of Liechtenstein, Liechtenstein<\/li>\n<li>Federico Maggi, Huawei Technologies<\/li>\n<li>Cl\u00e9mentine Maurice, CNRS, CRIStAL, France<\/li>\n<li>Roberto Perdisci, University of Georgia and Georgia Institute of Technology, USA<\/li>\n<li>Michalis Polychronakis, Stony Brook University, USA<\/li>\n<li>Konrad Rieck, TU Braunschweig, Germany<\/li>\n<li>Jean-Pierre Seifert, Technical University Berlin, Germany<\/li>\n<li>Robin Sommer, ICSI\/LBNL, USA<\/li>\n<li>Urko Zurutuza, Mondragon University, Spain<\/li>\n<\/ul>\n","protected":false},"excerpt":{"rendered":"<p>&nbsp; Organizing Committee: General Chair: Giorgio Giacinto, University of Cagliari, Italy Program Chair: Lorenzo Cavallaro, University College London, UK Program Co-Chair: Daniel Gruss, IAIK, TU Graz, Austria Industrial Chair: Ulrich Flegel, Infineon Technologies, Germany Industrial Co-Chair: Marco Balduzzi, Trend Micro Research, Italy Industrial Co-Chair: Thomas Schreck, Munich University of Applied Sciences, Germany Publications Chair: Giancarlo&hellip; <a class=\"more-link\" href=\"https:\/\/sites.unica.it\/dimva2022\/committees-2\/\">Continua a leggere <span class=\"screen-reader-text\">Committees<\/span><\/a><\/p>\n","protected":false},"author":8998,"featured_media":0,"parent":0,"menu_order":0,"comment_status":"closed","ping_status":"closed","template":"","meta":{"footnotes":""},"class_list":["post-1238","page","type-page","status-publish","hentry","entry"],"_links":{"self":[{"href":"https:\/\/sites.unica.it\/dimva2022\/wp-json\/wp\/v2\/pages\/1238","targetHints":{"allow":["GET"]}}],"collection":[{"href":"https:\/\/sites.unica.it\/dimva2022\/wp-json\/wp\/v2\/pages"}],"about":[{"href":"https:\/\/sites.unica.it\/dimva2022\/wp-json\/wp\/v2\/types\/page"}],"author":[{"embeddable":true,"href":"https:\/\/sites.unica.it\/dimva2022\/wp-json\/wp\/v2\/users\/8998"}],"replies":[{"embeddable":true,"href":"https:\/\/sites.unica.it\/dimva2022\/wp-json\/wp\/v2\/comments?post=1238"}],"version-history":[{"count":14,"href":"https:\/\/sites.unica.it\/dimva2022\/wp-json\/wp\/v2\/pages\/1238\/revisions"}],"predecessor-version":[{"id":1392,"href":"https:\/\/sites.unica.it\/dimva2022\/wp-json\/wp\/v2\/pages\/1238\/revisions\/1392"}],"wp:attachment":[{"href":"https:\/\/sites.unica.it\/dimva2022\/wp-json\/wp\/v2\/media?parent=1238"}],"curies":[{"name":"wp","href":"https:\/\/api.w.org\/{rel}","templated":true}]}}