{"id":102,"date":"2012-04-12T12:03:39","date_gmt":"2012-04-12T12:03:39","guid":{"rendered":"http:\/\/people.unica.it\/basecds\/?page_id=102"},"modified":"2018-07-12T09:42:23","modified_gmt":"2018-07-12T09:42:23","slug":"home","status":"publish","type":"page","link":"https:\/\/sites.unica.it\/csri\/","title":{"rendered":"Home"},"content":{"rendered":"<div class=\"column1-unit\">\n<h1>Nuovo sito In allestimento!!!!<\/h1>\n<h1><span style=\"font-size: 18pt\">Il Centro Studi di Relazioni Industriali<\/span><\/h1>\n<h3><span style=\"font-size: 12pt\">Presentazione delle attivit\u00e0<\/span><\/h3>\n<p><span style=\"font-size: 10pt\">Il Centro Studi di Relazioni Industriali \u00e8 un Centro di ricerca interdipartimentale dell&#8217; Universit\u00e0 di Cagliari fondato nel 1989.<\/span><br \/>\n<span style=\"font-size: 10pt\">Aderiscono al Centro docenti e ricercatori di diverse aree disciplinari interessati alla ricerca ed alla didattica nel campo delle Relazioni Industriali, del Diritto del Lavoro e delle tematiche connesse allo sviluppo. Il Centro svolge attivit\u00e0 didattica, di ricerca e di consulenza.<\/span><\/p>\n<\/div>\n","protected":false},"excerpt":{"rendered":"<p>Nuovo sito In allestimento!!!! Il Centro Studi di Relazioni Industriali Presentazione delle attivit\u00e0 Il Centro Studi di Relazioni Industriali \u00e8 un Centro di ricerca interdipartimentale dell&#8217; Universit\u00e0 di Cagliari fondato nel 1989. Aderiscono al Centro docenti e ricercatori di diverse aree disciplinari interessati alla ricerca ed alla didattica nel campo delle Relazioni Industriali, del Diritto del Lavoro e delle tematiche connesse allo sviluppo. Il Centro svolge attivit\u00e0 didattica, di ricerca e di consulenza.<\/p>\n","protected":false},"author":643,"featured_media":0,"parent":0,"menu_order":0,"comment_status":"closed","ping_status":"closed","template":"magazine.php","meta":{"footnotes":""},"class_list":["post-102","page","type-page","status-publish","hentry","post-seq-1","post-parity-odd","meta-position-corners","fix"],"_links":{"self":[{"href":"https:\/\/sites.unica.it\/csri\/wp-json\/wp\/v2\/pages\/102","targetHints":{"allow":["GET"]}}],"collection":[{"href":"https:\/\/sites.unica.it\/csri\/wp-json\/wp\/v2\/pages"}],"about":[{"href":"https:\/\/sites.unica.it\/csri\/wp-json\/wp\/v2\/types\/page"}],"author":[{"embeddable":true,"href":"https:\/\/sites.unica.it\/csri\/wp-json\/wp\/v2\/users\/643"}],"replies":[{"embeddable":true,"href":"https:\/\/sites.unica.it\/csri\/wp-json\/wp\/v2\/comments?post=102"}],"version-history":[{"count":4,"href":"https:\/\/sites.unica.it\/csri\/wp-json\/wp\/v2\/pages\/102\/revisions"}],"predecessor-version":[{"id":1669,"href":"https:\/\/sites.unica.it\/csri\/wp-json\/wp\/v2\/pages\/102\/revisions\/1669"}],"wp:attachment":[{"href":"https:\/\/sites.unica.it\/csri\/wp-json\/wp\/v2\/media?parent=102"}],"curies":[{"name":"wp","href":"https:\/\/api.w.org\/{rel}","templated":true}]}}