{"id":701,"date":"2025-04-15T17:29:59","date_gmt":"2025-04-15T15:29:59","guid":{"rendered":"https:\/\/sites.unica.it\/conferenzadicaar\/?page_id=701"},"modified":"2025-05-28T14:43:15","modified_gmt":"2025-05-28T12:43:15","slug":"home-2025","status":"publish","type":"page","link":"https:\/\/sites.unica.it\/conferenzadicaar\/","title":{"rendered":"Conferenza 2025"},"content":{"rendered":"\n<div class=\"wp-block-group alignfull has-background\" style=\"background-color:#000000\"><div class=\"wp-block-group__inner-container is-layout-constrained wp-block-group-is-layout-constrained\"><div class=\"wp-block-image\">\n<figure class=\"aligncenter size-large is-resized\"><img loading=\"lazy\" decoding=\"async\" width=\"1024\" height=\"331\" src=\"https:\/\/sites.unica.it\/conferenzadicaar\/files\/2021\/10\/logo-DICAAR-inverso-1024x331.png\" alt=\"\" class=\"wp-image-267\" style=\"width:400px\" srcset=\"https:\/\/sites.unica.it\/conferenzadicaar\/files\/2021\/10\/logo-DICAAR-inverso-1024x331.png 1024w, https:\/\/sites.unica.it\/conferenzadicaar\/files\/2021\/10\/logo-DICAAR-inverso-300x97.png 300w, https:\/\/sites.unica.it\/conferenzadicaar\/files\/2021\/10\/logo-DICAAR-inverso-768x248.png 768w, https:\/\/sites.unica.it\/conferenzadicaar\/files\/2021\/10\/logo-DICAAR-inverso-1536x496.png 1536w, https:\/\/sites.unica.it\/conferenzadicaar\/files\/2021\/10\/logo-DICAAR-inverso-250x81.png 250w, https:\/\/sites.unica.it\/conferenzadicaar\/files\/2021\/10\/logo-DICAAR-inverso.png 1548w\" sizes=\"auto, (max-width: 1024px) 100vw, 1024px\" \/><\/figure><\/div><\/div><\/div>\n\n\n\n<p><\/p>\n\n\n<div class=\"wp-block-image\">\n<figure class=\"aligncenter\"><img decoding=\"async\" src=\"http:\/\/sites.unica.it\/conferenzadicaar\/files\/2021\/09\/R-logo.png\" alt=\"\" \/><\/figure><\/div>\n\n\n<p><\/p>\n\n\n\n<h1 class=\"wp-block-heading has-text-align-center\"><em>Strani Nuovi Mondi<\/em><\/h1>\n\n\n\n<h2 class=\"wp-block-heading has-text-align-center\">4\u00b0 Conferenza del DICAAR<\/h2>\n\n\n\n<h4 class=\"wp-block-heading has-text-align-center\">29-30 maggio 2025<\/h4>\n\n\n\n<p><\/p>\n\n\n\n<p><strong>Il DICAAR ha il piacere di invitare istituzioni, imprese, espressioni della societ\u00e0 civile, e tutta la comunit\u00e0 accademica, alla sua IV Conferenza biennale. <\/strong><\/p>\n\n\n\n<p>Proporre una Conferenza del DICAAR&nbsp;\u2013 &#8220;il Dipartimento di progetto del territorio&#8221; dell&#8217;Universit\u00e0 di Cagliari \u2013 significa non solo offrire, con riferimento agli ambiti scientifico, tecnico e sociale, una riflessione sulla sua capacit\u00e0 di fare ricerca, innovazione e cultura, ma, anche e soprattutto, aprirsi rispetto al mondo della ricerca e dell&#8217;alta formazione a scala pi\u00f9 ampia, e rivolgersi al territorio, cio\u00e8 ad istituzioni, imprese e societ\u00e0 civile.<\/p>\n\n\n\n<p>Il DICAAR si presenta, in questo contesto, con un patrimonio, di grande rilievo, di ricerche, esperienze, laboratori di ricerca e sviluppo, percorsi didattici di base e di alta formazione, e con una ricca attivit\u00e0 di collaborazioni istituzionali e di servizio al territorio.<\/p>\n\n\n\n<p>La Conferenza si svilupper\u00e0 in due giorni consecutivi, il 29 ed il 30 maggio, mattina e pomeriggio, attraverso&nbsp;<strong>quattro sessioni<\/strong>. La prima,&nbsp;<strong>plenaria e di ordine generale, il 29 mattina<\/strong>, e le altre tre dedicate, rispettivamente, ai contesti disciplinari dell&#8217;<strong>Ingegneria civile, il 29 pomeriggio<\/strong>, dell&#8217;<strong>Ingegneria ambientale, il 30 mattina<\/strong>, e dell&#8217;<strong>Architettura, il 30 pomeriggio<\/strong>.<\/p>\n\n\n\n<p>L&#8217;organizzazione delle quattro sessioni si basa su una significativa integrazione, sia nei contenuti relativi alla ricerca, che a quelli della didattica e della terza missione, con momenti di presentazione e discussione che mettono in relazione istanze scientifiche, tecniche e culturali.<\/p>\n\n\n\n<p>Infine, vi sar\u00e0 <strong>una sessione fisica, allestita nel giardino centrale della Facolt\u00e0 di Ingegneria e Architettura<\/strong>, con l&#8217;esposizione di poster sulle principali linee di ricerca, laboratori e offerta didattica.  <\/p>\n\n\n\n<h1 class=\"wp-block-heading\">Programma<\/h1>\n\n\n\n<h2 class=\"wp-block-heading\">SESSIONE PLENARIA<br>29 maggio &#8211; mattina<\/h2>\n\n\n\n<p><strong>Aula Magna &#8220;Mario Carta&#8221;, Facolt\u00e0 di Ingegneria e Architettura, Via Marengo 2<\/strong><\/p>\n\n\n\n<h4 class=\"wp-block-heading\">9:00 Benvenuto e apertura dei lavori<\/h4>\n\n\n\n<p><strong>Corrado Zoppi<\/strong>, coordinatore del comitato scientifico della Conferenza<\/p>\n\n\n\n<h4 class=\"wp-block-heading\">9:30 Saluti istituzionali<\/h4>\n\n\n\n<p><strong>Gianni Fenu<\/strong>, Prorettore Vicario dell&#8217;Universit\u00e0 degli Studi di Cagliari<br><strong>Luca Caschili<\/strong>, Capo di Gabinetto dell&#8217;Ufficio della Presidente della Regione Autonoma della Sardegna<br><strong>Massimo Zedda<\/strong>, Sindaco del Comune di Cagliari<\/p>\n\n\n\n<h4 class=\"wp-block-heading\">10:30 &#8220;Non siamo pi\u00f9 in Kansas, Toto&#8221;<\/h4>\n\n\n\n<p>Relazione introduttiva di <strong>Ivan Ble\u010di\u0107<\/strong>, Direttore del DICAAR<\/p>\n\n\n\n<h4 class=\"wp-block-heading\">11:00 <em>Strani Nuovi Mondi<\/em><br>&#8220;Le intelligenze artificiali con applicazioni all&#8217;ingegneria civile, ambientale, territorio e architettura&#8221;<\/h4>\n\n\n\n<p>Introduce <strong>Michele Camerota<\/strong>, per il gruppo di lavoro sull&#8217;Intelligenza Artificiale di UNICA<\/p>\n\n\n\n<p>&#8220;Ingegneria dell&#8217;intelligenza artificiale&#8221;<br><strong>Battista Biggio<\/strong>, Dipartimento di Ingegneria Elettrica ed Elettronica<\/p>\n\n\n\n<p>&#8220;Dispiegare l&#8217;Intelligenza Artificiale spiegabile&#8221;<br><strong>Davide Spano<\/strong>, Dipartimento di Matematica e Informatica<\/p>\n\n\n\n<p>&#8220;Che cosa bolle in pentola: applicazioni dell&#8217;IA all&#8217;ingegneria civile, ambientale, territorio, architettura&#8221;<br><strong>Giuseppe Andrea Trunfio<\/strong>, Dipartimento di Scienze Biomediche, Universit\u00e0 di Sassari<\/p>\n\n\n\n<p><strong>Conclusione dei lavori alle ore 13:00<\/strong>.<\/p>\n\n\n\n<hr class=\"wp-block-separator has-alpha-channel-opacity\" \/>\n\n\n\n<h2 class=\"wp-block-heading\">SESSIONE INGEGNERIA CIVILE<br>29 maggio &#8211; pomeriggio\/sera<\/h2>\n\n\n\n<p><strong>EXMA &#8211; Centro Comunale d&#8217;Arte e Cultura, Via S. Lucifero, 71, 09127 Cagliari CA<\/strong><\/p>\n\n\n\n<h5 class=\"wp-block-heading\"><strong>In occasione del 75\u00b0 compleanno dell&#8217;Ingegneria Civile<\/strong> <strong>a Cagliari<\/strong><\/h5>\n\n\n\n<h4 class=\"wp-block-heading\">17:00 \u2013 17:20 Saluti istituzionali<\/h4>\n\n\n\n<p><strong>Massimo Zedda<\/strong>, Sindaco di Cagliari<br><strong>Federico Miscali<\/strong>, Presidente dell\u2019Ordine degli Ingegneri della Provincia di Cagliari<\/p>\n\n\n\n<p>Introduce e coordina <strong>Mauro Coni<\/strong><\/p>\n\n\n\n<h4 class=\"wp-block-heading\">17:20-17:40 &#8220;Ingegneria mitologica&#8221;<\/h4>\n\n\n\n<p><strong>Angelo Trofa<\/strong>, Batisfera Teatro<\/p>\n\n\n\n<h4 class=\"wp-block-heading\">17:40-18:25 Acqua<\/h4>\n\n\n\n<p>Personalit\u00e0 dal mondo universitario, amministrativo, professionisti, soggetti economici e sociali, discutono sul tema dell\u2019acqua, del rischio idrogeologico, delle risorse idriche e della siccit\u00e0.<br>Partecipano alla tavola rotonda <strong>Maria Grazia Badas (<\/strong>DICAAR<strong>), Roberto Deidda (<\/strong>DICAAR<strong>),<\/strong> <strong>Edoardo Balzarini (<\/strong>gi\u00e0 assessore dei Lavori Pubblici Regione Sardegna)<strong>, Paolo Botti (<\/strong>Tutela e gestione delle risorse idriche, vigilanza sui servizi idrici e gestione delle siccit\u00e0, Agenzia regionale del distretto idrografico della Sardegna), <strong>Francesca Piras <\/strong>(Servizio Dighe ENAS), <strong>Stefano Sebastio<\/strong> (Abbanoa S.p.a.).<br>Modera <strong>Vito Biolchini<\/strong>, giornalista<\/p>\n\n\n\n<h4 class=\"wp-block-heading\">18:25-19:10 Mobilit\u00e0<\/h4>\n\n\n\n<p>Personalit\u00e0 dal mondo universitario, amministrativo, professionisti, soggetti economici e sociali discutono sul tema mobilit\u00e0 sostenibile.<br>Partecipano alla tavola rotonda <strong>Mauro Coni<\/strong> (DICAAR), <strong>Gianfranco Fancello<\/strong> (DICAAR), <strong>Benedetta Sanjust<\/strong> (Playcar S.r.l.), <strong>Matteo Lecis Cocco Ortu<\/strong>, <strong>Barbara Manca<\/strong> (assessora dei Trasporti Regione Sardegna).<br>Modera <strong>Luigi Almiento<\/strong>, giornalista<\/p>\n\n\n\n<h4 class=\"wp-block-heading\">19:10-19.55 Edificio sostenibile<\/h4>\n\n\n\n<p>Personalit\u00e0 dal mondo universitario, amministrativo, professionisti, soggetti economici e sociali discutono sul tema sostenibilit\u00e0 e sicurezza strutturale di edifici e infrastrutture.<br>Partecipano alla tavola rotonda <strong>Daniela Azzaro<\/strong> (ARUP &#8211; Europe Region Building Retrofit &#8211; Associate&nbsp; Leader), <strong>Andrea Frattolillo<\/strong> (DICAAR), <strong>Maria Gabriella Mulas<\/strong> (Politecnico di Milano), <strong>Emanuela Quaquero <\/strong>(DICAAR)<strong>, Mauro Sassu <\/strong>(DICAAR).<br>Modera <strong>Simona De Francisci<\/strong>, giornalista<\/p>\n\n\n\n<h4 class=\"wp-block-heading\">20:00-22:30 Buon compleanno in musica<\/h4>\n\n\n\n<p>DJ set, Jazz e Jam Session a cura di Radio XEvento d\u2019intrattenimento e spettacolo<\/p>\n\n\n\n<hr class=\"wp-block-separator has-alpha-channel-opacity\" \/>\n\n\n\n<h2 class=\"wp-block-heading\">SESSIONE INGEGNERIA AMBIENTALE<br>30 maggio &#8211; mattina<br><em>&#8220;<\/em>Ingegneria ambientale per un futuro sostenibile: Ricerca e valorizzazione della conoscenza<em>\u201d<\/em><\/h2>\n\n\n\n<p><strong>30 maggio, ore 9:00 -13:30<br>Aula Magna \u201cMario Carta\u201d, Facolt\u00e0 di Ingegneria e Architettura, Via Marengo 2<\/strong><\/p>\n\n\n\n<p><\/p>\n\n\n\n<h4 class=\"wp-block-heading\">9:00 \u2013 9:30 Benvenuto e saluti istituzionali<\/h4>\n\n\n\n<p><strong>Ivan Ble\u010di\u0107<\/strong>, Direttore del DICAAR<br><strong>Giuseppina Vacca<\/strong>, Coordinatrice dei corsi di studio in Ingegneria per l&#8217;Ambiente e il Territorio e in Ingegneria Ambientale per lo Sviluppo Sostenibile<br><strong>Rosanna Laconi, <\/strong>Assessora della Difesa dell\u2019Ambiente della Regione Sardegna<\/p>\n\n\n\n<p><\/p>\n\n\n\n<h4 class=\"wp-block-heading\">9:30-10:15 Relazione d&#8217;apertura<\/h4>\n\n\n\n<p>&#8220;Rivoluzione energetica, adattamento alla crisi climatica, economia circolare e ciclo integrato delle acque: l&#8217;ingegneria ambientale a servizio della transizione ecologica italiana&#8221;<br><strong>Stefano Ciafani<\/strong>, Presidente nazionale di Legambiente<\/p>\n\n\n\n<h4 class=\"wp-block-heading\">Ricerche e progetti <\/h4>\n\n\n\n<p>10:15-10:45 &#8220;Analisi multirischio applicata al patrimonio archeologico, con particolare riferimento al sistema degli insediamenti nuragici&#8221; (PNRR RETURN \u2013 Spoke TS3)<br><strong>Elisa Pilia <\/strong>e <strong>Francesco Pinna<\/strong><\/p>\n\n\n\n<p>10:45-11:15 &#8220;Tecnologie sostenibili per la tutela e valorizzazione dell&#8217;ambiente: recupero di risorse da scarti agro-industriali e minerari<strong> <\/strong>(PNRR e.INS \u2013 Spoke 9)&#8221;<br><strong>Fabiano Asunis <\/strong>e <strong>Gianluigi Farru<\/strong><\/p>\n\n\n\n<p>11:15-11:45 &#8220;Un modello di gestione territoriale integrata: Il Piano del Parco di Tepilora&#8221;<br><strong>Mara Ladu <\/strong>e <strong>Federica Leone<\/strong><\/p>\n\n\n\n<p>11:45-12:15 &#8220;Che aria tira sotto i pannelli? Come costruire un rapporto sinergico tra ambiente, energia rinnovabile, e agricoltura&#8221;<br><strong>Pier Giuseppe Ledda<\/strong><\/p>\n\n\n\n<h4 class=\"wp-block-heading\">12:30-13:00 Discussione: approfondimenti sui progetti esposti<\/h4>\n\n\n\n<p>Discutono <strong>Aldo Muntoni, Battista Grosso, Giorgio Querzoli, Corrado Zoppi<\/strong><\/p>\n\n\n\n<h4 class=\"wp-block-heading\">13:00 \u2013 13:30 Conclusioni<\/h4>\n\n\n\n<p><strong>Gianluca Cocco<\/strong>, Direttore generale del Corpo forestale e di vigilanza ambientale della Regione Sardegna<\/p>\n\n\n\n<hr class=\"wp-block-separator has-alpha-channel-opacity\" \/>\n\n\n\n<h2 class=\"wp-block-heading\">SESSIONE ARCHITETTURA<br>30 maggio &#8211; pomeriggio\/sera<\/h2>\n\n\n\n<p><strong>30 maggio 2025 dalle 17:00 alle 20:00<\/strong><br><strong>Aula Magna &#8220;Gaetano Cima&#8221;, Castello, Via Corte d&#8217;Appello 87<\/strong><\/p>\n\n\n\n<p>Il pomeriggio si articola in tre interventi\/tavole rotonde tematiche su <strong>Patrimonio, Citt\u00e0, Paesaggio<\/strong> nelle quali ad una relazione introduttiva seguono sia brevi interventi programmati, sia \u201ctestimonianze\u201d dai territori coinvolti dalle nostre azioni di ricerca, sia interventi liberi.<\/p>\n\n\n\n<h4 class=\"wp-block-heading\">17:00 Benvenuto e saluti istituzionali<\/h4>\n\n\n\n<p><strong>Ivan Ble\u010di\u0107<\/strong>, Direttore del DICAAR<br><strong>Monica Stochino<\/strong>, Soprintendenza Archeologia, belle arti e paesaggio per la citt\u00e0 metropolitana di Cagliari e le province di Oristano e Sud Sardegna <br><strong>Matteo Lecis Cocco Ortu<\/strong>, Assessore alla pianificazione strategica, urbanistica e ambientale, Comune di Cagliari<\/p>\n\n\n\n<h4 class=\"wp-block-heading\">17:30 Architettura \u00e8 Patrimonio:<\/h4>\n\n\n\n<p>&#8220;I nuraghi e l&#8217;UNESCO&#8221;<br><strong>Marco Cadinu, Carlo Atzeni, Pierfrancesco Cherchi<\/strong><\/p>\n\n\n\n<p>Ospiti <strong>Gianluca Cadeddu, Marco Naseddu<\/strong> (CRP Centro Regionale Programmazione), <strong>Pierpaolo Vargiu <\/strong>(APS La Sardegna verso l&#8217;UNESCO), <strong>Raffaele Paci <\/strong>(CRENoS)<\/p>\n\n\n\n<p>&#8220;Progetto Return&#8221;<br><strong>Battista Grosso<\/strong><\/p>\n\n\n\n<p>&#8220;Domus de Janas, UNESCO&#8221;<br><strong>Giovanna Concu<\/strong><\/p>\n\n\n\n<p>&#8220;Progetto RIUSO. Patrimoni carcerari e manicomiali&#8221;<br><strong>Giovanni Battista Cocco<\/strong><\/p>\n\n\n\n<h4 class=\"wp-block-heading\">18:15 Architettura \u00e8 Paesaggio<\/h4>\n\n\n\n<p>&#8220;PROGETTO ETIC (Einstein Telescope \u2013 Sos Enattos)&#8221;<br><strong>Massimo Faiferri<\/strong><\/p>\n\n\n\n<p>Ospite <strong>Alessandro Cardini<\/strong>, Istituto Nazionale di Fisica Nucleare (INFN)<\/p>\n\n\n\n<p>&#8220;Paesaggi Minerari&#8221;<br><strong>Adriano Dess\u00ec<\/strong><\/p>\n\n\n\n<p>&#8220;I paesaggi della terra cruda&#8221;<br><strong>Maddalena Achenza<\/strong><\/p>\n\n\n\n<h4 class=\"wp-block-heading\">19:00 Architettura \u00e8 Citt\u00e0<\/h4>\n\n\n\n<p>&#8220;Citt\u00e0 e ingiustizie spaziali. Geografia della differenza&#8221;<br><strong>Maurizio Memoli<\/strong>, con <strong>Alice Salimbeni <\/strong>e <strong>Martina Loi<\/strong><\/p>\n\n\n\n<p>&#8220;Centri storici e pianificazione&#8221;<br><strong>Anna Maria Colavitti<\/strong><\/p>\n\n\n\n<p>&#8220;Rigenerazione urbana&#8221;<br><strong>Ivan Ble\u010di\u0107<\/strong><\/p>\n\n\n\n<hr class=\"wp-block-separator has-alpha-channel-opacity\" \/>\n\n\n\n<p><\/p>\n\n\n\n<h5 class=\"wp-block-heading\">Comitato scientifico della Conferenza<\/h5>\n\n\n\n<p>Corrado Zoppi (coordinatore), Ivan Ble\u010di\u0107, Marco Cadinu, Giovanna Cappai, Antonio Cazzani, Gian Piero Deidda, Valentina Dentoni, Andrea Frattolillo, Francesco Viola, Mauro Coni, Roberto Deidda, Giuseppina Vacca<\/p>\n\n\n\n<h5 class=\"wp-block-heading\">Comitato Organizzativo<\/h5>\n\n\n\n<p>Fabiano Asunis, Ouafik Boulariah, Stefano Cadoni, Eleonora Congiu, Elena Cristiano, Gianluigi Farru, Mara Ladu, Pier Giuseppe Ledda, Federica Leone, Stefano Mais, Stefano Mais, Francesco Marras, Costantino Mastino, Silvia Mocci, Marco Moro, Emanuel Muroni, Elisa Pilia, Francesco Pinna, Valentina Pintus, Francesco Piras, Raffaello Possidente, Mario Lucio Puppio, Fabrizio Pusceddu, Nicoletta Rassu, Valeria Saiu, Giovanni Tuveri, Enrica Vecchi<\/p>\n","protected":false},"excerpt":{"rendered":"<p>Strani Nuovi Mondi 4\u00b0 Conferenza del DICAAR 29-30 maggio 2025 Il DICAAR ha il piacere di invitare istituzioni, imprese, espressioni della societ\u00e0 civile, e tutta la comunit\u00e0 accademica, alla sua IV Conferenza biennale. Proporre una Conferenza del DICAAR&nbsp;\u2013 &#8220;il Dipartimento di progetto del territorio&#8221; dell&#8217;Universit\u00e0 di Cagliari \u2013 significa non solo offrire, con riferimento agli&hellip;&nbsp;<a href=\"https:\/\/sites.unica.it\/conferenzadicaar\/\" rel=\"bookmark\">Leggi tutto &raquo;<span class=\"screen-reader-text\">Conferenza 2025<\/span><\/a><\/p>\n","protected":false},"author":2755,"featured_media":0,"parent":0,"menu_order":0,"comment_status":"closed","ping_status":"closed","template":"","meta":{"neve_meta_sidebar":"","neve_meta_container":"","neve_meta_enable_content_width":"","neve_meta_content_width":0,"neve_meta_title_alignment":"","neve_meta_author_avatar":"","neve_post_elements_order":"","neve_meta_disable_header":"on","neve_meta_disable_footer":"on","neve_meta_disable_title":"on","footnotes":""},"class_list":["post-701","page","type-page","status-publish","hentry"],"_links":{"self":[{"href":"https:\/\/sites.unica.it\/conferenzadicaar\/wp-json\/wp\/v2\/pages\/701","targetHints":{"allow":["GET"]}}],"collection":[{"href":"https:\/\/sites.unica.it\/conferenzadicaar\/wp-json\/wp\/v2\/pages"}],"about":[{"href":"https:\/\/sites.unica.it\/conferenzadicaar\/wp-json\/wp\/v2\/types\/page"}],"author":[{"embeddable":true,"href":"https:\/\/sites.unica.it\/conferenzadicaar\/wp-json\/wp\/v2\/users\/2755"}],"replies":[{"embeddable":true,"href":"https:\/\/sites.unica.it\/conferenzadicaar\/wp-json\/wp\/v2\/comments?post=701"}],"version-history":[{"count":61,"href":"https:\/\/sites.unica.it\/conferenzadicaar\/wp-json\/wp\/v2\/pages\/701\/revisions"}],"predecessor-version":[{"id":790,"href":"https:\/\/sites.unica.it\/conferenzadicaar\/wp-json\/wp\/v2\/pages\/701\/revisions\/790"}],"wp:attachment":[{"href":"https:\/\/sites.unica.it\/conferenzadicaar\/wp-json\/wp\/v2\/media?parent=701"}],"curies":[{"name":"wp","href":"https:\/\/api.w.org\/{rel}","templated":true}]}}