{"id":32,"date":"2021-09-28T22:55:04","date_gmt":"2021-09-28T20:55:04","guid":{"rendered":"https:\/\/sites.unica.it\/conferenzadicaar\/?page_id=32"},"modified":"2025-04-15T17:22:32","modified_gmt":"2025-04-15T15:22:32","slug":"home","status":"publish","type":"page","link":"https:\/\/sites.unica.it\/conferenzadicaar\/home\/","title":{"rendered":"Home 2022"},"content":{"rendered":"<div style=\"background-color: #000000;color: #000000;margin: 0 -9999rem;padding: 1rem 9999rem\"><img decoding=\"async\" src=\"http:\/\/sites.unica.it\/conferenzadicaar\/files\/2021\/10\/logo-DICAAR-inverso.png\" alt=\"\" width=\"450\" class=\"aligncenter size-medium wp-image-267\" srcset=\"https:\/\/sites.unica.it\/conferenzadicaar\/files\/2021\/10\/logo-DICAAR-inverso.png 1548w, https:\/\/sites.unica.it\/conferenzadicaar\/files\/2021\/10\/logo-DICAAR-inverso-300x97.png 300w, https:\/\/sites.unica.it\/conferenzadicaar\/files\/2021\/10\/logo-DICAAR-inverso-1024x331.png 1024w, https:\/\/sites.unica.it\/conferenzadicaar\/files\/2021\/10\/logo-DICAAR-inverso-768x248.png 768w, https:\/\/sites.unica.it\/conferenzadicaar\/files\/2021\/10\/logo-DICAAR-inverso-1536x496.png 1536w, https:\/\/sites.unica.it\/conferenzadicaar\/files\/2021\/10\/logo-DICAAR-inverso-250x81.png 250w\" sizes=\"(max-width: 1548px) 100vw, 1548px\" \/><\/div>\n<p>&nbsp;<br \/>\n<img decoding=\"async\" class=\"aligncenter\" src=\"http:\/\/sites.unica.it\/conferenzadicaar\/files\/2021\/09\/R-logo.png\" alt=\"\"><\/p>\n<div class=\"aligncenter\" style=\"padding:2rem 0rem\">\n<h4>3\u00b0 Conferenza della Ricerca del DICAAR<\/h4>\n<h2>\u201cVerso i territori del <em>Green Deal<\/em>\u201d<br \/>\nTransizione ecologica, progetto e governo del territorio<\/h2>\n<h4>Ottobre 2021 &#8211; Febbraio 2022<\/h4>\n<\/div>\n<p>&nbsp;<\/p>\n<div class=\"aligncenter\"><a class=\"button button-primary\" href=\"#programma\">Programma completo<\/a><\/div>\n<p>&nbsp;<\/p>\n<div style=\"background-color: #dddddd;color: #000000;margin: 0 -9999rem;padding: 2rem 9999rem\">\n<h2>La Conferenza<\/h2>\n<p>Il <strong>DICAAR &#8211; Dipartimento di Ingegneria Civile, Ambientale e Architettura<\/strong> dell&#8217;Universit\u00e0 degli Studi di Cagliari &#8211; lancia la sua <strong>terza Conferenza della Ricerca<\/strong> per fare il punto in una fase cruciale nella quale la comunit\u00e0 scientifica deve riorganizzare le sue priorit\u00e0, in un mondo cos\u00ec interconnesso che ogni azione locale assume una valenza planetaria, e viceversa. Mentre ragiona sul suo profilo di ricerca, il suo rapporto con il territorio, il suo progetto formativo, il DICAAR intende anche offrire all\u2019Ateneo ed a tutti i suoi specialismi tavoli di discussione e confronto. Pandemia e cambiamento climatico, le crisi che stanno inducendo profondi sconvolgimenti nella quotidianit\u00e0 degli individui ma anche nelle strategie dei grandi attori internazionali, vedono l\u2019Unione Europea farsi portatrice di una visione \u2013 il <strong><em>Green Deal<\/em><\/strong> \u2013 che chiama la comunit\u00e0 scientifica, insieme a tutti gli attori sociali ed economici, ad una profonda revisione dei suoi paradigmi costitutivi. Un\u2019accelerazione sinora impensabile nella sfida al cambiamento climatico \u2013 l\u2019obiettivo delle emissioni zero al 2050, e la riduzione del 55% al 2030 \u2013 comporta:<\/p>\n<ul>\n<li>una radicale riorganizzazione di tutti i processi produttivi per costruire una credibile <strong>economia circolare <\/strong>e tendenzialmente <strong>dissociare la crescita economica dal consumo di risorse<\/strong>;<\/li>\n<li>una riforma non meno radicale dei <strong>grandi consumatori di energia<\/strong>, i <strong>sistemi urbani e insediativo-infrastrutturali<\/strong>, <strong>la mobilit\u00e0 e l\u2019edilizia <\/strong>(che monopolizzano l\u2019utilizzo di<strong> cemento e acciaio<\/strong>);<\/li>\n<li>la fuoriuscita dal modello energetico basato sulle fonti fossili e la loro sostituzione con fonti di <strong>energie rinnovabili<\/strong>;<\/li>\n<li>un<strong> patto per una societ\u00e0 pi\u00f9 equa<\/strong>, per progettare nuove relazioni tra la specie umana e l\u2019ambiente, e tra persone, nuove qualit\u00e0 e spazi di vita e di lavoro, pi\u00f9 sani e sostenibili.<\/li>\n<\/ul>\n<p>&nbsp;<br \/>\nQueste sfide possono essere vinte solo con una <strong>cultura della complessit\u00e0<\/strong>, affrontandole non pi\u00f9 secondo modelli di sviluppo lineari e unidimensionali, ma investendo sull\u2019esplorazione delle nuove frontiere delle relazioni tra le discipline e i saperi.<\/p>\n<p>A questo scopo il DICAAR promuove non un singolo evento ma un percorso per approfondire argomenti cruciali, progetti e programmi di ricerca e formativi che possono orientare verso paradigmi innovativi, nell\u2019ottica del <em>Green Deal<\/em>, o contribuire a illuminarne particolari aspetti. Le iniziative sono volte a privilegiare i tematismi che offriranno una visione intersettoriale e relazionale dei problemi, a recepire gli approcci che incorporano le potenzialit\u00e0 degli strumenti della digitalizzazione, a rompere le barriere alla comunicazione e allo scambio tra le scienze e le tecnologie \u201cdure\u201d e le discipline storico-umanistiche ed economico-sociali.<\/p>\n<p>Il percorso della Conferenza sulla Ricerca si svilupper\u00e0 a partire dal mese di ottobre e si concluder\u00e0 nel mese di febbraio con il Convegno di sintesi e di presentazione dei risultati, e con l&#8217;inaugurazione di una rassegna delle ricerche del Dipartimento.<\/p>\n<\/div>\n<p><a name=\"programma\"><\/a><\/p>\n<div style=\"background-color: #993333;color: #ffffff;margin: 0 -9999rem;padding: 2rem 9999rem\">\n<h2>Programma<\/h2>\n<p>La Conferenza della Ricerca del DICAAR non \u00e8 un singolo evento.<\/p>\n<p>\u00c8 un percorso, fatto di conferenze tematiche, tavoli di discussione e altre iniziative per approfondire argomenti cruciali, progetti e programmi di ricerca e formativi che possono orientare verso paradigmi innovativi, nell\u2019ottica del Green Deal, o contribuire a illuminarne particolari aspetti.<\/p>\n<p>Cos\u00ec, la Conferenza della Ricerca del DICAAR si articola in un ciclo di <strong>sei conferenze tematiche<\/strong>, e in un <strong>convegno plenario conclusivo<\/strong>, accompagnata lungo tutta la sua durata da questo sito web, con notizie, materiali e approfondimenti, e in occasione dell\u2019evento plenario prevede l\u2019esposizione di una <strong>rassegna delle ricerche DICAAR<\/strong>.<\/p>\n<p>Oltre alle conferenze tematiche, la Conferenza coordina e inserisce nella sua cornice <strong>altri eventi<\/strong> di settore con organizzazione autonoma, ma coerenti per impostazione e obiettivi, in modo da configurare un trimestre di attivit\u00e0 scientifiche e di alta divulgazione dedicata ai temi della Conferenza.<br \/>\n&nbsp;<\/p>\n<\/div>\n<p><a style=\"background-color: #dddddd;color: #000000\" href=\"\/conferenzadicaar\/architetture-vegetali\/\"><\/p>\n<div style=\"border: 3px solid black;background-color: #dddddd;color: #000000;margin: 0rem 0rem;padding: 1rem 1rem\">\n<div style=\"padding: 20px 0px;font-size: 20px\">9 ottobre 2021<\/div>\n<h3>&#8220;Architetture vegetali&#8221;<\/h3>\n<h4>Le strade alberate di Cagliari<\/h4>\n<\/div>\n<p><\/a><\/p>\n<p><a style=\"background-color: #dddddd;color: #000000\" href=\"\/conferenzadicaar\/transizioni-il-futuro-vi-sorprendera\/\"><\/a><\/p>\n<p><a style=\"background-color: #dddddd;color: #000000\" href=\"\/conferenzadicaar\/transizioni-il-futuro-vi-sorprendera\/\"><\/p>\n<div style=\"border: 3px solid black;background-color: #993333;color: #ffffff;padding: 1rem 1rem\">\n<div style=\"padding-top: 20px;font-size: 20px\">15 ottobre 2021<\/div>\n<h3 style=\"padding-top: 20px\">TRANSIZIONI. Il futuro vi sorprender\u00e0.<\/h3>\n<h4>Conferenza inaugurale<\/h4>\n<\/div>\n<p><\/a><\/p>\n<p><a style=\"background-color: #dddddd;color: #000000\" href=\"\/conferenzadicaar\/sardinia-green-road-un-futuro-green-per-le-strade-dellisola\/\"><\/p>\n<div style=\"border: 3px solid black;background-color: #dddddd;color: #000000;margin: 0rem 0rem;padding: 1rem 1rem\">\n<div style=\"padding-top: 20px;font-size: 20px\">21 ottobre 2021<\/div>\n<h3 style=\"padding-top: 20px\">&#8220;Un futuro green per le strade dell\u2019Isola&#8221;<\/h3>\n<h4>Sardinia Green Road<\/h4>\n<\/div>\n<p><\/a><br \/>\n<a style=\"background-color: #dddddd;color: #000000\" href=\"\/conferenzadicaar\/pianificazione-e-governo-del-territorio-in-sardegna-verso-una-prospettiva-di-riforma\/\"><\/p>\n<div style=\"border: 3px solid black;background-color: #dddddd;color: #000000;margin: 0rem 0rem;padding: 1rem 1rem\">\n<div style=\"padding-top: 20px;font-size: 20px\">22 ottobre 2021<\/div>\n<h3 style=\"padding-top: 20px\">Pianificazione e governo del territorio in Sardegna:<br \/>\nVerso una prospettiva di riforma<\/h3>\n<\/div>\n<p><\/a><\/p>\n<p><a style=\"background-color: #dddddd;color: #000000\" href=\"\/conferenzadicaar\/progettazione-imprenditoriale-per-linnovazione-nelledilizia\/\"><\/p>\n<div style=\"border: 3px solid black;background-color: #dddddd;color: #000000;margin: 0rem 0rem;padding: 1rem 1rem\">\n<div style=\"padding-top: 20px;font-size: 20px\">28-29 ottobre 2021<\/div>\n<h3 style=\"padding-top: 20px\">Progettazione Imprenditoriale per l\u2019Innovazione nell\u2019Edilizia<\/h3>\n<h4>Presentazione dei progetti del Master PIE e lezioni aperte di Giuseppe Di Giuda e Silvia Meschini<\/h4>\n<\/div>\n<p><\/a><br \/>\n<a style=\"background-color: #dddddd;color: #000000\" href=\"\/conferenzadicaar\/villard-23-retrofront-tra-terra-e-mare\/\"><\/p>\n<div style=\"border: 3px solid black;background-color: #dddddd;color: #000000;margin: 0rem 0rem;padding: 1rem 1rem\">\n<div style=\"padding-top: 20px;font-size: 20px\">28-29 ottobre 2021<\/div>\n<h3 style=\"padding-top: 20px\">Villard 23: Retrofront \u2013 Tra terra e mare<\/h3>\n<h4>Seminario itinerante di progettazione architettonica<\/h4>\n<\/div>\n<p><\/a><\/p>\n<p><a style=\"background-color: #dddddd;color: #000000\" href=\"\/conferenzadicaar\/lp01\/\"><\/p>\n<div style=\"border: 3px solid black;background-color: #dddddd;color: #000000;margin: 0rem 0rem;padding: 1rem 1rem\">\n<div style=\"padding-top: 20px;font-size: 20px\">2 novembre 2021<\/div>\n<h3 style=\"padding-top: 20px\">Tecniche per l\u2019edilizia e il territorio<\/h3>\n<h4>Incontro pubblico di presentazione del nuovo Corso di Laurea professionalizzante (LP-01)<\/h4>\n<\/div>\n<p><a style=\"background-color: #dddddd;color: #000000\" href=\"\/conferenzadicaar\/architetture-vegetali-le-strade-alberate-di-cagliari-visita-guidata\/\"><\/p>\n<div style=\"border: 3px solid black;background-color: #dddddd;color: #000000;margin: 0rem 0rem;padding: 1rem 1rem\">\n<div style=\"padding-top: 20px;font-size: 20px\">12 novembre 2021<\/div>\n<h3 style=\"padding-top: 20px\">Le strade alberate di Cagliari<\/h3>\n<h4>Visita guidata<\/h4>\n<\/div>\n<p><\/a><\/p>\n<p><a style=\"background-color: #dddddd;color: #000000\" href=\"https:\/conferenzadicaar\/il-futuro-sostenibile-della-mobilita\/\"><\/p>\n<div style=\"border: 3px solid black;background-color: #993333;color: #ffffff;padding: 1rem 1rem\">\n<div style=\"padding-top: 20px;font-size: 20px\">17 dicembre 2021<\/div>\n<h3 style=\"padding-top: 20px\">Il futuro sostenibile della mobilit\u00e0<\/h3>\n<\/div>\n<p><\/a><br \/>\n&nbsp;<\/p>\n<p><a style=\"background-color: #dddddd;color: #000000\" href=\"\/conferenzadicaar\/profili-della-sostenibilita-nella-pianificazione-regionale-e-urbana\/\"><\/p>\n<div style=\"border: 3px solid black;background-color: #993333;color: #ffffff;padding: 1rem 1rem\">\n<div style=\"padding-top: 20px;font-size: 20px\">12 gennaio 2022<\/div>\n<h3 style=\"padding-top: 20px\">Profili della sostenibilit\u00e0 nella pianificazione regionale e urbana<\/h3>\n<\/div>\n<p><\/a><br \/>\n&nbsp;<br \/>\n<a style=\"background-color: #dddddd;color: #000000\" href=\"\/conferenzadicaar\/sviluppi-innovativi-nel-progetto-e-analisi-delle-strategie-per-la-sostenibilita-nelle-costruzioni\/\"><\/p>\n<div style=\"border: 3px solid black;background-color: #993333;color: #ffffff;padding: 1rem 1rem\">\n<div style=\"padding-top: 20px;font-size: 20px\">21 gennaio 2022<\/div>\n<h3 style=\"padding-top: 20px\">Sviluppi innovativi nel progetto e analisi delle strategie per la sostenibilit\u00e0 nelle costruzioni<\/h3>\n<\/div>\n<p><\/a><br \/>\n&nbsp;<br \/>\n<a style=\"background-color: #dddddd;color: #000000\" href=\"\/conferenzadicaar\/materie-prime-residui-ripristino-ambientale-gestione-sostenibile-nellambito-delleconomia-circolare\/\"><\/p>\n<div style=\"border: 3px solid black;background-color: #993333;color: #ffffff;padding: 1rem 1rem\">\n<div style=\"padding-top: 20px;font-size: 20px\">4 febbraio 2022<\/div>\n<h3 style=\"padding-top: 20px\">Materie prime, residui, ripristino ambientale: gestione sostenibile nell\u2019ambito dell\u2019economia circolare<\/h3>\n<\/div>\n<p><\/a><br \/>\n&nbsp;<br \/>\n<a style=\"background-color: #dddddd;color: #000000\" href=\"\/conferenzadicaar\/progettisti-della-transizione-nuovi-paradigmi-della-formazione-per-lambiente-costruito\/\"><\/p>\n<div style=\"border: 3px solid black;background-color: #993333;color: #ffffff;padding: 1rem 1rem\">\n<div style=\"padding-top: 20px;font-size: 20px\">25 febbraio 2022<\/div>\n<h3 style=\"padding-top: 20px\">Progettisti della transizione. Nuovi paradigmi della formazione per l\u2019ambiente costruito<\/h3>\n<\/div>\n<p><\/a><br \/>\n&nbsp;<\/p>\n<p><a style=\"background-color: #dddddd;color: #000000\" href=\"\/conferenzadicaar\/cagliari-green-and-blue-city\/\"><\/p>\n<div style=\"border: 3px solid black;background-color: #dddddd;color: #000000;margin: 0rem 0rem;padding: 1rem 1rem\">\n<div style=\"padding-top: 20px;font-size: 20px\">27 Maggio 2022<\/div>\n<h3 style=\"padding-top: 20px\">Cagliari, green and blue city<\/h3>\n<h4><\/h4>\n<\/div>\n<p><\/a><\/p>\n<p>&nbsp;<br \/>\n<a style=\"background-color: #dddddd;color: #000000\" href=\"\/conferenzadicaar\/servizi-ecosistemici-protezione-della-natura-e-territorio-metodologie-di-pianificazione-orientate-allintegrazione\/\"><\/p>\n<div style=\"border: 3px solid black;background-color: #dddddd;color: #000000;margin: 0rem 0rem;padding: 1rem 1rem\">\n<div style=\"padding-top: 20px;font-size: 20px\">6 giugno 2022<\/div>\n<h3 style=\"padding-top: 20px\">Servizi ecosistemici, protezione della natura e territorio: metodologie di pianificazione orientate all\u2019integrazione<\/h3>\n<h4>Seminario di studio<\/h4>\n<\/div>\n<p><\/a><\/p>\n<p>&nbsp;<br \/>\n&nbsp;<\/p>\n<h5>Comitato Scientifico<\/h5>\n<p>Marco Cadinu, Antonio Cazzani, Giorgio Massacci, Italo Meloni, Maurizio Memoli, Aldo Muntoni, Giorgio Querzoli, Antonello Sanna, Corrado Zoppi<\/p>\n<h5>Comitato Organizzativo<\/h5>\n<p>Ivan Ble\u010di\u0107, Giovanna Cappai, Giuseppe Desogus, Gianfranco Fancello, Simone Ferrari, Sabrina Lai, Valeria Saiu, Giuseppe Tropeano<\/p>\n","protected":false},"excerpt":{"rendered":"<p>&nbsp; 3\u00b0 Conferenza della Ricerca del DICAAR \u201cVerso i territori del Green Deal\u201d Transizione ecologica, progetto e governo del territorio Ottobre 2021 &#8211; Febbraio 2022 &nbsp; Programma completo &nbsp; La Conferenza Il DICAAR &#8211; Dipartimento di Ingegneria Civile, Ambientale e Architettura dell&#8217;Universit\u00e0 degli Studi di Cagliari &#8211; lancia la sua terza Conferenza della Ricerca per&hellip;&nbsp;<a href=\"https:\/\/sites.unica.it\/conferenzadicaar\/home\/\" rel=\"bookmark\">Leggi tutto &raquo;<span class=\"screen-reader-text\">Home 2022<\/span><\/a><\/p>\n","protected":false},"author":2755,"featured_media":0,"parent":0,"menu_order":0,"comment_status":"closed","ping_status":"closed","template":"","meta":{"neve_meta_sidebar":"","neve_meta_container":"","neve_meta_enable_content_width":"off","neve_meta_content_width":100,"neve_meta_title_alignment":"","neve_meta_author_avatar":"","neve_post_elements_order":"","neve_meta_disable_header":"on","neve_meta_disable_footer":"on","neve_meta_disable_title":"on","footnotes":""},"class_list":["post-32","page","type-page","status-publish","hentry"],"_links":{"self":[{"href":"https:\/\/sites.unica.it\/conferenzadicaar\/wp-json\/wp\/v2\/pages\/32","targetHints":{"allow":["GET"]}}],"collection":[{"href":"https:\/\/sites.unica.it\/conferenzadicaar\/wp-json\/wp\/v2\/pages"}],"about":[{"href":"https:\/\/sites.unica.it\/conferenzadicaar\/wp-json\/wp\/v2\/types\/page"}],"author":[{"embeddable":true,"href":"https:\/\/sites.unica.it\/conferenzadicaar\/wp-json\/wp\/v2\/users\/2755"}],"replies":[{"embeddable":true,"href":"https:\/\/sites.unica.it\/conferenzadicaar\/wp-json\/wp\/v2\/comments?post=32"}],"version-history":[{"count":196,"href":"https:\/\/sites.unica.it\/conferenzadicaar\/wp-json\/wp\/v2\/pages\/32\/revisions"}],"predecessor-version":[{"id":699,"href":"https:\/\/sites.unica.it\/conferenzadicaar\/wp-json\/wp\/v2\/pages\/32\/revisions\/699"}],"wp:attachment":[{"href":"https:\/\/sites.unica.it\/conferenzadicaar\/wp-json\/wp\/v2\/media?parent=32"}],"curies":[{"name":"wp","href":"https:\/\/api.w.org\/{rel}","templated":true}]}}