{"id":4,"date":"2016-01-27T17:28:59","date_gmt":"2016-01-27T16:28:59","guid":{"rendered":"http:\/\/sites.unica.it\/coformit\/?page_id=4"},"modified":"2016-02-22T12:06:18","modified_gmt":"2016-02-22T11:06:18","slug":"home","status":"publish","type":"page","link":"https:\/\/sites.unica.it\/coformit\/","title":{"rendered":"Home"},"content":{"rendered":"<p>Dal 14 al 16 settembre 2016, si terr\u00e0 a Cagliari la terza edizione del Corso di Alta formazione per l\u2019insegnamento di italiano L2.<br \/>\nL&#8217;italiano, come altre lingue di cultura, appare sempre pi\u00f9 proiettato verso una sostanziale fluidit\u00e0 e &#8220;leggerezza&#8221; e verso la valorizzazione delle sue variet\u00e0. Ci\u00f2 impone una seria riflessione sull&#8217;insegnamento della nostra lingua rivolto ad apprendenti stranieri, perch\u00e9 si faccia carico, fino in fondo, del senso di una lingua in continuo, liquido movimento. I diversi media, fra vecchi e nuovi,rappresentano per quest&#8217;aspetto un terreno privilegiato di analisi.<\/p>\n","protected":false},"excerpt":{"rendered":"<p>Dal 14 al 16 settembre 2016, si terr\u00e0 a Cagliari la terza edizione del Corso di Alta formazione per l\u2019insegnamento di italiano L2. L&#8217;italiano, come altre lingue di cultura, appare sempre pi\u00f9 proiettato verso una sostanziale fluidit\u00e0 e &#8220;leggerezza&#8221; e verso la valorizzazione delle sue variet\u00e0. Ci\u00f2 impone una seria riflessione sull&#8217;insegnamento della nostra lingua rivolto ad apprendenti stranieri, perch\u00e9 si faccia carico, fino in fondo, del senso di una lingua in continuo, liquido movimento. I diversi media, fra vecchi e nuovi,rappresentano per quest&#8217;aspetto un terreno privilegiato di analisi.<\/p>\n","protected":false},"author":643,"featured_media":0,"parent":0,"menu_order":0,"comment_status":"closed","ping_status":"closed","template":"","meta":{"footnotes":""},"class_list":["post-4","page","type-page","status-publish","hentry","post-seq-1","post-parity-odd","meta-position-corners","fix"],"_links":{"self":[{"href":"https:\/\/sites.unica.it\/coformit\/wp-json\/wp\/v2\/pages\/4","targetHints":{"allow":["GET"]}}],"collection":[{"href":"https:\/\/sites.unica.it\/coformit\/wp-json\/wp\/v2\/pages"}],"about":[{"href":"https:\/\/sites.unica.it\/coformit\/wp-json\/wp\/v2\/types\/page"}],"author":[{"embeddable":true,"href":"https:\/\/sites.unica.it\/coformit\/wp-json\/wp\/v2\/users\/643"}],"replies":[{"embeddable":true,"href":"https:\/\/sites.unica.it\/coformit\/wp-json\/wp\/v2\/comments?post=4"}],"version-history":[{"count":3,"href":"https:\/\/sites.unica.it\/coformit\/wp-json\/wp\/v2\/pages\/4\/revisions"}],"predecessor-version":[{"id":53,"href":"https:\/\/sites.unica.it\/coformit\/wp-json\/wp\/v2\/pages\/4\/revisions\/53"}],"wp:attachment":[{"href":"https:\/\/sites.unica.it\/coformit\/wp-json\/wp\/v2\/media?parent=4"}],"curies":[{"name":"wp","href":"https:\/\/api.w.org\/{rel}","templated":true}]}}