{"id":23,"date":"2016-01-27T17:58:30","date_gmt":"2016-01-27T16:58:30","guid":{"rendered":"http:\/\/sites.unica.it\/coformit\/?page_id=23"},"modified":"2016-01-29T09:00:42","modified_gmt":"2016-01-29T08:00:42","slug":"come-raggiungerci","status":"publish","type":"page","link":"https:\/\/sites.unica.it\/coformit\/come-raggiungerci\/","title":{"rendered":"Come raggiungerci"},"content":{"rendered":"<p><strong>Come raggiungere la sede del corso<\/strong><\/p>\n<p>La sede \u00e8 facilmente raggiungibile con mezzi pubblici.<\/p>\n<p><strong>\u00a0<\/strong><\/p>\n<p><strong>In autobus<\/strong>. Da piazza Matteotti, di fronte alla stazione ferroviaria, parte l\u2019autobus n.8 che conduce, dopo quattro fermate, esattamente di fronte alla sede del Campus Aresu (Facolt\u00e0 di Lingue e letterature straniere). La fermata \u00e8 quella di via Santa Margherita (Clinica Aresu).<\/p>\n<p><a href=\"http:\/\/www.ctmcagliari.it\/linee_percorso.php?linea=08\">Percorso del n.8<\/a><\/p>\n<p><strong>\u00a0<\/strong><\/p>\n<p><strong>In taxi.<\/strong>\u00a0In alternativa, sempre da piazza Matteotti, \u00e8 possibile prendere un taxi. A Cagliari il servizio di radio taxi \u00e8 assicurato da:<\/p>\n<p>Cooperativa Radio Taxi \u201cQuattro Mori\u201d<br \/>\nScalette Santo Sepolcro, 2 \u2013 Cagliari<br \/>\nTel. 070 400101 \u2013 e-mail:\u00a0<a href=\"mailto:taxi@aostanet.com\">taxi@aostanet.com<\/a><\/p>\n<p>Cooperativa Radio Taxi \u201cRossobl\u00f9\u201d Via Duomo, 19 \u2013 Cagliari<br \/>\nTel. 070 6655 \u2013 e-mail:\u00a0<a href=\"mailto:info@radiotaxirossoblu.com\">info@radiotaxirossoblu.com<\/a><br \/>\n<strong>Come raggiungere Cagliari<\/strong><\/p>\n<p><strong>In aereo.<\/strong>\u00a0L\u2019aeroporto di Cagliari-Elmas \u00e8 il principale della Sardegna, ed \u00e8 collegato con le principali citt\u00e0 italiane, in particolare con Milano e Roma. L\u2019aeroporto dista circa 8 km. dalla citt\u00e0, circa 15 minuti con il taxi (si veda la sezione \u201cin taxi\u201d). \u00c8 presente inoltre un servizio di autobus (ARST) che effettua una corsa ogni mezz\u2019ora circa.<br \/>\nPer maggiori informazioni su orari e prezzo consultare il sito\u00a0<a href=\"http:\/\/arst.sardegna.it\/\">http:\/\/arst.sardegna.it<\/a>.<br \/>\nL\u2019autostazione dell\u2019ARST si trova in Piazza Matteotti, da dove parte l\u2019autobus n.58 che permette di raggiungere la sede del Dipartimento.<\/p>\n<p><strong>In nave.<\/strong>\u00a0Cagliari \u00e8 collegata con diversi porti italiani. Direttamente dal porto si accede a via Roma. Uscendo dal porto, dopo aver percorso tutta la via Roma verso sinistra, si arriva a piazza Matteotti, da dove parte l\u2019autobus n.8 che permette di raggiungere\u00a0entrambe le sedi del\u00a0Dipartimento.<\/p>\n<p><strong>In treno o in autobus.<\/strong>\u00a0\u00c8 possibile raggiungere Cagliari anche dagli altri principali porti e aeroporti della Sardegna con il treno o con l\u2019autobus.<\/p>\n<p>Da Porto Torres \u00e8 possibile arrivare a Cagliari con il treno (<a href=\"http:\/\/www.trenitalia.com\/\">www.trenitalia.com<\/a>) o con l\u2019autobus (<a href=\"http:\/\/www.ferroviesardegna.it\/\">www.ferroviesardegna.it<\/a>).<\/p>\n<p>Da Olbia si arriva a Cagliari con il treno o con l\u2019autobus (<a href=\"http:\/\/www.trenitalia.com\/\">www.trenitalia.com<\/a>;<a href=\"http:\/\/www.gruppoturmotravel.comm\/\">www.gruppoturmotravel.comm<\/a>)<\/p>\n<p>Da Arbatax si arriva a Cagliari con l\u2019autobus (arst.sardegna.it)<\/p>\n<p>Da Alghero si arriva a Cagliari con l\u2019autobus (<a href=\"http:\/\/www.logudorotours.it\/\">www.logudorotours.it<\/a>).<\/p>\n<p>Sia la stazione degli autobus che quella dei treni si trovano in piazza Matteotti, da dove parte l\u2019autobus n.8 che permette di raggiungere\u00a0entambe le sedi\u00a0del Dipartimento.<\/p>\n<p><strong>In auto.<\/strong>\u00a0La principale arteria della Sardegna \u00e8 la SS.131, che collega Sassari e Cagliari. Per raggiungere la sede della Facolt\u00e0, una volta in prossimit\u00e0 della citt\u00e0, seguite le indicazioni per \u201cCagliari centro\u201d, che vi porteranno al semaforo di piazza Matteotti. Al semaforo girate a sinistra in Largo Carlo Felice, proseguite sino a piazza Yenne. Salite ancora in via santa Margherita sino a via San Giorgio 12 dove \u00e8 sita una delle sedi del Dipartimento (sulla destra troverete una salita che porta al Parcheggio a pagamento del Bastione Santa Croce).<\/p>\n<p>&nbsp;<\/p>\n<p>Links utili<\/p>\n<p><a href=\"http:\/\/www.regione.sardegna.it\/documenti\/1_4_20060224164705.pdf\">\u201cIn Sardegna con i mezzi pubblici\u201d<\/a>, opuscolo della Regione Sardegna<\/p>\n<p><a href=\"http:\/\/www.comune.cagliari.it\/\">Informazioni su Cagliari<\/a><\/p>\n<p><a href=\"http:\/\/www.regione.sardegna.it\/tematiche\/turismo\/arrivare.html\">Informazioni sui collegamenti per la Sardegna<\/a><\/p>\n<p><a href=\"http:\/\/www.sardegnaturismo.it\/\">SardegnaTurismo(Informazioni turistiche)<\/a><\/p>\n<p><a href=\"http:\/\/www.regione.sardegna.it\/tematiche\/turismo\/\">Informazioni turistiche<\/a><\/p>\n","protected":false},"excerpt":{"rendered":"<p>Come raggiungere la sede del corso La sede \u00e8 facilmente raggiungibile con mezzi pubblici. \u00a0 In autobus. Da piazza Matteotti, di fronte alla stazione ferroviaria, parte l\u2019autobus n.8 che conduce, dopo quattro fermate, esattamente di fronte alla sede del Campus Aresu (Facolt\u00e0 di Lingue e letterature straniere). La fermata \u00e8 quella di via Santa Margherita (Clinica Aresu). Percorso del n.8 \u00a0 In taxi.\u00a0In alternativa, sempre da piazza Matteotti, \u00e8 possibile prendere un taxi. A Cagliari il servizio di radio taxi \u00e8 assicurato da: Cooperativa Radio Taxi \u201cQuattro Mori\u201d Scalette Santo Sepolcro, 2 \u2013 Cagliari Tel. 070 400101 \u2013 e-mail:\u00a0taxi@aostanet.com Cooperativa <a href='https:\/\/sites.unica.it\/coformit\/come-raggiungerci\/' class='excerpt-more'>[&#8230;]<\/a><\/p>\n","protected":false},"author":643,"featured_media":0,"parent":0,"menu_order":0,"comment_status":"closed","ping_status":"closed","template":"","meta":{"footnotes":""},"class_list":["post-23","page","type-page","status-publish","hentry","post-seq-1","post-parity-odd","meta-position-corners","fix"],"_links":{"self":[{"href":"https:\/\/sites.unica.it\/coformit\/wp-json\/wp\/v2\/pages\/23","targetHints":{"allow":["GET"]}}],"collection":[{"href":"https:\/\/sites.unica.it\/coformit\/wp-json\/wp\/v2\/pages"}],"about":[{"href":"https:\/\/sites.unica.it\/coformit\/wp-json\/wp\/v2\/types\/page"}],"author":[{"embeddable":true,"href":"https:\/\/sites.unica.it\/coformit\/wp-json\/wp\/v2\/users\/643"}],"replies":[{"embeddable":true,"href":"https:\/\/sites.unica.it\/coformit\/wp-json\/wp\/v2\/comments?post=23"}],"version-history":[{"count":2,"href":"https:\/\/sites.unica.it\/coformit\/wp-json\/wp\/v2\/pages\/23\/revisions"}],"predecessor-version":[{"id":40,"href":"https:\/\/sites.unica.it\/coformit\/wp-json\/wp\/v2\/pages\/23\/revisions\/40"}],"wp:attachment":[{"href":"https:\/\/sites.unica.it\/coformit\/wp-json\/wp\/v2\/media?parent=23"}],"curies":[{"name":"wp","href":"https:\/\/api.w.org\/{rel}","templated":true}]}}