{"id":61,"date":"2012-10-03T12:20:42","date_gmt":"2012-10-03T12:20:42","guid":{"rendered":"http:\/\/webgis.osservatoriocostesardegna.com\/oceans\/?page_id=61"},"modified":"2021-12-06T00:49:41","modified_gmt":"2021-12-05T23:49:41","slug":"strutture","status":"publish","type":"page","link":"https:\/\/sites.unica.it\/coastalandmarinegeologygroup\/chi-siamo\/strutture\/","title":{"rendered":"Faro di Punta Sardegna"},"content":{"rendered":"<p style=\"text-align: left\"><strong>La storia<\/strong><\/p>\n<div class=\"table-responsive\"><table class=\"table  table-striped table-bordered table-hover\"  border=\"0\" width=\"700\" cellspacing=\"0\" cellpadding=\"0\">\n<tbody>\n<tr>\n<td width=\"50%\">\n<p style=\"text-align: justify\">Il Faro della Marina Militare Italiana di Punta Sardegna, contraddistinto col numero 1030 sull\u2019elenco dei Fari e Fanali, fu attivato nel 1913 ed inizialmente dotato di alimentazione a gas. Nel 1932, con l\u2019arrivo della corrente elettrica, fu migliorata l\u2019efficienza della lanterna che ha oggi una portata di 11 miglia ed un periodo di cinque secondi: luce bianca di un secondo seguita da un eclissi di quattro secondi. La lanterna \u00e8 situata a 35 metri sul livello del mare ed ospitata su uno dei terrazzi in cima alla costruzione realizzata con granito cavato e lavorato sul posto. Gli intonaci sono realizzati con malta mista a calce bianca.<\/p>\n<\/td>\n<td width=\"50%\">&nbsp;<img loading=\"lazy\" decoding=\"async\" class=\"aligncenter size-medium wp-image-512\" title=\"faro4\" src=\"http:\/\/webgis.osservatoriocostesardegna.com\/oceans\/wp-content\/uploads\/2012\/12\/faro4-250x300.jpg\" alt=\"\" width=\"250\" height=\"300\" srcset=\"https:\/\/sites.unica.it\/coastalandmarinegeologygroup\/files\/2012\/12\/faro4-250x300.jpg 250w, https:\/\/sites.unica.it\/coastalandmarinegeologygroup\/files\/2012\/12\/faro4.jpg 443w\" sizes=\"auto, (max-width: 250px) 100vw, 250px\" \/><\/td>\n<\/tr>\n<tr>\n<td width=\"50%\">&nbsp;<a href=\"http:\/\/sites.unica.it\/coastalandmarinegeologygroup\/files\/2012\/12\/faro-1piano.jpg\"><img loading=\"lazy\" decoding=\"async\" class=\"alignnone wp-image-508 size-full\" src=\"http:\/\/sites.unica.it\/coastalandmarinegeologygroup\/files\/2012\/12\/faro-1piano.jpg\" alt=\"\" width=\"688\" height=\"740\" srcset=\"https:\/\/sites.unica.it\/coastalandmarinegeologygroup\/files\/2012\/12\/faro-1piano.jpg 688w, https:\/\/sites.unica.it\/coastalandmarinegeologygroup\/files\/2012\/12\/faro-1piano-279x300.jpg 279w\" sizes=\"auto, (max-width: 688px) 100vw, 688px\" \/><\/a><\/td>\n<td width=\"50%\">\n<p style=\"text-align: justify\">Il tutto \u00e8 \u201cingabbiato\u201d nella gabbia di Faraday, efficiente impianto antifulmine, che a distanza conferisce alla costruzione una certa eleganza. Il faro \u00e8 stato presidiato da un fanalista fino al 1975, dopo di ch\u00e9 segu\u00ec la completa automazione. Nel 1995 la struttura venne data, dalla Marina Militare Italiana, in concessione perpetua e gratuita all\u2019Universit\u00e0 di Trieste che ne aveva fatto richiesta a seguito di una proposta del Prof. Sandro De Muro, che all\u2019epoca prestava servizio presso l\u2019Ateneo Triestino, del Direttore del Dipartimento di Scienze Geologiche, Ambientali e Marine Prof. Antonio Brambati e del Rettore di allora Prof. Giacomo Borruso.<\/p>\n<\/td>\n<\/tr>\n<tr>\n<td width=\"50%\">\n<p style=\"text-align: justify\">Il Faro, completamente ristrutturato con fondi messi a disposizione dall&#8217;Ateneo Triestino, da quello Cagliaritano e dalla Amministrazione comunale di Palau, che ne ha curato il progetto, \u00e8 oggi gestito mediante una convenzione che regola i rapporti tra Comune, Universit\u00e0 di Cagliari e Universit\u00e0 di Trieste. Recentemente, nel 2008, ha aderito alla convenzione quadro anche la Provincia di Olbia Tempio. Il piano terra del Faro ospita i laboratori di: geomorfologia e geofisica marina, sedimentologia, cartografia e GIS, oltre alla sala riunioni\/didattica; mentre il primo piano \u00e8 stato destinato agli alloggi per studenti e ricercatori ed alla direzione. Nel secondo piano-terrazza sono previste attivit\u00e0 divulgative per l\u2019avviamento di percorsi naturalistici costieri e terra-mare.<\/p>\n<\/td>\n<td width=\"50%\">&nbsp;<a href=\"http:\/\/sites.unica.it\/coastalandmarinegeologygroup\/files\/2012\/12\/faro-pianoterra.jpg\"><img loading=\"lazy\" decoding=\"async\" class=\"alignnone wp-image-507 size-full\" src=\"http:\/\/sites.unica.it\/coastalandmarinegeologygroup\/files\/2012\/12\/faro-pianoterra.jpg\" alt=\"\" width=\"720\" height=\"740\" srcset=\"https:\/\/sites.unica.it\/coastalandmarinegeologygroup\/files\/2012\/12\/faro-pianoterra.jpg 720w, https:\/\/sites.unica.it\/coastalandmarinegeologygroup\/files\/2012\/12\/faro-pianoterra-292x300.jpg 292w\" sizes=\"auto, (max-width: 720px) 100vw, 720px\" \/><\/a><\/td>\n<\/tr>\n<tr>\n<td colspan=\"2\" width=\"100%\">\n<p style=\"text-align: center\"><a href=\"http:\/\/sites.unica.it\/coastalandmarinegeologygroup\/files\/2012\/12\/faro-1.png\"><br \/>\n<\/a><img loading=\"lazy\" decoding=\"async\" class=\"aligncenter wp-image-348\" style=\"border: 0px\" title=\"faro 1\" src=\"http:\/\/sites.unica.it\/coastalandmarinegeologygroup\/files\/2012\/12\/faro-1.png\" alt=\"\" width=\"595\" height=\"822\" srcset=\"https:\/\/sites.unica.it\/coastalandmarinegeologygroup\/files\/2012\/12\/faro-1.png 595w, https:\/\/sites.unica.it\/coastalandmarinegeologygroup\/files\/2012\/12\/faro-1-217x300.png 217w\" sizes=\"auto, (max-width: 595px) 100vw, 595px\" \/><\/p>\n<p style=\"text-align: center\"><img loading=\"lazy\" decoding=\"async\" class=\"aligncenter wp-image-347\" style=\"border: 0px\" title=\"faro 2\" src=\"http:\/\/sites.unica.it\/coastalandmarinegeologygroup\/files\/2012\/12\/faro-2.png\" alt=\"\" width=\"595\" height=\"822\" srcset=\"https:\/\/sites.unica.it\/coastalandmarinegeologygroup\/files\/2012\/12\/faro-2.png 595w, https:\/\/sites.unica.it\/coastalandmarinegeologygroup\/files\/2012\/12\/faro-2-217x300.png 217w\" sizes=\"auto, (max-width: 595px) 100vw, 595px\" \/><\/p>\n<p align=\"center\"><strong>Rei<\/strong><\/p>\n<p align=\"center\"><em>l&#8217;abitatore muto<br \/>\ndel mare<br \/>\nha braccia millenarie<br \/>\ninesausto respiro orizzontale.<br \/>\nIl suo perenne addio<br \/>\ngenera incontri<br \/>\nmuove l&#8217;eterno sonno della terra<br \/>\nfinge vane memorie.<\/em><\/p>\n<p style=\"text-align: center\"><em>Custode di sentieri<\/em><br \/>\n<em> per viandanti illusionisti<\/em><br \/>\n<em> tramuta un grido in un ansare azzurro<\/em><br \/>\n<em> di moti obliqui.<\/em><br \/>\n<em> Erige torri bianche<\/em><br \/>\n<em> che oscillano e veloci<\/em><br \/>\n<em> soccombono affossate<\/em><br \/>\n<em> in cattedrali.<\/em><\/p>\n<p style=\"text-align: center\"><em>Ali<\/em><br \/>\n<em> dischiude i lati dell&#8217;abisso<\/em><br \/>\n<em> per voli d&#8217;ombra in vortici di luce<\/em><br \/>\n<em> echi di ignote antiche apparizioni.<\/em><br \/>\n<em> Io dove fui felice era una terra<\/em><br \/>\n<em> che rinacqui cantando ed era il mare.<\/em><\/p>\n<p style=\"text-align: right\" align=\"right\"><strong>Marcella Massidda<\/strong><\/p>\n<\/td>\n<\/tr>\n<\/tbody>\n<\/table><\/div>\n<p><strong><a href=\"http:\/\/webgis.osservatoriocostesardegna.com\/oceans\/?page_id=517\">come arrivare al faro<\/a><\/strong><\/p>\n","protected":false},"excerpt":{"rendered":"<p>La storia Il Faro della Marina Militare Italiana di Punta Sardegna, contraddistinto col numero 1030 sull\u2019elenco dei Fari e Fanali, fu attivato nel 1913 ed inizialmente dotato di alimentazione a gas. Nel 1932, con l\u2019arrivo della [&hellip;]<\/p>\n","protected":false},"author":2003,"featured_media":0,"parent":13,"menu_order":20,"comment_status":"closed","ping_status":"closed","template":"","meta":{"ngg_post_thumbnail":0,"footnotes":""},"class_list":["post-61","page","type-page","status-publish","hentry"],"_links":{"self":[{"href":"https:\/\/sites.unica.it\/coastalandmarinegeologygroup\/wp-json\/wp\/v2\/pages\/61","targetHints":{"allow":["GET"]}}],"collection":[{"href":"https:\/\/sites.unica.it\/coastalandmarinegeologygroup\/wp-json\/wp\/v2\/pages"}],"about":[{"href":"https:\/\/sites.unica.it\/coastalandmarinegeologygroup\/wp-json\/wp\/v2\/types\/page"}],"author":[{"embeddable":true,"href":"https:\/\/sites.unica.it\/coastalandmarinegeologygroup\/wp-json\/wp\/v2\/users\/2003"}],"replies":[{"embeddable":true,"href":"https:\/\/sites.unica.it\/coastalandmarinegeologygroup\/wp-json\/wp\/v2\/comments?post=61"}],"version-history":[{"count":4,"href":"https:\/\/sites.unica.it\/coastalandmarinegeologygroup\/wp-json\/wp\/v2\/pages\/61\/revisions"}],"predecessor-version":[{"id":5006,"href":"https:\/\/sites.unica.it\/coastalandmarinegeologygroup\/wp-json\/wp\/v2\/pages\/61\/revisions\/5006"}],"up":[{"embeddable":true,"href":"https:\/\/sites.unica.it\/coastalandmarinegeologygroup\/wp-json\/wp\/v2\/pages\/13"}],"wp:attachment":[{"href":"https:\/\/sites.unica.it\/coastalandmarinegeologygroup\/wp-json\/wp\/v2\/media?parent=61"}],"curies":[{"name":"wp","href":"https:\/\/api.w.org\/{rel}","templated":true}]}}